{"id":203505,"date":"2024-10-23T21:44:38","date_gmt":"2024-10-23T19:44:38","guid":{"rendered":"https:\/\/freekids.pl\/produkt\/cisterna\/"},"modified":"2024-10-23T21:44:38","modified_gmt":"2024-10-23T19:44:38","slug":"cisterna","status":"publish","type":"product","link":"https:\/\/freekids.pl\/es\/produkt\/cisterna\/","title":{"rendered":"Cisterna"},"content":{"rendered":"","protected":false},"excerpt":{"rendered":"<p>Un dispositivo con forma de cami\u00f3n cisterna steampunk. El dispositivo se basa en postes redondos con abrazaderas de aluminio. El dispositivo consta de 3 plataformas cubiertas con un revestimiento antideslizante, un t\u00fanel de tuber\u00edas, 18 engranajes, 1 giratorio, 5 perillas, un volante, un linario espacial cil\u00edndrico, un tobog\u00e1n hecho de dos tubos enrollados, 2 escaleras de cuerda verticales. Tableros HPL recubiertos con numerosas impresiones UV y fresado.   <\/p>\n<div id=\"highlighter--hover-tools\" style=\"display: none;\">\n<div id=\"highlighter--hover-tools--container\">\n<div class=\"highlighter--icon highlighter--icon-copy\" title=\"Copia\"><\/div>\n<div class=\"highlighter--icon highlighter--icon-change-color\" title=\"Cambiar color\"><\/div>\n<div class=\"highlighter--icon highlighter--icon-delete\" title=\"Borra\"><\/div>\n<\/div>\n<\/div>\n","protected":false},"featured_media":172304,"template":"","meta":{"_acf_changed":false},"product_cat":[551,478,528],"product_tag":[],"class_list":{"0":"post-203505","1":"product","2":"type-product","3":"status-publish","4":"has-post-thumbnail","6":"product_series-industrial-es","7":"product_group-clamps","8":"product_cat-conjuntos-multifuncionales","9":"product_cat-parques-infantiles","10":"product_cat-vehiculos","12":"first","13":"outofstock","14":"shipping-taxable","15":"purchasable","16":"product-type-simple"},"acf":[],"yoast_head":"<!-- This site is optimized with the Yoast SEO plugin v26.4 - https:\/\/yoast.com\/wordpress\/plugins\/seo\/ -->\n<title>Veh\u00edculo cisterna Playground - Freekids.pl<\/title>\n<meta name=\"robots\" content=\"index, follow, max-snippet:-1, max-image-preview:large, max-video-preview:-1\" \/>\n<link rel=\"canonical\" href=\"https:\/\/freekids.pl\/es\/produkt\/cisterna\/\" \/>\n<meta property=\"og:locale\" content=\"es_ES\" \/>\n<meta property=\"og:type\" content=\"article\" \/>\n<meta property=\"og:title\" content=\"Veh\u00edculo cisterna Playground - Freekids.pl\" \/>\n<meta property=\"og:description\" content=\"Un dispositivo con forma de cami\u00f3n cisterna steampunk. El dispositivo se basa en postes redondos con abrazaderas de aluminio. El dispositivo consta de 3 plataformas cubiertas con un revestimiento antideslizante, un t\u00fanel de tuber\u00edas, 18 engranajes, 1 giratorio, 5 perillas, un volante, un linario espacial cil\u00edndrico, un tobog\u00e1n hecho de dos tubos enrollados, 2 escaleras de cuerda verticales. Tableros HPL recubiertos con numerosas impresiones UV y fresado.\" \/>\n<meta property=\"og:url\" content=\"https:\/\/freekids.pl\/es\/produkt\/cisterna\/\" \/>\n<meta property=\"og:site_name\" content=\"FreeKids Playgrounds | Sport | Urban Furniture\" \/>\n<meta property=\"og:image\" content=\"https:\/\/freekids.pl\/wp-content\/uploads\/2025\/01\/0240002_cysterna_-_wiz.1-scaled.jpg\" \/>\n\t<meta property=\"og:image:width\" content=\"2560\" \/>\n\t<meta property=\"og:image:height\" content=\"1439\" \/>\n\t<meta property=\"og:image:type\" content=\"image\/jpeg\" \/>\n<meta name=\"twitter:card\" content=\"summary_large_image\" \/>\n<script type=\"application\/ld+json\" class=\"yoast-schema-graph\">{\"@context\":\"https:\/\/schema.org\",\"@graph\":[{\"@type\":\"WebPage\",\"@id\":\"https:\/\/freekids.pl\/es\/produkt\/cisterna\/\",\"url\":\"https:\/\/freekids.pl\/es\/produkt\/cisterna\/\",\"name\":\"Veh\u00edculo cisterna Playground - Freekids.pl\",\"isPartOf\":{\"@id\":\"https:\/\/freekids.pl\/es\/#website\"},\"primaryImageOfPage\":{\"@id\":\"https:\/\/freekids.pl\/es\/produkt\/cisterna\/#primaryimage\"},\"image\":{\"@id\":\"https:\/\/freekids.pl\/es\/produkt\/cisterna\/#primaryimage\"},\"thumbnailUrl\":\"https:\/\/freekids.pl\/wp-content\/uploads\/2025\/01\/0240002_cysterna_-_wiz.1-scaled.jpg\",\"datePublished\":\"2024-10-23T19:44:38+00:00\",\"breadcrumb\":{\"@id\":\"https:\/\/freekids.pl\/es\/produkt\/cisterna\/#breadcrumb\"},\"inLanguage\":\"es\",\"potentialAction\":[{\"@type\":\"ReadAction\",\"target\":[\"https:\/\/freekids.pl\/es\/produkt\/cisterna\/\"]}]},{\"@type\":\"ImageObject\",\"inLanguage\":\"es\",\"@id\":\"https:\/\/freekids.pl\/es\/produkt\/cisterna\/#primaryimage\",\"url\":\"https:\/\/freekids.pl\/wp-content\/uploads\/2025\/01\/0240002_cysterna_-_wiz.1-scaled.jpg\",\"contentUrl\":\"https:\/\/freekids.pl\/wp-content\/uploads\/2025\/01\/0240002_cysterna_-_wiz.1-scaled.jpg\",\"width\":2560,\"height\":1439},{\"@type\":\"BreadcrumbList\",\"@id\":\"https:\/\/freekids.pl\/es\/produkt\/cisterna\/#breadcrumb\",\"itemListElement\":[{\"@type\":\"ListItem\",\"position\":1,\"name\":\"Strona g\u0142\u00f3wna\",\"item\":\"https:\/\/freekids.pl\/es\/\"},{\"@type\":\"ListItem\",\"position\":2,\"name\":\"Productos\",\"item\":\"https:\/\/freekids.pl\/es\/productos\/\"},{\"@type\":\"ListItem\",\"position\":3,\"name\":\"Cisterna\"}]},{\"@type\":\"WebSite\",\"@id\":\"https:\/\/freekids.pl\/es\/#website\",\"url\":\"https:\/\/freekids.pl\/es\/\",\"name\":\"FreeKids Playgrounds | Sport | Urban Furniture\",\"description\":\"Dream it, do it !\",\"potentialAction\":[{\"@type\":\"SearchAction\",\"target\":{\"@type\":\"EntryPoint\",\"urlTemplate\":\"https:\/\/freekids.pl\/es\/?s={search_term_string}\"},\"query-input\":{\"@type\":\"PropertyValueSpecification\",\"valueRequired\":true,\"valueName\":\"search_term_string\"}}],\"inLanguage\":\"es\"}]}<\/script>\n<!-- \/ Yoast SEO plugin. -->","yoast_head_json":{"title":"Veh\u00edculo cisterna Playground - Freekids.pl","robots":{"index":"index","follow":"follow","max-snippet":"max-snippet:-1","max-image-preview":"max-image-preview:large","max-video-preview":"max-video-preview:-1"},"canonical":"https:\/\/freekids.pl\/es\/produkt\/cisterna\/","og_locale":"es_ES","og_type":"article","og_title":"Veh\u00edculo cisterna Playground - Freekids.pl","og_description":"Un dispositivo con forma de cami\u00f3n cisterna steampunk. El dispositivo se basa en postes redondos con abrazaderas de aluminio. El dispositivo consta de 3 plataformas cubiertas con un revestimiento antideslizante, un t\u00fanel de tuber\u00edas, 18 engranajes, 1 giratorio, 5 perillas, un volante, un linario espacial cil\u00edndrico, un tobog\u00e1n hecho de dos tubos enrollados, 2 escaleras de cuerda verticales. Tableros HPL recubiertos con numerosas impresiones UV y fresado.","og_url":"https:\/\/freekids.pl\/es\/produkt\/cisterna\/","og_site_name":"FreeKids Playgrounds | Sport | Urban Furniture","og_image":[{"width":2560,"height":1439,"url":"https:\/\/freekids.pl\/wp-content\/uploads\/2025\/01\/0240002_cysterna_-_wiz.1-scaled.jpg","type":"image\/jpeg"}],"twitter_card":"summary_large_image","schema":{"@context":"https:\/\/schema.org","@graph":[{"@type":"WebPage","@id":"https:\/\/freekids.pl\/es\/produkt\/cisterna\/","url":"https:\/\/freekids.pl\/es\/produkt\/cisterna\/","name":"Veh\u00edculo cisterna Playground - Freekids.pl","isPartOf":{"@id":"https:\/\/freekids.pl\/es\/#website"},"primaryImageOfPage":{"@id":"https:\/\/freekids.pl\/es\/produkt\/cisterna\/#primaryimage"},"image":{"@id":"https:\/\/freekids.pl\/es\/produkt\/cisterna\/#primaryimage"},"thumbnailUrl":"https:\/\/freekids.pl\/wp-content\/uploads\/2025\/01\/0240002_cysterna_-_wiz.1-scaled.jpg","datePublished":"2024-10-23T19:44:38+00:00","breadcrumb":{"@id":"https:\/\/freekids.pl\/es\/produkt\/cisterna\/#breadcrumb"},"inLanguage":"es","potentialAction":[{"@type":"ReadAction","target":["https:\/\/freekids.pl\/es\/produkt\/cisterna\/"]}]},{"@type":"ImageObject","inLanguage":"es","@id":"https:\/\/freekids.pl\/es\/produkt\/cisterna\/#primaryimage","url":"https:\/\/freekids.pl\/wp-content\/uploads\/2025\/01\/0240002_cysterna_-_wiz.1-scaled.jpg","contentUrl":"https:\/\/freekids.pl\/wp-content\/uploads\/2025\/01\/0240002_cysterna_-_wiz.1-scaled.jpg","width":2560,"height":1439},{"@type":"BreadcrumbList","@id":"https:\/\/freekids.pl\/es\/produkt\/cisterna\/#breadcrumb","itemListElement":[{"@type":"ListItem","position":1,"name":"Strona g\u0142\u00f3wna","item":"https:\/\/freekids.pl\/es\/"},{"@type":"ListItem","position":2,"name":"Productos","item":"https:\/\/freekids.pl\/es\/productos\/"},{"@type":"ListItem","position":3,"name":"Cisterna"}]},{"@type":"WebSite","@id":"https:\/\/freekids.pl\/es\/#website","url":"https:\/\/freekids.pl\/es\/","name":"FreeKids Playgrounds | Sport | Urban Furniture","description":"Dream it, do it !","potentialAction":[{"@type":"SearchAction","target":{"@type":"EntryPoint","urlTemplate":"https:\/\/freekids.pl\/es\/?s={search_term_string}"},"query-input":{"@type":"PropertyValueSpecification","valueRequired":true,"valueName":"search_term_string"}}],"inLanguage":"es"}]}},"_links":{"self":[{"href":"https:\/\/freekids.pl\/es\/wp-json\/wp\/v2\/product\/203505","targetHints":{"allow":["GET"]}}],"collection":[{"href":"https:\/\/freekids.pl\/es\/wp-json\/wp\/v2\/product"}],"about":[{"href":"https:\/\/freekids.pl\/es\/wp-json\/wp\/v2\/types\/product"}],"wp:featuredmedia":[{"embeddable":true,"href":"https:\/\/freekids.pl\/es\/wp-json\/wp\/v2\/media\/172304"}],"wp:attachment":[{"href":"https:\/\/freekids.pl\/es\/wp-json\/wp\/v2\/media?parent=203505"}],"wp:term":[{"taxonomy":"product_cat","embeddable":true,"href":"https:\/\/freekids.pl\/es\/wp-json\/wp\/v2\/product_cat?post=203505"},{"taxonomy":"product_tag","embeddable":true,"href":"https:\/\/freekids.pl\/es\/wp-json\/wp\/v2\/product_tag?post=203505"}],"curies":[{"name":"wp","href":"https:\/\/api.w.org\/{rel}","templated":true}]}}