{"id":203575,"date":"2024-10-23T21:41:57","date_gmt":"2024-10-23T19:41:57","guid":{"rendered":"https:\/\/freekids.pl\/produkt\/locomotora\/"},"modified":"2024-10-23T21:41:57","modified_gmt":"2024-10-23T19:41:57","slug":"locomotora","status":"publish","type":"product","link":"https:\/\/freekids.pl\/es\/produkt\/locomotora\/","title":{"rendered":"Locomotora"},"content":{"rendered":"","protected":false},"excerpt":{"rendered":"<p>Un dispositivo con forma de locomotora steampunk. El dispositivo est\u00e1 montado en postes redondos. Plataformas fabricadas con un tablero recubierto con una capa antideslizante reforzada con perfiles de acero. Planchas impresas en UV. El conjunto est\u00e1 equipado con 4 redes de cuerda horizontales, 4 redes de cuerda verticales, una cuerda espacial con una longitud de 1,78 m, 2 t\u00faneles de tuber\u00edas, 9 plataformas cuadradas, 2 plataformas triangulares, un tobog\u00e1n de tubo de acero inoxidable, un tobog\u00e1n cl\u00e1sico, 2 escaleras, 19 engranajes, 2 columpios, 20 pomos, 4 ojos de buey esf\u00e9ricos, un tobog\u00e1n contra incendios, un techo doblado de HDPE.    <\/p>\n<div id=\"highlighter--hover-tools\" style=\"display: none;\">\n<div id=\"highlighter--hover-tools--container\">\n<div class=\"highlighter--icon highlighter--icon-copy\" title=\"Copia\"><\/div>\n<div class=\"highlighter--icon highlighter--icon-change-color\" title=\"Cambiar color\"><\/div>\n<div class=\"highlighter--icon highlighter--icon-delete\" title=\"Borra\"><\/div>\n<\/div>\n<\/div>\n","protected":false},"featured_media":172238,"template":"","meta":{"_acf_changed":false,"ep_exclude_from_search":false},"product_cat":[478,528],"product_tag":[],"class_list":{"0":"post-203575","1":"product","2":"type-product","3":"status-publish","4":"has-post-thumbnail","6":"product_series-industrial-es","7":"product_group-clamps","8":"product_cat-parques-infantiles","9":"product_cat-vehiculos","11":"first","12":"outofstock","13":"shipping-taxable","14":"purchasable","15":"product-type-simple"},"acf":[],"yoast_head":"<!-- This site is optimized with the Yoast SEO plugin v27.4 - https:\/\/yoast.com\/product\/yoast-seo-wordpress\/ -->\n<title>Locomotora de vapor grande para patio de recreo - Freekids.pl<\/title>\n<meta name=\"robots\" content=\"index, follow, max-snippet:-1, max-image-preview:large, max-video-preview:-1\" \/>\n<link rel=\"canonical\" href=\"https:\/\/freekids.pl\/es\/produkt\/locomotora\/\" \/>\n<meta property=\"og:locale\" content=\"es_ES\" \/>\n<meta property=\"og:type\" content=\"article\" \/>\n<meta property=\"og:title\" content=\"Locomotora de vapor grande para patio de recreo - Freekids.pl\" \/>\n<meta property=\"og:description\" content=\"Un dispositivo con forma de locomotora steampunk. El dispositivo est\u00e1 montado en postes redondos. Plataformas fabricadas con un tablero recubierto con una capa antideslizante reforzada con perfiles de acero. Planchas impresas en UV. El conjunto est\u00e1 equipado con 4 redes de cuerda horizontales, 4 redes de cuerda verticales, una cuerda espacial con una longitud de 1,78 m, 2 t\u00faneles de tuber\u00edas, 9 plataformas cuadradas, 2 plataformas triangulares, un tobog\u00e1n de tubo de acero inoxidable, un tobog\u00e1n cl\u00e1sico, 2 escaleras, 19 engranajes, 2 columpios, 20 pomos, 4 ojos de buey esf\u00e9ricos, un tobog\u00e1n contra incendios, un techo doblado de HDPE.\" \/>\n<meta property=\"og:url\" content=\"https:\/\/freekids.pl\/es\/produkt\/locomotora\/\" \/>\n<meta property=\"og:site_name\" content=\"FreeKids Playgrounds | Sport | Urban Furniture\" \/>\n<meta property=\"og:image\" content=\"https:\/\/freekids.pl\/wp-content\/uploads\/2025\/01\/0240007_parowoz_-_wiz.1-scaled.jpg\" \/>\n\t<meta property=\"og:image:width\" content=\"2560\" \/>\n\t<meta property=\"og:image:height\" content=\"1439\" \/>\n\t<meta property=\"og:image:type\" content=\"image\/jpeg\" \/>\n<meta name=\"twitter:card\" content=\"summary_large_image\" \/>\n<script type=\"application\/ld+json\" class=\"yoast-schema-graph\">{\"@context\":\"https:\\\/\\\/schema.org\",\"@graph\":[{\"@type\":\"WebPage\",\"@id\":\"https:\\\/\\\/freekids.pl\\\/es\\\/produkt\\\/locomotora\\\/\",\"url\":\"https:\\\/\\\/freekids.pl\\\/es\\\/produkt\\\/locomotora\\\/\",\"name\":\"Locomotora de vapor grande para patio de recreo - Freekids.pl\",\"isPartOf\":{\"@id\":\"https:\\\/\\\/freekids.pl\\\/es\\\/#website\"},\"primaryImageOfPage\":{\"@id\":\"https:\\\/\\\/freekids.pl\\\/es\\\/produkt\\\/locomotora\\\/#primaryimage\"},\"image\":{\"@id\":\"https:\\\/\\\/freekids.pl\\\/es\\\/produkt\\\/locomotora\\\/#primaryimage\"},\"thumbnailUrl\":\"https:\\\/\\\/freekids.pl\\\/wp-content\\\/uploads\\\/2025\\\/01\\\/0240007_parowoz_-_wiz.1-scaled.jpg\",\"datePublished\":\"2024-10-23T19:41:57+00:00\",\"breadcrumb\":{\"@id\":\"https:\\\/\\\/freekids.pl\\\/es\\\/produkt\\\/locomotora\\\/#breadcrumb\"},\"inLanguage\":\"es\",\"potentialAction\":[{\"@type\":\"ReadAction\",\"target\":[\"https:\\\/\\\/freekids.pl\\\/es\\\/produkt\\\/locomotora\\\/\"]}]},{\"@type\":\"ImageObject\",\"inLanguage\":\"es\",\"@id\":\"https:\\\/\\\/freekids.pl\\\/es\\\/produkt\\\/locomotora\\\/#primaryimage\",\"url\":\"https:\\\/\\\/freekids.pl\\\/wp-content\\\/uploads\\\/2025\\\/01\\\/0240007_parowoz_-_wiz.1-scaled.jpg\",\"contentUrl\":\"https:\\\/\\\/freekids.pl\\\/wp-content\\\/uploads\\\/2025\\\/01\\\/0240007_parowoz_-_wiz.1-scaled.jpg\",\"width\":2560,\"height\":1439},{\"@type\":\"BreadcrumbList\",\"@id\":\"https:\\\/\\\/freekids.pl\\\/es\\\/produkt\\\/locomotora\\\/#breadcrumb\",\"itemListElement\":[{\"@type\":\"ListItem\",\"position\":1,\"name\":\"Strona g\u0142\u00f3wna\",\"item\":\"https:\\\/\\\/freekids.pl\\\/es\\\/\"},{\"@type\":\"ListItem\",\"position\":2,\"name\":\"Productos\",\"item\":\"https:\\\/\\\/freekids.pl\\\/es\\\/productos\\\/\"},{\"@type\":\"ListItem\",\"position\":3,\"name\":\"Locomotora\"}]},{\"@type\":\"WebSite\",\"@id\":\"https:\\\/\\\/freekids.pl\\\/es\\\/#website\",\"url\":\"https:\\\/\\\/freekids.pl\\\/es\\\/\",\"name\":\"FreeKids Playgrounds | Sport | Urban Furniture\",\"description\":\"Dream it, do it !\",\"potentialAction\":[{\"@type\":\"SearchAction\",\"target\":{\"@type\":\"EntryPoint\",\"urlTemplate\":\"https:\\\/\\\/freekids.pl\\\/es\\\/?s={search_term_string}\"},\"query-input\":{\"@type\":\"PropertyValueSpecification\",\"valueRequired\":true,\"valueName\":\"search_term_string\"}}],\"inLanguage\":\"es\"}]}<\/script>\n<!-- \/ Yoast SEO plugin. -->","yoast_head_json":{"title":"Locomotora de vapor grande para patio de recreo - Freekids.pl","robots":{"index":"index","follow":"follow","max-snippet":"max-snippet:-1","max-image-preview":"max-image-preview:large","max-video-preview":"max-video-preview:-1"},"canonical":"https:\/\/freekids.pl\/es\/produkt\/locomotora\/","og_locale":"es_ES","og_type":"article","og_title":"Locomotora de vapor grande para patio de recreo - Freekids.pl","og_description":"Un dispositivo con forma de locomotora steampunk. El dispositivo est\u00e1 montado en postes redondos. Plataformas fabricadas con un tablero recubierto con una capa antideslizante reforzada con perfiles de acero. Planchas impresas en UV. El conjunto est\u00e1 equipado con 4 redes de cuerda horizontales, 4 redes de cuerda verticales, una cuerda espacial con una longitud de 1,78 m, 2 t\u00faneles de tuber\u00edas, 9 plataformas cuadradas, 2 plataformas triangulares, un tobog\u00e1n de tubo de acero inoxidable, un tobog\u00e1n cl\u00e1sico, 2 escaleras, 19 engranajes, 2 columpios, 20 pomos, 4 ojos de buey esf\u00e9ricos, un tobog\u00e1n contra incendios, un techo doblado de HDPE.","og_url":"https:\/\/freekids.pl\/es\/produkt\/locomotora\/","og_site_name":"FreeKids Playgrounds | Sport | Urban Furniture","og_image":[{"width":2560,"height":1439,"url":"https:\/\/freekids.pl\/wp-content\/uploads\/2025\/01\/0240007_parowoz_-_wiz.1-scaled.jpg","type":"image\/jpeg"}],"twitter_card":"summary_large_image","schema":{"@context":"https:\/\/schema.org","@graph":[{"@type":"WebPage","@id":"https:\/\/freekids.pl\/es\/produkt\/locomotora\/","url":"https:\/\/freekids.pl\/es\/produkt\/locomotora\/","name":"Locomotora de vapor grande para patio de recreo - Freekids.pl","isPartOf":{"@id":"https:\/\/freekids.pl\/es\/#website"},"primaryImageOfPage":{"@id":"https:\/\/freekids.pl\/es\/produkt\/locomotora\/#primaryimage"},"image":{"@id":"https:\/\/freekids.pl\/es\/produkt\/locomotora\/#primaryimage"},"thumbnailUrl":"https:\/\/freekids.pl\/wp-content\/uploads\/2025\/01\/0240007_parowoz_-_wiz.1-scaled.jpg","datePublished":"2024-10-23T19:41:57+00:00","breadcrumb":{"@id":"https:\/\/freekids.pl\/es\/produkt\/locomotora\/#breadcrumb"},"inLanguage":"es","potentialAction":[{"@type":"ReadAction","target":["https:\/\/freekids.pl\/es\/produkt\/locomotora\/"]}]},{"@type":"ImageObject","inLanguage":"es","@id":"https:\/\/freekids.pl\/es\/produkt\/locomotora\/#primaryimage","url":"https:\/\/freekids.pl\/wp-content\/uploads\/2025\/01\/0240007_parowoz_-_wiz.1-scaled.jpg","contentUrl":"https:\/\/freekids.pl\/wp-content\/uploads\/2025\/01\/0240007_parowoz_-_wiz.1-scaled.jpg","width":2560,"height":1439},{"@type":"BreadcrumbList","@id":"https:\/\/freekids.pl\/es\/produkt\/locomotora\/#breadcrumb","itemListElement":[{"@type":"ListItem","position":1,"name":"Strona g\u0142\u00f3wna","item":"https:\/\/freekids.pl\/es\/"},{"@type":"ListItem","position":2,"name":"Productos","item":"https:\/\/freekids.pl\/es\/productos\/"},{"@type":"ListItem","position":3,"name":"Locomotora"}]},{"@type":"WebSite","@id":"https:\/\/freekids.pl\/es\/#website","url":"https:\/\/freekids.pl\/es\/","name":"FreeKids Playgrounds | Sport | Urban Furniture","description":"Dream it, do it !","potentialAction":[{"@type":"SearchAction","target":{"@type":"EntryPoint","urlTemplate":"https:\/\/freekids.pl\/es\/?s={search_term_string}"},"query-input":{"@type":"PropertyValueSpecification","valueRequired":true,"valueName":"search_term_string"}}],"inLanguage":"es"}]}},"_links":{"self":[{"href":"https:\/\/freekids.pl\/es\/wp-json\/wp\/v2\/product\/203575","targetHints":{"allow":["GET"]}}],"collection":[{"href":"https:\/\/freekids.pl\/es\/wp-json\/wp\/v2\/product"}],"about":[{"href":"https:\/\/freekids.pl\/es\/wp-json\/wp\/v2\/types\/product"}],"wp:featuredmedia":[{"embeddable":true,"href":"https:\/\/freekids.pl\/es\/wp-json\/wp\/v2\/media\/172238"}],"wp:attachment":[{"href":"https:\/\/freekids.pl\/es\/wp-json\/wp\/v2\/media?parent=203575"}],"wp:term":[{"taxonomy":"product_cat","embeddable":true,"href":"https:\/\/freekids.pl\/es\/wp-json\/wp\/v2\/product_cat?post=203575"},{"taxonomy":"product_tag","embeddable":true,"href":"https:\/\/freekids.pl\/es\/wp-json\/wp\/v2\/product_tag?post=203575"}],"curies":[{"name":"wp","href":"https:\/\/api.w.org\/{rel}","templated":true}]}}