{"id":170936,"date":"2024-08-13T17:11:19","date_gmt":"2024-08-13T15:11:19","guid":{"rendered":"https:\/\/freekids.mtrzkhost.pl\/home\/"},"modified":"2026-02-06T11:18:50","modified_gmt":"2026-02-06T10:18:50","slug":"home","status":"publish","type":"page","link":"https:\/\/freekids.pl\/fr\/","title":{"rendered":"Accueil"},"content":{"rendered":"","protected":false},"excerpt":{"rendered":"","protected":false},"author":1,"featured_media":0,"parent":0,"menu_order":0,"comment_status":"closed","ping_status":"closed","template":"page-homepage.php","meta":{"_acf_changed":false,"footnotes":""},"class_list":["post-170936","page","type-page","status-publish","hentry"],"acf":[],"yoast_head":"<!-- This site is optimized with the Yoast SEO plugin v26.4 - https:\/\/yoast.com\/wordpress\/plugins\/seo\/ -->\n<title>Fabricant d&#039;aires de jeux pour enfants - freekids.pl<\/title>\n<meta name=\"description\" content=\"FREE KIDS propose des \u00e9quipements s\u00fbrs et certifi\u00e9s pour les aires de jeux et les gymnases en plein air. Venez nous voir pour en savoir plus.\" \/>\n<meta name=\"robots\" content=\"index, follow, max-snippet:-1, max-image-preview:large, max-video-preview:-1\" \/>\n<link rel=\"canonical\" href=\"https:\/\/freekids.pl\/fr\/\" \/>\n<meta property=\"og:locale\" content=\"fr_FR\" \/>\n<meta property=\"og:type\" content=\"article\" \/>\n<meta property=\"og:title\" content=\"Fabricant d&#039;aires de jeux pour enfants - freekids.pl\" \/>\n<meta property=\"og:description\" content=\"FREE KIDS propose des \u00e9quipements s\u00fbrs et certifi\u00e9s pour les aires de jeux et les gymnases en plein air. Venez nous voir pour en savoir plus.\" \/>\n<meta property=\"og:url\" content=\"https:\/\/freekids.pl\/fr\/\" \/>\n<meta property=\"og:site_name\" content=\"FreeKids Playgrounds | Sport | Urban Furniture\" \/>\n<meta property=\"article:modified_time\" content=\"2026-02-06T10:18:50+00:00\" \/>\n<meta name=\"twitter:card\" content=\"summary_large_image\" \/>\n<script type=\"application\/ld+json\" class=\"yoast-schema-graph\">{\"@context\":\"https:\/\/schema.org\",\"@graph\":[{\"@type\":\"WebPage\",\"@id\":\"https:\/\/freekids.pl\/fr\/\",\"url\":\"https:\/\/freekids.pl\/fr\/\",\"name\":\"Fabricant d'aires de jeux pour enfants - freekids.pl\",\"isPartOf\":{\"@id\":\"https:\/\/freekids.pl\/fr\/#website\"},\"datePublished\":\"2024-08-13T15:11:19+00:00\",\"dateModified\":\"2026-02-06T10:18:50+00:00\",\"description\":\"FREE KIDS propose des \u00e9quipements s\u00fbrs et certifi\u00e9s pour les aires de jeux et les gymnases en plein air. Venez nous voir pour en savoir plus.\",\"breadcrumb\":{\"@id\":\"https:\/\/freekids.pl\/fr\/#breadcrumb\"},\"inLanguage\":\"fr-FR\",\"potentialAction\":[{\"@type\":\"ReadAction\",\"target\":[\"https:\/\/freekids.pl\/fr\/\"]}]},{\"@type\":\"BreadcrumbList\",\"@id\":\"https:\/\/freekids.pl\/fr\/#breadcrumb\",\"itemListElement\":[{\"@type\":\"ListItem\",\"position\":1,\"name\":\"Strona g\u0142\u00f3wna\",\"item\":\"https:\/\/freekids.pl\/fr\/\"},{\"@type\":\"ListItem\",\"position\":2,\"name\":\"Accueil\"}]},{\"@type\":\"WebSite\",\"@id\":\"https:\/\/freekids.pl\/fr\/#website\",\"url\":\"https:\/\/freekids.pl\/fr\/\",\"name\":\"FreeKids Playgrounds | Sport | Urban Furniture\",\"description\":\"Dream it, do it !\",\"potentialAction\":[{\"@type\":\"SearchAction\",\"target\":{\"@type\":\"EntryPoint\",\"urlTemplate\":\"https:\/\/freekids.pl\/fr\/?s={search_term_string}\"},\"query-input\":{\"@type\":\"PropertyValueSpecification\",\"valueRequired\":true,\"valueName\":\"search_term_string\"}}],\"inLanguage\":\"fr-FR\"}]}<\/script>\n<!-- \/ Yoast SEO plugin. -->","yoast_head_json":{"title":"Fabricant d'aires de jeux pour enfants - freekids.pl","description":"FREE KIDS propose des \u00e9quipements s\u00fbrs et certifi\u00e9s pour les aires de jeux et les gymnases en plein air. Venez nous voir pour en savoir plus.","robots":{"index":"index","follow":"follow","max-snippet":"max-snippet:-1","max-image-preview":"max-image-preview:large","max-video-preview":"max-video-preview:-1"},"canonical":"https:\/\/freekids.pl\/fr\/","og_locale":"fr_FR","og_type":"article","og_title":"Fabricant d'aires de jeux pour enfants - freekids.pl","og_description":"FREE KIDS propose des \u00e9quipements s\u00fbrs et certifi\u00e9s pour les aires de jeux et les gymnases en plein air. Venez nous voir pour en savoir plus.","og_url":"https:\/\/freekids.pl\/fr\/","og_site_name":"FreeKids Playgrounds | Sport | Urban Furniture","article_modified_time":"2026-02-06T10:18:50+00:00","twitter_card":"summary_large_image","schema":{"@context":"https:\/\/schema.org","@graph":[{"@type":"WebPage","@id":"https:\/\/freekids.pl\/fr\/","url":"https:\/\/freekids.pl\/fr\/","name":"Fabricant d'aires de jeux pour enfants - freekids.pl","isPartOf":{"@id":"https:\/\/freekids.pl\/fr\/#website"},"datePublished":"2024-08-13T15:11:19+00:00","dateModified":"2026-02-06T10:18:50+00:00","description":"FREE KIDS propose des \u00e9quipements s\u00fbrs et certifi\u00e9s pour les aires de jeux et les gymnases en plein air. Venez nous voir pour en savoir plus.","breadcrumb":{"@id":"https:\/\/freekids.pl\/fr\/#breadcrumb"},"inLanguage":"fr-FR","potentialAction":[{"@type":"ReadAction","target":["https:\/\/freekids.pl\/fr\/"]}]},{"@type":"BreadcrumbList","@id":"https:\/\/freekids.pl\/fr\/#breadcrumb","itemListElement":[{"@type":"ListItem","position":1,"name":"Strona g\u0142\u00f3wna","item":"https:\/\/freekids.pl\/fr\/"},{"@type":"ListItem","position":2,"name":"Accueil"}]},{"@type":"WebSite","@id":"https:\/\/freekids.pl\/fr\/#website","url":"https:\/\/freekids.pl\/fr\/","name":"FreeKids Playgrounds | Sport | Urban Furniture","description":"Dream it, do it !","potentialAction":[{"@type":"SearchAction","target":{"@type":"EntryPoint","urlTemplate":"https:\/\/freekids.pl\/fr\/?s={search_term_string}"},"query-input":{"@type":"PropertyValueSpecification","valueRequired":true,"valueName":"search_term_string"}}],"inLanguage":"fr-FR"}]}},"_links":{"self":[{"href":"https:\/\/freekids.pl\/fr\/wp-json\/wp\/v2\/pages\/170936","targetHints":{"allow":["GET"]}}],"collection":[{"href":"https:\/\/freekids.pl\/fr\/wp-json\/wp\/v2\/pages"}],"about":[{"href":"https:\/\/freekids.pl\/fr\/wp-json\/wp\/v2\/types\/page"}],"author":[{"embeddable":true,"href":"https:\/\/freekids.pl\/fr\/wp-json\/wp\/v2\/users\/1"}],"replies":[{"embeddable":true,"href":"https:\/\/freekids.pl\/fr\/wp-json\/wp\/v2\/comments?post=170936"}],"version-history":[{"count":9,"href":"https:\/\/freekids.pl\/fr\/wp-json\/wp\/v2\/pages\/170936\/revisions"}],"predecessor-version":[{"id":208675,"href":"https:\/\/freekids.pl\/fr\/wp-json\/wp\/v2\/pages\/170936\/revisions\/208675"}],"wp:attachment":[{"href":"https:\/\/freekids.pl\/fr\/wp-json\/wp\/v2\/media?parent=170936"}],"curies":[{"name":"wp","href":"https:\/\/api.w.org\/{rel}","templated":true}]}}