{"id":186232,"date":"2024-08-13T17:12:15","date_gmt":"2024-08-13T15:12:15","guid":{"rendered":"https:\/\/freekids.pl\/politique-de-confidentialite\/"},"modified":"2025-10-17T14:37:37","modified_gmt":"2025-10-17T12:37:37","slug":"politique-de-confidentialite","status":"publish","type":"page","link":"https:\/\/freekids.pl\/fr\/politique-de-confidentialite\/","title":{"rendered":"Politique de confidentialit\u00e9"},"content":{"rendered":"<p>La protection de la vie priv\u00e9e des utilisateurs est particuli\u00e8rement importante pour <strong>FREEKIDS S.C. ARTUR G\u0104SIOREK, ZBIGNIEW ANDRUSZEWSKI<\/strong>. C&rsquo;est pourquoi les utilisateurs du site <strong>www.freekids.pl<\/strong> sont assur\u00e9s de b\u00e9n\u00e9ficier de normes \u00e9lev\u00e9es en mati\u00e8re de protection de la vie priv\u00e9e. En tant qu&rsquo;administrateur de donn\u00e9es <strong>, FREEKIDS S.C. ARTUR G\u0104SIOREK, ZBIGNIEW ANDRUSZEWSKI<\/strong> se soucie de la s\u00e9curit\u00e9 des donn\u00e9es fournies par les utilisateurs. <\/p><p>L&rsquo;Administrateur a \u00e9galement pour objectif d&rsquo;informer d\u00fbment les Utilisateurs de leurs droits et obligations en mati\u00e8re de traitement des donn\u00e9es \u00e0 caract\u00e8re personnel, notamment au regard du contenu des dispositions relatives \u00e0 la protection des donn\u00e9es \u00e9nonc\u00e9es dans le R\u00e8glement (UE) 2016\/679 du Parlement europ\u00e9en et du Conseil du 27.04.2016 relatif \u00e0 la protection des personnes physiques \u00e0 l&rsquo;\u00e9gard du traitement des donn\u00e9es \u00e0 caract\u00e8re personnel et \u00e0 la libre circulation de ces donn\u00e9es, et abrogeant la directive 95\/46\/CE (ci-apr\u00e8s d\u00e9nomm\u00e9 \u00a0\u00bb RODO \u00ab\u00a0). Par cons\u00e9quent, afin de prot\u00e9ger la vie priv\u00e9e des utilisateurs du site web, l&rsquo;administrateur informe dans le pr\u00e9sent document de la base juridique du traitement des donn\u00e9es personnelles fournies par les utilisateurs dans le cadre de leur utilisation du site web <strong>www.freekids.pl<\/strong> <em>(ci-apr\u00e8s le \u00ab\u00a0site web\u00a0\u00bb)<\/em>, des m\u00e9thodes de collecte, de traitement et de protection des donn\u00e9es personnelles, ainsi que des droits des utilisateurs.  <\/p><p>Un utilisateur est toute personne physique \u00e0 laquelle les donn\u00e9es se rapportent et qui utilise le site web <strong>www.freekids.pl<\/strong> ou les services \u00e9lectroniques disponibles par le biais du site web.<\/p><p>L&rsquo;administrateur des donn\u00e9es personnelles fournies par l&rsquo;utilisateur sur le site <strong>www.freekids.pl<\/strong> est <strong>FREEKIDS S.C. ARTUR G\u0104SIOREK, ZBIGNIEW ANDRUSZEWSKI, Trz\u0119sowice 32, 55-106 Zawonia, NIP <\/strong><em> 9151766609, (ci-apr\u00e8s d\u00e9nomm\u00e9 \u00ab\u00a0l&rsquo;administrateur\u00a0\u00bb)<\/em>.<\/p><ol class=\"wp-block-list\"><li><strong>CONSENTEMENT DE L&rsquo;UTILISATEUR<\/strong><br\/>L&rsquo;utilisation de <strong>www.freekids.pl<\/strong> par l&rsquo;utilisateur signifie que ce dernier accepte que l&rsquo;administrateur collecte et utilise des donn\u00e9es \u00e0 caract\u00e8re personnel conform\u00e9ment \u00e0 la pr\u00e9sente politique de protection de la vie priv\u00e9e. L&rsquo;utilisateur a le droit de retirer \u00e0 tout moment le consentement qu&rsquo;il a donn\u00e9 pr\u00e9c\u00e9demment. Le retrait du consentement n&rsquo;affecte pas la l\u00e9galit\u00e9 du traitement effectu\u00e9 sur la base du consentement avant son retrait. En cas de modification de la pr\u00e9sente politique de confidentialit\u00e9 et si l&rsquo;utilisateur continue \u00e0 utiliser le service, cela sera consid\u00e9r\u00e9 comme un consentement aux conditions actuelles de la politique de confidentialit\u00e9.  <\/li>\n\n<li><strong>LES DONN\u00c9ES \u00c0 CARACT\u00c8RE PERSONNEL TRAIT\u00c9ES PAR LE RESPONSABLE DU TRAITEMENT<\/strong><ol class=\"wp-block-list\"><li><strong>M\u00e9thode d&rsquo;obtention des donn\u00e9es personnelles<\/strong><br\/>L&rsquo;administrateur obtient les donn\u00e9es personnelles directement de l&rsquo;utilisateur par l&rsquo;interm\u00e9diaire du site web, en remplissant le formulaire de contact disponible sur le site web et en envoyant un message \u00e0 l&rsquo;administrateur par ce biais.<\/li>\n\n<li><strong>Types de donn\u00e9es personnelles trait\u00e9es<\/strong><br>L&rsquo;administrateur collecte les donn\u00e9es personnelles suivantes concernant l&rsquo;utilisateur par le biais du service :<ol class=\"wp-block-list\"><li>Nom ;<\/li>\n\n<li>Adresse \u00e9lectronique ;<\/li>\n\n<li>Num\u00e9ro de t\u00e9l\u00e9phone ;<\/li>\n\n<li>Adresse ;<\/li>\n\n<li>Contenu du message ;<\/li>\n\n<li>Nom de l&rsquo;entreprise.<\/li><\/ol><\/li><\/ol><\/li>\n\n<li><strong>FINALIT\u00c9S DU TRAITEMENT DES DONN\u00c9ES PERSONNELLES<\/strong><br>La mani\u00e8re dont l&rsquo;administrateur traite les donn\u00e9es concernant l&rsquo;utilisateur d\u00e9pend de l&rsquo;utilisation du site web par l&rsquo;utilisateur et des fonctionnalit\u00e9s qui y sont disponibles. L&rsquo;administrateur traite les donn\u00e9es personnelles de l&rsquo;utilisateur pour les finalit\u00e9s suivantes : <ol><li><strong>Communication avec l&rsquo;utilisateur.<\/strong>  L&rsquo;administrateur utilise les donn\u00e9es personnelles de l&rsquo;utilisateur pour communiquer avec lui de mani\u00e8re personnalis\u00e9e. Les informations communiqu\u00e9es \u00e0 l&rsquo;utilisateur concernent les produits ou services offerts, la s\u00e9curit\u00e9 des donn\u00e9es personnelles, les mises \u00e0 jour du r\u00e9seau, les rappels, mais aussi les offres sugg\u00e9r\u00e9es par l&rsquo;administrateur ou ses partenaires. La communication avec l&rsquo;Utilisateur concerne \u00e9galement le service de l&rsquo;Utilisateur. Les donn\u00e9es personnelles sont utilis\u00e9es pour assister l&rsquo;Utilisateur, r\u00e9soudre les probl\u00e8mes techniques et r\u00e9pondre aux plaintes ou r\u00e9clamations de l&rsquo;Utilisateur.   <strong>Fournir \u00e0 l&rsquo;utilisateur des offres commerciales par voie \u00e9lectronique.<\/strong>L&rsquo;utilisation des donn\u00e9es personnelles fournies par l&rsquo;utilisateur via le formulaire de contact disponible sur le site Web a pour but la communication marketing men\u00e9e par l&rsquo;administrateur dans le cadre de son activit\u00e9 commerciale, en particulier la pr\u00e9sentation d&rsquo;offres commerciales \u00e0 l&rsquo;utilisateur par voie \u00e9lectronique.<strong>Faire des offres commerciales \u00e0 l&rsquo;utilisateur par t\u00e9l\u00e9phone.<\/strong>  L&rsquo;utilisation des donn\u00e9es personnelles de l&rsquo;utilisateur fournies par celui-ci via le formulaire de contact disponible sur le site Web a pour but la communication marketing men\u00e9e par l&rsquo;administrateur dans le cadre de son activit\u00e9 commerciale, notamment en pr\u00e9sentant des offres commerciales \u00e0 l&rsquo;utilisateur dans le cadre d&rsquo;un contact t\u00e9l\u00e9phonique. <strong>L<\/strong>&lsquo;administrateur utilise les donn\u00e9es \u00e0 caract\u00e8re personnel de l&rsquo;utilisateur pour permettre \u00e0 ce dernier de formuler des commentaires ou des avis sur les activit\u00e9s, les services ou les produits de l&rsquo;administrateur ou des entit\u00e9s qui collaborent avec lui.<\/li><\/ol>L&rsquo;administrateur peut \u00e9galement traiter les donn\u00e9es personnelles de l&rsquo;utilisateur fournies dans le formulaire de contact aux fins suivantes :<ol class=\"wp-block-list\"><li>afin de conclure et d&rsquo;ex\u00e9cuter un \u00e9ventuel contrat entre l&rsquo;utilisateur et l&rsquo;administrateur et de servir l&rsquo;utilisateur en tant que client de l&rsquo;administrateur conform\u00e9ment \u00e0 l&rsquo;article 6, paragraphe 1, point b), du RODO ;  <\/li>\n\n<li>aux fins de r\u00e8glements financiers avec l&rsquo;utilisateur qui est un client de l&rsquo;administrateur pour l&rsquo;ex\u00e9cution d&rsquo;un \u00e9ventuel contrat conclu entre les parties, ainsi que pour faire valoir d&rsquo;\u00e9ventuelles r\u00e9clamations de la part de l&rsquo;utilisateur qui est un client dans le cadre de l&rsquo;int\u00e9r\u00eat l\u00e9gitime de l&rsquo;administrateur conform\u00e9ment \u00e0 l&rsquo;art. 6 para. 1(f) RODO et de remplir les obligations l\u00e9gales de l&rsquo;administrateur envers les autorit\u00e9s fiscales sur la base de r\u00e9glementations distinctes conform\u00e9ment \u00e0 l&rsquo;art. 6 para. 1(c) RODO ;<\/li>\n\n<li>aux fins de la r\u00e9alisation des activit\u00e9s de marketing de l&rsquo;administrateur dans le cadre de l&rsquo;int\u00e9r\u00eat l\u00e9gitime de l&rsquo;administrateur au sens de l&rsquo;article 6, paragraphe 1, point f), du RGPD, et conform\u00e9ment aux d\u00e9clarations d&rsquo;intention concernant les communications marketing faites \u00e0 l&rsquo;administrateur. Les consentements accord\u00e9s en mati\u00e8re de communications marketing (par exemple, pour l&rsquo;envoi d&rsquo;informations commerciales par courrier \u00e9lectronique ou par contact t\u00e9l\u00e9phonique \u00e0 des fins de marketing direct) peuvent \u00eatre retir\u00e9s \u00e0 tout moment, sans affecter la l\u00e9galit\u00e9 du traitement effectu\u00e9 sur la base du consentement avant son retrait ;   <\/li>\n\n<li>afin de respecter les obligations l\u00e9gales de l&rsquo;administrateur \u00e0 l&rsquo;\u00e9gard de l&rsquo;utilisateur \u00e9nonc\u00e9es dans le RODO, au sens de l&rsquo;article 6, paragraphe 1, point c), du RODO.  <\/li><\/ol><\/li>\n\n<li>PARTAGE <strong>DES DONN\u00c9ES PERSONNELLES<\/strong><br>Vos donn\u00e9es personnelles sont ou peuvent \u00eatre partag\u00e9es avec les cat\u00e9gories de destinataires suivantes :<ol class=\"wp-block-list\"><li>les soci\u00e9t\u00e9s de vente externes.<\/li><\/ol><\/li>\n\n<li><strong>DROITS DE L&rsquo;UTILISATEUR<\/strong><ol class=\"wp-block-list\"><li><strong>Droits de l&rsquo;utilisateur<\/strong><br\/>L&rsquo;utilisateur, \u00e0 chaque \u00e9tape du traitement de ses donn\u00e9es, dispose d&rsquo;un certain nombre de droits lui permettant d&rsquo;acc\u00e9der \u00e0 ses donn\u00e9es, de v\u00e9rifier l&rsquo;exactitude du traitement des donn\u00e9es, de corriger les donn\u00e9es, ainsi que le droit de s&rsquo;opposer au traitement des donn\u00e9es, peut demander la suppression des donn\u00e9es, la limitation du traitement des donn\u00e9es ou le transfert des donn\u00e9es.Dans le cas o\u00f9 l&rsquo;utilisateur souhaite exercer ses droits en tant que personne concern\u00e9e par les donn\u00e9es personnelles, il peut contacter l&rsquo;administrateur en utilisant les coordonn\u00e9es suivantes : <strong>FREEKIDS S.C. ARTUR G\u0104SIOREK, ZBIGNIEW ANDRUSZEWSKI, Trz\u0119sowice 32, 55-106 Zawonia, <a href=\"mailto:u.semeniuk@freekids.pl\">u.semeniuk@freekids.pl.<\/a><\/strong><\/li>\n\n<li><strong>Droit d&rsquo;introduire une r\u00e9clamation aupr\u00e8s de l&rsquo;autorit\u00e9 de contr\u00f4le<\/strong><br\/>L&rsquo;utilisateur dont les donn\u00e9es personnelles sont trait\u00e9es par le contr\u00f4leur a le droit d&rsquo;introduire une r\u00e9clamation aupr\u00e8s de l&rsquo;autorit\u00e9 de contr\u00f4le comp\u00e9tente en mati\u00e8re de protection des donn\u00e9es personnelles (pr\u00e9sident de l&rsquo;Office de protection des donn\u00e9es personnelles).<\/li><\/ol><\/li>\n\n<li><strong>COOKIES<\/strong><ol class=\"wp-block-list\"><li>L&rsquo;Administrateur informe que lors de l&rsquo;utilisation du site Web, de courtes informations textuelles appel\u00e9es \u00a0\u00bb cookies \u00a0\u00bb sont enregistr\u00e9es dans l&rsquo;\u00e9quipement terminal de l&rsquo;Utilisateur. Les fichiers \u00ab\u00a0cookies\u00a0\u00bb contiennent des donn\u00e9es informatiques telles que : l&rsquo;adresse IP de l&rsquo;utilisateur, le nom du site web d&rsquo;o\u00f9 ils proviennent, la dur\u00e9e de leur stockage sur l&rsquo;\u00e9quipement terminal de l&rsquo;utilisateur, l&rsquo;enregistrement de param\u00e8tres et de statistiques et un num\u00e9ro unique. Les cookies sont dirig\u00e9s vers le serveur du Service via le navigateur web install\u00e9 sur l&rsquo;\u00e9quipement terminal de l&rsquo;Utilisateur. Les cookies sont utilis\u00e9s sur le site Web afin de :     <ol><li>maintenir l&rsquo;exactitude technique et la continuit\u00e9 de la session entre le serveur du service et l&rsquo;\u00e9quipement terminal de l&rsquo;utilisateur ;<\/li><li>optimiser l&rsquo;utilisation par l&rsquo;Utilisateur des pages du Site et adapter leur affichage sur l&rsquo;\u00e9quipement terminal de l&rsquo;Utilisateur ;<\/li><li>assurer la s\u00e9curit\u00e9 de l&rsquo;utilisation du site web ;<\/li><li>recueillir des statistiques sur les visites des pages du site Web afin d&rsquo;am\u00e9liorer leur structure et leur contenu ;<\/li><li>afficher sur l&rsquo;\u00e9quipement terminal de l&rsquo;utilisateur un contenu publicitaire adapt\u00e9 de mani\u00e8re optimale aux pr\u00e9f\u00e9rences de l&rsquo;utilisateur.<\/li><\/ol>  Deux types de \u00ab\u00a0cookies\u00a0\u00bb sont utilis\u00e9s dans le cadre du service : les \u00ab\u00a0cookies de session\u00a0\u00bb et les \u00ab\u00a0cookies permanents\u00a0\u00bb. \u00ab\u00a0Les \u00ab\u00a0cookies de session\u00a0\u00bb sont des fichiers qui sont automatiquement supprim\u00e9s de l&rsquo;\u00e9quipement terminal de l&rsquo;utilisateur du service apr\u00e8s que l&rsquo;utilisateur se soit d\u00e9connect\u00e9 du service ou qu&rsquo;il ait quitt\u00e9 les sites web du service ou qu&rsquo;il ait \u00e9teint son navigateur Internet. Les \u00ab\u00a0cookies\u00a0\u00bb \u00ab\u00a0permanents\u00a0\u00bb sont stock\u00e9s dans l&rsquo;\u00e9quipement terminal de l&rsquo;utilisateur pour la dur\u00e9e sp\u00e9cifi\u00e9e dans les param\u00e8tres des \u00ab\u00a0cookies\u00a0\u00bb ou jusqu&rsquo;\u00e0 ce qu&rsquo;ils soient supprim\u00e9s par l&rsquo;utilisateur. Les \u00ab\u00a0cookies\u00a0\u00bb \u00ab\u00a0permanents\u00a0\u00bb sont install\u00e9s dans l&rsquo;appareil final de l&rsquo;utilisateur uniquement avec le consentement de ce dernier. L&rsquo;administrateur vous informe que :      <ol><li>Les navigateurs Internet acceptent par d\u00e9faut l&rsquo;installation de \u00ab\u00a0cookies\u00a0\u00bb sur l&rsquo;\u00e9quipement terminal de l&rsquo;Utilisateur. Chaque utilisateur du site web peut \u00e0 tout moment modifier les param\u00e8tres concernant les fichiers \u00ab\u00a0cookies\u00a0\u00bb dans le navigateur Internet qu&rsquo;il utilise de mani\u00e8re \u00e0 ce que le navigateur bloque automatiquement les fichiers \u00ab\u00a0cookies\u00a0\u00bb ou informe l&rsquo;utilisateur qu&rsquo;ils sont plac\u00e9s \u00e0 chaque fois dans son \u00e9quipement terminal. Des informations d\u00e9taill\u00e9es sur la possibilit\u00e9 et les m\u00e9thodes de gestion des \u00ab\u00a0cookies\u00a0\u00bb sont disponibles dans les param\u00e8tres du navigateur Internet utilis\u00e9 par l&rsquo;utilisateur du site web.  <\/li><li>Restreindre l&rsquo;utilisation des cookies par l&rsquo;utilisateur peut nuire \u00e0 l&rsquo;exactitude et \u00e0 la continuit\u00e9 des services sur le site web.<\/li><\/ol>  Les cookies install\u00e9s dans l&rsquo;\u00e9quipement terminal de l&rsquo;utilisateur du service peuvent \u00eatre utilis\u00e9s par des annonceurs ou des partenaires commerciaux coop\u00e9rant avec l&rsquo;administrateur.<br\/>Les cookies ne peuvent \u00eatre consid\u00e9r\u00e9s comme des donn\u00e9es \u00e0 caract\u00e8re personnel qu&rsquo;en relation avec d&rsquo;autres donn\u00e9es d&rsquo;identification de l&rsquo;identit\u00e9, mises \u00e0 la disposition de l&rsquo;administrateur par l&rsquo;utilisateur lors de l&rsquo;utilisation du service.<br\/>Seul l&rsquo;administrateur a acc\u00e8s aux cookies trait\u00e9s par le serveur du service.<br\/>Si l&rsquo;utilisateur n&rsquo;accepte pas de sauvegarder et de recevoir des informations dans les cookies, il peut modifier les r\u00e8gles relatives aux cookies par le biais des param\u00e8tres de son navigateur web.<\/li><\/ol><\/li>\n\n<li><strong>AUTRES INFORMATIONS IMPORTANTES<\/strong><ol class=\"wp-block-list\"><li><strong>S\u00e9curit\u00e9 et protection des donn\u00e9es personnelles<\/strong><br\/>L&rsquo;administrateur met en \u0153uvre des mesures appropri\u00e9es pour assurer la s\u00e9curit\u00e9 des donn\u00e9es personnelles de l&rsquo;utilisateur. La s\u00e9curit\u00e9 de l&rsquo;utilisation du site web est assur\u00e9e par les syst\u00e8mes et proc\u00e9dures mis en place pour prot\u00e9ger l&rsquo;acc\u00e8s et la divulgation des donn\u00e9es \u00e0 des personnes non autoris\u00e9es. En outre, les syst\u00e8mes et processus utilis\u00e9s par l&rsquo;administrateur sont r\u00e9guli\u00e8rement contr\u00f4l\u00e9s afin de d\u00e9tecter d&rsquo;\u00e9ventuelles menaces. Les donn\u00e9es \u00e0 caract\u00e8re personnel obtenues par l&rsquo;administrateur sont stock\u00e9es dans des syst\u00e8mes informatiques dont l&rsquo;acc\u00e8s est strictement limit\u00e9.   <\/li>\n\n<li><strong>Stockage des donn\u00e9es personnelles<\/strong><br\/>La dur\u00e9e de stockage des donn\u00e9es personnelles des utilisateurs d\u00e9pend des finalit\u00e9s du traitement par l&rsquo;administrateur.<br\/>L&rsquo;administrateur stocke les donn\u00e9es personnelles pendant la p\u00e9riode n\u00e9cessaire \u00e0 la r\u00e9alisation des finalit\u00e9s sp\u00e9cifi\u00e9es, c&rsquo;est-\u00e0-dire :<ul><li>pour la dur\u00e9e des activit\u00e9s de l&rsquo;administrateur.<\/li><\/ul>  Dans tous les cas susmentionn\u00e9s, apr\u00e8s l&rsquo;expiration de la p\u00e9riode de traitement n\u00e9cessaire, les donn\u00e9es ne peuvent \u00eatre trait\u00e9es que dans le but de faire valoir des droits sur le fond de la relation entre les parties, jusqu&rsquo;\u00e0 ce que ces droits aient \u00e9t\u00e9 d\u00e9finitivement r\u00e9gl\u00e9s par voie juridique.<\/li>\n\n<li><strong>Modifications<\/strong> de la politique de confidentialit\u00e9<br\/>Afin de mettre \u00e0 jour les informations contenues dans la pr\u00e9sente politique de confidentialit\u00e9 et de la rendre conforme aux lois applicables, la pr\u00e9sente politique de confidentialit\u00e9 peut \u00eatre modifi\u00e9e. Si le contenu de la politique de confidentialit\u00e9 est modifi\u00e9, la date de mise \u00e0 jour indiqu\u00e9e \u00e0 la fin du texte sera modifi\u00e9e. Afin d&rsquo;obtenir des informations sur la mani\u00e8re de prot\u00e9ger les donn\u00e9es personnelles, l&rsquo;administrateur recommande aux utilisateurs de lire r\u00e9guli\u00e8rement les dispositions de la politique de confidentialit\u00e9.  <\/li>\n\n<li><strong>Informations de contact<\/strong><br\/>Pour toute information concernant la pr\u00e9sente politique de confidentialit\u00e9, l&rsquo;utilisateur peut contacter l&rsquo;administrateur des donn\u00e9es personnelles : <strong>FREEKIDS S.C. ARTUR G\u0104SIOREK, ZBIGNIEW ANDRUSZEWSKI, Trz\u0119sowice 32, 55-106 Zawonia, <\/strong>en utilisant les coordonn\u00e9es suivantes : <strong>u.semeniuk@freekids.pl.Ponadto<\/strong>. Il est \u00e9galement possible de prendre contact par courrier \u00e0 l&rsquo;adresse : <strong>Trz\u0119sowice 32, 55-106 Zawonia<\/strong>.  <\/li><\/ol><\/li><\/ol><p><\/p><p>Ce document a \u00e9t\u00e9 mis \u00e0 jour pour la derni\u00e8re fois le 13.07.2018.<\/p>","protected":false},"excerpt":{"rendered":"<p>La protection de la vie priv\u00e9e des utilisateurs est particuli\u00e8rement importante pour FREEKIDS S.C. ARTUR G\u0104SIOREK, ZBIGNIEW ANDRUSZEWSKI. C&rsquo;est pourquoi les utilisateurs du site www.freekids.pl sont assur\u00e9s de b\u00e9n\u00e9ficier de normes \u00e9lev\u00e9es en mati\u00e8re de protection de la vie priv\u00e9e. En tant qu&rsquo;administrateur de donn\u00e9es , FREEKIDS S.C. ARTUR G\u0104SIOREK, ZBIGNIEW ANDRUSZEWSKI se soucie de [&hellip;]<\/p>\n","protected":false},"author":1,"featured_media":0,"parent":0,"menu_order":0,"comment_status":"closed","ping_status":"closed","template":"page-templates\/page-sidebar-none.php","meta":{"_acf_changed":false,"footnotes":""},"class_list":["post-186232","page","type-page","status-publish","hentry"],"acf":[],"yoast_head":"<!-- This site is optimized with the Yoast SEO plugin v26.4 - https:\/\/yoast.com\/wordpress\/plugins\/seo\/ -->\n<title>Politique de confidentialit\u00e9 - Freekids.pl<\/title>\n<meta name=\"robots\" content=\"index, follow, max-snippet:-1, max-image-preview:large, max-video-preview:-1\" \/>\n<link rel=\"canonical\" href=\"https:\/\/freekids.pl\/fr\/politique-de-confidentialite\/\" \/>\n<meta property=\"og:locale\" content=\"fr_FR\" \/>\n<meta property=\"og:type\" content=\"article\" \/>\n<meta property=\"og:title\" content=\"Politique de confidentialit\u00e9 - Freekids.pl\" \/>\n<meta property=\"og:description\" content=\"La protection de la vie priv\u00e9e des utilisateurs est particuli\u00e8rement importante pour FREEKIDS S.C. ARTUR G\u0104SIOREK, ZBIGNIEW ANDRUSZEWSKI. C&rsquo;est pourquoi les utilisateurs du site www.freekids.pl sont assur\u00e9s de b\u00e9n\u00e9ficier de normes \u00e9lev\u00e9es en mati\u00e8re de protection de la vie priv\u00e9e. En tant qu&rsquo;administrateur de donn\u00e9es , FREEKIDS S.C. ARTUR G\u0104SIOREK, ZBIGNIEW ANDRUSZEWSKI se soucie de [&hellip;]\" \/>\n<meta property=\"og:url\" content=\"https:\/\/freekids.pl\/fr\/politique-de-confidentialite\/\" \/>\n<meta property=\"og:site_name\" content=\"FreeKids Playgrounds | Sport | Urban Furniture\" \/>\n<meta property=\"article:modified_time\" content=\"2025-10-17T12:37:37+00:00\" \/>\n<meta name=\"twitter:card\" content=\"summary_large_image\" \/>\n<meta name=\"twitter:label1\" content=\"Dur\u00e9e de lecture estim\u00e9e\" \/>\n\t<meta name=\"twitter:data1\" content=\"11 minutes\" \/>\n<script type=\"application\/ld+json\" class=\"yoast-schema-graph\">{\"@context\":\"https:\/\/schema.org\",\"@graph\":[{\"@type\":\"WebPage\",\"@id\":\"https:\/\/freekids.pl\/fr\/politique-de-confidentialite\/\",\"url\":\"https:\/\/freekids.pl\/fr\/politique-de-confidentialite\/\",\"name\":\"Politique de confidentialit\u00e9 - Freekids.pl\",\"isPartOf\":{\"@id\":\"https:\/\/freekids.pl\/fr\/#website\"},\"datePublished\":\"2024-08-13T15:12:15+00:00\",\"dateModified\":\"2025-10-17T12:37:37+00:00\",\"breadcrumb\":{\"@id\":\"https:\/\/freekids.pl\/fr\/politique-de-confidentialite\/#breadcrumb\"},\"inLanguage\":\"fr-FR\",\"potentialAction\":[{\"@type\":\"ReadAction\",\"target\":[\"https:\/\/freekids.pl\/fr\/politique-de-confidentialite\/\"]}]},{\"@type\":\"BreadcrumbList\",\"@id\":\"https:\/\/freekids.pl\/fr\/politique-de-confidentialite\/#breadcrumb\",\"itemListElement\":[{\"@type\":\"ListItem\",\"position\":1,\"name\":\"Strona g\u0142\u00f3wna\",\"item\":\"https:\/\/freekids.pl\/fr\/\"},{\"@type\":\"ListItem\",\"position\":2,\"name\":\"Politique de confidentialit\u00e9\"}]},{\"@type\":\"WebSite\",\"@id\":\"https:\/\/freekids.pl\/fr\/#website\",\"url\":\"https:\/\/freekids.pl\/fr\/\",\"name\":\"FreeKids Playgrounds | Sport | Urban Furniture\",\"description\":\"Dream it, do it !\",\"potentialAction\":[{\"@type\":\"SearchAction\",\"target\":{\"@type\":\"EntryPoint\",\"urlTemplate\":\"https:\/\/freekids.pl\/fr\/?s={search_term_string}\"},\"query-input\":{\"@type\":\"PropertyValueSpecification\",\"valueRequired\":true,\"valueName\":\"search_term_string\"}}],\"inLanguage\":\"fr-FR\"}]}<\/script>\n<!-- \/ Yoast SEO plugin. -->","yoast_head_json":{"title":"Politique de confidentialit\u00e9 - Freekids.pl","robots":{"index":"index","follow":"follow","max-snippet":"max-snippet:-1","max-image-preview":"max-image-preview:large","max-video-preview":"max-video-preview:-1"},"canonical":"https:\/\/freekids.pl\/fr\/politique-de-confidentialite\/","og_locale":"fr_FR","og_type":"article","og_title":"Politique de confidentialit\u00e9 - Freekids.pl","og_description":"La protection de la vie priv\u00e9e des utilisateurs est particuli\u00e8rement importante pour FREEKIDS S.C. ARTUR G\u0104SIOREK, ZBIGNIEW ANDRUSZEWSKI. C&rsquo;est pourquoi les utilisateurs du site www.freekids.pl sont assur\u00e9s de b\u00e9n\u00e9ficier de normes \u00e9lev\u00e9es en mati\u00e8re de protection de la vie priv\u00e9e. En tant qu&rsquo;administrateur de donn\u00e9es , FREEKIDS S.C. ARTUR G\u0104SIOREK, ZBIGNIEW ANDRUSZEWSKI se soucie de [&hellip;]","og_url":"https:\/\/freekids.pl\/fr\/politique-de-confidentialite\/","og_site_name":"FreeKids Playgrounds | Sport | Urban Furniture","article_modified_time":"2025-10-17T12:37:37+00:00","twitter_card":"summary_large_image","twitter_misc":{"Dur\u00e9e de lecture estim\u00e9e":"11 minutes"},"schema":{"@context":"https:\/\/schema.org","@graph":[{"@type":"WebPage","@id":"https:\/\/freekids.pl\/fr\/politique-de-confidentialite\/","url":"https:\/\/freekids.pl\/fr\/politique-de-confidentialite\/","name":"Politique de confidentialit\u00e9 - Freekids.pl","isPartOf":{"@id":"https:\/\/freekids.pl\/fr\/#website"},"datePublished":"2024-08-13T15:12:15+00:00","dateModified":"2025-10-17T12:37:37+00:00","breadcrumb":{"@id":"https:\/\/freekids.pl\/fr\/politique-de-confidentialite\/#breadcrumb"},"inLanguage":"fr-FR","potentialAction":[{"@type":"ReadAction","target":["https:\/\/freekids.pl\/fr\/politique-de-confidentialite\/"]}]},{"@type":"BreadcrumbList","@id":"https:\/\/freekids.pl\/fr\/politique-de-confidentialite\/#breadcrumb","itemListElement":[{"@type":"ListItem","position":1,"name":"Strona g\u0142\u00f3wna","item":"https:\/\/freekids.pl\/fr\/"},{"@type":"ListItem","position":2,"name":"Politique de confidentialit\u00e9"}]},{"@type":"WebSite","@id":"https:\/\/freekids.pl\/fr\/#website","url":"https:\/\/freekids.pl\/fr\/","name":"FreeKids Playgrounds | Sport | Urban Furniture","description":"Dream it, do it !","potentialAction":[{"@type":"SearchAction","target":{"@type":"EntryPoint","urlTemplate":"https:\/\/freekids.pl\/fr\/?s={search_term_string}"},"query-input":{"@type":"PropertyValueSpecification","valueRequired":true,"valueName":"search_term_string"}}],"inLanguage":"fr-FR"}]}},"_links":{"self":[{"href":"https:\/\/freekids.pl\/fr\/wp-json\/wp\/v2\/pages\/186232","targetHints":{"allow":["GET"]}}],"collection":[{"href":"https:\/\/freekids.pl\/fr\/wp-json\/wp\/v2\/pages"}],"about":[{"href":"https:\/\/freekids.pl\/fr\/wp-json\/wp\/v2\/types\/page"}],"author":[{"embeddable":true,"href":"https:\/\/freekids.pl\/fr\/wp-json\/wp\/v2\/users\/1"}],"replies":[{"embeddable":true,"href":"https:\/\/freekids.pl\/fr\/wp-json\/wp\/v2\/comments?post=186232"}],"version-history":[{"count":2,"href":"https:\/\/freekids.pl\/fr\/wp-json\/wp\/v2\/pages\/186232\/revisions"}],"predecessor-version":[{"id":199566,"href":"https:\/\/freekids.pl\/fr\/wp-json\/wp\/v2\/pages\/186232\/revisions\/199566"}],"wp:attachment":[{"href":"https:\/\/freekids.pl\/fr\/wp-json\/wp\/v2\/media?parent=186232"}],"curies":[{"name":"wp","href":"https:\/\/api.w.org\/{rel}","templated":true}]}}