{"id":186257,"date":"2025-04-01T11:35:51","date_gmt":"2025-04-01T09:35:51","guid":{"rendered":"https:\/\/freekids.pl\/programme-terrains-de-jeux-actifs-2025\/"},"modified":"2025-10-17T14:36:23","modified_gmt":"2025-10-17T12:36:23","slug":"programme-terrains-de-jeux-actifs-2025","status":"publish","type":"page","link":"https:\/\/freekids.pl\/fr\/programme-terrains-de-jeux-actifs-2025\/","title":{"rendered":"Programme \u00ab\u00a0Terrains de jeux actifs 2025"},"content":{"rendered":"<p><img loading=\"lazy\" decoding=\"async\" class=\"aligncenter wp-image-185746 size-full\" src=\"https:\/\/freekids.pl\/wp-content\/uploads\/2025\/03\/DJI_0033-scaled.jpg\" alt=\"\" width=\"2560\" height=\"1711\" srcset=\"https:\/\/freekids.pl\/wp-content\/uploads\/2025\/03\/DJI_0033-scaled.jpg 2560w, https:\/\/freekids.pl\/wp-content\/uploads\/2025\/03\/DJI_0033-300x201.jpg 300w, https:\/\/freekids.pl\/wp-content\/uploads\/2025\/03\/DJI_0033-1024x685.jpg 1024w, https:\/\/freekids.pl\/wp-content\/uploads\/2025\/03\/DJI_0033-768x513.jpg 768w, https:\/\/freekids.pl\/wp-content\/uploads\/2025\/03\/DJI_0033-1536x1027.jpg 1536w, https:\/\/freekids.pl\/wp-content\/uploads\/2025\/03\/DJI_0033-2048x1369.jpg 2048w, https:\/\/freekids.pl\/wp-content\/uploads\/2025\/03\/DJI_0033-800x535.jpg 800w, https:\/\/freekids.pl\/wp-content\/uploads\/2025\/03\/DJI_0033-64x43.jpg 64w\" sizes=\"auto, (max-width: 2560px) 100vw, 2560px\" \/><\/p>\n<p><span style=\"font-weight: 400;\">Le minist\u00e8re de la famille, du travail et de la politique sociale a annonc\u00e9 un appel \u00e0 candidatures pour un financement dans le cadre du programme Active Playgrounds 2025. Il s&rsquo;agit d&rsquo;une excellente occasion pour les institutions s&rsquo;occupant d&rsquo;enfants de moins de trois ans de moderniser ou d&rsquo;adapter les aires de jeux existantes. <\/span><\/p>\n<h2><span style=\"font-weight: 400;\">Informations cl\u00e9s sur le programme<\/span><\/h2>\n<p><span style=\"font-weight: 400;\">Le programme gouvernemental Active Playgrounds est une initiative qui vise \u00e0 aider les structures d&rsquo;accueil \u00e0 cr\u00e9er des espaces de jeu modernes, s\u00fbrs et stimulants pour les tout-petits. En voici les grandes lignes : <\/span><\/p>\n<ul>\n<li style=\"font-weight: 400;\" aria-level=\"1\"><span style=\"font-weight: 400;\">Budget du programme : Pas moins de 60 millions de PLN affect\u00e9s \u00e0 l&rsquo;am\u00e9nagement d&rsquo;aires de jeux dans tout le pays !<\/span><\/li>\n<li style=\"font-weight: 400;\" aria-level=\"1\"><span style=\"font-weight: 400;\">Montant maximum du financement : Chaque \u00e9tablissement peut recevoir jusqu&rsquo;\u00e0 300 000 livres sterling.<\/span><\/li>\n<li style=\"font-weight: 400;\" aria-level=\"1\"><span style=\"font-weight: 400;\">Date limite de d\u00e9p\u00f4t des candidatures : Les candidatures peuvent \u00eatre d\u00e9pos\u00e9es jusqu&rsquo;au 4 f\u00e9vrier 2025.<\/span><\/li>\n<\/ul>\n<p><span style=\"font-weight: 400;\">C&rsquo;est l&rsquo;occasion id\u00e9ale de cr\u00e9er des espaces qui ne sont pas seulement s\u00fbrs et fonctionnels, mais qui inspirent \u00e9galement le jeu cr\u00e9atif et le d\u00e9veloppement des enfants.<\/span><\/p>\n<h3><span style=\"font-weight: 400;\">Comment FreeKids peut-il vous aider ?<\/span><\/h3>\n<p><span style=\"font-weight: 400;\">En tant que fabricant exp\u00e9riment\u00e9 d&rsquo;aires de jeux, nous comprenons parfaitement les besoins des \u00e9tablissements de soins et d&rsquo;enseignement. Depuis des ann\u00e9es, nous soutenons les institutions avec des projets qui non seulement r\u00e9pondent aux normes les plus \u00e9lev\u00e9es, mais qui contribuent \u00e9galement au d\u00e9veloppement harmonieux des enfants. <\/span><\/p>\n<p><span style=\"font-weight: 400;\">Dans le cadre du programme Active Playgrounds, nous offrons un soutien complet :<\/span><\/p>\n<h3><span style=\"font-weight: 400;\">\u2705 Assistance \u00e0 la pr\u00e9paration de la documentation<\/span><\/h3>\n<p><span style=\"font-weight: 400;\">Notre \u00e9quipe d&rsquo;experts vous conseillera sur la mani\u00e8re de pr\u00e9parer correctement votre demande afin d&rsquo;augmenter vos chances d&rsquo;obtenir un financement.<\/span><\/p>\n<h3><span style=\"font-weight: 400;\">\u2705 Conception d&rsquo;aires de jeux conform\u00e9ment aux lignes directrices<\/span><\/h3>\n<p><span style=\"font-weight: 400;\">Nous cr\u00e9ons des espaces de jeu modernes et s\u00fbrs, adapt\u00e9s \u00e0 l&rsquo;\u00e2ge et aux besoins des enfants et conformes \u00e0 toutes les normes.<\/span><\/p>\n<h3><span style=\"font-weight: 400;\">\u2705 R\u00e9aliser des projets au plus haut niveau<\/span><\/h3>\n<p><span style=\"font-weight: 400;\">Nous participons \u00e0 la construction compl\u00e8te des aires de jeux &#8211; de la livraison \u00e0 l&rsquo;installation et \u00e0 la r\u00e9ception technique finale.<\/span><\/p>\n<h3><span style=\"font-weight: 400;\">Ne manquez pas cette occasion unique !<\/span><\/h3>\n<p><span style=\"font-weight: 400;\">Il est temps d&rsquo;agir ! L&rsquo;appel \u00e0 candidatures est ouvert jusqu&rsquo;au 4 f\u00e9vrier 2025. Ne laissez pas votre \u00e9tablissement passer \u00e0 c\u00f4t\u00e9 de la chance d&rsquo;avoir une aire de jeux moderne et s\u00fbre !<\/span><\/p>\n<p><span style=\"font-weight: 400;\">Si vous souhaitez en savoir plus sur la mani\u00e8re dont nous pouvons vous aider dans votre projet, n&rsquo;h\u00e9sitez pas \u00e0 nous contacter :<\/span><\/p>\n<p><span style=\"font-weight: 400;\">\ud83d\udcde Appelez-nous ou envoyez-nous un courriel pour obtenir des d\u00e9tails et de l&rsquo;aide pour la demande de financement.<\/span><\/p>\n<p><span style=\"font-weight: 400;\">Ensemble, nous pouvons cr\u00e9er un espace qui ravira les enfants et leurs parents ! \ud83c\udfa0\ud83c\udf33 <\/span><\/p>\n<div class=\"pdf-catalog-download\"><a href=\"https:\/\/freekids.pl\/wp-content\/uploads\/2025\/04\/Poradnik-Aktywne-place-zabaw-2025.pdf\" download=\"\"><img loading=\"lazy\" decoding=\"async\" class=\"aligncenter wp-image-186984 size-full\" src=\"https:\/\/freekids.pl\/wp-content\/uploads\/2025\/04\/aktywne-place-zabaw-poradnik.png\" alt=\"\" width=\"940\" height=\"788\"><\/a><\/div>\n","protected":false},"excerpt":{"rendered":"<p>Le minist\u00e8re de la famille, du travail et de la politique sociale a annonc\u00e9 un appel \u00e0 candidatures pour un financement dans le cadre du programme Active Playgrounds 2025. Il s&rsquo;agit d&rsquo;une excellente occasion pour les institutions s&rsquo;occupant d&rsquo;enfants de moins de trois ans de moderniser ou d&rsquo;adapter les aires de jeux existantes. Informations cl\u00e9s [&hellip;]<\/p>\n","protected":false},"author":7,"featured_media":0,"parent":0,"menu_order":0,"comment_status":"closed","ping_status":"closed","template":"","meta":{"_acf_changed":false,"ep_exclude_from_search":false,"footnotes":""},"class_list":["post-186257","page","type-page","status-publish","hentry"],"acf":[],"yoast_head":"<!-- This site is optimized with the Yoast SEO plugin v27.4 - https:\/\/yoast.com\/product\/yoast-seo-wordpress\/ -->\n<title>Programme &quot;Terrains de jeux actifs 2025 - Freekids.pl<\/title>\n<meta name=\"robots\" content=\"index, follow, max-snippet:-1, max-image-preview:large, max-video-preview:-1\" \/>\n<link rel=\"canonical\" href=\"https:\/\/freekids.pl\/fr\/programme-terrains-de-jeux-actifs-2025\/\" \/>\n<meta property=\"og:locale\" content=\"fr_FR\" \/>\n<meta property=\"og:type\" content=\"article\" \/>\n<meta property=\"og:title\" content=\"Programme &quot;Terrains de jeux actifs 2025 - Freekids.pl\" \/>\n<meta property=\"og:description\" content=\"Le minist\u00e8re de la famille, du travail et de la politique sociale a annonc\u00e9 un appel \u00e0 candidatures pour un financement dans le cadre du programme Active Playgrounds 2025. Il s&rsquo;agit d&rsquo;une excellente occasion pour les institutions s&rsquo;occupant d&rsquo;enfants de moins de trois ans de moderniser ou d&rsquo;adapter les aires de jeux existantes. Informations cl\u00e9s [&hellip;]\" \/>\n<meta property=\"og:url\" content=\"https:\/\/freekids.pl\/fr\/programme-terrains-de-jeux-actifs-2025\/\" \/>\n<meta property=\"og:site_name\" content=\"FreeKids Playgrounds | Sport | Urban Furniture\" \/>\n<meta property=\"article:modified_time\" content=\"2025-10-17T12:36:23+00:00\" \/>\n<meta property=\"og:image\" content=\"https:\/\/freekids.pl\/wp-content\/uploads\/2025\/03\/DJI_0033-scaled.jpg\" \/>\n<meta name=\"twitter:card\" content=\"summary_large_image\" \/>\n<meta name=\"twitter:label1\" content=\"Dur\u00e9e de lecture estim\u00e9e\" \/>\n\t<meta name=\"twitter:data1\" content=\"2 minutes\" \/>\n<script type=\"application\/ld+json\" class=\"yoast-schema-graph\">{\"@context\":\"https:\\\/\\\/schema.org\",\"@graph\":[{\"@type\":\"WebPage\",\"@id\":\"https:\\\/\\\/freekids.pl\\\/fr\\\/programme-terrains-de-jeux-actifs-2025\\\/\",\"url\":\"https:\\\/\\\/freekids.pl\\\/fr\\\/programme-terrains-de-jeux-actifs-2025\\\/\",\"name\":\"Programme \\\"Terrains de jeux actifs 2025 - Freekids.pl\",\"isPartOf\":{\"@id\":\"https:\\\/\\\/freekids.pl\\\/fr\\\/#website\"},\"primaryImageOfPage\":{\"@id\":\"https:\\\/\\\/freekids.pl\\\/fr\\\/programme-terrains-de-jeux-actifs-2025\\\/#primaryimage\"},\"image\":{\"@id\":\"https:\\\/\\\/freekids.pl\\\/fr\\\/programme-terrains-de-jeux-actifs-2025\\\/#primaryimage\"},\"thumbnailUrl\":\"https:\\\/\\\/freekids.pl\\\/wp-content\\\/uploads\\\/2025\\\/03\\\/DJI_0033-scaled.jpg\",\"datePublished\":\"2025-04-01T09:35:51+00:00\",\"dateModified\":\"2025-10-17T12:36:23+00:00\",\"breadcrumb\":{\"@id\":\"https:\\\/\\\/freekids.pl\\\/fr\\\/programme-terrains-de-jeux-actifs-2025\\\/#breadcrumb\"},\"inLanguage\":\"fr-FR\",\"potentialAction\":[{\"@type\":\"ReadAction\",\"target\":[\"https:\\\/\\\/freekids.pl\\\/fr\\\/programme-terrains-de-jeux-actifs-2025\\\/\"]}]},{\"@type\":\"ImageObject\",\"inLanguage\":\"fr-FR\",\"@id\":\"https:\\\/\\\/freekids.pl\\\/fr\\\/programme-terrains-de-jeux-actifs-2025\\\/#primaryimage\",\"url\":\"https:\\\/\\\/freekids.pl\\\/wp-content\\\/uploads\\\/2025\\\/03\\\/DJI_0033-scaled.jpg\",\"contentUrl\":\"https:\\\/\\\/freekids.pl\\\/wp-content\\\/uploads\\\/2025\\\/03\\\/DJI_0033-scaled.jpg\"},{\"@type\":\"BreadcrumbList\",\"@id\":\"https:\\\/\\\/freekids.pl\\\/fr\\\/programme-terrains-de-jeux-actifs-2025\\\/#breadcrumb\",\"itemListElement\":[{\"@type\":\"ListItem\",\"position\":1,\"name\":\"Strona g\u0142\u00f3wna\",\"item\":\"https:\\\/\\\/freekids.pl\\\/fr\\\/\"},{\"@type\":\"ListItem\",\"position\":2,\"name\":\"Programme &#8222;Terrains de jeux actifs 2025\"}]},{\"@type\":\"WebSite\",\"@id\":\"https:\\\/\\\/freekids.pl\\\/fr\\\/#website\",\"url\":\"https:\\\/\\\/freekids.pl\\\/fr\\\/\",\"name\":\"FreeKids Playgrounds | Sport | Urban Furniture\",\"description\":\"Dream it, do it !\",\"potentialAction\":[{\"@type\":\"SearchAction\",\"target\":{\"@type\":\"EntryPoint\",\"urlTemplate\":\"https:\\\/\\\/freekids.pl\\\/fr\\\/?s={search_term_string}\"},\"query-input\":{\"@type\":\"PropertyValueSpecification\",\"valueRequired\":true,\"valueName\":\"search_term_string\"}}],\"inLanguage\":\"fr-FR\"}]}<\/script>\n<!-- \/ Yoast SEO plugin. -->","yoast_head_json":{"title":"Programme \"Terrains de jeux actifs 2025 - Freekids.pl","robots":{"index":"index","follow":"follow","max-snippet":"max-snippet:-1","max-image-preview":"max-image-preview:large","max-video-preview":"max-video-preview:-1"},"canonical":"https:\/\/freekids.pl\/fr\/programme-terrains-de-jeux-actifs-2025\/","og_locale":"fr_FR","og_type":"article","og_title":"Programme \"Terrains de jeux actifs 2025 - Freekids.pl","og_description":"Le minist\u00e8re de la famille, du travail et de la politique sociale a annonc\u00e9 un appel \u00e0 candidatures pour un financement dans le cadre du programme Active Playgrounds 2025. Il s&rsquo;agit d&rsquo;une excellente occasion pour les institutions s&rsquo;occupant d&rsquo;enfants de moins de trois ans de moderniser ou d&rsquo;adapter les aires de jeux existantes. Informations cl\u00e9s [&hellip;]","og_url":"https:\/\/freekids.pl\/fr\/programme-terrains-de-jeux-actifs-2025\/","og_site_name":"FreeKids Playgrounds | Sport | Urban Furniture","article_modified_time":"2025-10-17T12:36:23+00:00","og_image":[{"url":"https:\/\/freekids.pl\/wp-content\/uploads\/2025\/03\/DJI_0033-scaled.jpg","type":"","width":"","height":""}],"twitter_card":"summary_large_image","twitter_misc":{"Dur\u00e9e de lecture estim\u00e9e":"2 minutes"},"schema":{"@context":"https:\/\/schema.org","@graph":[{"@type":"WebPage","@id":"https:\/\/freekids.pl\/fr\/programme-terrains-de-jeux-actifs-2025\/","url":"https:\/\/freekids.pl\/fr\/programme-terrains-de-jeux-actifs-2025\/","name":"Programme \"Terrains de jeux actifs 2025 - Freekids.pl","isPartOf":{"@id":"https:\/\/freekids.pl\/fr\/#website"},"primaryImageOfPage":{"@id":"https:\/\/freekids.pl\/fr\/programme-terrains-de-jeux-actifs-2025\/#primaryimage"},"image":{"@id":"https:\/\/freekids.pl\/fr\/programme-terrains-de-jeux-actifs-2025\/#primaryimage"},"thumbnailUrl":"https:\/\/freekids.pl\/wp-content\/uploads\/2025\/03\/DJI_0033-scaled.jpg","datePublished":"2025-04-01T09:35:51+00:00","dateModified":"2025-10-17T12:36:23+00:00","breadcrumb":{"@id":"https:\/\/freekids.pl\/fr\/programme-terrains-de-jeux-actifs-2025\/#breadcrumb"},"inLanguage":"fr-FR","potentialAction":[{"@type":"ReadAction","target":["https:\/\/freekids.pl\/fr\/programme-terrains-de-jeux-actifs-2025\/"]}]},{"@type":"ImageObject","inLanguage":"fr-FR","@id":"https:\/\/freekids.pl\/fr\/programme-terrains-de-jeux-actifs-2025\/#primaryimage","url":"https:\/\/freekids.pl\/wp-content\/uploads\/2025\/03\/DJI_0033-scaled.jpg","contentUrl":"https:\/\/freekids.pl\/wp-content\/uploads\/2025\/03\/DJI_0033-scaled.jpg"},{"@type":"BreadcrumbList","@id":"https:\/\/freekids.pl\/fr\/programme-terrains-de-jeux-actifs-2025\/#breadcrumb","itemListElement":[{"@type":"ListItem","position":1,"name":"Strona g\u0142\u00f3wna","item":"https:\/\/freekids.pl\/fr\/"},{"@type":"ListItem","position":2,"name":"Programme &#8222;Terrains de jeux actifs 2025"}]},{"@type":"WebSite","@id":"https:\/\/freekids.pl\/fr\/#website","url":"https:\/\/freekids.pl\/fr\/","name":"FreeKids Playgrounds | Sport | Urban Furniture","description":"Dream it, do it !","potentialAction":[{"@type":"SearchAction","target":{"@type":"EntryPoint","urlTemplate":"https:\/\/freekids.pl\/fr\/?s={search_term_string}"},"query-input":{"@type":"PropertyValueSpecification","valueRequired":true,"valueName":"search_term_string"}}],"inLanguage":"fr-FR"}]}},"_links":{"self":[{"href":"https:\/\/freekids.pl\/fr\/wp-json\/wp\/v2\/pages\/186257","targetHints":{"allow":["GET"]}}],"collection":[{"href":"https:\/\/freekids.pl\/fr\/wp-json\/wp\/v2\/pages"}],"about":[{"href":"https:\/\/freekids.pl\/fr\/wp-json\/wp\/v2\/types\/page"}],"author":[{"embeddable":true,"href":"https:\/\/freekids.pl\/fr\/wp-json\/wp\/v2\/users\/7"}],"replies":[{"embeddable":true,"href":"https:\/\/freekids.pl\/fr\/wp-json\/wp\/v2\/comments?post=186257"}],"version-history":[{"count":5,"href":"https:\/\/freekids.pl\/fr\/wp-json\/wp\/v2\/pages\/186257\/revisions"}],"predecessor-version":[{"id":187009,"href":"https:\/\/freekids.pl\/fr\/wp-json\/wp\/v2\/pages\/186257\/revisions\/187009"}],"wp:attachment":[{"href":"https:\/\/freekids.pl\/fr\/wp-json\/wp\/v2\/media?parent=186257"}],"curies":[{"name":"wp","href":"https:\/\/api.w.org\/{rel}","templated":true}]}}