{"id":186268,"date":"2025-04-01T12:36:13","date_gmt":"2025-04-01T10:36:13","guid":{"rendered":"https:\/\/freekids.pl\/programme-de-promotion-du-sport-pour-les-personnes-handicapees\/"},"modified":"2025-10-17T14:34:49","modified_gmt":"2025-10-17T12:34:49","slug":"programme-de-promotion-du-sport-pour-les-personnes-handicapees","status":"publish","type":"page","link":"https:\/\/freekids.pl\/fr\/programme-de-promotion-du-sport-pour-les-personnes-handicapees\/","title":{"rendered":"Programme de promotion du sport pour les personnes handicap\u00e9es"},"content":{"rendered":"<p><img loading=\"lazy\" decoding=\"async\" class=\"aligncenter wp-image-182337 size-full\" src=\"https:\/\/freekids.pl\/wp-content\/uploads\/2025\/01\/wdsci02_sciezka_sensoryczna_-_wiz.4.jpg-scaled.jpg\" alt=\"\" width=\"2560\" height=\"1945\" srcset=\"https:\/\/freekids.pl\/wp-content\/uploads\/2025\/01\/wdsci02_sciezka_sensoryczna_-_wiz.4.jpg-scaled.jpg 2560w, https:\/\/freekids.pl\/wp-content\/uploads\/2025\/01\/wdsci02_sciezka_sensoryczna_-_wiz.4.jpg-300x228.jpg 300w, https:\/\/freekids.pl\/wp-content\/uploads\/2025\/01\/wdsci02_sciezka_sensoryczna_-_wiz.4.jpg-scaled-800x608.jpg 800w, https:\/\/freekids.pl\/wp-content\/uploads\/2025\/01\/wdsci02_sciezka_sensoryczna_-_wiz.4.jpg-scaled-64x49.jpg 64w, https:\/\/freekids.pl\/wp-content\/uploads\/2025\/01\/wdsci02_sciezka_sensoryczna_-_wiz.4.jpg-1024x778.jpg 1024w, https:\/\/freekids.pl\/wp-content\/uploads\/2025\/01\/wdsci02_sciezka_sensoryczna_-_wiz.4.jpg-768x584.jpg 768w, https:\/\/freekids.pl\/wp-content\/uploads\/2025\/01\/wdsci02_sciezka_sensoryczna_-_wiz.4.jpg-1536x1167.jpg 1536w, https:\/\/freekids.pl\/wp-content\/uploads\/2025\/01\/wdsci02_sciezka_sensoryczna_-_wiz.4.jpg-2048x1556.jpg 2048w\" sizes=\"auto, (max-width: 2560px) 100vw, 2560px\" \/><\/p>\n<h2>FreeKids &#8211; Votre soutien au programme de promotion du sport pour les personnes handicap\u00e9es<\/h2>\n<p><span style=\"font-weight: 400;\">Le programme de promotion du sport pour les personnes handicap\u00e9es, dot\u00e9 d&rsquo;un budget de 35 000 000 PLN, est un outil cl\u00e9 pour soutenir l&rsquo;inclusion sportive. Destin\u00e9 aux ONG, aux clubs sportifs et aux autorit\u00e9s locales, le programme offre un financement pour l&rsquo;achat d&rsquo;\u00e9quipements sp\u00e9cialis\u00e9s, l&rsquo;organisation d&rsquo;\u00e9v\u00e9nements sportifs et l&rsquo;adaptation d&rsquo;infrastructures, telles que des rampes, des vestiaires ou des toilettes, aux besoins des personnes handicap\u00e9es. <\/span><\/p>\n<h3>Comment pouvons-nous contribuer \u00e0 la mise en \u0153uvre du programme ?<\/h3>\n<p><span style=\"font-weight: 400;\">\u2714\ufe0f <\/span><b>Achat d&rsquo;\u00e9quipements adapt\u00e9s \u00e0 diff\u00e9rents handicaps<\/b><span style=\"font-weight: 400;\"> &#8211; Nous proposons une large gamme d&rsquo;\u00e9quipements sportifs qui r\u00e9pondent aux besoins des personnes souffrant de diff\u00e9rents handicaps, garantissant ainsi l&rsquo;acc\u00e8s \u00e0 l&rsquo;activit\u00e9 physique pour tous.<\/span><\/p>\n<p><span style=\"font-weight: 400;\">\u2714\ufe0f <\/span><b>Adaptation des infrastructures<\/b><span style=\"font-weight: 400;\"> &#8211; Nous aidons \u00e0 l&rsquo;adaptation des infrastructures existantes, y compris l&rsquo;installation de rampes, l&rsquo;adaptation des vestiaires et des toilettes pour les rendre enti\u00e8rement accessibles et confortables pour les personnes handicap\u00e9es.<\/span><\/p>\n<p><span style=\"font-weight: 400;\">\u2714\ufe0f <\/span><b>Organisation d&rsquo;\u00e9v\u00e9nements sportifs et de camps<\/b><span style=\"font-weight: 400;\"> &#8211; Nous soutenons l&rsquo;organisation d&rsquo;\u00e9v\u00e9nements sportifs et de camps qui promeuvent l&rsquo;activit\u00e9 physique chez les personnes handicap\u00e9es, en cr\u00e9ant un espace d&rsquo;int\u00e9gration et de comp\u00e9tition sportive.<\/span><\/p>\n<p><span style=\"font-weight: 400;\">\u2714\ufe0f <\/span><b>Seuil bas pour la contribution propre<\/b><span style=\"font-weight: 400;\"> &#8211; Le programme propose un seuil bas de contribution propre de seulement 5 %, qui peut \u00eatre couvert par le travail de b\u00e9n\u00e9voles ou la mise \u00e0 disposition d&rsquo;infrastructures.<\/span><\/p>\n<h3>Pourquoi FreeKids ?<\/h3>\n<p><span style=\"font-weight: 400;\">Avec plus de 15 ans d&rsquo;exp\u00e9rience dans la mise en \u0153uvre de projets sportifs en Pologne, <\/span><b>FreeKids<\/b><span style=\"font-weight: 400;\">  est un expert dans la cr\u00e9ation d&rsquo;espaces sportifs accessibles et inclusifs. Nos solutions sont con\u00e7ues pour r\u00e9pondre aux besoins des personnes souffrant de divers handicaps, tout en garantissant la s\u00e9curit\u00e9 et le confort. Avec des artisans sp\u00e9cialis\u00e9s dans chaque province, nous fournissons un soutien complet pour les demandes de financement et la mise en \u0153uvre du projet. Contactez-nous pour savoir comment nous pouvons aider votre projet dans le cadre du programme !   <\/span><\/p>\n","protected":false},"excerpt":{"rendered":"<p>FreeKids &#8211; Votre soutien au programme de promotion du sport pour les personnes handicap\u00e9es Le programme de promotion du sport pour les personnes handicap\u00e9es, dot\u00e9 d&rsquo;un budget de 35 000 000 PLN, est un outil cl\u00e9 pour soutenir l&rsquo;inclusion sportive. Destin\u00e9 aux ONG, aux clubs sportifs et aux autorit\u00e9s locales, le programme offre un financement [&hellip;]<\/p>\n","protected":false},"author":7,"featured_media":0,"parent":0,"menu_order":0,"comment_status":"closed","ping_status":"closed","template":"","meta":{"_acf_changed":false,"ep_exclude_from_search":false,"footnotes":""},"class_list":["post-186268","page","type-page","status-publish","hentry"],"acf":[],"yoast_head":"<!-- This site is optimized with the Yoast SEO plugin v27.4 - https:\/\/yoast.com\/product\/yoast-seo-wordpress\/ -->\n<title>Programme de promotion du sport pour les personnes handicap\u00e9es - Freekids.pl<\/title>\n<meta name=\"robots\" content=\"index, follow, max-snippet:-1, max-image-preview:large, max-video-preview:-1\" \/>\n<link rel=\"canonical\" href=\"https:\/\/freekids.pl\/fr\/programme-de-promotion-du-sport-pour-les-personnes-handicapees\/\" \/>\n<meta property=\"og:locale\" content=\"fr_FR\" \/>\n<meta property=\"og:type\" content=\"article\" \/>\n<meta property=\"og:title\" content=\"Programme de promotion du sport pour les personnes handicap\u00e9es - Freekids.pl\" \/>\n<meta property=\"og:description\" content=\"FreeKids &#8211; Votre soutien au programme de promotion du sport pour les personnes handicap\u00e9es Le programme de promotion du sport pour les personnes handicap\u00e9es, dot\u00e9 d&rsquo;un budget de 35 000 000 PLN, est un outil cl\u00e9 pour soutenir l&rsquo;inclusion sportive. Destin\u00e9 aux ONG, aux clubs sportifs et aux autorit\u00e9s locales, le programme offre un financement [&hellip;]\" \/>\n<meta property=\"og:url\" content=\"https:\/\/freekids.pl\/fr\/programme-de-promotion-du-sport-pour-les-personnes-handicapees\/\" \/>\n<meta property=\"og:site_name\" content=\"FreeKids Playgrounds | Sport | Urban Furniture\" \/>\n<meta property=\"article:modified_time\" content=\"2025-10-17T12:34:49+00:00\" \/>\n<meta property=\"og:image\" content=\"https:\/\/freekids.pl\/wp-content\/uploads\/2025\/01\/wdsci02_sciezka_sensoryczna_-_wiz.4.jpg-scaled.jpg\" \/>\n<meta name=\"twitter:card\" content=\"summary_large_image\" \/>\n<meta name=\"twitter:label1\" content=\"Dur\u00e9e de lecture estim\u00e9e\" \/>\n\t<meta name=\"twitter:data1\" content=\"2 minutes\" \/>\n<script type=\"application\/ld+json\" class=\"yoast-schema-graph\">{\"@context\":\"https:\\\/\\\/schema.org\",\"@graph\":[{\"@type\":\"WebPage\",\"@id\":\"https:\\\/\\\/freekids.pl\\\/fr\\\/programme-de-promotion-du-sport-pour-les-personnes-handicapees\\\/\",\"url\":\"https:\\\/\\\/freekids.pl\\\/fr\\\/programme-de-promotion-du-sport-pour-les-personnes-handicapees\\\/\",\"name\":\"Programme de promotion du sport pour les personnes handicap\u00e9es - Freekids.pl\",\"isPartOf\":{\"@id\":\"https:\\\/\\\/freekids.pl\\\/fr\\\/#website\"},\"primaryImageOfPage\":{\"@id\":\"https:\\\/\\\/freekids.pl\\\/fr\\\/programme-de-promotion-du-sport-pour-les-personnes-handicapees\\\/#primaryimage\"},\"image\":{\"@id\":\"https:\\\/\\\/freekids.pl\\\/fr\\\/programme-de-promotion-du-sport-pour-les-personnes-handicapees\\\/#primaryimage\"},\"thumbnailUrl\":\"https:\\\/\\\/freekids.pl\\\/wp-content\\\/uploads\\\/2025\\\/01\\\/wdsci02_sciezka_sensoryczna_-_wiz.4.jpg-scaled.jpg\",\"datePublished\":\"2025-04-01T10:36:13+00:00\",\"dateModified\":\"2025-10-17T12:34:49+00:00\",\"breadcrumb\":{\"@id\":\"https:\\\/\\\/freekids.pl\\\/fr\\\/programme-de-promotion-du-sport-pour-les-personnes-handicapees\\\/#breadcrumb\"},\"inLanguage\":\"fr-FR\",\"potentialAction\":[{\"@type\":\"ReadAction\",\"target\":[\"https:\\\/\\\/freekids.pl\\\/fr\\\/programme-de-promotion-du-sport-pour-les-personnes-handicapees\\\/\"]}]},{\"@type\":\"ImageObject\",\"inLanguage\":\"fr-FR\",\"@id\":\"https:\\\/\\\/freekids.pl\\\/fr\\\/programme-de-promotion-du-sport-pour-les-personnes-handicapees\\\/#primaryimage\",\"url\":\"https:\\\/\\\/freekids.pl\\\/wp-content\\\/uploads\\\/2025\\\/01\\\/wdsci02_sciezka_sensoryczna_-_wiz.4.jpg-scaled.jpg\",\"contentUrl\":\"https:\\\/\\\/freekids.pl\\\/wp-content\\\/uploads\\\/2025\\\/01\\\/wdsci02_sciezka_sensoryczna_-_wiz.4.jpg-scaled.jpg\"},{\"@type\":\"BreadcrumbList\",\"@id\":\"https:\\\/\\\/freekids.pl\\\/fr\\\/programme-de-promotion-du-sport-pour-les-personnes-handicapees\\\/#breadcrumb\",\"itemListElement\":[{\"@type\":\"ListItem\",\"position\":1,\"name\":\"Strona g\u0142\u00f3wna\",\"item\":\"https:\\\/\\\/freekids.pl\\\/fr\\\/\"},{\"@type\":\"ListItem\",\"position\":2,\"name\":\"Programme de promotion du sport pour les personnes handicap\u00e9es\"}]},{\"@type\":\"WebSite\",\"@id\":\"https:\\\/\\\/freekids.pl\\\/fr\\\/#website\",\"url\":\"https:\\\/\\\/freekids.pl\\\/fr\\\/\",\"name\":\"FreeKids Playgrounds | Sport | Urban Furniture\",\"description\":\"Dream it, do it !\",\"potentialAction\":[{\"@type\":\"SearchAction\",\"target\":{\"@type\":\"EntryPoint\",\"urlTemplate\":\"https:\\\/\\\/freekids.pl\\\/fr\\\/?s={search_term_string}\"},\"query-input\":{\"@type\":\"PropertyValueSpecification\",\"valueRequired\":true,\"valueName\":\"search_term_string\"}}],\"inLanguage\":\"fr-FR\"}]}<\/script>\n<!-- \/ Yoast SEO plugin. -->","yoast_head_json":{"title":"Programme de promotion du sport pour les personnes handicap\u00e9es - Freekids.pl","robots":{"index":"index","follow":"follow","max-snippet":"max-snippet:-1","max-image-preview":"max-image-preview:large","max-video-preview":"max-video-preview:-1"},"canonical":"https:\/\/freekids.pl\/fr\/programme-de-promotion-du-sport-pour-les-personnes-handicapees\/","og_locale":"fr_FR","og_type":"article","og_title":"Programme de promotion du sport pour les personnes handicap\u00e9es - Freekids.pl","og_description":"FreeKids &#8211; Votre soutien au programme de promotion du sport pour les personnes handicap\u00e9es Le programme de promotion du sport pour les personnes handicap\u00e9es, dot\u00e9 d&rsquo;un budget de 35 000 000 PLN, est un outil cl\u00e9 pour soutenir l&rsquo;inclusion sportive. Destin\u00e9 aux ONG, aux clubs sportifs et aux autorit\u00e9s locales, le programme offre un financement [&hellip;]","og_url":"https:\/\/freekids.pl\/fr\/programme-de-promotion-du-sport-pour-les-personnes-handicapees\/","og_site_name":"FreeKids Playgrounds | Sport | Urban Furniture","article_modified_time":"2025-10-17T12:34:49+00:00","og_image":[{"url":"https:\/\/freekids.pl\/wp-content\/uploads\/2025\/01\/wdsci02_sciezka_sensoryczna_-_wiz.4.jpg-scaled.jpg","type":"","width":"","height":""}],"twitter_card":"summary_large_image","twitter_misc":{"Dur\u00e9e de lecture estim\u00e9e":"2 minutes"},"schema":{"@context":"https:\/\/schema.org","@graph":[{"@type":"WebPage","@id":"https:\/\/freekids.pl\/fr\/programme-de-promotion-du-sport-pour-les-personnes-handicapees\/","url":"https:\/\/freekids.pl\/fr\/programme-de-promotion-du-sport-pour-les-personnes-handicapees\/","name":"Programme de promotion du sport pour les personnes handicap\u00e9es - Freekids.pl","isPartOf":{"@id":"https:\/\/freekids.pl\/fr\/#website"},"primaryImageOfPage":{"@id":"https:\/\/freekids.pl\/fr\/programme-de-promotion-du-sport-pour-les-personnes-handicapees\/#primaryimage"},"image":{"@id":"https:\/\/freekids.pl\/fr\/programme-de-promotion-du-sport-pour-les-personnes-handicapees\/#primaryimage"},"thumbnailUrl":"https:\/\/freekids.pl\/wp-content\/uploads\/2025\/01\/wdsci02_sciezka_sensoryczna_-_wiz.4.jpg-scaled.jpg","datePublished":"2025-04-01T10:36:13+00:00","dateModified":"2025-10-17T12:34:49+00:00","breadcrumb":{"@id":"https:\/\/freekids.pl\/fr\/programme-de-promotion-du-sport-pour-les-personnes-handicapees\/#breadcrumb"},"inLanguage":"fr-FR","potentialAction":[{"@type":"ReadAction","target":["https:\/\/freekids.pl\/fr\/programme-de-promotion-du-sport-pour-les-personnes-handicapees\/"]}]},{"@type":"ImageObject","inLanguage":"fr-FR","@id":"https:\/\/freekids.pl\/fr\/programme-de-promotion-du-sport-pour-les-personnes-handicapees\/#primaryimage","url":"https:\/\/freekids.pl\/wp-content\/uploads\/2025\/01\/wdsci02_sciezka_sensoryczna_-_wiz.4.jpg-scaled.jpg","contentUrl":"https:\/\/freekids.pl\/wp-content\/uploads\/2025\/01\/wdsci02_sciezka_sensoryczna_-_wiz.4.jpg-scaled.jpg"},{"@type":"BreadcrumbList","@id":"https:\/\/freekids.pl\/fr\/programme-de-promotion-du-sport-pour-les-personnes-handicapees\/#breadcrumb","itemListElement":[{"@type":"ListItem","position":1,"name":"Strona g\u0142\u00f3wna","item":"https:\/\/freekids.pl\/fr\/"},{"@type":"ListItem","position":2,"name":"Programme de promotion du sport pour les personnes handicap\u00e9es"}]},{"@type":"WebSite","@id":"https:\/\/freekids.pl\/fr\/#website","url":"https:\/\/freekids.pl\/fr\/","name":"FreeKids Playgrounds | Sport | Urban Furniture","description":"Dream it, do it !","potentialAction":[{"@type":"SearchAction","target":{"@type":"EntryPoint","urlTemplate":"https:\/\/freekids.pl\/fr\/?s={search_term_string}"},"query-input":{"@type":"PropertyValueSpecification","valueRequired":true,"valueName":"search_term_string"}}],"inLanguage":"fr-FR"}]}},"_links":{"self":[{"href":"https:\/\/freekids.pl\/fr\/wp-json\/wp\/v2\/pages\/186268","targetHints":{"allow":["GET"]}}],"collection":[{"href":"https:\/\/freekids.pl\/fr\/wp-json\/wp\/v2\/pages"}],"about":[{"href":"https:\/\/freekids.pl\/fr\/wp-json\/wp\/v2\/types\/page"}],"author":[{"embeddable":true,"href":"https:\/\/freekids.pl\/fr\/wp-json\/wp\/v2\/users\/7"}],"replies":[{"embeddable":true,"href":"https:\/\/freekids.pl\/fr\/wp-json\/wp\/v2\/comments?post=186268"}],"version-history":[{"count":1,"href":"https:\/\/freekids.pl\/fr\/wp-json\/wp\/v2\/pages\/186268\/revisions"}],"predecessor-version":[{"id":199546,"href":"https:\/\/freekids.pl\/fr\/wp-json\/wp\/v2\/pages\/186268\/revisions\/199546"}],"wp:attachment":[{"href":"https:\/\/freekids.pl\/fr\/wp-json\/wp\/v2\/media?parent=186268"}],"curies":[{"name":"wp","href":"https:\/\/api.w.org\/{rel}","templated":true}]}}