{"id":186273,"date":"2025-04-01T11:16:47","date_gmt":"2025-04-01T09:16:47","guid":{"rendered":"https:\/\/freekids.pl\/financement\/"},"modified":"2025-10-17T14:37:02","modified_gmt":"2025-10-17T12:37:02","slug":"financement","status":"publish","type":"page","link":"https:\/\/freekids.pl\/fr\/financement\/","title":{"rendered":"Financement"},"content":{"rendered":"<div style=\"height:40px\" aria-hidden=\"true\" class=\"wp-block-spacer\"><\/div><h2 class=\"wp-block-heading has-inter-font-family\"><strong>Programmes<\/strong><\/h2><div style=\"height:40px\" aria-hidden=\"true\" class=\"wp-block-spacer\"><\/div><div class=\"row fk-home-series-list programs-list d-none d-lg-flex\">\n  <div class=\"fk-series-col col-12 col-lg-4\">\n    <div class=\"fk-series-col-box series-color-green-darker t-center\">\n      <span>Programme<\/span>\n      <p class=\"program-name\">Aires de jeux actives<\/p>\n      <div class=\"fk-series-short-text\">\n        <p>2025<\/p>\n      <\/div>\n      <div>\n        <a class=\"fk-button fk-button-green-darker mt-20\" href=\"https:\/\/freekids.pl\/fr\/programme-terrains-de-jeux-actifs-2025\/\">\n  V\u00e9rifier les d\u00e9tails\n        <\/a>\n      <\/div>\n    <\/div>\n  <\/div>\n\n  <div class=\"fk-series-col col-12 col-lg-4\">\n    <div class=\"fk-series-col-box series-color-green-darker t-center\">\n      <span>Programme<\/span>\n      <p class=\"program-name\">\u00ab\u00a0Une activit\u00e9 pour tous\u00a0\u00bb<\/p>\n      <div class=\"fk-series-short-text\">\n        <p>les sports et les loisirs disponibles localement<\/p>\n      <\/div>\n      <div class=\"fk-series-col-box-desc mt-20\" role=\"button\" aria-expanded=\"false\">\n        <span class=\"fk-series-fade-effect\"><\/span>\n      <\/div>\n      <div>\n        <a class=\"fk-button fk-button-green-darker mt-20\" href=\"https:\/\/freekids.pl\/fr\/programme-activite-pour-tous-sport-et-loisirs-disponibles-localement\/\">\n  V\u00e9rifier les d\u00e9tails\n        <\/a>\n      <\/div>\n    <\/div>\n  <\/div>\n\n  <div class=\"fk-series-col col-12 col-lg-4\">\n    <div class=\"fk-series-col-box series-color-green-darker t-center\">\n      <span>Programme<\/span>\n      <p class=\"program-name\">Promotion du sport pour les personnes handicap\u00e9es<\/p>\n      <div class=\"fk-series-short-text\">\n        <p><\/p>\n      <\/div>\n      <div class=\"fk-series-col-box-desc mt-20\" role=\"button\" aria-expanded=\"false\">\n        <span class=\"fk-series-fade-effect\"><\/span>\n      <\/div>\n      <div>\n        <a class=\"fk-button fk-button-green-darker mt-20\" href=\"https:\/\/freekids.pl\/fr\/programme-de-promotion-du-sport-pour-les-personnes-handicapees\/\">\n  V\u00e9rifier les d\u00e9tails\n        <\/a>\n      <\/div>\n    <\/div>\n  <\/div>\n\n  <div class=\"fk-series-col col-12 col-lg-4\">\n    <div class=\"fk-series-col-box series-color-green-darker t-center\">\n      <span>Programme<\/span>\n      <p class=\"program-name\">Construction de complexes sportifs \u00e0 Orlik<\/p>\n      <div class=\"fk-series-short-text\">\n        <p>Edition 2025<\/p>\n      <\/div>\n      <div class=\"fk-series-col-box-desc mt-20\" role=\"button\" aria-expanded=\"false\">\n        <span class=\"fk-series-fade-effect\"><\/span>\n      <\/div>\n      <div>\n        <a class=\"fk-button fk-button-green-darker mt-20\" href=\"https:\/\/freekids.pl\/fr\/programme-de-construction-des-complexes-sportifs-dorlik-edition-2025\/\">\n  V\u00e9rifier les d\u00e9tails\n        <\/a>\n    <\/div>\n    <\/div>\n  <\/div>\n<\/div><p><\/p><h3 class=\"wp-block-heading\"><b>Comment pouvons-nous vous aider ?<\/b><\/h3><h3 class=\"wp-block-heading\"><\/h3><p>La mise en \u0153uvre d&rsquo;un projet financ\u00e9 est un d\u00e9fi pour de nombreuses autorit\u00e9s et institutions locales &#8211; temps, proc\u00e9dures, responsabilit\u00e9. C&rsquo;est pourquoi, chez Freekids, nous ne nous contentons pas de concevoir des aires de jeux, des espaces sportifs et du mobilier urbain, <strong data-start=\"429\" data-end=\"487\">nous nous chargeons<\/strong> \u00e9galement <strong data-start=\"429\" data-end=\"487\">de la paperasserie et de la coordination<\/strong>. <\/p><p>Depuis 15 ans, nous r\u00e9alisons des projets dans le cadre de programmes gouvernementaux dans tout le pays &#8211; nous savons comment franchir chaque \u00e9tape en toute s\u00e9curit\u00e9.<\/p><p>Nous <strong data-start=\"628\" data-end=\"681\">vous aiderons \u00e0 adapter votre projet aux exigences du programme<\/strong> &#8211; nous savons quelles sont les erreurs \u00e0 \u00e9viter, ce qui peut acc\u00e9l\u00e9rer l&rsquo;acceptation et ce qui peut la retarder.<\/p><p><\/p><p><span style=\"font-weight: 400;\">\u2714\ufe0f<\/span> <strong>Nous vous accompagnerons tout au long de la proc\u00e9dure de demande de subvention<\/strong> &#8211; des documents au calendrier en passant par les estimations de co\u00fbts.<\/p><p><span style=\"font-weight: 400;\">\u2714\ufe0f<\/span> <strong data-start=\"893\" data-end=\"952\">Nous veillerons \u00e0 une mise en \u0153uvre rapide &#8211; de la conception \u00e0 l&rsquo;installation<\/strong> &#8211; conform\u00e9ment aux normes en vigueur et aux attentes des r\u00e9sidents.<\/p><p><span style=\"font-weight: 400;\">\u2714\ufe0f<\/span> <strong data-start=\"1020\" data-end=\"1072\">Vous disposez d&rsquo;un mentor d\u00e9di\u00e9 dans chaque province<\/strong> &#8211; vous ne serez pas laiss\u00e9 seul face \u00e0 une question ou un probl\u00e8me.<\/p><p>Cela vous permet de vous concentrer sur l&rsquo;objectif du projet plut\u00f4t que sur ses proc\u00e9dures.<br data-start=\"1212\" data-end=\"1215\"\/>Appelez, \u00e9crivez, demandez &#8211; <strong data-start=\"1242\" data-end=\"1292\">nous sommes \u00e0 vos c\u00f4t\u00e9s d\u00e8s la premi\u00e8re \u00e9tape.<\/strong><\/p>","protected":false},"excerpt":{"rendered":"<p>Programmes Programme Aires de jeux actives 2025 V\u00e9rifier les d\u00e9tails Programme \u00ab\u00a0Une activit\u00e9 pour tous\u00a0\u00bb les sports et les loisirs disponibles localement V\u00e9rifier les d\u00e9tails Programme Promotion du sport pour les personnes handicap\u00e9es V\u00e9rifier les d\u00e9tails Programme Construction de complexes sportifs \u00e0 Orlik Edition 2025 V\u00e9rifier les d\u00e9tails Comment pouvons-nous vous aider ? La mise [&hellip;]<\/p>\n","protected":false},"author":7,"featured_media":0,"parent":0,"menu_order":0,"comment_status":"closed","ping_status":"closed","template":"","meta":{"_acf_changed":false,"footnotes":""},"class_list":["post-186273","page","type-page","status-publish","hentry"],"acf":[],"yoast_head":"<!-- This site is optimized with the Yoast SEO plugin v26.4 - https:\/\/yoast.com\/wordpress\/plugins\/seo\/ -->\n<title>Financement - Freekids.pl<\/title>\n<meta name=\"robots\" content=\"index, follow, max-snippet:-1, max-image-preview:large, max-video-preview:-1\" \/>\n<link rel=\"canonical\" href=\"https:\/\/freekids.pl\/fr\/financement\/\" \/>\n<meta property=\"og:locale\" content=\"fr_FR\" \/>\n<meta property=\"og:type\" content=\"article\" \/>\n<meta property=\"og:title\" content=\"Financement - Freekids.pl\" \/>\n<meta property=\"og:description\" content=\"Programmes Programme Aires de jeux actives 2025 V\u00e9rifier les d\u00e9tails Programme \u00ab\u00a0Une activit\u00e9 pour tous\u00a0\u00bb les sports et les loisirs disponibles localement V\u00e9rifier les d\u00e9tails Programme Promotion du sport pour les personnes handicap\u00e9es V\u00e9rifier les d\u00e9tails Programme Construction de complexes sportifs \u00e0 Orlik Edition 2025 V\u00e9rifier les d\u00e9tails Comment pouvons-nous vous aider ? La mise [&hellip;]\" \/>\n<meta property=\"og:url\" content=\"https:\/\/freekids.pl\/fr\/financement\/\" \/>\n<meta property=\"og:site_name\" content=\"FreeKids Playgrounds | Sport | Urban Furniture\" \/>\n<meta property=\"article:modified_time\" content=\"2025-10-17T12:37:02+00:00\" \/>\n<meta name=\"twitter:card\" content=\"summary_large_image\" \/>\n<meta name=\"twitter:label1\" content=\"Dur\u00e9e de lecture estim\u00e9e\" \/>\n\t<meta name=\"twitter:data1\" content=\"1 minute\" \/>\n<script type=\"application\/ld+json\" class=\"yoast-schema-graph\">{\"@context\":\"https:\/\/schema.org\",\"@graph\":[{\"@type\":\"WebPage\",\"@id\":\"https:\/\/freekids.pl\/fr\/financement\/\",\"url\":\"https:\/\/freekids.pl\/fr\/financement\/\",\"name\":\"Financement - Freekids.pl\",\"isPartOf\":{\"@id\":\"https:\/\/freekids.pl\/fr\/#website\"},\"datePublished\":\"2025-04-01T09:16:47+00:00\",\"dateModified\":\"2025-10-17T12:37:02+00:00\",\"breadcrumb\":{\"@id\":\"https:\/\/freekids.pl\/fr\/financement\/#breadcrumb\"},\"inLanguage\":\"fr-FR\",\"potentialAction\":[{\"@type\":\"ReadAction\",\"target\":[\"https:\/\/freekids.pl\/fr\/financement\/\"]}]},{\"@type\":\"BreadcrumbList\",\"@id\":\"https:\/\/freekids.pl\/fr\/financement\/#breadcrumb\",\"itemListElement\":[{\"@type\":\"ListItem\",\"position\":1,\"name\":\"Strona g\u0142\u00f3wna\",\"item\":\"https:\/\/freekids.pl\/fr\/\"},{\"@type\":\"ListItem\",\"position\":2,\"name\":\"Financement\"}]},{\"@type\":\"WebSite\",\"@id\":\"https:\/\/freekids.pl\/fr\/#website\",\"url\":\"https:\/\/freekids.pl\/fr\/\",\"name\":\"FreeKids Playgrounds | Sport | Urban Furniture\",\"description\":\"Dream it, do it !\",\"potentialAction\":[{\"@type\":\"SearchAction\",\"target\":{\"@type\":\"EntryPoint\",\"urlTemplate\":\"https:\/\/freekids.pl\/fr\/?s={search_term_string}\"},\"query-input\":{\"@type\":\"PropertyValueSpecification\",\"valueRequired\":true,\"valueName\":\"search_term_string\"}}],\"inLanguage\":\"fr-FR\"}]}<\/script>\n<!-- \/ Yoast SEO plugin. -->","yoast_head_json":{"title":"Financement - Freekids.pl","robots":{"index":"index","follow":"follow","max-snippet":"max-snippet:-1","max-image-preview":"max-image-preview:large","max-video-preview":"max-video-preview:-1"},"canonical":"https:\/\/freekids.pl\/fr\/financement\/","og_locale":"fr_FR","og_type":"article","og_title":"Financement - Freekids.pl","og_description":"Programmes Programme Aires de jeux actives 2025 V\u00e9rifier les d\u00e9tails Programme \u00ab\u00a0Une activit\u00e9 pour tous\u00a0\u00bb les sports et les loisirs disponibles localement V\u00e9rifier les d\u00e9tails Programme Promotion du sport pour les personnes handicap\u00e9es V\u00e9rifier les d\u00e9tails Programme Construction de complexes sportifs \u00e0 Orlik Edition 2025 V\u00e9rifier les d\u00e9tails Comment pouvons-nous vous aider ? La mise [&hellip;]","og_url":"https:\/\/freekids.pl\/fr\/financement\/","og_site_name":"FreeKids Playgrounds | Sport | Urban Furniture","article_modified_time":"2025-10-17T12:37:02+00:00","twitter_card":"summary_large_image","twitter_misc":{"Dur\u00e9e de lecture estim\u00e9e":"1 minute"},"schema":{"@context":"https:\/\/schema.org","@graph":[{"@type":"WebPage","@id":"https:\/\/freekids.pl\/fr\/financement\/","url":"https:\/\/freekids.pl\/fr\/financement\/","name":"Financement - Freekids.pl","isPartOf":{"@id":"https:\/\/freekids.pl\/fr\/#website"},"datePublished":"2025-04-01T09:16:47+00:00","dateModified":"2025-10-17T12:37:02+00:00","breadcrumb":{"@id":"https:\/\/freekids.pl\/fr\/financement\/#breadcrumb"},"inLanguage":"fr-FR","potentialAction":[{"@type":"ReadAction","target":["https:\/\/freekids.pl\/fr\/financement\/"]}]},{"@type":"BreadcrumbList","@id":"https:\/\/freekids.pl\/fr\/financement\/#breadcrumb","itemListElement":[{"@type":"ListItem","position":1,"name":"Strona g\u0142\u00f3wna","item":"https:\/\/freekids.pl\/fr\/"},{"@type":"ListItem","position":2,"name":"Financement"}]},{"@type":"WebSite","@id":"https:\/\/freekids.pl\/fr\/#website","url":"https:\/\/freekids.pl\/fr\/","name":"FreeKids Playgrounds | Sport | Urban Furniture","description":"Dream it, do it !","potentialAction":[{"@type":"SearchAction","target":{"@type":"EntryPoint","urlTemplate":"https:\/\/freekids.pl\/fr\/?s={search_term_string}"},"query-input":{"@type":"PropertyValueSpecification","valueRequired":true,"valueName":"search_term_string"}}],"inLanguage":"fr-FR"}]}},"_links":{"self":[{"href":"https:\/\/freekids.pl\/fr\/wp-json\/wp\/v2\/pages\/186273","targetHints":{"allow":["GET"]}}],"collection":[{"href":"https:\/\/freekids.pl\/fr\/wp-json\/wp\/v2\/pages"}],"about":[{"href":"https:\/\/freekids.pl\/fr\/wp-json\/wp\/v2\/types\/page"}],"author":[{"embeddable":true,"href":"https:\/\/freekids.pl\/fr\/wp-json\/wp\/v2\/users\/7"}],"replies":[{"embeddable":true,"href":"https:\/\/freekids.pl\/fr\/wp-json\/wp\/v2\/comments?post=186273"}],"version-history":[{"count":3,"href":"https:\/\/freekids.pl\/fr\/wp-json\/wp\/v2\/pages\/186273\/revisions"}],"predecessor-version":[{"id":199555,"href":"https:\/\/freekids.pl\/fr\/wp-json\/wp\/v2\/pages\/186273\/revisions\/199555"}],"wp:attachment":[{"href":"https:\/\/freekids.pl\/fr\/wp-json\/wp\/v2\/media?parent=186273"}],"curies":[{"name":"wp","href":"https:\/\/api.w.org\/{rel}","templated":true}]}}