{"id":186277,"date":"2025-04-01T12:24:29","date_gmt":"2025-04-01T10:24:29","guid":{"rendered":"https:\/\/freekids.pl\/programme-activite-pour-tous-sport-et-loisirs-disponibles-localement\/"},"modified":"2025-10-17T14:36:22","modified_gmt":"2025-10-17T12:36:22","slug":"programme-activite-pour-tous-sport-et-loisirs-disponibles-localement","status":"publish","type":"page","link":"https:\/\/freekids.pl\/fr\/programme-activite-pour-tous-sport-et-loisirs-disponibles-localement\/","title":{"rendered":"Programme \u00ab\u00a0Activit\u00e9 pour tous\u00a0\u00bb &#8211; sport et loisirs disponibles localement"},"content":{"rendered":"<p><img loading=\"lazy\" decoding=\"async\" class=\"aligncenter wp-image-186958 size-full\" src=\"https:\/\/freekids.pl\/wp-content\/uploads\/2025\/04\/Street-Workout-9297-scaled.jpg\" alt=\"\" width=\"2560\" height=\"1707\" srcset=\"https:\/\/freekids.pl\/wp-content\/uploads\/2025\/04\/Street-Workout-9297-scaled.jpg 2560w, https:\/\/freekids.pl\/wp-content\/uploads\/2025\/04\/Street-Workout-9297-300x200.jpg 300w, https:\/\/freekids.pl\/wp-content\/uploads\/2025\/04\/Street-Workout-9297-1024x683.jpg 1024w, https:\/\/freekids.pl\/wp-content\/uploads\/2025\/04\/Street-Workout-9297-768x512.jpg 768w, https:\/\/freekids.pl\/wp-content\/uploads\/2025\/04\/Street-Workout-9297-1536x1024.jpg 1536w, https:\/\/freekids.pl\/wp-content\/uploads\/2025\/04\/Street-Workout-9297-2048x1365.jpg 2048w, https:\/\/freekids.pl\/wp-content\/uploads\/2025\/04\/Street-Workout-9297-800x533.jpg 800w, https:\/\/freekids.pl\/wp-content\/uploads\/2025\/04\/Street-Workout-9297-64x43.jpg 64w\" sizes=\"auto, (max-width: 2560px) 100vw, 2560px\" \/><\/p>\n<h2>FreeKids &#8211; Votre soutien au programme \u00ab\u00a0Activit\u00e9 pour tous<\/h2>\n<p><span style=\"font-weight: 400;\">Le programme \u00ab\u00a0Activit\u00e9 pour tous\u00a0\u00bb, lanc\u00e9 par le minist\u00e8re des sports et du tourisme avec un budget de 115 700 000 PLN, vise \u00e0 accro\u00eetre l&rsquo;activit\u00e9 physique parmi les citoyens de tous \u00e2ges et de tous horizons. L&rsquo;initiative comprend le soutien \u00e0 des projets r\u00e9cr\u00e9atifs locaux, l&rsquo;achat d&rsquo;\u00e9quipements sportifs et de r\u00e9\u00e9ducation, ainsi que des formations et des campagnes visant \u00e0 promouvoir des modes de vie sains. L&rsquo;accent est mis en particulier sur les petites villes et les quartiers p\u00e9riph\u00e9riques o\u00f9 l&rsquo;acc\u00e8s aux installations sportives est limit\u00e9.  <\/span><\/p>\n<h3>Comment pouvons-nous contribuer \u00e0 la mise en \u0153uvre du programme ?<\/h3>\n<p><span style=\"font-weight: 400;\">\u2714\ufe0f <\/span><b>Projets r\u00e9cr\u00e9atifs locaux<\/b><span style=\"font-weight: 400;\"> &#8211; FreeKids soutient la cr\u00e9ation et l&rsquo;am\u00e9lioration d&rsquo;espaces r\u00e9cr\u00e9atifs, tels que des parcours de sant\u00e9, des zones d&rsquo;activit\u00e9 ou des mini-parcs sportifs, qui encouragent les habitants \u00e0 \u00eatre physiquement actifs.<\/span><\/p>\n<p><span style=\"font-weight: 400;\">\u2714\ufe0f <\/span><b>Achat de mat\u00e9riel de sport et de r\u00e9\u00e9ducation<\/b><span style=\"font-weight: 400;\"> &#8211; Nous proposons une large gamme d&rsquo;\u00e9quipements qui soutiennent l&rsquo;activit\u00e9 physique et la r\u00e9\u00e9ducation, adapt\u00e9s aux besoins des diff\u00e9rents groupes d&rsquo;\u00e2ge et de sant\u00e9.<\/span><\/p>\n<p><span style=\"font-weight: 400;\">\u2714\ufe0f <\/span><b>Formations et campagnes pour promouvoir des modes de vie sains<\/b><span style=\"font-weight: 400;\"> &#8211; Nous aidons \u00e0 organiser des cours de formation et des campagnes pour promouvoir l&rsquo;activit\u00e9 physique, les modes de vie sains et l&rsquo;int\u00e9gration des r\u00e9sidents autour d&rsquo;initiatives sportives communes.<\/span><\/p>\n<p><span style=\"font-weight: 400;\">\u2714\ufe0f <\/span><b>Soutien aux ONG et aux clubs sportifs<\/b><span style=\"font-weight: 400;\"> &#8211; Le programme soutient les organisations inclusives. FreeKids offre donc un soutien aux projets qui int\u00e8grent les communaut\u00e9s locales et promeuvent l&rsquo;activit\u00e9 physique aupr\u00e8s de personnes d&rsquo;horizons diff\u00e9rents.<\/span><\/p>\n<h3>Pourquoi FreeKids ?<\/h3>\n<p><span style=\"font-weight: 400;\">Avec plus de 15 ans d&rsquo;exp\u00e9rience dans les projets sportifs, FreeKids est un expert dans la cr\u00e9ation d&rsquo;infrastructures qui soutiennent l&rsquo;activit\u00e9 physique et les modes de vie sains. Avec des sp\u00e9cialistes dans chaque province, nous fournissons un soutien complet \u00e0 chaque \u00e9tape de votre projet &#8211; de la pr\u00e9paration de la proposition \u00e0 la finalisation. Contactez-nous pour savoir comment nous pouvons aider votre projet dans le cadre du programme !  <\/span><\/p>\n","protected":false},"excerpt":{"rendered":"<p>FreeKids &#8211; Votre soutien au programme \u00ab\u00a0Activit\u00e9 pour tous Le programme \u00ab\u00a0Activit\u00e9 pour tous\u00a0\u00bb, lanc\u00e9 par le minist\u00e8re des sports et du tourisme avec un budget de 115 700 000 PLN, vise \u00e0 accro\u00eetre l&rsquo;activit\u00e9 physique parmi les citoyens de tous \u00e2ges et de tous horizons. L&rsquo;initiative comprend le soutien \u00e0 des projets r\u00e9cr\u00e9atifs locaux, [&hellip;]<\/p>\n","protected":false},"author":7,"featured_media":0,"parent":0,"menu_order":0,"comment_status":"closed","ping_status":"closed","template":"","meta":{"_acf_changed":false,"ep_exclude_from_search":false,"footnotes":""},"class_list":["post-186277","page","type-page","status-publish","hentry"],"acf":[],"yoast_head":"<!-- This site is optimized with the Yoast SEO plugin v27.4 - https:\/\/yoast.com\/product\/yoast-seo-wordpress\/ -->\n<title>Programme &quot;Activit\u00e9 pour tous&quot; - sport et loisirs disponibles localement - Freekids.pl<\/title>\n<meta name=\"robots\" content=\"index, follow, max-snippet:-1, max-image-preview:large, max-video-preview:-1\" \/>\n<link rel=\"canonical\" href=\"https:\/\/freekids.pl\/fr\/programme-activite-pour-tous-sport-et-loisirs-disponibles-localement\/\" \/>\n<meta property=\"og:locale\" content=\"fr_FR\" \/>\n<meta property=\"og:type\" content=\"article\" \/>\n<meta property=\"og:title\" content=\"Programme &quot;Activit\u00e9 pour tous&quot; - sport et loisirs disponibles localement - Freekids.pl\" \/>\n<meta property=\"og:description\" content=\"FreeKids &#8211; Votre soutien au programme \u00ab\u00a0Activit\u00e9 pour tous Le programme \u00ab\u00a0Activit\u00e9 pour tous\u00a0\u00bb, lanc\u00e9 par le minist\u00e8re des sports et du tourisme avec un budget de 115 700 000 PLN, vise \u00e0 accro\u00eetre l&rsquo;activit\u00e9 physique parmi les citoyens de tous \u00e2ges et de tous horizons. L&rsquo;initiative comprend le soutien \u00e0 des projets r\u00e9cr\u00e9atifs locaux, [&hellip;]\" \/>\n<meta property=\"og:url\" content=\"https:\/\/freekids.pl\/fr\/programme-activite-pour-tous-sport-et-loisirs-disponibles-localement\/\" \/>\n<meta property=\"og:site_name\" content=\"FreeKids Playgrounds | Sport | Urban Furniture\" \/>\n<meta property=\"article:modified_time\" content=\"2025-10-17T12:36:22+00:00\" \/>\n<meta property=\"og:image\" content=\"https:\/\/freekids.pl\/wp-content\/uploads\/2025\/04\/Street-Workout-9297-scaled.jpg\" \/>\n<meta name=\"twitter:card\" content=\"summary_large_image\" \/>\n<meta name=\"twitter:label1\" content=\"Dur\u00e9e de lecture estim\u00e9e\" \/>\n\t<meta name=\"twitter:data1\" content=\"2 minutes\" \/>\n<script type=\"application\/ld+json\" class=\"yoast-schema-graph\">{\"@context\":\"https:\\\/\\\/schema.org\",\"@graph\":[{\"@type\":\"WebPage\",\"@id\":\"https:\\\/\\\/freekids.pl\\\/fr\\\/programme-activite-pour-tous-sport-et-loisirs-disponibles-localement\\\/\",\"url\":\"https:\\\/\\\/freekids.pl\\\/fr\\\/programme-activite-pour-tous-sport-et-loisirs-disponibles-localement\\\/\",\"name\":\"Programme \\\"Activit\u00e9 pour tous\\\" - sport et loisirs disponibles localement - Freekids.pl\",\"isPartOf\":{\"@id\":\"https:\\\/\\\/freekids.pl\\\/fr\\\/#website\"},\"primaryImageOfPage\":{\"@id\":\"https:\\\/\\\/freekids.pl\\\/fr\\\/programme-activite-pour-tous-sport-et-loisirs-disponibles-localement\\\/#primaryimage\"},\"image\":{\"@id\":\"https:\\\/\\\/freekids.pl\\\/fr\\\/programme-activite-pour-tous-sport-et-loisirs-disponibles-localement\\\/#primaryimage\"},\"thumbnailUrl\":\"https:\\\/\\\/freekids.pl\\\/wp-content\\\/uploads\\\/2025\\\/04\\\/Street-Workout-9297-scaled.jpg\",\"datePublished\":\"2025-04-01T10:24:29+00:00\",\"dateModified\":\"2025-10-17T12:36:22+00:00\",\"breadcrumb\":{\"@id\":\"https:\\\/\\\/freekids.pl\\\/fr\\\/programme-activite-pour-tous-sport-et-loisirs-disponibles-localement\\\/#breadcrumb\"},\"inLanguage\":\"fr-FR\",\"potentialAction\":[{\"@type\":\"ReadAction\",\"target\":[\"https:\\\/\\\/freekids.pl\\\/fr\\\/programme-activite-pour-tous-sport-et-loisirs-disponibles-localement\\\/\"]}]},{\"@type\":\"ImageObject\",\"inLanguage\":\"fr-FR\",\"@id\":\"https:\\\/\\\/freekids.pl\\\/fr\\\/programme-activite-pour-tous-sport-et-loisirs-disponibles-localement\\\/#primaryimage\",\"url\":\"https:\\\/\\\/freekids.pl\\\/wp-content\\\/uploads\\\/2025\\\/04\\\/Street-Workout-9297-scaled.jpg\",\"contentUrl\":\"https:\\\/\\\/freekids.pl\\\/wp-content\\\/uploads\\\/2025\\\/04\\\/Street-Workout-9297-scaled.jpg\"},{\"@type\":\"BreadcrumbList\",\"@id\":\"https:\\\/\\\/freekids.pl\\\/fr\\\/programme-activite-pour-tous-sport-et-loisirs-disponibles-localement\\\/#breadcrumb\",\"itemListElement\":[{\"@type\":\"ListItem\",\"position\":1,\"name\":\"Strona g\u0142\u00f3wna\",\"item\":\"https:\\\/\\\/freekids.pl\\\/fr\\\/\"},{\"@type\":\"ListItem\",\"position\":2,\"name\":\"Programme &#8222;Activit\u00e9 pour tous&#8221; &#8211; sport et loisirs disponibles localement\"}]},{\"@type\":\"WebSite\",\"@id\":\"https:\\\/\\\/freekids.pl\\\/fr\\\/#website\",\"url\":\"https:\\\/\\\/freekids.pl\\\/fr\\\/\",\"name\":\"FreeKids Playgrounds | Sport | Urban Furniture\",\"description\":\"Dream it, do it !\",\"potentialAction\":[{\"@type\":\"SearchAction\",\"target\":{\"@type\":\"EntryPoint\",\"urlTemplate\":\"https:\\\/\\\/freekids.pl\\\/fr\\\/?s={search_term_string}\"},\"query-input\":{\"@type\":\"PropertyValueSpecification\",\"valueRequired\":true,\"valueName\":\"search_term_string\"}}],\"inLanguage\":\"fr-FR\"}]}<\/script>\n<!-- \/ Yoast SEO plugin. -->","yoast_head_json":{"title":"Programme \"Activit\u00e9 pour tous\" - sport et loisirs disponibles localement - Freekids.pl","robots":{"index":"index","follow":"follow","max-snippet":"max-snippet:-1","max-image-preview":"max-image-preview:large","max-video-preview":"max-video-preview:-1"},"canonical":"https:\/\/freekids.pl\/fr\/programme-activite-pour-tous-sport-et-loisirs-disponibles-localement\/","og_locale":"fr_FR","og_type":"article","og_title":"Programme \"Activit\u00e9 pour tous\" - sport et loisirs disponibles localement - Freekids.pl","og_description":"FreeKids &#8211; Votre soutien au programme \u00ab\u00a0Activit\u00e9 pour tous Le programme \u00ab\u00a0Activit\u00e9 pour tous\u00a0\u00bb, lanc\u00e9 par le minist\u00e8re des sports et du tourisme avec un budget de 115 700 000 PLN, vise \u00e0 accro\u00eetre l&rsquo;activit\u00e9 physique parmi les citoyens de tous \u00e2ges et de tous horizons. L&rsquo;initiative comprend le soutien \u00e0 des projets r\u00e9cr\u00e9atifs locaux, [&hellip;]","og_url":"https:\/\/freekids.pl\/fr\/programme-activite-pour-tous-sport-et-loisirs-disponibles-localement\/","og_site_name":"FreeKids Playgrounds | Sport | Urban Furniture","article_modified_time":"2025-10-17T12:36:22+00:00","og_image":[{"url":"https:\/\/freekids.pl\/wp-content\/uploads\/2025\/04\/Street-Workout-9297-scaled.jpg","type":"","width":"","height":""}],"twitter_card":"summary_large_image","twitter_misc":{"Dur\u00e9e de lecture estim\u00e9e":"2 minutes"},"schema":{"@context":"https:\/\/schema.org","@graph":[{"@type":"WebPage","@id":"https:\/\/freekids.pl\/fr\/programme-activite-pour-tous-sport-et-loisirs-disponibles-localement\/","url":"https:\/\/freekids.pl\/fr\/programme-activite-pour-tous-sport-et-loisirs-disponibles-localement\/","name":"Programme \"Activit\u00e9 pour tous\" - sport et loisirs disponibles localement - Freekids.pl","isPartOf":{"@id":"https:\/\/freekids.pl\/fr\/#website"},"primaryImageOfPage":{"@id":"https:\/\/freekids.pl\/fr\/programme-activite-pour-tous-sport-et-loisirs-disponibles-localement\/#primaryimage"},"image":{"@id":"https:\/\/freekids.pl\/fr\/programme-activite-pour-tous-sport-et-loisirs-disponibles-localement\/#primaryimage"},"thumbnailUrl":"https:\/\/freekids.pl\/wp-content\/uploads\/2025\/04\/Street-Workout-9297-scaled.jpg","datePublished":"2025-04-01T10:24:29+00:00","dateModified":"2025-10-17T12:36:22+00:00","breadcrumb":{"@id":"https:\/\/freekids.pl\/fr\/programme-activite-pour-tous-sport-et-loisirs-disponibles-localement\/#breadcrumb"},"inLanguage":"fr-FR","potentialAction":[{"@type":"ReadAction","target":["https:\/\/freekids.pl\/fr\/programme-activite-pour-tous-sport-et-loisirs-disponibles-localement\/"]}]},{"@type":"ImageObject","inLanguage":"fr-FR","@id":"https:\/\/freekids.pl\/fr\/programme-activite-pour-tous-sport-et-loisirs-disponibles-localement\/#primaryimage","url":"https:\/\/freekids.pl\/wp-content\/uploads\/2025\/04\/Street-Workout-9297-scaled.jpg","contentUrl":"https:\/\/freekids.pl\/wp-content\/uploads\/2025\/04\/Street-Workout-9297-scaled.jpg"},{"@type":"BreadcrumbList","@id":"https:\/\/freekids.pl\/fr\/programme-activite-pour-tous-sport-et-loisirs-disponibles-localement\/#breadcrumb","itemListElement":[{"@type":"ListItem","position":1,"name":"Strona g\u0142\u00f3wna","item":"https:\/\/freekids.pl\/fr\/"},{"@type":"ListItem","position":2,"name":"Programme &#8222;Activit\u00e9 pour tous&#8221; &#8211; sport et loisirs disponibles localement"}]},{"@type":"WebSite","@id":"https:\/\/freekids.pl\/fr\/#website","url":"https:\/\/freekids.pl\/fr\/","name":"FreeKids Playgrounds | Sport | Urban Furniture","description":"Dream it, do it !","potentialAction":[{"@type":"SearchAction","target":{"@type":"EntryPoint","urlTemplate":"https:\/\/freekids.pl\/fr\/?s={search_term_string}"},"query-input":{"@type":"PropertyValueSpecification","valueRequired":true,"valueName":"search_term_string"}}],"inLanguage":"fr-FR"}]}},"_links":{"self":[{"href":"https:\/\/freekids.pl\/fr\/wp-json\/wp\/v2\/pages\/186277","targetHints":{"allow":["GET"]}}],"collection":[{"href":"https:\/\/freekids.pl\/fr\/wp-json\/wp\/v2\/pages"}],"about":[{"href":"https:\/\/freekids.pl\/fr\/wp-json\/wp\/v2\/types\/page"}],"author":[{"embeddable":true,"href":"https:\/\/freekids.pl\/fr\/wp-json\/wp\/v2\/users\/7"}],"replies":[{"embeddable":true,"href":"https:\/\/freekids.pl\/fr\/wp-json\/wp\/v2\/comments?post=186277"}],"version-history":[{"count":1,"href":"https:\/\/freekids.pl\/fr\/wp-json\/wp\/v2\/pages\/186277\/revisions"}],"predecessor-version":[{"id":186966,"href":"https:\/\/freekids.pl\/fr\/wp-json\/wp\/v2\/pages\/186277\/revisions\/186966"}],"wp:attachment":[{"href":"https:\/\/freekids.pl\/fr\/wp-json\/wp\/v2\/media?parent=186277"}],"curies":[{"name":"wp","href":"https:\/\/api.w.org\/{rel}","templated":true}]}}