{"id":186303,"date":"2025-04-01T12:42:09","date_gmt":"2025-04-01T10:42:09","guid":{"rendered":"https:\/\/freekids.pl\/programme-de-construction-des-complexes-sportifs-dorlik-edition-2025\/"},"modified":"2025-10-17T14:36:48","modified_gmt":"2025-10-17T12:36:48","slug":"programme-de-construction-des-complexes-sportifs-dorlik-edition-2025","status":"publish","type":"page","link":"https:\/\/freekids.pl\/fr\/programme-de-construction-des-complexes-sportifs-dorlik-edition-2025\/","title":{"rendered":"Programme de construction des complexes sportifs d&rsquo;Orlik &#8211; \u00c9dition 2025"},"content":{"rendered":"<p><img loading=\"lazy\" decoding=\"async\" class=\"aligncenter wp-image-186934 size-full\" src=\"https:\/\/freekids.pl\/wp-content\/uploads\/2025\/04\/DJI_0865-scaled.jpg\" alt=\"aigle\" width=\"2560\" height=\"1440\" srcset=\"https:\/\/freekids.pl\/wp-content\/uploads\/2025\/04\/DJI_0865-scaled.jpg 2560w, https:\/\/freekids.pl\/wp-content\/uploads\/2025\/04\/DJI_0865-300x169.jpg 300w, https:\/\/freekids.pl\/wp-content\/uploads\/2025\/04\/DJI_0865-1024x576.jpg 1024w, https:\/\/freekids.pl\/wp-content\/uploads\/2025\/04\/DJI_0865-768x432.jpg 768w, https:\/\/freekids.pl\/wp-content\/uploads\/2025\/04\/DJI_0865-1536x864.jpg 1536w, https:\/\/freekids.pl\/wp-content\/uploads\/2025\/04\/DJI_0865-2048x1152.jpg 2048w, https:\/\/freekids.pl\/wp-content\/uploads\/2025\/04\/DJI_0865-800x450.jpg 800w, https:\/\/freekids.pl\/wp-content\/uploads\/2025\/04\/DJI_0865-64x36.jpg 64w\" sizes=\"auto, (max-width: 2560px) 100vw, 2560px\" \/><\/p>\n<h2>FreeKids &#8211; Votre partenaire dans le programme de construction d&rsquo;aigles<\/h2>\n<p><span style=\"font-weight: 400;\">Le programme de construction Eagles 2025 vise \u00e0 cr\u00e9er des complexes sportifs modernes qui seront accessibles \u00e0 tous les r\u00e9sidents, promouvant l&rsquo;activit\u00e9 physique et l&rsquo;int\u00e9gration communautaire. Dans le cadre de ce programme, il est possible d&rsquo;obtenir un financement pour la construction de terrains de football, de terrains multifonctionnels, d&rsquo;installations sanitaires et de vestiaires, de l&rsquo;\u00e9clairage et de la cl\u00f4ture du complexe. Il est \u00e9galement possible d&rsquo;\u00e9tendre le projet pour y inclure des installations suppl\u00e9mentaires telles qu&rsquo;un skate park, un pump track ou une aire de jeux. Le montant du financement peut atteindre 2,8 millions de PLN, en fonction de l&rsquo;ampleur de l&rsquo;investissement.   <\/span><\/p>\n<h3>Comment pouvons-nous contribuer \u00e0 la mise en \u0153uvre du programme ?<\/h3>\n<p><span style=\"font-weight: 400;\">\u2714\ufe0f <\/span><b>Conception globale<\/b><span style=\"font-weight: 400;\"> &#8211; Nous vous aidons \u00e0 concevoir des complexes sportifs qui r\u00e9pondent \u00e0 toutes les exigences du programme, y compris des terrains de football, des terrains polyvalents, des installations sanitaires et des vestiaires, ainsi que les installations n\u00e9cessaires (\u00e9clairage, cl\u00f4tures, racks \u00e0 v\u00e9los).<\/span><\/p>\n<p><span style=\"font-weight: 400;\">\u2714\ufe0f <\/span><b>Installations sportives facultatives<\/b><span style=\"font-weight: 400;\"> &#8211; Dans le cadre du programme, nous contribuons \u00e0 l&rsquo;ajout d&rsquo;installations suppl\u00e9mentaires, telles qu&rsquo;un skate park, un pump track ou des terrains de sport, en fonction des besoins locaux.<\/span><\/p>\n<p><span style=\"font-weight: 400;\">\u2714\ufe0f <\/span><b>Assistance pour les demandes de subventions<\/b><span style=\"font-weight: 400;\"> &#8211; Nos experts vous aideront \u00e0 pr\u00e9parer votre demande, ce qui vous permettra de solliciter plus facilement un financement pouvant aller jusqu&rsquo;\u00e0 70 % des co\u00fbts d&rsquo;investissement.<\/span><\/p>\n<h3>Pourquoi FreeKids ?<\/h3>\n<p><span style=\"font-weight: 400;\">Avec plus de 15 ans d&rsquo;exp\u00e9rience dans des projets en Pologne et \u00e0 l&rsquo;\u00e9tranger, <\/span><b>FreeKids<\/b><span style=\"font-weight: 400;\">  offre un service complet, de la conception \u00e0 l&rsquo;ach\u00e8vement, en garantissant une qualit\u00e9 \u00e9lev\u00e9e, le respect des d\u00e9lais et un contact \u00e9troit par l&rsquo;interm\u00e9diaire de nos artisans sp\u00e9cialis\u00e9s dans chaque province. Contactez-nous pour savoir comment nous pouvons vous aider \u00e0 faire de votre projet Eagles une r\u00e9alit\u00e9 ! <\/span><\/p>\n","protected":false},"excerpt":{"rendered":"<p>FreeKids &#8211; Votre partenaire dans le programme de construction d&rsquo;aigles Le programme de construction Eagles 2025 vise \u00e0 cr\u00e9er des complexes sportifs modernes qui seront accessibles \u00e0 tous les r\u00e9sidents, promouvant l&rsquo;activit\u00e9 physique et l&rsquo;int\u00e9gration communautaire. Dans le cadre de ce programme, il est possible d&rsquo;obtenir un financement pour la construction de terrains de football, [&hellip;]<\/p>\n","protected":false},"author":7,"featured_media":0,"parent":0,"menu_order":0,"comment_status":"closed","ping_status":"closed","template":"","meta":{"_acf_changed":false,"ep_exclude_from_search":false,"footnotes":""},"class_list":["post-186303","page","type-page","status-publish","hentry"],"acf":[],"yoast_head":"<!-- This site is optimized with the Yoast SEO plugin v27.4 - https:\/\/yoast.com\/product\/yoast-seo-wordpress\/ -->\n<title>Programme de construction des complexes sportifs d&#039;Orlik - \u00c9dition 2025 - Freekids.pl<\/title>\n<meta name=\"robots\" content=\"index, follow, max-snippet:-1, max-image-preview:large, max-video-preview:-1\" \/>\n<link rel=\"canonical\" href=\"https:\/\/freekids.pl\/fr\/programme-de-construction-des-complexes-sportifs-dorlik-edition-2025\/\" \/>\n<meta property=\"og:locale\" content=\"fr_FR\" \/>\n<meta property=\"og:type\" content=\"article\" \/>\n<meta property=\"og:title\" content=\"Programme de construction des complexes sportifs d&#039;Orlik - \u00c9dition 2025 - Freekids.pl\" \/>\n<meta property=\"og:description\" content=\"FreeKids &#8211; Votre partenaire dans le programme de construction d&rsquo;aigles Le programme de construction Eagles 2025 vise \u00e0 cr\u00e9er des complexes sportifs modernes qui seront accessibles \u00e0 tous les r\u00e9sidents, promouvant l&rsquo;activit\u00e9 physique et l&rsquo;int\u00e9gration communautaire. Dans le cadre de ce programme, il est possible d&rsquo;obtenir un financement pour la construction de terrains de football, [&hellip;]\" \/>\n<meta property=\"og:url\" content=\"https:\/\/freekids.pl\/fr\/programme-de-construction-des-complexes-sportifs-dorlik-edition-2025\/\" \/>\n<meta property=\"og:site_name\" content=\"FreeKids Playgrounds | Sport | Urban Furniture\" \/>\n<meta property=\"article:modified_time\" content=\"2025-10-17T12:36:48+00:00\" \/>\n<meta property=\"og:image\" content=\"https:\/\/freekids.pl\/wp-content\/uploads\/2025\/04\/DJI_0865-scaled.jpg\" \/>\n<meta name=\"twitter:card\" content=\"summary_large_image\" \/>\n<meta name=\"twitter:label1\" content=\"Dur\u00e9e de lecture estim\u00e9e\" \/>\n\t<meta name=\"twitter:data1\" content=\"2 minutes\" \/>\n<script type=\"application\/ld+json\" class=\"yoast-schema-graph\">{\"@context\":\"https:\\\/\\\/schema.org\",\"@graph\":[{\"@type\":\"WebPage\",\"@id\":\"https:\\\/\\\/freekids.pl\\\/fr\\\/programme-de-construction-des-complexes-sportifs-dorlik-edition-2025\\\/\",\"url\":\"https:\\\/\\\/freekids.pl\\\/fr\\\/programme-de-construction-des-complexes-sportifs-dorlik-edition-2025\\\/\",\"name\":\"Programme de construction des complexes sportifs d'Orlik - \u00c9dition 2025 - Freekids.pl\",\"isPartOf\":{\"@id\":\"https:\\\/\\\/freekids.pl\\\/fr\\\/#website\"},\"primaryImageOfPage\":{\"@id\":\"https:\\\/\\\/freekids.pl\\\/fr\\\/programme-de-construction-des-complexes-sportifs-dorlik-edition-2025\\\/#primaryimage\"},\"image\":{\"@id\":\"https:\\\/\\\/freekids.pl\\\/fr\\\/programme-de-construction-des-complexes-sportifs-dorlik-edition-2025\\\/#primaryimage\"},\"thumbnailUrl\":\"https:\\\/\\\/freekids.pl\\\/wp-content\\\/uploads\\\/2025\\\/04\\\/DJI_0865-scaled.jpg\",\"datePublished\":\"2025-04-01T10:42:09+00:00\",\"dateModified\":\"2025-10-17T12:36:48+00:00\",\"breadcrumb\":{\"@id\":\"https:\\\/\\\/freekids.pl\\\/fr\\\/programme-de-construction-des-complexes-sportifs-dorlik-edition-2025\\\/#breadcrumb\"},\"inLanguage\":\"fr-FR\",\"potentialAction\":[{\"@type\":\"ReadAction\",\"target\":[\"https:\\\/\\\/freekids.pl\\\/fr\\\/programme-de-construction-des-complexes-sportifs-dorlik-edition-2025\\\/\"]}]},{\"@type\":\"ImageObject\",\"inLanguage\":\"fr-FR\",\"@id\":\"https:\\\/\\\/freekids.pl\\\/fr\\\/programme-de-construction-des-complexes-sportifs-dorlik-edition-2025\\\/#primaryimage\",\"url\":\"https:\\\/\\\/freekids.pl\\\/wp-content\\\/uploads\\\/2025\\\/04\\\/DJI_0865-scaled.jpg\",\"contentUrl\":\"https:\\\/\\\/freekids.pl\\\/wp-content\\\/uploads\\\/2025\\\/04\\\/DJI_0865-scaled.jpg\"},{\"@type\":\"BreadcrumbList\",\"@id\":\"https:\\\/\\\/freekids.pl\\\/fr\\\/programme-de-construction-des-complexes-sportifs-dorlik-edition-2025\\\/#breadcrumb\",\"itemListElement\":[{\"@type\":\"ListItem\",\"position\":1,\"name\":\"Strona g\u0142\u00f3wna\",\"item\":\"https:\\\/\\\/freekids.pl\\\/fr\\\/\"},{\"@type\":\"ListItem\",\"position\":2,\"name\":\"Programme de construction des complexes sportifs d&#8217;Orlik &#8211; \u00c9dition 2025\"}]},{\"@type\":\"WebSite\",\"@id\":\"https:\\\/\\\/freekids.pl\\\/fr\\\/#website\",\"url\":\"https:\\\/\\\/freekids.pl\\\/fr\\\/\",\"name\":\"FreeKids Playgrounds | Sport | Urban Furniture\",\"description\":\"Dream it, do it !\",\"potentialAction\":[{\"@type\":\"SearchAction\",\"target\":{\"@type\":\"EntryPoint\",\"urlTemplate\":\"https:\\\/\\\/freekids.pl\\\/fr\\\/?s={search_term_string}\"},\"query-input\":{\"@type\":\"PropertyValueSpecification\",\"valueRequired\":true,\"valueName\":\"search_term_string\"}}],\"inLanguage\":\"fr-FR\"}]}<\/script>\n<!-- \/ Yoast SEO plugin. -->","yoast_head_json":{"title":"Programme de construction des complexes sportifs d'Orlik - \u00c9dition 2025 - Freekids.pl","robots":{"index":"index","follow":"follow","max-snippet":"max-snippet:-1","max-image-preview":"max-image-preview:large","max-video-preview":"max-video-preview:-1"},"canonical":"https:\/\/freekids.pl\/fr\/programme-de-construction-des-complexes-sportifs-dorlik-edition-2025\/","og_locale":"fr_FR","og_type":"article","og_title":"Programme de construction des complexes sportifs d'Orlik - \u00c9dition 2025 - Freekids.pl","og_description":"FreeKids &#8211; Votre partenaire dans le programme de construction d&rsquo;aigles Le programme de construction Eagles 2025 vise \u00e0 cr\u00e9er des complexes sportifs modernes qui seront accessibles \u00e0 tous les r\u00e9sidents, promouvant l&rsquo;activit\u00e9 physique et l&rsquo;int\u00e9gration communautaire. Dans le cadre de ce programme, il est possible d&rsquo;obtenir un financement pour la construction de terrains de football, [&hellip;]","og_url":"https:\/\/freekids.pl\/fr\/programme-de-construction-des-complexes-sportifs-dorlik-edition-2025\/","og_site_name":"FreeKids Playgrounds | Sport | Urban Furniture","article_modified_time":"2025-10-17T12:36:48+00:00","og_image":[{"url":"https:\/\/freekids.pl\/wp-content\/uploads\/2025\/04\/DJI_0865-scaled.jpg","type":"","width":"","height":""}],"twitter_card":"summary_large_image","twitter_misc":{"Dur\u00e9e de lecture estim\u00e9e":"2 minutes"},"schema":{"@context":"https:\/\/schema.org","@graph":[{"@type":"WebPage","@id":"https:\/\/freekids.pl\/fr\/programme-de-construction-des-complexes-sportifs-dorlik-edition-2025\/","url":"https:\/\/freekids.pl\/fr\/programme-de-construction-des-complexes-sportifs-dorlik-edition-2025\/","name":"Programme de construction des complexes sportifs d'Orlik - \u00c9dition 2025 - Freekids.pl","isPartOf":{"@id":"https:\/\/freekids.pl\/fr\/#website"},"primaryImageOfPage":{"@id":"https:\/\/freekids.pl\/fr\/programme-de-construction-des-complexes-sportifs-dorlik-edition-2025\/#primaryimage"},"image":{"@id":"https:\/\/freekids.pl\/fr\/programme-de-construction-des-complexes-sportifs-dorlik-edition-2025\/#primaryimage"},"thumbnailUrl":"https:\/\/freekids.pl\/wp-content\/uploads\/2025\/04\/DJI_0865-scaled.jpg","datePublished":"2025-04-01T10:42:09+00:00","dateModified":"2025-10-17T12:36:48+00:00","breadcrumb":{"@id":"https:\/\/freekids.pl\/fr\/programme-de-construction-des-complexes-sportifs-dorlik-edition-2025\/#breadcrumb"},"inLanguage":"fr-FR","potentialAction":[{"@type":"ReadAction","target":["https:\/\/freekids.pl\/fr\/programme-de-construction-des-complexes-sportifs-dorlik-edition-2025\/"]}]},{"@type":"ImageObject","inLanguage":"fr-FR","@id":"https:\/\/freekids.pl\/fr\/programme-de-construction-des-complexes-sportifs-dorlik-edition-2025\/#primaryimage","url":"https:\/\/freekids.pl\/wp-content\/uploads\/2025\/04\/DJI_0865-scaled.jpg","contentUrl":"https:\/\/freekids.pl\/wp-content\/uploads\/2025\/04\/DJI_0865-scaled.jpg"},{"@type":"BreadcrumbList","@id":"https:\/\/freekids.pl\/fr\/programme-de-construction-des-complexes-sportifs-dorlik-edition-2025\/#breadcrumb","itemListElement":[{"@type":"ListItem","position":1,"name":"Strona g\u0142\u00f3wna","item":"https:\/\/freekids.pl\/fr\/"},{"@type":"ListItem","position":2,"name":"Programme de construction des complexes sportifs d&#8217;Orlik &#8211; \u00c9dition 2025"}]},{"@type":"WebSite","@id":"https:\/\/freekids.pl\/fr\/#website","url":"https:\/\/freekids.pl\/fr\/","name":"FreeKids Playgrounds | Sport | Urban Furniture","description":"Dream it, do it !","potentialAction":[{"@type":"SearchAction","target":{"@type":"EntryPoint","urlTemplate":"https:\/\/freekids.pl\/fr\/?s={search_term_string}"},"query-input":{"@type":"PropertyValueSpecification","valueRequired":true,"valueName":"search_term_string"}}],"inLanguage":"fr-FR"}]}},"_links":{"self":[{"href":"https:\/\/freekids.pl\/fr\/wp-json\/wp\/v2\/pages\/186303","targetHints":{"allow":["GET"]}}],"collection":[{"href":"https:\/\/freekids.pl\/fr\/wp-json\/wp\/v2\/pages"}],"about":[{"href":"https:\/\/freekids.pl\/fr\/wp-json\/wp\/v2\/types\/page"}],"author":[{"embeddable":true,"href":"https:\/\/freekids.pl\/fr\/wp-json\/wp\/v2\/users\/7"}],"replies":[{"embeddable":true,"href":"https:\/\/freekids.pl\/fr\/wp-json\/wp\/v2\/comments?post=186303"}],"version-history":[{"count":3,"href":"https:\/\/freekids.pl\/fr\/wp-json\/wp\/v2\/pages\/186303\/revisions"}],"predecessor-version":[{"id":186953,"href":"https:\/\/freekids.pl\/fr\/wp-json\/wp\/v2\/pages\/186303\/revisions\/186953"}],"wp:attachment":[{"href":"https:\/\/freekids.pl\/fr\/wp-json\/wp\/v2\/media?parent=186303"}],"curies":[{"name":"wp","href":"https:\/\/api.w.org\/{rel}","templated":true}]}}