{"id":191966,"date":"2024-10-23T21:13:35","date_gmt":"2024-10-23T19:13:35","guid":{"rendered":"https:\/\/freekids.pl\/produkt\/ataka-krakena\/"},"modified":"2025-10-17T14:57:29","modified_gmt":"2025-10-17T12:57:29","slug":"ataka-krakena","status":"publish","type":"product","link":"https:\/\/freekids.pl\/fr\/produkt\/ataka-krakena\/","title":{"rendered":"Ataka Krakena"},"content":{"rendered":"","protected":false},"excerpt":{"rendered":"<p>Dispositif compos\u00e9 d&rsquo;un Kraken et d&rsquo;un navire en train de couler. Dispositif en forme de Kraken construit sur un plan circulaire avec 4 paires de tentacules. Les tentacules sont constitu\u00e9es de segments mont\u00e9s sur ressorts et reli\u00e9s entre eux par des cordes. La t\u00eate du kraken est \u00e9quip\u00e9e d&rsquo;un toboggan tubulaire en acier inoxydable, de plates-formes, de filets et de cordes spatiales. Dispositif en forme de navire coul\u00e9, compos\u00e9 d&rsquo;une partie avant facilement accessible, d&rsquo;une partie arri\u00e8re difficile d&rsquo;acc\u00e8s, de plates-formes sur ressorts en forme de requin et de d\u00e9bris de navire, ainsi que d&rsquo;un filet imitant un m\u00e2t renvers\u00e9. La partie avant est \u00e9quip\u00e9e d&rsquo;un escalier, d&rsquo;un mur d&rsquo;escalade inclin\u00e9, d&rsquo;un toboggan et d&rsquo;un filet. La partie arri\u00e8re est enti\u00e8rement construite \u00e0 un angle de 20 degr\u00e9s. Toutes les passerelles et les poteaux doivent \u00eatre construits \u00e0 un angle imitant un navire en train de couler. De plus, l&rsquo;\u00e9quipement doit comprendre de nombreux filets en corde, une roue \u00e0 gouverner et des canons mobiles.        <\/p>\n<div id=\"highlighter--hover-tools\" style=\"display: none;\">\n<div id=\"highlighter--hover-tools--container\">\n<div class=\"highlighter--icon highlighter--icon-copy\" title=\"Copie\"><\/div>\n<div class=\"highlighter--icon highlighter--icon-change-color\" title=\"Changer de couleur\"><\/div>\n<div class=\"highlighter--icon highlighter--icon-delete\" title=\"Supprimer\"><\/div>\n<\/div>\n<\/div>\n","protected":false},"featured_media":170748,"template":"","meta":{"_acf_changed":false,"ep_exclude_from_search":false},"product_cat":[553,480],"product_tag":[],"class_list":{"0":"post-191966","1":"product","2":"type-product","3":"status-publish","4":"has-post-thumbnail","6":"product_series-by-the-sea-fr","7":"product_group-original-fr","8":"product_cat-ensembles-multifonctionnels","9":"product_cat-terrains-de-jeux","11":"first","12":"outofstock","13":"shipping-taxable","14":"purchasable","15":"product-type-simple"},"acf":[],"yoast_head":"<!-- This site is optimized with the Yoast SEO plugin v27.4 - https:\/\/yoast.com\/product\/yoast-seo-wordpress\/ -->\n<title>Ensemble Ataka Krakena (Attaque du Kraken) aire de jeux avec cordes et toboggans - Freekids.pl<\/title>\n<meta name=\"robots\" content=\"index, follow, max-snippet:-1, max-image-preview:large, max-video-preview:-1\" \/>\n<link rel=\"canonical\" href=\"https:\/\/freekids.pl\/fr\/produkt\/ataka-krakena\/\" \/>\n<meta property=\"og:locale\" content=\"fr_FR\" \/>\n<meta property=\"og:type\" content=\"article\" \/>\n<meta property=\"og:title\" content=\"Ensemble Ataka Krakena (Attaque du Kraken) aire de jeux avec cordes et toboggans - Freekids.pl\" \/>\n<meta property=\"og:description\" content=\"Dispositif compos\u00e9 d&#039;un Kraken et d&#039;un navire en train de couler. Dispositif en forme de Kraken construit sur un plan circulaire avec 4 paires de tentacules. Les tentacules sont constitu\u00e9es de segments mont\u00e9s sur ressorts et reli\u00e9s entre eux par des cordes. La t\u00eate du kraken est \u00e9quip\u00e9e d&#039;un toboggan tubulaire en acier inoxydable, de plates-formes, de filets et de cordes spatiales. Dispositif en forme de navire coul\u00e9, compos\u00e9 d&#039;une partie avant facilement accessible, d&#039;une partie arri\u00e8re difficile d&#039;acc\u00e8s, de plates-formes sur ressorts en forme de requin et de d\u00e9bris de navire, ainsi que d&#039;un filet imitant un m\u00e2t renvers\u00e9. La partie avant est \u00e9quip\u00e9e d&#039;un escalier, d&#039;un mur d&#039;escalade inclin\u00e9, d&#039;un toboggan et d&#039;un filet. La partie arri\u00e8re est enti\u00e8rement construite \u00e0 un angle de 20 degr\u00e9s. Toutes les passerelles et les poteaux doivent \u00eatre construits \u00e0 un angle imitant un navire en train de couler. De plus, l&#039;\u00e9quipement doit comprendre de nombreux filets en corde, une roue \u00e0 gouverner et des canons mobiles.\" \/>\n<meta property=\"og:url\" content=\"https:\/\/freekids.pl\/fr\/produkt\/ataka-krakena\/\" \/>\n<meta property=\"og:site_name\" content=\"FreeKids Playgrounds | Sport | Urban Furniture\" \/>\n<meta property=\"article:modified_time\" content=\"2025-10-17T12:57:29+00:00\" \/>\n<meta property=\"og:image\" content=\"https:\/\/freekids.pl\/wp-content\/uploads\/2024\/11\/0280071AtakKrakena-wiz.1-3-scaled.jpg\" \/>\n\t<meta property=\"og:image:width\" content=\"2560\" \/>\n\t<meta property=\"og:image:height\" content=\"2560\" \/>\n\t<meta property=\"og:image:type\" content=\"image\/jpeg\" \/>\n<meta name=\"twitter:card\" content=\"summary_large_image\" \/>\n<script type=\"application\/ld+json\" class=\"yoast-schema-graph\">{\"@context\":\"https:\\\/\\\/schema.org\",\"@graph\":[{\"@type\":\"WebPage\",\"@id\":\"https:\\\/\\\/freekids.pl\\\/fr\\\/produkt\\\/ataka-krakena\\\/\",\"url\":\"https:\\\/\\\/freekids.pl\\\/fr\\\/produkt\\\/ataka-krakena\\\/\",\"name\":\"Ensemble Ataka Krakena (Attaque du Kraken) aire de jeux avec cordes et toboggans - Freekids.pl\",\"isPartOf\":{\"@id\":\"https:\\\/\\\/freekids.pl\\\/fr\\\/#website\"},\"primaryImageOfPage\":{\"@id\":\"https:\\\/\\\/freekids.pl\\\/fr\\\/produkt\\\/ataka-krakena\\\/#primaryimage\"},\"image\":{\"@id\":\"https:\\\/\\\/freekids.pl\\\/fr\\\/produkt\\\/ataka-krakena\\\/#primaryimage\"},\"thumbnailUrl\":\"https:\\\/\\\/freekids.pl\\\/wp-content\\\/uploads\\\/2024\\\/11\\\/0280071AtakKrakena-wiz.1-3-scaled.jpg\",\"datePublished\":\"2024-10-23T19:13:35+00:00\",\"dateModified\":\"2025-10-17T12:57:29+00:00\",\"breadcrumb\":{\"@id\":\"https:\\\/\\\/freekids.pl\\\/fr\\\/produkt\\\/ataka-krakena\\\/#breadcrumb\"},\"inLanguage\":\"fr-FR\",\"potentialAction\":[{\"@type\":\"ReadAction\",\"target\":[\"https:\\\/\\\/freekids.pl\\\/fr\\\/produkt\\\/ataka-krakena\\\/\"]}]},{\"@type\":\"ImageObject\",\"inLanguage\":\"fr-FR\",\"@id\":\"https:\\\/\\\/freekids.pl\\\/fr\\\/produkt\\\/ataka-krakena\\\/#primaryimage\",\"url\":\"https:\\\/\\\/freekids.pl\\\/wp-content\\\/uploads\\\/2024\\\/11\\\/0280071AtakKrakena-wiz.1-3-scaled.jpg\",\"contentUrl\":\"https:\\\/\\\/freekids.pl\\\/wp-content\\\/uploads\\\/2024\\\/11\\\/0280071AtakKrakena-wiz.1-3-scaled.jpg\",\"width\":2560,\"height\":2560},{\"@type\":\"BreadcrumbList\",\"@id\":\"https:\\\/\\\/freekids.pl\\\/fr\\\/produkt\\\/ataka-krakena\\\/#breadcrumb\",\"itemListElement\":[{\"@type\":\"ListItem\",\"position\":1,\"name\":\"Strona g\u0142\u00f3wna\",\"item\":\"https:\\\/\\\/freekids.pl\\\/fr\\\/\"},{\"@type\":\"ListItem\",\"position\":2,\"name\":\"Produits\",\"item\":\"https:\\\/\\\/freekids.pl\\\/fr\\\/produits\\\/\"},{\"@type\":\"ListItem\",\"position\":3,\"name\":\"Ataka Krakena\"}]},{\"@type\":\"WebSite\",\"@id\":\"https:\\\/\\\/freekids.pl\\\/fr\\\/#website\",\"url\":\"https:\\\/\\\/freekids.pl\\\/fr\\\/\",\"name\":\"FreeKids Playgrounds | Sport | Urban Furniture\",\"description\":\"Dream it, do it !\",\"potentialAction\":[{\"@type\":\"SearchAction\",\"target\":{\"@type\":\"EntryPoint\",\"urlTemplate\":\"https:\\\/\\\/freekids.pl\\\/fr\\\/?s={search_term_string}\"},\"query-input\":{\"@type\":\"PropertyValueSpecification\",\"valueRequired\":true,\"valueName\":\"search_term_string\"}}],\"inLanguage\":\"fr-FR\"}]}<\/script>\n<!-- \/ Yoast SEO plugin. -->","yoast_head_json":{"title":"Ensemble Ataka Krakena (Attaque du Kraken) aire de jeux avec cordes et toboggans - Freekids.pl","robots":{"index":"index","follow":"follow","max-snippet":"max-snippet:-1","max-image-preview":"max-image-preview:large","max-video-preview":"max-video-preview:-1"},"canonical":"https:\/\/freekids.pl\/fr\/produkt\/ataka-krakena\/","og_locale":"fr_FR","og_type":"article","og_title":"Ensemble Ataka Krakena (Attaque du Kraken) aire de jeux avec cordes et toboggans - Freekids.pl","og_description":"Dispositif compos\u00e9 d'un Kraken et d'un navire en train de couler. Dispositif en forme de Kraken construit sur un plan circulaire avec 4 paires de tentacules. Les tentacules sont constitu\u00e9es de segments mont\u00e9s sur ressorts et reli\u00e9s entre eux par des cordes. La t\u00eate du kraken est \u00e9quip\u00e9e d'un toboggan tubulaire en acier inoxydable, de plates-formes, de filets et de cordes spatiales. Dispositif en forme de navire coul\u00e9, compos\u00e9 d'une partie avant facilement accessible, d'une partie arri\u00e8re difficile d'acc\u00e8s, de plates-formes sur ressorts en forme de requin et de d\u00e9bris de navire, ainsi que d'un filet imitant un m\u00e2t renvers\u00e9. La partie avant est \u00e9quip\u00e9e d'un escalier, d'un mur d'escalade inclin\u00e9, d'un toboggan et d'un filet. La partie arri\u00e8re est enti\u00e8rement construite \u00e0 un angle de 20 degr\u00e9s. Toutes les passerelles et les poteaux doivent \u00eatre construits \u00e0 un angle imitant un navire en train de couler. De plus, l'\u00e9quipement doit comprendre de nombreux filets en corde, une roue \u00e0 gouverner et des canons mobiles.","og_url":"https:\/\/freekids.pl\/fr\/produkt\/ataka-krakena\/","og_site_name":"FreeKids Playgrounds | Sport | Urban Furniture","article_modified_time":"2025-10-17T12:57:29+00:00","og_image":[{"width":2560,"height":2560,"url":"https:\/\/freekids.pl\/wp-content\/uploads\/2024\/11\/0280071AtakKrakena-wiz.1-3-scaled.jpg","type":"image\/jpeg"}],"twitter_card":"summary_large_image","schema":{"@context":"https:\/\/schema.org","@graph":[{"@type":"WebPage","@id":"https:\/\/freekids.pl\/fr\/produkt\/ataka-krakena\/","url":"https:\/\/freekids.pl\/fr\/produkt\/ataka-krakena\/","name":"Ensemble Ataka Krakena (Attaque du Kraken) aire de jeux avec cordes et toboggans - Freekids.pl","isPartOf":{"@id":"https:\/\/freekids.pl\/fr\/#website"},"primaryImageOfPage":{"@id":"https:\/\/freekids.pl\/fr\/produkt\/ataka-krakena\/#primaryimage"},"image":{"@id":"https:\/\/freekids.pl\/fr\/produkt\/ataka-krakena\/#primaryimage"},"thumbnailUrl":"https:\/\/freekids.pl\/wp-content\/uploads\/2024\/11\/0280071AtakKrakena-wiz.1-3-scaled.jpg","datePublished":"2024-10-23T19:13:35+00:00","dateModified":"2025-10-17T12:57:29+00:00","breadcrumb":{"@id":"https:\/\/freekids.pl\/fr\/produkt\/ataka-krakena\/#breadcrumb"},"inLanguage":"fr-FR","potentialAction":[{"@type":"ReadAction","target":["https:\/\/freekids.pl\/fr\/produkt\/ataka-krakena\/"]}]},{"@type":"ImageObject","inLanguage":"fr-FR","@id":"https:\/\/freekids.pl\/fr\/produkt\/ataka-krakena\/#primaryimage","url":"https:\/\/freekids.pl\/wp-content\/uploads\/2024\/11\/0280071AtakKrakena-wiz.1-3-scaled.jpg","contentUrl":"https:\/\/freekids.pl\/wp-content\/uploads\/2024\/11\/0280071AtakKrakena-wiz.1-3-scaled.jpg","width":2560,"height":2560},{"@type":"BreadcrumbList","@id":"https:\/\/freekids.pl\/fr\/produkt\/ataka-krakena\/#breadcrumb","itemListElement":[{"@type":"ListItem","position":1,"name":"Strona g\u0142\u00f3wna","item":"https:\/\/freekids.pl\/fr\/"},{"@type":"ListItem","position":2,"name":"Produits","item":"https:\/\/freekids.pl\/fr\/produits\/"},{"@type":"ListItem","position":3,"name":"Ataka Krakena"}]},{"@type":"WebSite","@id":"https:\/\/freekids.pl\/fr\/#website","url":"https:\/\/freekids.pl\/fr\/","name":"FreeKids Playgrounds | Sport | Urban Furniture","description":"Dream it, do it !","potentialAction":[{"@type":"SearchAction","target":{"@type":"EntryPoint","urlTemplate":"https:\/\/freekids.pl\/fr\/?s={search_term_string}"},"query-input":{"@type":"PropertyValueSpecification","valueRequired":true,"valueName":"search_term_string"}}],"inLanguage":"fr-FR"}]}},"_links":{"self":[{"href":"https:\/\/freekids.pl\/fr\/wp-json\/wp\/v2\/product\/191966","targetHints":{"allow":["GET"]}}],"collection":[{"href":"https:\/\/freekids.pl\/fr\/wp-json\/wp\/v2\/product"}],"about":[{"href":"https:\/\/freekids.pl\/fr\/wp-json\/wp\/v2\/types\/product"}],"wp:featuredmedia":[{"embeddable":true,"href":"https:\/\/freekids.pl\/fr\/wp-json\/wp\/v2\/media\/170748"}],"wp:attachment":[{"href":"https:\/\/freekids.pl\/fr\/wp-json\/wp\/v2\/media?parent=191966"}],"wp:term":[{"taxonomy":"product_cat","embeddable":true,"href":"https:\/\/freekids.pl\/fr\/wp-json\/wp\/v2\/product_cat?post=191966"},{"taxonomy":"product_tag","embeddable":true,"href":"https:\/\/freekids.pl\/fr\/wp-json\/wp\/v2\/product_tag?post=191966"}],"curies":[{"name":"wp","href":"https:\/\/api.w.org\/{rel}","templated":true}]}}