{"id":192021,"date":"2024-10-23T21:12:31","date_gmt":"2024-10-23T19:12:31","guid":{"rendered":"https:\/\/freekids.pl\/produkt\/max-3\/"},"modified":"2025-10-17T14:57:28","modified_gmt":"2025-10-17T12:57:28","slug":"max-3","status":"publish","type":"product","link":"https:\/\/freekids.pl\/fr\/produkt\/max-3\/","title":{"rendered":"MAX 3"},"content":{"rendered":"","protected":false},"excerpt":{"rendered":"<p>Structure en forme de tour d&rsquo;observation entour\u00e9e de toboggans tubulaires avec diff\u00e9rentes formes d&rsquo;entr\u00e9es \u00e0 l&rsquo;int\u00e9rieur. Une paroi sur deux est en t\u00f4le perfor\u00e9e, ce qui permet de voir les enfants \u00e0 l&rsquo;int\u00e9rieur de l&rsquo;installation et assure une bonne ventilation. Les points d&rsquo;observation situ\u00e9s au sommet de l&rsquo;installation sont \u00e9largis par rapport \u00e0 la base, ce qui offre une meilleure visibilit\u00e9. Le passage vertical central est con\u00e7u de mani\u00e8re \u00e0 permettre \u00e0 un adulte de descendre un enfant depuis le sommet.   <\/p>\n<div id=\"highlighter--hover-tools\" style=\"display: none;\">\n<div id=\"highlighter--hover-tools--container\">\n<div class=\"highlighter--icon highlighter--icon-copy\" title=\"Copie\"><\/div>\n<div class=\"highlighter--icon highlighter--icon-change-color\" title=\"Changer de couleur\"><\/div>\n<div class=\"highlighter--icon highlighter--icon-delete\" title=\"Supprimer\"><\/div>\n<\/div>\n<\/div>\n","protected":false},"featured_media":171469,"template":"","meta":{"_acf_changed":false},"product_cat":[553,480,756],"product_tag":[],"class_list":{"0":"post-192021","1":"product","2":"type-product","3":"status-publish","4":"has-post-thumbnail","6":"product_series-max-fr","7":"product_group-original-fr","8":"product_cat-ensembles-multifonctionnels","9":"product_cat-terrains-de-jeux","10":"product_cat-wysokie-konstrukcje-fr","12":"first","13":"outofstock","14":"shipping-taxable","15":"purchasable","16":"product-type-simple"},"acf":[],"yoast_head":"<!-- This site is optimized with the Yoast SEO plugin v27.4 - https:\/\/yoast.com\/product\/yoast-seo-wordpress\/ -->\n<title>Ensemble MAX 3 aire de jeux avec toboggans - Freekids.pl<\/title>\n<meta name=\"robots\" content=\"index, follow, max-snippet:-1, max-image-preview:large, max-video-preview:-1\" \/>\n<link rel=\"canonical\" href=\"https:\/\/freekids.pl\/fr\/produkt\/max-3\/\" \/>\n<meta property=\"og:locale\" content=\"fr_FR\" \/>\n<meta property=\"og:type\" content=\"article\" \/>\n<meta property=\"og:title\" content=\"Ensemble MAX 3 aire de jeux avec toboggans - Freekids.pl\" \/>\n<meta property=\"og:description\" content=\"Structure en forme de tour d&#039;observation entour\u00e9e de toboggans tubulaires avec diff\u00e9rentes formes d&#039;entr\u00e9es \u00e0 l&#039;int\u00e9rieur. Une paroi sur deux est en t\u00f4le perfor\u00e9e, ce qui permet de voir les enfants \u00e0 l&#039;int\u00e9rieur de l&#039;installation et assure une bonne ventilation. Les points d&#039;observation situ\u00e9s au sommet de l&#039;installation sont \u00e9largis par rapport \u00e0 la base, ce qui offre une meilleure visibilit\u00e9. Le passage vertical central est con\u00e7u de mani\u00e8re \u00e0 permettre \u00e0 un adulte de descendre un enfant depuis le sommet.\" \/>\n<meta property=\"og:url\" content=\"https:\/\/freekids.pl\/fr\/produkt\/max-3\/\" \/>\n<meta property=\"og:site_name\" content=\"FreeKids Playgrounds | Sport | Urban Furniture\" \/>\n<meta property=\"article:modified_time\" content=\"2025-10-17T12:57:28+00:00\" \/>\n<meta property=\"og:image\" content=\"https:\/\/freekids.pl\/wp-content\/uploads\/2025\/01\/0370003_max_nord3_-wiz.1.jpg\" \/>\n\t<meta property=\"og:image:width\" content=\"2000\" \/>\n\t<meta property=\"og:image:height\" content=\"2000\" \/>\n\t<meta property=\"og:image:type\" content=\"image\/jpeg\" \/>\n<meta name=\"twitter:card\" content=\"summary_large_image\" \/>\n<script type=\"application\/ld+json\" class=\"yoast-schema-graph\">{\"@context\":\"https:\\\/\\\/schema.org\",\"@graph\":[{\"@type\":\"WebPage\",\"@id\":\"https:\\\/\\\/freekids.pl\\\/fr\\\/produkt\\\/max-3\\\/\",\"url\":\"https:\\\/\\\/freekids.pl\\\/fr\\\/produkt\\\/max-3\\\/\",\"name\":\"Ensemble MAX 3 aire de jeux avec toboggans - Freekids.pl\",\"isPartOf\":{\"@id\":\"https:\\\/\\\/freekids.pl\\\/fr\\\/#website\"},\"primaryImageOfPage\":{\"@id\":\"https:\\\/\\\/freekids.pl\\\/fr\\\/produkt\\\/max-3\\\/#primaryimage\"},\"image\":{\"@id\":\"https:\\\/\\\/freekids.pl\\\/fr\\\/produkt\\\/max-3\\\/#primaryimage\"},\"thumbnailUrl\":\"https:\\\/\\\/freekids.pl\\\/wp-content\\\/uploads\\\/2025\\\/01\\\/0370003_max_nord3_-wiz.2.jpg\",\"datePublished\":\"2024-10-23T19:12:31+00:00\",\"dateModified\":\"2025-10-17T12:57:28+00:00\",\"breadcrumb\":{\"@id\":\"https:\\\/\\\/freekids.pl\\\/fr\\\/produkt\\\/max-3\\\/#breadcrumb\"},\"inLanguage\":\"fr-FR\",\"potentialAction\":[{\"@type\":\"ReadAction\",\"target\":[\"https:\\\/\\\/freekids.pl\\\/fr\\\/produkt\\\/max-3\\\/\"]}]},{\"@type\":\"ImageObject\",\"inLanguage\":\"fr-FR\",\"@id\":\"https:\\\/\\\/freekids.pl\\\/fr\\\/produkt\\\/max-3\\\/#primaryimage\",\"url\":\"https:\\\/\\\/freekids.pl\\\/wp-content\\\/uploads\\\/2025\\\/01\\\/0370003_max_nord3_-wiz.2.jpg\",\"contentUrl\":\"https:\\\/\\\/freekids.pl\\\/wp-content\\\/uploads\\\/2025\\\/01\\\/0370003_max_nord3_-wiz.2.jpg\",\"width\":2000,\"height\":2000},{\"@type\":\"BreadcrumbList\",\"@id\":\"https:\\\/\\\/freekids.pl\\\/fr\\\/produkt\\\/max-3\\\/#breadcrumb\",\"itemListElement\":[{\"@type\":\"ListItem\",\"position\":1,\"name\":\"Strona g\u0142\u00f3wna\",\"item\":\"https:\\\/\\\/freekids.pl\\\/fr\\\/\"},{\"@type\":\"ListItem\",\"position\":2,\"name\":\"Produits\",\"item\":\"https:\\\/\\\/freekids.pl\\\/fr\\\/produits\\\/\"},{\"@type\":\"ListItem\",\"position\":3,\"name\":\"MAX 3\"}]},{\"@type\":\"WebSite\",\"@id\":\"https:\\\/\\\/freekids.pl\\\/fr\\\/#website\",\"url\":\"https:\\\/\\\/freekids.pl\\\/fr\\\/\",\"name\":\"FreeKids Playgrounds | Sport | Urban Furniture\",\"description\":\"Dream it, do it !\",\"potentialAction\":[{\"@type\":\"SearchAction\",\"target\":{\"@type\":\"EntryPoint\",\"urlTemplate\":\"https:\\\/\\\/freekids.pl\\\/fr\\\/?s={search_term_string}\"},\"query-input\":{\"@type\":\"PropertyValueSpecification\",\"valueRequired\":true,\"valueName\":\"search_term_string\"}}],\"inLanguage\":\"fr-FR\"}]}<\/script>\n<!-- \/ Yoast SEO plugin. -->","yoast_head_json":{"title":"Ensemble MAX 3 aire de jeux avec toboggans - Freekids.pl","robots":{"index":"index","follow":"follow","max-snippet":"max-snippet:-1","max-image-preview":"max-image-preview:large","max-video-preview":"max-video-preview:-1"},"canonical":"https:\/\/freekids.pl\/fr\/produkt\/max-3\/","og_locale":"fr_FR","og_type":"article","og_title":"Ensemble MAX 3 aire de jeux avec toboggans - Freekids.pl","og_description":"Structure en forme de tour d'observation entour\u00e9e de toboggans tubulaires avec diff\u00e9rentes formes d'entr\u00e9es \u00e0 l'int\u00e9rieur. Une paroi sur deux est en t\u00f4le perfor\u00e9e, ce qui permet de voir les enfants \u00e0 l'int\u00e9rieur de l'installation et assure une bonne ventilation. Les points d'observation situ\u00e9s au sommet de l'installation sont \u00e9largis par rapport \u00e0 la base, ce qui offre une meilleure visibilit\u00e9. Le passage vertical central est con\u00e7u de mani\u00e8re \u00e0 permettre \u00e0 un adulte de descendre un enfant depuis le sommet.","og_url":"https:\/\/freekids.pl\/fr\/produkt\/max-3\/","og_site_name":"FreeKids Playgrounds | Sport | Urban Furniture","article_modified_time":"2025-10-17T12:57:28+00:00","og_image":[{"width":2000,"height":2000,"url":"https:\/\/freekids.pl\/wp-content\/uploads\/2025\/01\/0370003_max_nord3_-wiz.1.jpg","type":"image\/jpeg"}],"twitter_card":"summary_large_image","schema":{"@context":"https:\/\/schema.org","@graph":[{"@type":"WebPage","@id":"https:\/\/freekids.pl\/fr\/produkt\/max-3\/","url":"https:\/\/freekids.pl\/fr\/produkt\/max-3\/","name":"Ensemble MAX 3 aire de jeux avec toboggans - Freekids.pl","isPartOf":{"@id":"https:\/\/freekids.pl\/fr\/#website"},"primaryImageOfPage":{"@id":"https:\/\/freekids.pl\/fr\/produkt\/max-3\/#primaryimage"},"image":{"@id":"https:\/\/freekids.pl\/fr\/produkt\/max-3\/#primaryimage"},"thumbnailUrl":"https:\/\/freekids.pl\/wp-content\/uploads\/2025\/01\/0370003_max_nord3_-wiz.2.jpg","datePublished":"2024-10-23T19:12:31+00:00","dateModified":"2025-10-17T12:57:28+00:00","breadcrumb":{"@id":"https:\/\/freekids.pl\/fr\/produkt\/max-3\/#breadcrumb"},"inLanguage":"fr-FR","potentialAction":[{"@type":"ReadAction","target":["https:\/\/freekids.pl\/fr\/produkt\/max-3\/"]}]},{"@type":"ImageObject","inLanguage":"fr-FR","@id":"https:\/\/freekids.pl\/fr\/produkt\/max-3\/#primaryimage","url":"https:\/\/freekids.pl\/wp-content\/uploads\/2025\/01\/0370003_max_nord3_-wiz.2.jpg","contentUrl":"https:\/\/freekids.pl\/wp-content\/uploads\/2025\/01\/0370003_max_nord3_-wiz.2.jpg","width":2000,"height":2000},{"@type":"BreadcrumbList","@id":"https:\/\/freekids.pl\/fr\/produkt\/max-3\/#breadcrumb","itemListElement":[{"@type":"ListItem","position":1,"name":"Strona g\u0142\u00f3wna","item":"https:\/\/freekids.pl\/fr\/"},{"@type":"ListItem","position":2,"name":"Produits","item":"https:\/\/freekids.pl\/fr\/produits\/"},{"@type":"ListItem","position":3,"name":"MAX 3"}]},{"@type":"WebSite","@id":"https:\/\/freekids.pl\/fr\/#website","url":"https:\/\/freekids.pl\/fr\/","name":"FreeKids Playgrounds | Sport | Urban Furniture","description":"Dream it, do it !","potentialAction":[{"@type":"SearchAction","target":{"@type":"EntryPoint","urlTemplate":"https:\/\/freekids.pl\/fr\/?s={search_term_string}"},"query-input":{"@type":"PropertyValueSpecification","valueRequired":true,"valueName":"search_term_string"}}],"inLanguage":"fr-FR"}]}},"_links":{"self":[{"href":"https:\/\/freekids.pl\/fr\/wp-json\/wp\/v2\/product\/192021","targetHints":{"allow":["GET"]}}],"collection":[{"href":"https:\/\/freekids.pl\/fr\/wp-json\/wp\/v2\/product"}],"about":[{"href":"https:\/\/freekids.pl\/fr\/wp-json\/wp\/v2\/types\/product"}],"wp:featuredmedia":[{"embeddable":true,"href":"https:\/\/freekids.pl\/fr\/wp-json\/wp\/v2\/media\/171469"}],"wp:attachment":[{"href":"https:\/\/freekids.pl\/fr\/wp-json\/wp\/v2\/media?parent=192021"}],"wp:term":[{"taxonomy":"product_cat","embeddable":true,"href":"https:\/\/freekids.pl\/fr\/wp-json\/wp\/v2\/product_cat?post=192021"},{"taxonomy":"product_tag","embeddable":true,"href":"https:\/\/freekids.pl\/fr\/wp-json\/wp\/v2\/product_tag?post=192021"}],"curies":[{"name":"wp","href":"https:\/\/api.w.org\/{rel}","templated":true}]}}