{"id":192543,"date":"2024-10-23T22:16:32","date_gmt":"2024-10-23T20:16:32","guid":{"rendered":"https:\/\/freekids.pl\/produkt\/panneau-de-commande-avec-horloge-pour-aire-de-jeux\/"},"modified":"2025-10-20T10:43:14","modified_gmt":"2025-10-20T08:43:14","slug":"panneau-de-commande-avec-horloge-pour-aire-de-jeux","status":"publish","type":"product","link":"https:\/\/freekids.pl\/fr\/produkt\/panneau-de-commande-avec-horloge-pour-aire-de-jeux\/","title":{"rendered":"Panneau de commande avec horloge pour aire de jeux"},"content":{"rendered":"","protected":false},"excerpt":{"rendered":"<p><span data-sheets-root=\"1\">Dispositif mont\u00e9 sur des poteaux ronds en acier. Poteaux termin\u00e9s par des capuchons sph\u00e9riques en caoutchouc. Panneaux de commande d&rsquo;au moins 100 x 70 cm.  <\/span><\/p>\n<div id=\"highlighter--hover-tools\" style=\"display: none;\">\n<div id=\"highlighter--hover-tools--container\">\n<div class=\"highlighter--icon highlighter--icon-copy\" title=\"Copie\"><\/div>\n<div class=\"highlighter--icon highlighter--icon-change-color\" title=\"Changer de couleur\"><\/div>\n<div class=\"highlighter--icon highlighter--icon-delete\" title=\"Supprimer\"><\/div>\n<\/div>\n<\/div>\n","protected":false},"featured_media":173220,"template":"","meta":{"_acf_changed":false},"product_cat":[535,480],"product_tag":[722],"class_list":{"0":"post-192543","1":"product","2":"type-product","3":"status-publish","4":"has-post-thumbnail","6":"product_series-elipso-fr","7":"product_group-metal-fr","8":"product_cat-tableaux-pedagogiques","9":"product_cat-terrains-de-jeux","10":"product_tag-inclusivite","12":"first","13":"outofstock","14":"shipping-taxable","15":"purchasable","16":"product-type-simple"},"acf":[],"yoast_head":"<!-- This site is optimized with the Yoast SEO plugin v26.4 - https:\/\/yoast.com\/wordpress\/plugins\/seo\/ -->\n<title>Panneau de commande avec horloge pour aire de jeux - Freekids.pl<\/title>\n<meta name=\"robots\" content=\"index, follow, max-snippet:-1, max-image-preview:large, max-video-preview:-1\" \/>\n<link rel=\"canonical\" href=\"https:\/\/freekids.pl\/fr\/produkt\/panneau-de-commande-avec-horloge-pour-aire-de-jeux\/\" \/>\n<meta property=\"og:locale\" content=\"fr_FR\" \/>\n<meta property=\"og:type\" content=\"article\" \/>\n<meta property=\"og:title\" content=\"Panneau de commande avec horloge pour aire de jeux - Freekids.pl\" \/>\n<meta property=\"og:description\" content=\"Dispositif mont\u00e9 sur des poteaux ronds en acier. Poteaux termin\u00e9s par des capuchons sph\u00e9riques en caoutchouc. Panneaux de commande d&#039;au moins 100 x 70 cm.\" \/>\n<meta property=\"og:url\" content=\"https:\/\/freekids.pl\/fr\/produkt\/panneau-de-commande-avec-horloge-pour-aire-de-jeux\/\" \/>\n<meta property=\"og:site_name\" content=\"FreeKids Playgrounds | Sport | Urban Furniture\" \/>\n<meta property=\"article:modified_time\" content=\"2025-10-20T08:43:14+00:00\" \/>\n<meta property=\"og:image\" content=\"https:\/\/freekids.pl\/wp-content\/uploads\/2025\/01\/0094008_zegar-_wiz.1.jpg-scaled.jpg\" \/>\n\t<meta property=\"og:image:width\" content=\"2560\" \/>\n\t<meta property=\"og:image:height\" content=\"1642\" \/>\n\t<meta property=\"og:image:type\" content=\"image\/jpeg\" \/>\n<meta name=\"twitter:card\" content=\"summary_large_image\" \/>\n<script type=\"application\/ld+json\" class=\"yoast-schema-graph\">{\"@context\":\"https:\/\/schema.org\",\"@graph\":[{\"@type\":\"WebPage\",\"@id\":\"https:\/\/freekids.pl\/fr\/produkt\/panneau-de-commande-avec-horloge-pour-aire-de-jeux\/\",\"url\":\"https:\/\/freekids.pl\/fr\/produkt\/panneau-de-commande-avec-horloge-pour-aire-de-jeux\/\",\"name\":\"Panneau de commande avec horloge pour aire de jeux - Freekids.pl\",\"isPartOf\":{\"@id\":\"https:\/\/freekids.pl\/fr\/#website\"},\"primaryImageOfPage\":{\"@id\":\"https:\/\/freekids.pl\/fr\/produkt\/panneau-de-commande-avec-horloge-pour-aire-de-jeux\/#primaryimage\"},\"image\":{\"@id\":\"https:\/\/freekids.pl\/fr\/produkt\/panneau-de-commande-avec-horloge-pour-aire-de-jeux\/#primaryimage\"},\"thumbnailUrl\":\"https:\/\/freekids.pl\/wp-content\/uploads\/2025\/01\/0094008_zegar-_wiz.1.jpg-scaled.jpg\",\"datePublished\":\"2024-10-23T20:16:32+00:00\",\"dateModified\":\"2025-10-20T08:43:14+00:00\",\"breadcrumb\":{\"@id\":\"https:\/\/freekids.pl\/fr\/produkt\/panneau-de-commande-avec-horloge-pour-aire-de-jeux\/#breadcrumb\"},\"inLanguage\":\"fr-FR\",\"potentialAction\":[{\"@type\":\"ReadAction\",\"target\":[\"https:\/\/freekids.pl\/fr\/produkt\/panneau-de-commande-avec-horloge-pour-aire-de-jeux\/\"]}]},{\"@type\":\"ImageObject\",\"inLanguage\":\"fr-FR\",\"@id\":\"https:\/\/freekids.pl\/fr\/produkt\/panneau-de-commande-avec-horloge-pour-aire-de-jeux\/#primaryimage\",\"url\":\"https:\/\/freekids.pl\/wp-content\/uploads\/2025\/01\/0094008_zegar-_wiz.1.jpg-scaled.jpg\",\"contentUrl\":\"https:\/\/freekids.pl\/wp-content\/uploads\/2025\/01\/0094008_zegar-_wiz.1.jpg-scaled.jpg\",\"width\":2560,\"height\":1642},{\"@type\":\"BreadcrumbList\",\"@id\":\"https:\/\/freekids.pl\/fr\/produkt\/panneau-de-commande-avec-horloge-pour-aire-de-jeux\/#breadcrumb\",\"itemListElement\":[{\"@type\":\"ListItem\",\"position\":1,\"name\":\"Strona g\u0142\u00f3wna\",\"item\":\"https:\/\/freekids.pl\/fr\/\"},{\"@type\":\"ListItem\",\"position\":2,\"name\":\"Produits\",\"item\":\"https:\/\/freekids.pl\/fr\/produits\/\"},{\"@type\":\"ListItem\",\"position\":3,\"name\":\"Panneau de commande avec horloge pour aire de jeux\"}]},{\"@type\":\"WebSite\",\"@id\":\"https:\/\/freekids.pl\/fr\/#website\",\"url\":\"https:\/\/freekids.pl\/fr\/\",\"name\":\"FreeKids Playgrounds | Sport | Urban Furniture\",\"description\":\"Dream it, do it !\",\"potentialAction\":[{\"@type\":\"SearchAction\",\"target\":{\"@type\":\"EntryPoint\",\"urlTemplate\":\"https:\/\/freekids.pl\/fr\/?s={search_term_string}\"},\"query-input\":{\"@type\":\"PropertyValueSpecification\",\"valueRequired\":true,\"valueName\":\"search_term_string\"}}],\"inLanguage\":\"fr-FR\"}]}<\/script>\n<!-- \/ Yoast SEO plugin. -->","yoast_head_json":{"title":"Panneau de commande avec horloge pour aire de jeux - Freekids.pl","robots":{"index":"index","follow":"follow","max-snippet":"max-snippet:-1","max-image-preview":"max-image-preview:large","max-video-preview":"max-video-preview:-1"},"canonical":"https:\/\/freekids.pl\/fr\/produkt\/panneau-de-commande-avec-horloge-pour-aire-de-jeux\/","og_locale":"fr_FR","og_type":"article","og_title":"Panneau de commande avec horloge pour aire de jeux - Freekids.pl","og_description":"Dispositif mont\u00e9 sur des poteaux ronds en acier. Poteaux termin\u00e9s par des capuchons sph\u00e9riques en caoutchouc. Panneaux de commande d'au moins 100 x 70 cm.","og_url":"https:\/\/freekids.pl\/fr\/produkt\/panneau-de-commande-avec-horloge-pour-aire-de-jeux\/","og_site_name":"FreeKids Playgrounds | Sport | Urban Furniture","article_modified_time":"2025-10-20T08:43:14+00:00","og_image":[{"width":2560,"height":1642,"url":"https:\/\/freekids.pl\/wp-content\/uploads\/2025\/01\/0094008_zegar-_wiz.1.jpg-scaled.jpg","type":"image\/jpeg"}],"twitter_card":"summary_large_image","schema":{"@context":"https:\/\/schema.org","@graph":[{"@type":"WebPage","@id":"https:\/\/freekids.pl\/fr\/produkt\/panneau-de-commande-avec-horloge-pour-aire-de-jeux\/","url":"https:\/\/freekids.pl\/fr\/produkt\/panneau-de-commande-avec-horloge-pour-aire-de-jeux\/","name":"Panneau de commande avec horloge pour aire de jeux - Freekids.pl","isPartOf":{"@id":"https:\/\/freekids.pl\/fr\/#website"},"primaryImageOfPage":{"@id":"https:\/\/freekids.pl\/fr\/produkt\/panneau-de-commande-avec-horloge-pour-aire-de-jeux\/#primaryimage"},"image":{"@id":"https:\/\/freekids.pl\/fr\/produkt\/panneau-de-commande-avec-horloge-pour-aire-de-jeux\/#primaryimage"},"thumbnailUrl":"https:\/\/freekids.pl\/wp-content\/uploads\/2025\/01\/0094008_zegar-_wiz.1.jpg-scaled.jpg","datePublished":"2024-10-23T20:16:32+00:00","dateModified":"2025-10-20T08:43:14+00:00","breadcrumb":{"@id":"https:\/\/freekids.pl\/fr\/produkt\/panneau-de-commande-avec-horloge-pour-aire-de-jeux\/#breadcrumb"},"inLanguage":"fr-FR","potentialAction":[{"@type":"ReadAction","target":["https:\/\/freekids.pl\/fr\/produkt\/panneau-de-commande-avec-horloge-pour-aire-de-jeux\/"]}]},{"@type":"ImageObject","inLanguage":"fr-FR","@id":"https:\/\/freekids.pl\/fr\/produkt\/panneau-de-commande-avec-horloge-pour-aire-de-jeux\/#primaryimage","url":"https:\/\/freekids.pl\/wp-content\/uploads\/2025\/01\/0094008_zegar-_wiz.1.jpg-scaled.jpg","contentUrl":"https:\/\/freekids.pl\/wp-content\/uploads\/2025\/01\/0094008_zegar-_wiz.1.jpg-scaled.jpg","width":2560,"height":1642},{"@type":"BreadcrumbList","@id":"https:\/\/freekids.pl\/fr\/produkt\/panneau-de-commande-avec-horloge-pour-aire-de-jeux\/#breadcrumb","itemListElement":[{"@type":"ListItem","position":1,"name":"Strona g\u0142\u00f3wna","item":"https:\/\/freekids.pl\/fr\/"},{"@type":"ListItem","position":2,"name":"Produits","item":"https:\/\/freekids.pl\/fr\/produits\/"},{"@type":"ListItem","position":3,"name":"Panneau de commande avec horloge pour aire de jeux"}]},{"@type":"WebSite","@id":"https:\/\/freekids.pl\/fr\/#website","url":"https:\/\/freekids.pl\/fr\/","name":"FreeKids Playgrounds | Sport | Urban Furniture","description":"Dream it, do it !","potentialAction":[{"@type":"SearchAction","target":{"@type":"EntryPoint","urlTemplate":"https:\/\/freekids.pl\/fr\/?s={search_term_string}"},"query-input":{"@type":"PropertyValueSpecification","valueRequired":true,"valueName":"search_term_string"}}],"inLanguage":"fr-FR"}]}},"_links":{"self":[{"href":"https:\/\/freekids.pl\/fr\/wp-json\/wp\/v2\/product\/192543","targetHints":{"allow":["GET"]}}],"collection":[{"href":"https:\/\/freekids.pl\/fr\/wp-json\/wp\/v2\/product"}],"about":[{"href":"https:\/\/freekids.pl\/fr\/wp-json\/wp\/v2\/types\/product"}],"wp:featuredmedia":[{"embeddable":true,"href":"https:\/\/freekids.pl\/fr\/wp-json\/wp\/v2\/media\/173220"}],"wp:attachment":[{"href":"https:\/\/freekids.pl\/fr\/wp-json\/wp\/v2\/media?parent=192543"}],"wp:term":[{"taxonomy":"product_cat","embeddable":true,"href":"https:\/\/freekids.pl\/fr\/wp-json\/wp\/v2\/product_cat?post=192543"},{"taxonomy":"product_tag","embeddable":true,"href":"https:\/\/freekids.pl\/fr\/wp-json\/wp\/v2\/product_tag?post=192543"}],"curies":[{"name":"wp","href":"https:\/\/api.w.org\/{rel}","templated":true}]}}