{"id":192553,"date":"2025-01-18T22:04:18","date_gmt":"2025-01-18T21:04:18","guid":{"rendered":"https:\/\/freekids.pl\/produkt\/atelier\/"},"modified":"2025-10-21T07:42:21","modified_gmt":"2025-10-21T05:42:21","slug":"atelier","status":"publish","type":"product","link":"https:\/\/freekids.pl\/fr\/produkt\/atelier\/","title":{"rendered":"Atelier"},"content":{"rendered":"","protected":false},"excerpt":{"rendered":"<p>Appareil en forme de maison \u00e0 deux niveaux avec des murs inclin\u00e9s et un toit \u00e0 deux versants, \u00e9quip\u00e9 d&rsquo;un escalier, une rampe, des imitations d&rsquo;outils, des roues de secours, une voiture sur un pont \u00e9l\u00e9vateur avec une imitation de moteur, un volant rotatif, un compresseur avec des pinces et un distributeur de carburant autonome avec un tuyau en forme de corde pour faire le plein de la voiture.<\/p>\n<div id=\"highlighter--hover-tools\" style=\"display: none;\">\n<div id=\"highlighter--hover-tools--container\">\n<div class=\"highlighter--icon highlighter--icon-copy\" title=\"Copie\"><\/div>\n<div class=\"highlighter--icon highlighter--icon-change-color\" title=\"Changer de couleur\"><\/div>\n<div class=\"highlighter--icon highlighter--icon-delete\" title=\"Supprimer\"><\/div>\n<\/div>\n<\/div>\n","protected":false},"featured_media":172030,"template":"","meta":{"_acf_changed":false,"ep_exclude_from_search":false},"product_cat":[475,495,480,732],"product_tag":[722],"class_list":{"0":"post-192553","1":"product","2":"type-product","3":"status-publish","4":"has-post-thumbnail","6":"product_series-mini-city-fr","7":"product_group-original-fr","8":"product_cat-aucune-categorie","9":"product_cat-chalets","10":"product_cat-terrains-de-jeux","11":"product_cat-integrative-fr","12":"product_tag-inclusivite","14":"first","15":"instock","16":"shipping-taxable","17":"purchasable","18":"product-type-simple"},"acf":[],"yoast_head":"<!-- This site is optimized with the Yoast SEO plugin v27.4 - https:\/\/yoast.com\/product\/yoast-seo-wordpress\/ -->\n<title>Atelier maison pour aire de jeux - Freekids.pl<\/title>\n<meta name=\"robots\" content=\"index, follow, max-snippet:-1, max-image-preview:large, max-video-preview:-1\" \/>\n<link rel=\"canonical\" href=\"https:\/\/freekids.pl\/fr\/produkt\/atelier\/\" \/>\n<meta property=\"og:locale\" content=\"fr_FR\" \/>\n<meta property=\"og:type\" content=\"article\" \/>\n<meta property=\"og:title\" content=\"Atelier maison pour aire de jeux - Freekids.pl\" \/>\n<meta property=\"og:description\" content=\"Appareil en forme de maison \u00e0 deux niveaux avec des murs inclin\u00e9s et un toit \u00e0 deux versants, \u00e9quip\u00e9 d&#039;un escalier, une rampe, des imitations d&#039;outils, des roues de secours, une voiture sur un pont \u00e9l\u00e9vateur avec une imitation de moteur, un volant rotatif, un compresseur avec des pinces et un distributeur de carburant autonome avec un tuyau en forme de corde pour faire le plein de la voiture.\" \/>\n<meta property=\"og:url\" content=\"https:\/\/freekids.pl\/fr\/produkt\/atelier\/\" \/>\n<meta property=\"og:site_name\" content=\"FreeKids Playgrounds | Sport | Urban Furniture\" \/>\n<meta property=\"article:modified_time\" content=\"2025-10-21T05:42:21+00:00\" \/>\n<meta property=\"og:image\" content=\"https:\/\/freekids.pl\/wp-content\/uploads\/2025\/01\/0210010_warsztat_-_wiz.1-scaled.jpg\" \/>\n\t<meta property=\"og:image:width\" content=\"2560\" \/>\n\t<meta property=\"og:image:height\" content=\"2005\" \/>\n\t<meta property=\"og:image:type\" content=\"image\/jpeg\" \/>\n<meta name=\"twitter:card\" content=\"summary_large_image\" \/>\n<script type=\"application\/ld+json\" class=\"yoast-schema-graph\">{\"@context\":\"https:\\\/\\\/schema.org\",\"@graph\":[{\"@type\":\"WebPage\",\"@id\":\"https:\\\/\\\/freekids.pl\\\/fr\\\/produkt\\\/atelier\\\/\",\"url\":\"https:\\\/\\\/freekids.pl\\\/fr\\\/produkt\\\/atelier\\\/\",\"name\":\"Atelier maison pour aire de jeux - Freekids.pl\",\"isPartOf\":{\"@id\":\"https:\\\/\\\/freekids.pl\\\/fr\\\/#website\"},\"primaryImageOfPage\":{\"@id\":\"https:\\\/\\\/freekids.pl\\\/fr\\\/produkt\\\/atelier\\\/#primaryimage\"},\"image\":{\"@id\":\"https:\\\/\\\/freekids.pl\\\/fr\\\/produkt\\\/atelier\\\/#primaryimage\"},\"thumbnailUrl\":\"https:\\\/\\\/freekids.pl\\\/wp-content\\\/uploads\\\/2025\\\/01\\\/0210010_warsztat_-_wiz.1-scaled.jpg\",\"datePublished\":\"2025-01-18T21:04:18+00:00\",\"dateModified\":\"2025-10-21T05:42:21+00:00\",\"breadcrumb\":{\"@id\":\"https:\\\/\\\/freekids.pl\\\/fr\\\/produkt\\\/atelier\\\/#breadcrumb\"},\"inLanguage\":\"fr-FR\",\"potentialAction\":[{\"@type\":\"ReadAction\",\"target\":[\"https:\\\/\\\/freekids.pl\\\/fr\\\/produkt\\\/atelier\\\/\"]}]},{\"@type\":\"ImageObject\",\"inLanguage\":\"fr-FR\",\"@id\":\"https:\\\/\\\/freekids.pl\\\/fr\\\/produkt\\\/atelier\\\/#primaryimage\",\"url\":\"https:\\\/\\\/freekids.pl\\\/wp-content\\\/uploads\\\/2025\\\/01\\\/0210010_warsztat_-_wiz.1-scaled.jpg\",\"contentUrl\":\"https:\\\/\\\/freekids.pl\\\/wp-content\\\/uploads\\\/2025\\\/01\\\/0210010_warsztat_-_wiz.1-scaled.jpg\",\"width\":2560,\"height\":2005},{\"@type\":\"BreadcrumbList\",\"@id\":\"https:\\\/\\\/freekids.pl\\\/fr\\\/produkt\\\/atelier\\\/#breadcrumb\",\"itemListElement\":[{\"@type\":\"ListItem\",\"position\":1,\"name\":\"Strona g\u0142\u00f3wna\",\"item\":\"https:\\\/\\\/freekids.pl\\\/fr\\\/\"},{\"@type\":\"ListItem\",\"position\":2,\"name\":\"Produits\",\"item\":\"https:\\\/\\\/freekids.pl\\\/fr\\\/produits\\\/\"},{\"@type\":\"ListItem\",\"position\":3,\"name\":\"Atelier\"}]},{\"@type\":\"WebSite\",\"@id\":\"https:\\\/\\\/freekids.pl\\\/fr\\\/#website\",\"url\":\"https:\\\/\\\/freekids.pl\\\/fr\\\/\",\"name\":\"FreeKids Playgrounds | Sport | Urban Furniture\",\"description\":\"Dream it, do it !\",\"potentialAction\":[{\"@type\":\"SearchAction\",\"target\":{\"@type\":\"EntryPoint\",\"urlTemplate\":\"https:\\\/\\\/freekids.pl\\\/fr\\\/?s={search_term_string}\"},\"query-input\":{\"@type\":\"PropertyValueSpecification\",\"valueRequired\":true,\"valueName\":\"search_term_string\"}}],\"inLanguage\":\"fr-FR\"}]}<\/script>\n<!-- \/ Yoast SEO plugin. -->","yoast_head_json":{"title":"Atelier maison pour aire de jeux - Freekids.pl","robots":{"index":"index","follow":"follow","max-snippet":"max-snippet:-1","max-image-preview":"max-image-preview:large","max-video-preview":"max-video-preview:-1"},"canonical":"https:\/\/freekids.pl\/fr\/produkt\/atelier\/","og_locale":"fr_FR","og_type":"article","og_title":"Atelier maison pour aire de jeux - Freekids.pl","og_description":"Appareil en forme de maison \u00e0 deux niveaux avec des murs inclin\u00e9s et un toit \u00e0 deux versants, \u00e9quip\u00e9 d'un escalier, une rampe, des imitations d'outils, des roues de secours, une voiture sur un pont \u00e9l\u00e9vateur avec une imitation de moteur, un volant rotatif, un compresseur avec des pinces et un distributeur de carburant autonome avec un tuyau en forme de corde pour faire le plein de la voiture.","og_url":"https:\/\/freekids.pl\/fr\/produkt\/atelier\/","og_site_name":"FreeKids Playgrounds | Sport | Urban Furniture","article_modified_time":"2025-10-21T05:42:21+00:00","og_image":[{"width":2560,"height":2005,"url":"https:\/\/freekids.pl\/wp-content\/uploads\/2025\/01\/0210010_warsztat_-_wiz.1-scaled.jpg","type":"image\/jpeg"}],"twitter_card":"summary_large_image","schema":{"@context":"https:\/\/schema.org","@graph":[{"@type":"WebPage","@id":"https:\/\/freekids.pl\/fr\/produkt\/atelier\/","url":"https:\/\/freekids.pl\/fr\/produkt\/atelier\/","name":"Atelier maison pour aire de jeux - Freekids.pl","isPartOf":{"@id":"https:\/\/freekids.pl\/fr\/#website"},"primaryImageOfPage":{"@id":"https:\/\/freekids.pl\/fr\/produkt\/atelier\/#primaryimage"},"image":{"@id":"https:\/\/freekids.pl\/fr\/produkt\/atelier\/#primaryimage"},"thumbnailUrl":"https:\/\/freekids.pl\/wp-content\/uploads\/2025\/01\/0210010_warsztat_-_wiz.1-scaled.jpg","datePublished":"2025-01-18T21:04:18+00:00","dateModified":"2025-10-21T05:42:21+00:00","breadcrumb":{"@id":"https:\/\/freekids.pl\/fr\/produkt\/atelier\/#breadcrumb"},"inLanguage":"fr-FR","potentialAction":[{"@type":"ReadAction","target":["https:\/\/freekids.pl\/fr\/produkt\/atelier\/"]}]},{"@type":"ImageObject","inLanguage":"fr-FR","@id":"https:\/\/freekids.pl\/fr\/produkt\/atelier\/#primaryimage","url":"https:\/\/freekids.pl\/wp-content\/uploads\/2025\/01\/0210010_warsztat_-_wiz.1-scaled.jpg","contentUrl":"https:\/\/freekids.pl\/wp-content\/uploads\/2025\/01\/0210010_warsztat_-_wiz.1-scaled.jpg","width":2560,"height":2005},{"@type":"BreadcrumbList","@id":"https:\/\/freekids.pl\/fr\/produkt\/atelier\/#breadcrumb","itemListElement":[{"@type":"ListItem","position":1,"name":"Strona g\u0142\u00f3wna","item":"https:\/\/freekids.pl\/fr\/"},{"@type":"ListItem","position":2,"name":"Produits","item":"https:\/\/freekids.pl\/fr\/produits\/"},{"@type":"ListItem","position":3,"name":"Atelier"}]},{"@type":"WebSite","@id":"https:\/\/freekids.pl\/fr\/#website","url":"https:\/\/freekids.pl\/fr\/","name":"FreeKids Playgrounds | Sport | Urban Furniture","description":"Dream it, do it !","potentialAction":[{"@type":"SearchAction","target":{"@type":"EntryPoint","urlTemplate":"https:\/\/freekids.pl\/fr\/?s={search_term_string}"},"query-input":{"@type":"PropertyValueSpecification","valueRequired":true,"valueName":"search_term_string"}}],"inLanguage":"fr-FR"}]}},"_links":{"self":[{"href":"https:\/\/freekids.pl\/fr\/wp-json\/wp\/v2\/product\/192553","targetHints":{"allow":["GET"]}}],"collection":[{"href":"https:\/\/freekids.pl\/fr\/wp-json\/wp\/v2\/product"}],"about":[{"href":"https:\/\/freekids.pl\/fr\/wp-json\/wp\/v2\/types\/product"}],"wp:featuredmedia":[{"embeddable":true,"href":"https:\/\/freekids.pl\/fr\/wp-json\/wp\/v2\/media\/172030"}],"wp:attachment":[{"href":"https:\/\/freekids.pl\/fr\/wp-json\/wp\/v2\/media?parent=192553"}],"wp:term":[{"taxonomy":"product_cat","embeddable":true,"href":"https:\/\/freekids.pl\/fr\/wp-json\/wp\/v2\/product_cat?post=192553"},{"taxonomy":"product_tag","embeddable":true,"href":"https:\/\/freekids.pl\/fr\/wp-json\/wp\/v2\/product_tag?post=192553"}],"curies":[{"name":"wp","href":"https:\/\/api.w.org\/{rel}","templated":true}]}}