{"id":197946,"date":"2025-01-18T22:12:36","date_gmt":"2025-01-18T21:12:36","guid":{"rendered":"https:\/\/freekids.pl\/produkt\/lot-lumi\/"},"modified":"2025-10-21T07:44:38","modified_gmt":"2025-10-21T05:44:38","slug":"lot-lumi","status":"publish","type":"product","link":"https:\/\/freekids.pl\/fr\/produkt\/lot-lumi\/","title":{"rendered":"Lot Lumi"},"content":{"rendered":"","protected":false},"excerpt":{"rendered":"<p>Un luminaire en forme d&rsquo;avion futuriste, assis sur des ressorts. Compos\u00e9 d&rsquo;un cadre soud\u00e9 en acier inoxydable et de poutres en lamell\u00e9-coll\u00e9 cintr\u00e9. \u00c9quip\u00e9 d&rsquo;un si\u00e8ge en PEHD et en acier inoxydable, de deux panneaux lumineux aliment\u00e9s par des cellules photovolta\u00efques et s&rsquo;allumant \u00e0 la tomb\u00e9e de la nuit dans un bo\u00eetier m\u00e9tallique, de deux murs d&rsquo;escalade inclin\u00e9s, de deux tunnels en PEHD en forme de moteurs, d&rsquo;un linarium horizontal, de deux toboggans de pompier et d&rsquo;\u00e9l\u00e9ments de manipulation.  <\/p>\n","protected":false},"featured_media":172512,"template":"","meta":{"_acf_changed":false,"ep_exclude_from_search":false},"product_cat":[475,553,480,530],"product_tag":[],"class_list":{"0":"post-197946","1":"product","2":"type-product","3":"status-publish","4":"has-post-thumbnail","6":"product_series-lumi-fr","7":"product_group-original-fr","8":"product_cat-aucune-categorie","9":"product_cat-ensembles-multifonctionnels","10":"product_cat-terrains-de-jeux","11":"product_cat-vehicules","13":"first","14":"instock","15":"shipping-taxable","16":"purchasable","17":"product-type-simple"},"acf":[],"yoast_head":"<!-- This site is optimized with the Yoast SEO plugin v27.4 - https:\/\/yoast.com\/product\/yoast-seo-wordpress\/ -->\n<title>V\u00e9hicule \u00e0 ressort Lumi Flight pour la cour de r\u00e9cr\u00e9ation - Freekids.fr<\/title>\n<meta name=\"robots\" content=\"index, follow, max-snippet:-1, max-image-preview:large, max-video-preview:-1\" \/>\n<link rel=\"canonical\" href=\"https:\/\/freekids.pl\/fr\/produkt\/lot-lumi\/\" \/>\n<meta property=\"og:locale\" content=\"fr_FR\" \/>\n<meta property=\"og:type\" content=\"article\" \/>\n<meta property=\"og:title\" content=\"V\u00e9hicule \u00e0 ressort Lumi Flight pour la cour de r\u00e9cr\u00e9ation - Freekids.fr\" \/>\n<meta property=\"og:description\" content=\"Un luminaire en forme d&#039;avion futuriste, assis sur des ressorts. Compos\u00e9 d&#039;un cadre soud\u00e9 en acier inoxydable et de poutres en lamell\u00e9-coll\u00e9 cintr\u00e9. \u00c9quip\u00e9 d&#039;un si\u00e8ge en PEHD et en acier inoxydable, de deux panneaux lumineux aliment\u00e9s par des cellules photovolta\u00efques et s&#039;allumant \u00e0 la tomb\u00e9e de la nuit dans un bo\u00eetier m\u00e9tallique, de deux murs d&#039;escalade inclin\u00e9s, de deux tunnels en PEHD en forme de moteurs, d&#039;un linarium horizontal, de deux toboggans de pompier et d&#039;\u00e9l\u00e9ments de manipulation.\" \/>\n<meta property=\"og:url\" content=\"https:\/\/freekids.pl\/fr\/produkt\/lot-lumi\/\" \/>\n<meta property=\"og:site_name\" content=\"FreeKids Playgrounds | Sport | Urban Furniture\" \/>\n<meta property=\"article:modified_time\" content=\"2025-10-21T05:44:38+00:00\" \/>\n<meta property=\"og:image\" content=\"https:\/\/freekids.pl\/wp-content\/uploads\/2025\/01\/0230002_lumi_lot_-_wiz.1-scaled.jpg\" \/>\n\t<meta property=\"og:image:width\" content=\"2560\" \/>\n\t<meta property=\"og:image:height\" content=\"1921\" \/>\n\t<meta property=\"og:image:type\" content=\"image\/jpeg\" \/>\n<meta name=\"twitter:card\" content=\"summary_large_image\" \/>\n<script type=\"application\/ld+json\" class=\"yoast-schema-graph\">{\"@context\":\"https:\\\/\\\/schema.org\",\"@graph\":[{\"@type\":\"WebPage\",\"@id\":\"https:\\\/\\\/freekids.pl\\\/fr\\\/produkt\\\/lot-lumi\\\/\",\"url\":\"https:\\\/\\\/freekids.pl\\\/fr\\\/produkt\\\/lot-lumi\\\/\",\"name\":\"V\u00e9hicule \u00e0 ressort Lumi Flight pour la cour de r\u00e9cr\u00e9ation - Freekids.fr\",\"isPartOf\":{\"@id\":\"https:\\\/\\\/freekids.pl\\\/fr\\\/#website\"},\"primaryImageOfPage\":{\"@id\":\"https:\\\/\\\/freekids.pl\\\/fr\\\/produkt\\\/lot-lumi\\\/#primaryimage\"},\"image\":{\"@id\":\"https:\\\/\\\/freekids.pl\\\/fr\\\/produkt\\\/lot-lumi\\\/#primaryimage\"},\"thumbnailUrl\":\"https:\\\/\\\/freekids.pl\\\/wp-content\\\/uploads\\\/2025\\\/01\\\/0230002_lumi_lot_-_wiz.1-scaled.jpg\",\"datePublished\":\"2025-01-18T21:12:36+00:00\",\"dateModified\":\"2025-10-21T05:44:38+00:00\",\"breadcrumb\":{\"@id\":\"https:\\\/\\\/freekids.pl\\\/fr\\\/produkt\\\/lot-lumi\\\/#breadcrumb\"},\"inLanguage\":\"fr-FR\",\"potentialAction\":[{\"@type\":\"ReadAction\",\"target\":[\"https:\\\/\\\/freekids.pl\\\/fr\\\/produkt\\\/lot-lumi\\\/\"]}]},{\"@type\":\"ImageObject\",\"inLanguage\":\"fr-FR\",\"@id\":\"https:\\\/\\\/freekids.pl\\\/fr\\\/produkt\\\/lot-lumi\\\/#primaryimage\",\"url\":\"https:\\\/\\\/freekids.pl\\\/wp-content\\\/uploads\\\/2025\\\/01\\\/0230002_lumi_lot_-_wiz.1-scaled.jpg\",\"contentUrl\":\"https:\\\/\\\/freekids.pl\\\/wp-content\\\/uploads\\\/2025\\\/01\\\/0230002_lumi_lot_-_wiz.1-scaled.jpg\",\"width\":2560,\"height\":1921},{\"@type\":\"BreadcrumbList\",\"@id\":\"https:\\\/\\\/freekids.pl\\\/fr\\\/produkt\\\/lot-lumi\\\/#breadcrumb\",\"itemListElement\":[{\"@type\":\"ListItem\",\"position\":1,\"name\":\"Strona g\u0142\u00f3wna\",\"item\":\"https:\\\/\\\/freekids.pl\\\/fr\\\/\"},{\"@type\":\"ListItem\",\"position\":2,\"name\":\"Produits\",\"item\":\"https:\\\/\\\/freekids.pl\\\/fr\\\/produits\\\/\"},{\"@type\":\"ListItem\",\"position\":3,\"name\":\"Lot Lumi\"}]},{\"@type\":\"WebSite\",\"@id\":\"https:\\\/\\\/freekids.pl\\\/fr\\\/#website\",\"url\":\"https:\\\/\\\/freekids.pl\\\/fr\\\/\",\"name\":\"FreeKids Playgrounds | Sport | Urban Furniture\",\"description\":\"Dream it, do it !\",\"potentialAction\":[{\"@type\":\"SearchAction\",\"target\":{\"@type\":\"EntryPoint\",\"urlTemplate\":\"https:\\\/\\\/freekids.pl\\\/fr\\\/?s={search_term_string}\"},\"query-input\":{\"@type\":\"PropertyValueSpecification\",\"valueRequired\":true,\"valueName\":\"search_term_string\"}}],\"inLanguage\":\"fr-FR\"}]}<\/script>\n<!-- \/ Yoast SEO plugin. -->","yoast_head_json":{"title":"V\u00e9hicule \u00e0 ressort Lumi Flight pour la cour de r\u00e9cr\u00e9ation - Freekids.fr","robots":{"index":"index","follow":"follow","max-snippet":"max-snippet:-1","max-image-preview":"max-image-preview:large","max-video-preview":"max-video-preview:-1"},"canonical":"https:\/\/freekids.pl\/fr\/produkt\/lot-lumi\/","og_locale":"fr_FR","og_type":"article","og_title":"V\u00e9hicule \u00e0 ressort Lumi Flight pour la cour de r\u00e9cr\u00e9ation - Freekids.fr","og_description":"Un luminaire en forme d'avion futuriste, assis sur des ressorts. Compos\u00e9 d'un cadre soud\u00e9 en acier inoxydable et de poutres en lamell\u00e9-coll\u00e9 cintr\u00e9. \u00c9quip\u00e9 d'un si\u00e8ge en PEHD et en acier inoxydable, de deux panneaux lumineux aliment\u00e9s par des cellules photovolta\u00efques et s'allumant \u00e0 la tomb\u00e9e de la nuit dans un bo\u00eetier m\u00e9tallique, de deux murs d'escalade inclin\u00e9s, de deux tunnels en PEHD en forme de moteurs, d'un linarium horizontal, de deux toboggans de pompier et d'\u00e9l\u00e9ments de manipulation.","og_url":"https:\/\/freekids.pl\/fr\/produkt\/lot-lumi\/","og_site_name":"FreeKids Playgrounds | Sport | Urban Furniture","article_modified_time":"2025-10-21T05:44:38+00:00","og_image":[{"width":2560,"height":1921,"url":"https:\/\/freekids.pl\/wp-content\/uploads\/2025\/01\/0230002_lumi_lot_-_wiz.1-scaled.jpg","type":"image\/jpeg"}],"twitter_card":"summary_large_image","schema":{"@context":"https:\/\/schema.org","@graph":[{"@type":"WebPage","@id":"https:\/\/freekids.pl\/fr\/produkt\/lot-lumi\/","url":"https:\/\/freekids.pl\/fr\/produkt\/lot-lumi\/","name":"V\u00e9hicule \u00e0 ressort Lumi Flight pour la cour de r\u00e9cr\u00e9ation - Freekids.fr","isPartOf":{"@id":"https:\/\/freekids.pl\/fr\/#website"},"primaryImageOfPage":{"@id":"https:\/\/freekids.pl\/fr\/produkt\/lot-lumi\/#primaryimage"},"image":{"@id":"https:\/\/freekids.pl\/fr\/produkt\/lot-lumi\/#primaryimage"},"thumbnailUrl":"https:\/\/freekids.pl\/wp-content\/uploads\/2025\/01\/0230002_lumi_lot_-_wiz.1-scaled.jpg","datePublished":"2025-01-18T21:12:36+00:00","dateModified":"2025-10-21T05:44:38+00:00","breadcrumb":{"@id":"https:\/\/freekids.pl\/fr\/produkt\/lot-lumi\/#breadcrumb"},"inLanguage":"fr-FR","potentialAction":[{"@type":"ReadAction","target":["https:\/\/freekids.pl\/fr\/produkt\/lot-lumi\/"]}]},{"@type":"ImageObject","inLanguage":"fr-FR","@id":"https:\/\/freekids.pl\/fr\/produkt\/lot-lumi\/#primaryimage","url":"https:\/\/freekids.pl\/wp-content\/uploads\/2025\/01\/0230002_lumi_lot_-_wiz.1-scaled.jpg","contentUrl":"https:\/\/freekids.pl\/wp-content\/uploads\/2025\/01\/0230002_lumi_lot_-_wiz.1-scaled.jpg","width":2560,"height":1921},{"@type":"BreadcrumbList","@id":"https:\/\/freekids.pl\/fr\/produkt\/lot-lumi\/#breadcrumb","itemListElement":[{"@type":"ListItem","position":1,"name":"Strona g\u0142\u00f3wna","item":"https:\/\/freekids.pl\/fr\/"},{"@type":"ListItem","position":2,"name":"Produits","item":"https:\/\/freekids.pl\/fr\/produits\/"},{"@type":"ListItem","position":3,"name":"Lot Lumi"}]},{"@type":"WebSite","@id":"https:\/\/freekids.pl\/fr\/#website","url":"https:\/\/freekids.pl\/fr\/","name":"FreeKids Playgrounds | Sport | Urban Furniture","description":"Dream it, do it !","potentialAction":[{"@type":"SearchAction","target":{"@type":"EntryPoint","urlTemplate":"https:\/\/freekids.pl\/fr\/?s={search_term_string}"},"query-input":{"@type":"PropertyValueSpecification","valueRequired":true,"valueName":"search_term_string"}}],"inLanguage":"fr-FR"}]}},"_links":{"self":[{"href":"https:\/\/freekids.pl\/fr\/wp-json\/wp\/v2\/product\/197946","targetHints":{"allow":["GET"]}}],"collection":[{"href":"https:\/\/freekids.pl\/fr\/wp-json\/wp\/v2\/product"}],"about":[{"href":"https:\/\/freekids.pl\/fr\/wp-json\/wp\/v2\/types\/product"}],"wp:featuredmedia":[{"embeddable":true,"href":"https:\/\/freekids.pl\/fr\/wp-json\/wp\/v2\/media\/172512"}],"wp:attachment":[{"href":"https:\/\/freekids.pl\/fr\/wp-json\/wp\/v2\/media?parent=197946"}],"wp:term":[{"taxonomy":"product_cat","embeddable":true,"href":"https:\/\/freekids.pl\/fr\/wp-json\/wp\/v2\/product_cat?post=197946"},{"taxonomy":"product_tag","embeddable":true,"href":"https:\/\/freekids.pl\/fr\/wp-json\/wp\/v2\/product_tag?post=197946"}],"curies":[{"name":"wp","href":"https:\/\/api.w.org\/{rel}","templated":true}]}}