{"id":197952,"date":"2025-01-18T22:03:07","date_gmt":"2025-01-18T21:03:07","guid":{"rendered":"https:\/\/freekids.pl\/produkt\/tram\/"},"modified":"2025-10-21T07:46:11","modified_gmt":"2025-10-21T05:46:11","slug":"tram","status":"publish","type":"product","link":"https:\/\/freekids.pl\/fr\/produkt\/tram\/","title":{"rendered":"Tram"},"content":{"rendered":"","protected":false},"excerpt":{"rendered":"<p>Dispositif en forme de tramway reposant sur des ressorts, avec des si\u00e8ges passagers et des \u00e9l\u00e9ments de manipulation.<\/p>\n<div id=\"highlighter--hover-tools\" style=\"display: none;\">\n<div id=\"highlighter--hover-tools--container\">\n<div class=\"highlighter--icon highlighter--icon-copy\" title=\"Copie\"><\/div>\n<div class=\"highlighter--icon highlighter--icon-change-color\" title=\"Changer de couleur\"><\/div>\n<div class=\"highlighter--icon highlighter--icon-delete\" title=\"Supprimer\"><\/div>\n<\/div>\n<\/div>\n","protected":false},"featured_media":183806,"template":"","meta":{"_acf_changed":false},"product_cat":[475,480,530,732],"product_tag":[],"class_list":{"0":"post-197952","1":"product","2":"type-product","3":"status-publish","4":"has-post-thumbnail","6":"product_series-mini-city-fr","7":"product_group-original-fr","8":"product_cat-aucune-categorie","9":"product_cat-terrains-de-jeux","10":"product_cat-vehicules","11":"product_cat-integrative-fr","13":"first","14":"instock","15":"shipping-taxable","16":"purchasable","17":"product-type-simple"},"acf":[],"yoast_head":"<!-- This site is optimized with the Yoast SEO plugin v26.4 - https:\/\/yoast.com\/wordpress\/plugins\/seo\/ -->\n<title>V\u00e9hicule Tram pour la cour de r\u00e9cr\u00e9ation - Freekids.fr<\/title>\n<meta name=\"robots\" content=\"index, follow, max-snippet:-1, max-image-preview:large, max-video-preview:-1\" \/>\n<link rel=\"canonical\" href=\"https:\/\/freekids.pl\/fr\/produkt\/tram\/\" \/>\n<meta property=\"og:locale\" content=\"fr_FR\" \/>\n<meta property=\"og:type\" content=\"article\" \/>\n<meta property=\"og:title\" content=\"V\u00e9hicule Tram pour la cour de r\u00e9cr\u00e9ation - Freekids.fr\" \/>\n<meta property=\"og:description\" content=\"Dispositif en forme de tramway reposant sur des ressorts, avec des si\u00e8ges passagers et des \u00e9l\u00e9ments de manipulation.\" \/>\n<meta property=\"og:url\" content=\"https:\/\/freekids.pl\/fr\/produkt\/tram\/\" \/>\n<meta property=\"og:site_name\" content=\"FreeKids Playgrounds | Sport | Urban Furniture\" \/>\n<meta property=\"article:modified_time\" content=\"2025-10-21T05:46:11+00:00\" \/>\n<meta property=\"og:image\" content=\"https:\/\/freekids.pl\/wp-content\/uploads\/2025\/01\/0210008-Tramwaj-niebieski-wiz.1-scaled.jpg\" \/>\n\t<meta property=\"og:image:width\" content=\"2560\" \/>\n\t<meta property=\"og:image:height\" content=\"2560\" \/>\n\t<meta property=\"og:image:type\" content=\"image\/jpeg\" \/>\n<meta name=\"twitter:card\" content=\"summary_large_image\" \/>\n<script type=\"application\/ld+json\" class=\"yoast-schema-graph\">{\"@context\":\"https:\/\/schema.org\",\"@graph\":[{\"@type\":\"WebPage\",\"@id\":\"https:\/\/freekids.pl\/fr\/produkt\/tram\/\",\"url\":\"https:\/\/freekids.pl\/fr\/produkt\/tram\/\",\"name\":\"V\u00e9hicule Tram pour la cour de r\u00e9cr\u00e9ation - Freekids.fr\",\"isPartOf\":{\"@id\":\"https:\/\/freekids.pl\/fr\/#website\"},\"primaryImageOfPage\":{\"@id\":\"https:\/\/freekids.pl\/fr\/produkt\/tram\/#primaryimage\"},\"image\":{\"@id\":\"https:\/\/freekids.pl\/fr\/produkt\/tram\/#primaryimage\"},\"thumbnailUrl\":\"https:\/\/freekids.pl\/wp-content\/uploads\/2025\/01\/0210008-Tramwaj-niebieski-wiz.1-scaled.jpg\",\"datePublished\":\"2025-01-18T21:03:07+00:00\",\"dateModified\":\"2025-10-21T05:46:11+00:00\",\"breadcrumb\":{\"@id\":\"https:\/\/freekids.pl\/fr\/produkt\/tram\/#breadcrumb\"},\"inLanguage\":\"fr-FR\",\"potentialAction\":[{\"@type\":\"ReadAction\",\"target\":[\"https:\/\/freekids.pl\/fr\/produkt\/tram\/\"]}]},{\"@type\":\"ImageObject\",\"inLanguage\":\"fr-FR\",\"@id\":\"https:\/\/freekids.pl\/fr\/produkt\/tram\/#primaryimage\",\"url\":\"https:\/\/freekids.pl\/wp-content\/uploads\/2025\/01\/0210008-Tramwaj-niebieski-wiz.1-scaled.jpg\",\"contentUrl\":\"https:\/\/freekids.pl\/wp-content\/uploads\/2025\/01\/0210008-Tramwaj-niebieski-wiz.1-scaled.jpg\",\"width\":2560,\"height\":2560},{\"@type\":\"BreadcrumbList\",\"@id\":\"https:\/\/freekids.pl\/fr\/produkt\/tram\/#breadcrumb\",\"itemListElement\":[{\"@type\":\"ListItem\",\"position\":1,\"name\":\"Strona g\u0142\u00f3wna\",\"item\":\"https:\/\/freekids.pl\/fr\/\"},{\"@type\":\"ListItem\",\"position\":2,\"name\":\"Produits\",\"item\":\"https:\/\/freekids.pl\/fr\/produits\/\"},{\"@type\":\"ListItem\",\"position\":3,\"name\":\"Tram\"}]},{\"@type\":\"WebSite\",\"@id\":\"https:\/\/freekids.pl\/fr\/#website\",\"url\":\"https:\/\/freekids.pl\/fr\/\",\"name\":\"FreeKids Playgrounds | Sport | Urban Furniture\",\"description\":\"Dream it, do it !\",\"potentialAction\":[{\"@type\":\"SearchAction\",\"target\":{\"@type\":\"EntryPoint\",\"urlTemplate\":\"https:\/\/freekids.pl\/fr\/?s={search_term_string}\"},\"query-input\":{\"@type\":\"PropertyValueSpecification\",\"valueRequired\":true,\"valueName\":\"search_term_string\"}}],\"inLanguage\":\"fr-FR\"}]}<\/script>\n<!-- \/ Yoast SEO plugin. -->","yoast_head_json":{"title":"V\u00e9hicule Tram pour la cour de r\u00e9cr\u00e9ation - Freekids.fr","robots":{"index":"index","follow":"follow","max-snippet":"max-snippet:-1","max-image-preview":"max-image-preview:large","max-video-preview":"max-video-preview:-1"},"canonical":"https:\/\/freekids.pl\/fr\/produkt\/tram\/","og_locale":"fr_FR","og_type":"article","og_title":"V\u00e9hicule Tram pour la cour de r\u00e9cr\u00e9ation - Freekids.fr","og_description":"Dispositif en forme de tramway reposant sur des ressorts, avec des si\u00e8ges passagers et des \u00e9l\u00e9ments de manipulation.","og_url":"https:\/\/freekids.pl\/fr\/produkt\/tram\/","og_site_name":"FreeKids Playgrounds | Sport | Urban Furniture","article_modified_time":"2025-10-21T05:46:11+00:00","og_image":[{"width":2560,"height":2560,"url":"https:\/\/freekids.pl\/wp-content\/uploads\/2025\/01\/0210008-Tramwaj-niebieski-wiz.1-scaled.jpg","type":"image\/jpeg"}],"twitter_card":"summary_large_image","schema":{"@context":"https:\/\/schema.org","@graph":[{"@type":"WebPage","@id":"https:\/\/freekids.pl\/fr\/produkt\/tram\/","url":"https:\/\/freekids.pl\/fr\/produkt\/tram\/","name":"V\u00e9hicule Tram pour la cour de r\u00e9cr\u00e9ation - Freekids.fr","isPartOf":{"@id":"https:\/\/freekids.pl\/fr\/#website"},"primaryImageOfPage":{"@id":"https:\/\/freekids.pl\/fr\/produkt\/tram\/#primaryimage"},"image":{"@id":"https:\/\/freekids.pl\/fr\/produkt\/tram\/#primaryimage"},"thumbnailUrl":"https:\/\/freekids.pl\/wp-content\/uploads\/2025\/01\/0210008-Tramwaj-niebieski-wiz.1-scaled.jpg","datePublished":"2025-01-18T21:03:07+00:00","dateModified":"2025-10-21T05:46:11+00:00","breadcrumb":{"@id":"https:\/\/freekids.pl\/fr\/produkt\/tram\/#breadcrumb"},"inLanguage":"fr-FR","potentialAction":[{"@type":"ReadAction","target":["https:\/\/freekids.pl\/fr\/produkt\/tram\/"]}]},{"@type":"ImageObject","inLanguage":"fr-FR","@id":"https:\/\/freekids.pl\/fr\/produkt\/tram\/#primaryimage","url":"https:\/\/freekids.pl\/wp-content\/uploads\/2025\/01\/0210008-Tramwaj-niebieski-wiz.1-scaled.jpg","contentUrl":"https:\/\/freekids.pl\/wp-content\/uploads\/2025\/01\/0210008-Tramwaj-niebieski-wiz.1-scaled.jpg","width":2560,"height":2560},{"@type":"BreadcrumbList","@id":"https:\/\/freekids.pl\/fr\/produkt\/tram\/#breadcrumb","itemListElement":[{"@type":"ListItem","position":1,"name":"Strona g\u0142\u00f3wna","item":"https:\/\/freekids.pl\/fr\/"},{"@type":"ListItem","position":2,"name":"Produits","item":"https:\/\/freekids.pl\/fr\/produits\/"},{"@type":"ListItem","position":3,"name":"Tram"}]},{"@type":"WebSite","@id":"https:\/\/freekids.pl\/fr\/#website","url":"https:\/\/freekids.pl\/fr\/","name":"FreeKids Playgrounds | Sport | Urban Furniture","description":"Dream it, do it !","potentialAction":[{"@type":"SearchAction","target":{"@type":"EntryPoint","urlTemplate":"https:\/\/freekids.pl\/fr\/?s={search_term_string}"},"query-input":{"@type":"PropertyValueSpecification","valueRequired":true,"valueName":"search_term_string"}}],"inLanguage":"fr-FR"}]}},"_links":{"self":[{"href":"https:\/\/freekids.pl\/fr\/wp-json\/wp\/v2\/product\/197952","targetHints":{"allow":["GET"]}}],"collection":[{"href":"https:\/\/freekids.pl\/fr\/wp-json\/wp\/v2\/product"}],"about":[{"href":"https:\/\/freekids.pl\/fr\/wp-json\/wp\/v2\/types\/product"}],"wp:featuredmedia":[{"embeddable":true,"href":"https:\/\/freekids.pl\/fr\/wp-json\/wp\/v2\/media\/183806"}],"wp:attachment":[{"href":"https:\/\/freekids.pl\/fr\/wp-json\/wp\/v2\/media?parent=197952"}],"wp:term":[{"taxonomy":"product_cat","embeddable":true,"href":"https:\/\/freekids.pl\/fr\/wp-json\/wp\/v2\/product_cat?post=197952"},{"taxonomy":"product_tag","embeddable":true,"href":"https:\/\/freekids.pl\/fr\/wp-json\/wp\/v2\/product_tag?post=197952"}],"curies":[{"name":"wp","href":"https:\/\/api.w.org\/{rel}","templated":true}]}}