{"id":197956,"date":"2025-01-18T22:00:45","date_gmt":"2025-01-18T21:00:45","guid":{"rendered":"https:\/\/freekids.pl\/produkt\/benne\/"},"modified":"2025-11-04T08:42:41","modified_gmt":"2025-11-04T07:42:41","slug":"benne","status":"publish","type":"product","link":"https:\/\/freekids.pl\/fr\/produkt\/benne\/","title":{"rendered":"Benne"},"content":{"rendered":"<h2>Sp\u00e9cification des mat\u00e9riaux :<\/h2>\n<table class=\"spec-table-modern\">\n<tbody>\n<tr>\n<th>Mat\u00e9riaux de construction<\/th>\n<td>acier galvanis\u00e9 puis recouvert d\u2019un rev\u00eatement en poudre pour plus de durabilit\u00e9 et de r\u00e9sistance \u00e0 la corrosion, ou acier inoxydable<\/td>\n<\/tr>\n<tr>\n<th>\u00c9l\u00e9ments suppl\u00e9mentaires de la main courante<\/th>\n<td>acier noir galvanis\u00e9 puis thermolaqu\u00e9 ou acier inoxydable<\/td>\n<\/tr>\n<tr>\n<th>Plates-formes<\/th>\n<td>panneaux de contreplaqu\u00e9 ou HPL<\/td>\n<\/tr>\n<tr>\n<th>Fondements<\/th>\n<td>enterr\u00e9 dans le sol \u00e0 la profondeur sp\u00e9cifi\u00e9e et b\u00e9tonn\u00e9 avec du b\u00e9ton de classe min. B-20 ou viss\u00e9 \u00e0 une fondation en b\u00e9ton. <\/td>\n<\/tr>\n<tr>\n<th>Plaques<\/th>\n<td>Panneau PEHD avec dessins frais\u00e9s ou panneau HPL durable<\/td>\n<\/tr>\n<tr>\n<th>Autre<\/th>\n<td>Vis en acier inoxydable avec capuchons en polyamide. Meubler les chalets avec des \u00e9l\u00e9ments de haute qualit\u00e9 tels qu\u2019un \u00e9vier en acier inoxydable et des vannes pour le raccordement et l\u2019eau courante. Pierres d\u2019escalade en plastique durable. Tunnel en tube \u00e0 double paroi en polypropyl\u00e8ne. Sorties de pompiers en acier inoxydable.    <\/td>\n<\/tr>\n<\/tbody>\n<\/table>\n","protected":false},"excerpt":{"rendered":"<p>Un dispositif en forme de camion \u00e0 benne basculante qui d\u00e9verse une charge. Il se compose d&rsquo;une cabine de conduite avec si\u00e8ge, d&rsquo;un volant mobile et d&rsquo;une transition vers la benne basculante, qui est un mur d&rsquo;escalade inclin\u00e9. <\/p>\n<div id=\"highlighter--hover-tools\" style=\"display: none;\">\n<div id=\"highlighter--hover-tools--container\">\n<div class=\"highlighter--icon highlighter--icon-copy\" title=\"Copie\"><\/div>\n<div class=\"highlighter--icon highlighter--icon-change-color\" title=\"Changer de couleur\"><\/div>\n<div class=\"highlighter--icon highlighter--icon-delete\" title=\"Supprimer\"><\/div>\n<\/div>\n<\/div>\n","protected":false},"featured_media":171854,"template":"","meta":{"_acf_changed":false,"ep_exclude_from_search":false},"product_cat":[475,480,530],"product_tag":[],"class_list":{"0":"post-197956","1":"product","2":"type-product","3":"status-publish","4":"has-post-thumbnail","6":"product_series-mini-city-fr","7":"product_group-original-fr","8":"product_cat-aucune-categorie","9":"product_cat-terrains-de-jeux","10":"product_cat-vehicules","12":"first","13":"instock","14":"shipping-taxable","15":"purchasable","16":"product-type-simple"},"acf":[],"yoast_head":"<!-- This site is optimized with the Yoast SEO plugin v27.4 - https:\/\/yoast.com\/product\/yoast-seo-wordpress\/ -->\n<title>Camion \u00e0 benne basculante pour la cour de r\u00e9cr\u00e9ation - Freekids.fr<\/title>\n<meta name=\"robots\" content=\"index, follow, max-snippet:-1, max-image-preview:large, max-video-preview:-1\" \/>\n<link rel=\"canonical\" href=\"https:\/\/freekids.pl\/fr\/produkt\/benne\/\" \/>\n<meta property=\"og:locale\" content=\"fr_FR\" \/>\n<meta property=\"og:type\" content=\"article\" \/>\n<meta property=\"og:title\" content=\"Camion \u00e0 benne basculante pour la cour de r\u00e9cr\u00e9ation - Freekids.fr\" \/>\n<meta property=\"og:description\" content=\"Un dispositif en forme de camion \u00e0 benne basculante qui d\u00e9verse une charge. Il se compose d&#039;une cabine de conduite avec si\u00e8ge, d&#039;un volant mobile et d&#039;une transition vers la benne basculante, qui est un mur d&#039;escalade inclin\u00e9.\" \/>\n<meta property=\"og:url\" content=\"https:\/\/freekids.pl\/fr\/produkt\/benne\/\" \/>\n<meta property=\"og:site_name\" content=\"FreeKids Playgrounds | Sport | Urban Furniture\" \/>\n<meta property=\"article:modified_time\" content=\"2025-11-04T07:42:41+00:00\" \/>\n<meta property=\"og:image\" content=\"https:\/\/freekids.pl\/wp-content\/uploads\/2025\/01\/0210011_wywrotka_-_wiz.1-scaled.jpg\" \/>\n\t<meta property=\"og:image:width\" content=\"2560\" \/>\n\t<meta property=\"og:image:height\" content=\"2005\" \/>\n\t<meta property=\"og:image:type\" content=\"image\/jpeg\" \/>\n<meta name=\"twitter:card\" content=\"summary_large_image\" \/>\n<meta name=\"twitter:label1\" content=\"Dur\u00e9e de lecture estim\u00e9e\" \/>\n\t<meta name=\"twitter:data1\" content=\"1 minute\" \/>\n<script type=\"application\/ld+json\" class=\"yoast-schema-graph\">{\"@context\":\"https:\\\/\\\/schema.org\",\"@graph\":[{\"@type\":\"WebPage\",\"@id\":\"https:\\\/\\\/freekids.pl\\\/fr\\\/produkt\\\/benne\\\/\",\"url\":\"https:\\\/\\\/freekids.pl\\\/fr\\\/produkt\\\/benne\\\/\",\"name\":\"Camion \u00e0 benne basculante pour la cour de r\u00e9cr\u00e9ation - Freekids.fr\",\"isPartOf\":{\"@id\":\"https:\\\/\\\/freekids.pl\\\/fr\\\/#website\"},\"primaryImageOfPage\":{\"@id\":\"https:\\\/\\\/freekids.pl\\\/fr\\\/produkt\\\/benne\\\/#primaryimage\"},\"image\":{\"@id\":\"https:\\\/\\\/freekids.pl\\\/fr\\\/produkt\\\/benne\\\/#primaryimage\"},\"thumbnailUrl\":\"https:\\\/\\\/freekids.pl\\\/wp-content\\\/uploads\\\/2025\\\/01\\\/0210011_wywrotka_-_wiz.1-scaled.jpg\",\"datePublished\":\"2025-01-18T21:00:45+00:00\",\"dateModified\":\"2025-11-04T07:42:41+00:00\",\"breadcrumb\":{\"@id\":\"https:\\\/\\\/freekids.pl\\\/fr\\\/produkt\\\/benne\\\/#breadcrumb\"},\"inLanguage\":\"fr-FR\",\"potentialAction\":[{\"@type\":\"ReadAction\",\"target\":[\"https:\\\/\\\/freekids.pl\\\/fr\\\/produkt\\\/benne\\\/\"]}]},{\"@type\":\"ImageObject\",\"inLanguage\":\"fr-FR\",\"@id\":\"https:\\\/\\\/freekids.pl\\\/fr\\\/produkt\\\/benne\\\/#primaryimage\",\"url\":\"https:\\\/\\\/freekids.pl\\\/wp-content\\\/uploads\\\/2025\\\/01\\\/0210011_wywrotka_-_wiz.1-scaled.jpg\",\"contentUrl\":\"https:\\\/\\\/freekids.pl\\\/wp-content\\\/uploads\\\/2025\\\/01\\\/0210011_wywrotka_-_wiz.1-scaled.jpg\",\"width\":2560,\"height\":2005},{\"@type\":\"BreadcrumbList\",\"@id\":\"https:\\\/\\\/freekids.pl\\\/fr\\\/produkt\\\/benne\\\/#breadcrumb\",\"itemListElement\":[{\"@type\":\"ListItem\",\"position\":1,\"name\":\"Strona g\u0142\u00f3wna\",\"item\":\"https:\\\/\\\/freekids.pl\\\/fr\\\/\"},{\"@type\":\"ListItem\",\"position\":2,\"name\":\"Produits\",\"item\":\"https:\\\/\\\/freekids.pl\\\/fr\\\/produits\\\/\"},{\"@type\":\"ListItem\",\"position\":3,\"name\":\"Benne\"}]},{\"@type\":\"WebSite\",\"@id\":\"https:\\\/\\\/freekids.pl\\\/fr\\\/#website\",\"url\":\"https:\\\/\\\/freekids.pl\\\/fr\\\/\",\"name\":\"FreeKids Playgrounds | Sport | Urban Furniture\",\"description\":\"Dream it, do it !\",\"potentialAction\":[{\"@type\":\"SearchAction\",\"target\":{\"@type\":\"EntryPoint\",\"urlTemplate\":\"https:\\\/\\\/freekids.pl\\\/fr\\\/?s={search_term_string}\"},\"query-input\":{\"@type\":\"PropertyValueSpecification\",\"valueRequired\":true,\"valueName\":\"search_term_string\"}}],\"inLanguage\":\"fr-FR\"}]}<\/script>\n<!-- \/ Yoast SEO plugin. -->","yoast_head_json":{"title":"Camion \u00e0 benne basculante pour la cour de r\u00e9cr\u00e9ation - Freekids.fr","robots":{"index":"index","follow":"follow","max-snippet":"max-snippet:-1","max-image-preview":"max-image-preview:large","max-video-preview":"max-video-preview:-1"},"canonical":"https:\/\/freekids.pl\/fr\/produkt\/benne\/","og_locale":"fr_FR","og_type":"article","og_title":"Camion \u00e0 benne basculante pour la cour de r\u00e9cr\u00e9ation - Freekids.fr","og_description":"Un dispositif en forme de camion \u00e0 benne basculante qui d\u00e9verse une charge. Il se compose d'une cabine de conduite avec si\u00e8ge, d'un volant mobile et d'une transition vers la benne basculante, qui est un mur d'escalade inclin\u00e9.","og_url":"https:\/\/freekids.pl\/fr\/produkt\/benne\/","og_site_name":"FreeKids Playgrounds | Sport | Urban Furniture","article_modified_time":"2025-11-04T07:42:41+00:00","og_image":[{"width":2560,"height":2005,"url":"https:\/\/freekids.pl\/wp-content\/uploads\/2025\/01\/0210011_wywrotka_-_wiz.1-scaled.jpg","type":"image\/jpeg"}],"twitter_card":"summary_large_image","twitter_misc":{"Dur\u00e9e de lecture estim\u00e9e":"1 minute"},"schema":{"@context":"https:\/\/schema.org","@graph":[{"@type":"WebPage","@id":"https:\/\/freekids.pl\/fr\/produkt\/benne\/","url":"https:\/\/freekids.pl\/fr\/produkt\/benne\/","name":"Camion \u00e0 benne basculante pour la cour de r\u00e9cr\u00e9ation - Freekids.fr","isPartOf":{"@id":"https:\/\/freekids.pl\/fr\/#website"},"primaryImageOfPage":{"@id":"https:\/\/freekids.pl\/fr\/produkt\/benne\/#primaryimage"},"image":{"@id":"https:\/\/freekids.pl\/fr\/produkt\/benne\/#primaryimage"},"thumbnailUrl":"https:\/\/freekids.pl\/wp-content\/uploads\/2025\/01\/0210011_wywrotka_-_wiz.1-scaled.jpg","datePublished":"2025-01-18T21:00:45+00:00","dateModified":"2025-11-04T07:42:41+00:00","breadcrumb":{"@id":"https:\/\/freekids.pl\/fr\/produkt\/benne\/#breadcrumb"},"inLanguage":"fr-FR","potentialAction":[{"@type":"ReadAction","target":["https:\/\/freekids.pl\/fr\/produkt\/benne\/"]}]},{"@type":"ImageObject","inLanguage":"fr-FR","@id":"https:\/\/freekids.pl\/fr\/produkt\/benne\/#primaryimage","url":"https:\/\/freekids.pl\/wp-content\/uploads\/2025\/01\/0210011_wywrotka_-_wiz.1-scaled.jpg","contentUrl":"https:\/\/freekids.pl\/wp-content\/uploads\/2025\/01\/0210011_wywrotka_-_wiz.1-scaled.jpg","width":2560,"height":2005},{"@type":"BreadcrumbList","@id":"https:\/\/freekids.pl\/fr\/produkt\/benne\/#breadcrumb","itemListElement":[{"@type":"ListItem","position":1,"name":"Strona g\u0142\u00f3wna","item":"https:\/\/freekids.pl\/fr\/"},{"@type":"ListItem","position":2,"name":"Produits","item":"https:\/\/freekids.pl\/fr\/produits\/"},{"@type":"ListItem","position":3,"name":"Benne"}]},{"@type":"WebSite","@id":"https:\/\/freekids.pl\/fr\/#website","url":"https:\/\/freekids.pl\/fr\/","name":"FreeKids Playgrounds | Sport | Urban Furniture","description":"Dream it, do it !","potentialAction":[{"@type":"SearchAction","target":{"@type":"EntryPoint","urlTemplate":"https:\/\/freekids.pl\/fr\/?s={search_term_string}"},"query-input":{"@type":"PropertyValueSpecification","valueRequired":true,"valueName":"search_term_string"}}],"inLanguage":"fr-FR"}]}},"_links":{"self":[{"href":"https:\/\/freekids.pl\/fr\/wp-json\/wp\/v2\/product\/197956","targetHints":{"allow":["GET"]}}],"collection":[{"href":"https:\/\/freekids.pl\/fr\/wp-json\/wp\/v2\/product"}],"about":[{"href":"https:\/\/freekids.pl\/fr\/wp-json\/wp\/v2\/types\/product"}],"wp:featuredmedia":[{"embeddable":true,"href":"https:\/\/freekids.pl\/fr\/wp-json\/wp\/v2\/media\/171854"}],"wp:attachment":[{"href":"https:\/\/freekids.pl\/fr\/wp-json\/wp\/v2\/media?parent=197956"}],"wp:term":[{"taxonomy":"product_cat","embeddable":true,"href":"https:\/\/freekids.pl\/fr\/wp-json\/wp\/v2\/product_cat?post=197956"},{"taxonomy":"product_tag","embeddable":true,"href":"https:\/\/freekids.pl\/fr\/wp-json\/wp\/v2\/product_tag?post=197956"}],"curies":[{"name":"wp","href":"https:\/\/api.w.org\/{rel}","templated":true}]}}