{"id":197997,"date":"2024-10-24T03:23:12","date_gmt":"2024-10-24T01:23:12","guid":{"rendered":"https:\/\/freekids.pl\/produkt\/oiseaux-wallplay\/"},"modified":"2025-10-21T07:53:21","modified_gmt":"2025-10-21T05:53:21","slug":"oiseaux-wallplay","status":"publish","type":"product","link":"https:\/\/freekids.pl\/fr\/produkt\/oiseaux-wallplay\/","title":{"rendered":"Oiseaux Wallplay"},"content":{"rendered":"","protected":false},"excerpt":{"rendered":"<p>Un dispositif en forme de labyrinthe vertical compos\u00e9 de quais, de passages en tunnel et de passerelles. Les parois les plus longues sont constitu\u00e9es de panneaux en polycarbonate imprim\u00e9s aux UV et mont\u00e9s sur des cadres en acier, ce qui permet de les remplacer facilement en cas de vandalisme. <\/p>\n<div id=\"highlighter--hover-tools\" style=\"display: none;\">\n<div id=\"highlighter--hover-tools--container\">\n<div class=\"highlighter--icon highlighter--icon-copy\" title=\"Copie\"><\/div>\n<div class=\"highlighter--icon highlighter--icon-change-color\" title=\"Changer de couleur\"><\/div>\n<div class=\"highlighter--icon highlighter--icon-delete\" title=\"Supprimer\"><\/div>\n<\/div>\n<\/div>\n","protected":false},"featured_media":177649,"template":"","meta":{"_acf_changed":false,"ep_exclude_from_search":false},"product_brand":[],"product_cat":[540,553,480],"product_tag":[],"class_list":{"0":"post-197997","1":"product","2":"type-product","3":"status-publish","4":"has-post-thumbnail","6":"product_series-wallplay-fr","7":"product_group-original-fr","8":"product_cat-courses-a-obstacles","9":"product_cat-ensembles-multifonctionnels","10":"product_cat-terrains-de-jeux","12":"first","13":"outofstock","14":"shipping-taxable","15":"purchasable","16":"product-type-simple"},"acf":[],"yoast_head":"<!-- This site is optimized with the Yoast SEO plugin v27.4 - https:\/\/yoast.com\/product\/yoast-seo-wordpress\/ -->\n<title>Oiseaux Wallplay - Freekids.pl<\/title>\n<meta name=\"robots\" content=\"index, follow, max-snippet:-1, max-image-preview:large, max-video-preview:-1\" \/>\n<link rel=\"canonical\" href=\"https:\/\/freekids.pl\/fr\/produkt\/oiseaux-wallplay\/\" \/>\n<meta property=\"og:locale\" content=\"fr_FR\" \/>\n<meta property=\"og:type\" content=\"article\" \/>\n<meta property=\"og:title\" content=\"Oiseaux Wallplay - Freekids.pl\" \/>\n<meta property=\"og:description\" content=\"Un dispositif en forme de labyrinthe vertical compos\u00e9 de quais, de passages en tunnel et de passerelles. Les parois les plus longues sont constitu\u00e9es de panneaux en polycarbonate imprim\u00e9s aux UV et mont\u00e9s sur des cadres en acier, ce qui permet de les remplacer facilement en cas de vandalisme.\" \/>\n<meta property=\"og:url\" content=\"https:\/\/freekids.pl\/fr\/produkt\/oiseaux-wallplay\/\" \/>\n<meta property=\"og:site_name\" content=\"FreeKids Playgrounds | Sport | Urban Furniture\" \/>\n<meta property=\"article:modified_time\" content=\"2025-10-21T05:53:21+00:00\" \/>\n<meta property=\"og:image\" content=\"https:\/\/freekids.pl\/wp-content\/uploads\/2025\/01\/wallplay_birds_-_wiz.1-scaled.jpg\" \/>\n\t<meta property=\"og:image:width\" content=\"2560\" \/>\n\t<meta property=\"og:image:height\" content=\"1439\" \/>\n\t<meta property=\"og:image:type\" content=\"image\/jpeg\" \/>\n<meta name=\"twitter:card\" content=\"summary_large_image\" \/>\n<script type=\"application\/ld+json\" class=\"yoast-schema-graph\">{\"@context\":\"https:\\\/\\\/schema.org\",\"@graph\":[{\"@type\":\"WebPage\",\"@id\":\"https:\\\/\\\/freekids.pl\\\/fr\\\/produkt\\\/oiseaux-wallplay\\\/\",\"url\":\"https:\\\/\\\/freekids.pl\\\/fr\\\/produkt\\\/oiseaux-wallplay\\\/\",\"name\":\"Oiseaux Wallplay - Freekids.pl\",\"isPartOf\":{\"@id\":\"https:\\\/\\\/freekids.pl\\\/fr\\\/#website\"},\"primaryImageOfPage\":{\"@id\":\"https:\\\/\\\/freekids.pl\\\/fr\\\/produkt\\\/oiseaux-wallplay\\\/#primaryimage\"},\"image\":{\"@id\":\"https:\\\/\\\/freekids.pl\\\/fr\\\/produkt\\\/oiseaux-wallplay\\\/#primaryimage\"},\"thumbnailUrl\":\"https:\\\/\\\/freekids.pl\\\/wp-content\\\/uploads\\\/2025\\\/01\\\/wallplay_birds_-_wiz.1-scaled.jpg\",\"datePublished\":\"2024-10-24T01:23:12+00:00\",\"dateModified\":\"2025-10-21T05:53:21+00:00\",\"breadcrumb\":{\"@id\":\"https:\\\/\\\/freekids.pl\\\/fr\\\/produkt\\\/oiseaux-wallplay\\\/#breadcrumb\"},\"inLanguage\":\"fr-FR\",\"potentialAction\":[{\"@type\":\"ReadAction\",\"target\":[\"https:\\\/\\\/freekids.pl\\\/fr\\\/produkt\\\/oiseaux-wallplay\\\/\"]}]},{\"@type\":\"ImageObject\",\"inLanguage\":\"fr-FR\",\"@id\":\"https:\\\/\\\/freekids.pl\\\/fr\\\/produkt\\\/oiseaux-wallplay\\\/#primaryimage\",\"url\":\"https:\\\/\\\/freekids.pl\\\/wp-content\\\/uploads\\\/2025\\\/01\\\/wallplay_birds_-_wiz.1-scaled.jpg\",\"contentUrl\":\"https:\\\/\\\/freekids.pl\\\/wp-content\\\/uploads\\\/2025\\\/01\\\/wallplay_birds_-_wiz.1-scaled.jpg\",\"width\":2560,\"height\":1439},{\"@type\":\"BreadcrumbList\",\"@id\":\"https:\\\/\\\/freekids.pl\\\/fr\\\/produkt\\\/oiseaux-wallplay\\\/#breadcrumb\",\"itemListElement\":[{\"@type\":\"ListItem\",\"position\":1,\"name\":\"Strona g\u0142\u00f3wna\",\"item\":\"https:\\\/\\\/freekids.pl\\\/fr\\\/\"},{\"@type\":\"ListItem\",\"position\":2,\"name\":\"Produits\",\"item\":\"https:\\\/\\\/freekids.pl\\\/fr\\\/produits\\\/\"},{\"@type\":\"ListItem\",\"position\":3,\"name\":\"Oiseaux Wallplay\"}]},{\"@type\":\"WebSite\",\"@id\":\"https:\\\/\\\/freekids.pl\\\/fr\\\/#website\",\"url\":\"https:\\\/\\\/freekids.pl\\\/fr\\\/\",\"name\":\"FreeKids Playgrounds | Sport | Urban Furniture\",\"description\":\"Dream it, do it !\",\"potentialAction\":[{\"@type\":\"SearchAction\",\"target\":{\"@type\":\"EntryPoint\",\"urlTemplate\":\"https:\\\/\\\/freekids.pl\\\/fr\\\/?s={search_term_string}\"},\"query-input\":{\"@type\":\"PropertyValueSpecification\",\"valueRequired\":true,\"valueName\":\"search_term_string\"}}],\"inLanguage\":\"fr-FR\"}]}<\/script>\n<!-- \/ Yoast SEO plugin. -->","yoast_head_json":{"title":"Oiseaux Wallplay - Freekids.pl","robots":{"index":"index","follow":"follow","max-snippet":"max-snippet:-1","max-image-preview":"max-image-preview:large","max-video-preview":"max-video-preview:-1"},"canonical":"https:\/\/freekids.pl\/fr\/produkt\/oiseaux-wallplay\/","og_locale":"fr_FR","og_type":"article","og_title":"Oiseaux Wallplay - Freekids.pl","og_description":"Un dispositif en forme de labyrinthe vertical compos\u00e9 de quais, de passages en tunnel et de passerelles. Les parois les plus longues sont constitu\u00e9es de panneaux en polycarbonate imprim\u00e9s aux UV et mont\u00e9s sur des cadres en acier, ce qui permet de les remplacer facilement en cas de vandalisme.","og_url":"https:\/\/freekids.pl\/fr\/produkt\/oiseaux-wallplay\/","og_site_name":"FreeKids Playgrounds | Sport | Urban Furniture","article_modified_time":"2025-10-21T05:53:21+00:00","og_image":[{"width":2560,"height":1439,"url":"https:\/\/freekids.pl\/wp-content\/uploads\/2025\/01\/wallplay_birds_-_wiz.1-scaled.jpg","type":"image\/jpeg"}],"twitter_card":"summary_large_image","schema":{"@context":"https:\/\/schema.org","@graph":[{"@type":"WebPage","@id":"https:\/\/freekids.pl\/fr\/produkt\/oiseaux-wallplay\/","url":"https:\/\/freekids.pl\/fr\/produkt\/oiseaux-wallplay\/","name":"Oiseaux Wallplay - Freekids.pl","isPartOf":{"@id":"https:\/\/freekids.pl\/fr\/#website"},"primaryImageOfPage":{"@id":"https:\/\/freekids.pl\/fr\/produkt\/oiseaux-wallplay\/#primaryimage"},"image":{"@id":"https:\/\/freekids.pl\/fr\/produkt\/oiseaux-wallplay\/#primaryimage"},"thumbnailUrl":"https:\/\/freekids.pl\/wp-content\/uploads\/2025\/01\/wallplay_birds_-_wiz.1-scaled.jpg","datePublished":"2024-10-24T01:23:12+00:00","dateModified":"2025-10-21T05:53:21+00:00","breadcrumb":{"@id":"https:\/\/freekids.pl\/fr\/produkt\/oiseaux-wallplay\/#breadcrumb"},"inLanguage":"fr-FR","potentialAction":[{"@type":"ReadAction","target":["https:\/\/freekids.pl\/fr\/produkt\/oiseaux-wallplay\/"]}]},{"@type":"ImageObject","inLanguage":"fr-FR","@id":"https:\/\/freekids.pl\/fr\/produkt\/oiseaux-wallplay\/#primaryimage","url":"https:\/\/freekids.pl\/wp-content\/uploads\/2025\/01\/wallplay_birds_-_wiz.1-scaled.jpg","contentUrl":"https:\/\/freekids.pl\/wp-content\/uploads\/2025\/01\/wallplay_birds_-_wiz.1-scaled.jpg","width":2560,"height":1439},{"@type":"BreadcrumbList","@id":"https:\/\/freekids.pl\/fr\/produkt\/oiseaux-wallplay\/#breadcrumb","itemListElement":[{"@type":"ListItem","position":1,"name":"Strona g\u0142\u00f3wna","item":"https:\/\/freekids.pl\/fr\/"},{"@type":"ListItem","position":2,"name":"Produits","item":"https:\/\/freekids.pl\/fr\/produits\/"},{"@type":"ListItem","position":3,"name":"Oiseaux Wallplay"}]},{"@type":"WebSite","@id":"https:\/\/freekids.pl\/fr\/#website","url":"https:\/\/freekids.pl\/fr\/","name":"FreeKids Playgrounds | Sport | Urban Furniture","description":"Dream it, do it !","potentialAction":[{"@type":"SearchAction","target":{"@type":"EntryPoint","urlTemplate":"https:\/\/freekids.pl\/fr\/?s={search_term_string}"},"query-input":{"@type":"PropertyValueSpecification","valueRequired":true,"valueName":"search_term_string"}}],"inLanguage":"fr-FR"}]}},"_links":{"self":[{"href":"https:\/\/freekids.pl\/fr\/wp-json\/wp\/v2\/product\/197997","targetHints":{"allow":["GET"]}}],"collection":[{"href":"https:\/\/freekids.pl\/fr\/wp-json\/wp\/v2\/product"}],"about":[{"href":"https:\/\/freekids.pl\/fr\/wp-json\/wp\/v2\/types\/product"}],"wp:featuredmedia":[{"embeddable":true,"href":"https:\/\/freekids.pl\/fr\/wp-json\/wp\/v2\/media\/177649"}],"wp:attachment":[{"href":"https:\/\/freekids.pl\/fr\/wp-json\/wp\/v2\/media?parent=197997"}],"wp:term":[{"taxonomy":"product_brand","embeddable":true,"href":"https:\/\/freekids.pl\/fr\/wp-json\/wp\/v2\/product_brand?post=197997"},{"taxonomy":"product_cat","embeddable":true,"href":"https:\/\/freekids.pl\/fr\/wp-json\/wp\/v2\/product_cat?post=197997"},{"taxonomy":"product_tag","embeddable":true,"href":"https:\/\/freekids.pl\/fr\/wp-json\/wp\/v2\/product_tag?post=197997"}],"curies":[{"name":"wp","href":"https:\/\/api.w.org\/{rel}","templated":true}]}}