{"id":198044,"date":"2024-10-24T03:20:56","date_gmt":"2024-10-24T01:20:56","guid":{"rendered":"https:\/\/freekids.pl\/produkt\/elipso-4\/"},"modified":"2025-11-04T08:43:28","modified_gmt":"2025-11-04T07:43:28","slug":"elipso-4","status":"publish","type":"product","link":"https:\/\/freekids.pl\/fr\/produkt\/elipso-4\/","title":{"rendered":"Elipso 4"},"content":{"rendered":"<h2>Sp\u00e9cification des mat\u00e9riaux :<\/h2>\n<table class=\"spec-table-modern\">\n<tbody>\n<tr>\n<th>Mat\u00e9riaux de construction<\/th>\n<td>acier galvanis\u00e9 puis recouvert d\u2019un rev\u00eatement en poudre pour plus de durabilit\u00e9 et de r\u00e9sistance \u00e0 la corrosion, ou acier inoxydable<\/td>\n<\/tr>\n<tr>\n<th>\u00c9l\u00e9ments suppl\u00e9mentaires de la main courante<\/th>\n<td>acier noir galvanis\u00e9 puis thermolaqu\u00e9 ou acier inoxydable<\/td>\n<\/tr>\n<tr>\n<th>Fondements<\/th>\n<td>enterr\u00e9 dans le sol \u00e0 la profondeur sp\u00e9cifi\u00e9e et b\u00e9tonn\u00e9 avec du b\u00e9ton de classe min. B-20 ou viss\u00e9 \u00e0 une fondation en b\u00e9ton. <\/td>\n<\/tr>\n<tr>\n<th>Plaques<\/th>\n<td>Panneaux PEHD avec dessins frais\u00e9s<\/td>\n<\/tr>\n<tr>\n<th>Diapositives<\/th>\n<td>en acier inoxydable, tubulaire, tubulaire ou avec c\u00f4t\u00e9s en PEHD<\/td>\n<\/tr>\n<tr>\n<th>Autre<\/th>\n<td>Vis en acier inoxydable avec capuchons en polyamide. Colonnes structurelles finies avec des capuchons en caoutchouc semi-sph\u00e9riques. Pierres d\u2019escalade en plastique durable. Douilles en polycarbonate. Tunnel en tube \u00e0 double paroi en polypropyl\u00e8ne.    <\/td>\n<\/tr>\n<\/tbody>\n<\/table>\n","protected":false},"excerpt":{"rendered":"<p><span data-sheets-root=\"1\">Dispositif mont\u00e9 sur des poteaux ronds en acier. Poteaux termin\u00e9s par des capuchons sph\u00e9riques en caoutchouc. Panneaux de commande d&rsquo;au moins 100 x 70 cm.  <\/span><\/p>\n<div id=\"highlighter--hover-tools\" style=\"display: none;\">\n<div id=\"highlighter--hover-tools--container\">\n<div class=\"highlighter--icon highlighter--icon-copy\" title=\"Copie\"><\/div>\n<div class=\"highlighter--icon highlighter--icon-change-color\" title=\"Changer de couleur\"><\/div>\n<div class=\"highlighter--icon highlighter--icon-delete\" title=\"Supprimer\"><\/div>\n<\/div>\n<\/div>\n","protected":false},"featured_media":173268,"template":"","meta":{"_acf_changed":false,"ep_exclude_from_search":false},"product_brand":[],"product_cat":[553,535,480],"product_tag":[722],"class_list":{"0":"post-198044","1":"product","2":"type-product","3":"status-publish","4":"has-post-thumbnail","6":"product_series-elipso-fr","7":"product_group-metal-fr","8":"product_cat-ensembles-multifonctionnels","9":"product_cat-tableaux-pedagogiques","10":"product_cat-terrains-de-jeux","11":"product_tag-inclusivite","13":"first","14":"outofstock","15":"shipping-taxable","16":"purchasable","17":"product-type-simple"},"acf":[],"yoast_head":"<!-- This site is optimized with the Yoast SEO plugin v27.4 - https:\/\/yoast.com\/product\/yoast-seo-wordpress\/ -->\n<title>Set Elipso 4 avec tunnel de jeu - Freekids.fr<\/title>\n<meta name=\"robots\" content=\"index, follow, max-snippet:-1, max-image-preview:large, max-video-preview:-1\" \/>\n<link rel=\"canonical\" href=\"https:\/\/freekids.pl\/fr\/produkt\/elipso-4\/\" \/>\n<meta property=\"og:locale\" content=\"fr_FR\" \/>\n<meta property=\"og:type\" content=\"article\" \/>\n<meta property=\"og:title\" content=\"Set Elipso 4 avec tunnel de jeu - Freekids.fr\" \/>\n<meta property=\"og:description\" content=\"Dispositif mont\u00e9 sur des poteaux ronds en acier. Poteaux termin\u00e9s par des capuchons sph\u00e9riques en caoutchouc. Panneaux de commande d&#039;au moins 100 x 70 cm.\" \/>\n<meta property=\"og:url\" content=\"https:\/\/freekids.pl\/fr\/produkt\/elipso-4\/\" \/>\n<meta property=\"og:site_name\" content=\"FreeKids Playgrounds | Sport | Urban Furniture\" \/>\n<meta property=\"article:modified_time\" content=\"2025-11-04T07:43:28+00:00\" \/>\n<meta property=\"og:image\" content=\"https:\/\/freekids.pl\/wp-content\/uploads\/2025\/01\/0094034_elipso_4-wiz.1.jpg-scaled.jpg\" \/>\n\t<meta property=\"og:image:width\" content=\"2560\" \/>\n\t<meta property=\"og:image:height\" content=\"2560\" \/>\n\t<meta property=\"og:image:type\" content=\"image\/jpeg\" \/>\n<meta name=\"twitter:card\" content=\"summary_large_image\" \/>\n<meta name=\"twitter:label1\" content=\"Dur\u00e9e de lecture estim\u00e9e\" \/>\n\t<meta name=\"twitter:data1\" content=\"1 minute\" \/>\n<script type=\"application\/ld+json\" class=\"yoast-schema-graph\">{\"@context\":\"https:\\\/\\\/schema.org\",\"@graph\":[{\"@type\":\"WebPage\",\"@id\":\"https:\\\/\\\/freekids.pl\\\/fr\\\/produkt\\\/elipso-4\\\/\",\"url\":\"https:\\\/\\\/freekids.pl\\\/fr\\\/produkt\\\/elipso-4\\\/\",\"name\":\"Set Elipso 4 avec tunnel de jeu - Freekids.fr\",\"isPartOf\":{\"@id\":\"https:\\\/\\\/freekids.pl\\\/fr\\\/#website\"},\"primaryImageOfPage\":{\"@id\":\"https:\\\/\\\/freekids.pl\\\/fr\\\/produkt\\\/elipso-4\\\/#primaryimage\"},\"image\":{\"@id\":\"https:\\\/\\\/freekids.pl\\\/fr\\\/produkt\\\/elipso-4\\\/#primaryimage\"},\"thumbnailUrl\":\"https:\\\/\\\/freekids.pl\\\/wp-content\\\/uploads\\\/2025\\\/01\\\/0094034_elipso_4-wiz.1.jpg-scaled.jpg\",\"datePublished\":\"2024-10-24T01:20:56+00:00\",\"dateModified\":\"2025-11-04T07:43:28+00:00\",\"breadcrumb\":{\"@id\":\"https:\\\/\\\/freekids.pl\\\/fr\\\/produkt\\\/elipso-4\\\/#breadcrumb\"},\"inLanguage\":\"fr-FR\",\"potentialAction\":[{\"@type\":\"ReadAction\",\"target\":[\"https:\\\/\\\/freekids.pl\\\/fr\\\/produkt\\\/elipso-4\\\/\"]}]},{\"@type\":\"ImageObject\",\"inLanguage\":\"fr-FR\",\"@id\":\"https:\\\/\\\/freekids.pl\\\/fr\\\/produkt\\\/elipso-4\\\/#primaryimage\",\"url\":\"https:\\\/\\\/freekids.pl\\\/wp-content\\\/uploads\\\/2025\\\/01\\\/0094034_elipso_4-wiz.1.jpg-scaled.jpg\",\"contentUrl\":\"https:\\\/\\\/freekids.pl\\\/wp-content\\\/uploads\\\/2025\\\/01\\\/0094034_elipso_4-wiz.1.jpg-scaled.jpg\",\"width\":2560,\"height\":2560},{\"@type\":\"BreadcrumbList\",\"@id\":\"https:\\\/\\\/freekids.pl\\\/fr\\\/produkt\\\/elipso-4\\\/#breadcrumb\",\"itemListElement\":[{\"@type\":\"ListItem\",\"position\":1,\"name\":\"Strona g\u0142\u00f3wna\",\"item\":\"https:\\\/\\\/freekids.pl\\\/fr\\\/\"},{\"@type\":\"ListItem\",\"position\":2,\"name\":\"Produits\",\"item\":\"https:\\\/\\\/freekids.pl\\\/fr\\\/produits\\\/\"},{\"@type\":\"ListItem\",\"position\":3,\"name\":\"Elipso 4\"}]},{\"@type\":\"WebSite\",\"@id\":\"https:\\\/\\\/freekids.pl\\\/fr\\\/#website\",\"url\":\"https:\\\/\\\/freekids.pl\\\/fr\\\/\",\"name\":\"FreeKids Playgrounds | Sport | Urban Furniture\",\"description\":\"Dream it, do it !\",\"potentialAction\":[{\"@type\":\"SearchAction\",\"target\":{\"@type\":\"EntryPoint\",\"urlTemplate\":\"https:\\\/\\\/freekids.pl\\\/fr\\\/?s={search_term_string}\"},\"query-input\":{\"@type\":\"PropertyValueSpecification\",\"valueRequired\":true,\"valueName\":\"search_term_string\"}}],\"inLanguage\":\"fr-FR\"}]}<\/script>\n<!-- \/ Yoast SEO plugin. -->","yoast_head_json":{"title":"Set Elipso 4 avec tunnel de jeu - Freekids.fr","robots":{"index":"index","follow":"follow","max-snippet":"max-snippet:-1","max-image-preview":"max-image-preview:large","max-video-preview":"max-video-preview:-1"},"canonical":"https:\/\/freekids.pl\/fr\/produkt\/elipso-4\/","og_locale":"fr_FR","og_type":"article","og_title":"Set Elipso 4 avec tunnel de jeu - Freekids.fr","og_description":"Dispositif mont\u00e9 sur des poteaux ronds en acier. Poteaux termin\u00e9s par des capuchons sph\u00e9riques en caoutchouc. Panneaux de commande d'au moins 100 x 70 cm.","og_url":"https:\/\/freekids.pl\/fr\/produkt\/elipso-4\/","og_site_name":"FreeKids Playgrounds | Sport | Urban Furniture","article_modified_time":"2025-11-04T07:43:28+00:00","og_image":[{"width":2560,"height":2560,"url":"https:\/\/freekids.pl\/wp-content\/uploads\/2025\/01\/0094034_elipso_4-wiz.1.jpg-scaled.jpg","type":"image\/jpeg"}],"twitter_card":"summary_large_image","twitter_misc":{"Dur\u00e9e de lecture estim\u00e9e":"1 minute"},"schema":{"@context":"https:\/\/schema.org","@graph":[{"@type":"WebPage","@id":"https:\/\/freekids.pl\/fr\/produkt\/elipso-4\/","url":"https:\/\/freekids.pl\/fr\/produkt\/elipso-4\/","name":"Set Elipso 4 avec tunnel de jeu - Freekids.fr","isPartOf":{"@id":"https:\/\/freekids.pl\/fr\/#website"},"primaryImageOfPage":{"@id":"https:\/\/freekids.pl\/fr\/produkt\/elipso-4\/#primaryimage"},"image":{"@id":"https:\/\/freekids.pl\/fr\/produkt\/elipso-4\/#primaryimage"},"thumbnailUrl":"https:\/\/freekids.pl\/wp-content\/uploads\/2025\/01\/0094034_elipso_4-wiz.1.jpg-scaled.jpg","datePublished":"2024-10-24T01:20:56+00:00","dateModified":"2025-11-04T07:43:28+00:00","breadcrumb":{"@id":"https:\/\/freekids.pl\/fr\/produkt\/elipso-4\/#breadcrumb"},"inLanguage":"fr-FR","potentialAction":[{"@type":"ReadAction","target":["https:\/\/freekids.pl\/fr\/produkt\/elipso-4\/"]}]},{"@type":"ImageObject","inLanguage":"fr-FR","@id":"https:\/\/freekids.pl\/fr\/produkt\/elipso-4\/#primaryimage","url":"https:\/\/freekids.pl\/wp-content\/uploads\/2025\/01\/0094034_elipso_4-wiz.1.jpg-scaled.jpg","contentUrl":"https:\/\/freekids.pl\/wp-content\/uploads\/2025\/01\/0094034_elipso_4-wiz.1.jpg-scaled.jpg","width":2560,"height":2560},{"@type":"BreadcrumbList","@id":"https:\/\/freekids.pl\/fr\/produkt\/elipso-4\/#breadcrumb","itemListElement":[{"@type":"ListItem","position":1,"name":"Strona g\u0142\u00f3wna","item":"https:\/\/freekids.pl\/fr\/"},{"@type":"ListItem","position":2,"name":"Produits","item":"https:\/\/freekids.pl\/fr\/produits\/"},{"@type":"ListItem","position":3,"name":"Elipso 4"}]},{"@type":"WebSite","@id":"https:\/\/freekids.pl\/fr\/#website","url":"https:\/\/freekids.pl\/fr\/","name":"FreeKids Playgrounds | Sport | Urban Furniture","description":"Dream it, do it !","potentialAction":[{"@type":"SearchAction","target":{"@type":"EntryPoint","urlTemplate":"https:\/\/freekids.pl\/fr\/?s={search_term_string}"},"query-input":{"@type":"PropertyValueSpecification","valueRequired":true,"valueName":"search_term_string"}}],"inLanguage":"fr-FR"}]}},"_links":{"self":[{"href":"https:\/\/freekids.pl\/fr\/wp-json\/wp\/v2\/product\/198044","targetHints":{"allow":["GET"]}}],"collection":[{"href":"https:\/\/freekids.pl\/fr\/wp-json\/wp\/v2\/product"}],"about":[{"href":"https:\/\/freekids.pl\/fr\/wp-json\/wp\/v2\/types\/product"}],"wp:featuredmedia":[{"embeddable":true,"href":"https:\/\/freekids.pl\/fr\/wp-json\/wp\/v2\/media\/173268"}],"wp:attachment":[{"href":"https:\/\/freekids.pl\/fr\/wp-json\/wp\/v2\/media?parent=198044"}],"wp:term":[{"taxonomy":"product_brand","embeddable":true,"href":"https:\/\/freekids.pl\/fr\/wp-json\/wp\/v2\/product_brand?post=198044"},{"taxonomy":"product_cat","embeddable":true,"href":"https:\/\/freekids.pl\/fr\/wp-json\/wp\/v2\/product_cat?post=198044"},{"taxonomy":"product_tag","embeddable":true,"href":"https:\/\/freekids.pl\/fr\/wp-json\/wp\/v2\/product_tag?post=198044"}],"curies":[{"name":"wp","href":"https:\/\/api.w.org\/{rel}","templated":true}]}}