{"id":200594,"date":"2024-10-24T03:06:34","date_gmt":"2024-10-24T01:06:34","guid":{"rendered":"https:\/\/freekids.pl\/produkt\/diplo\/"},"modified":"2025-11-04T08:46:26","modified_gmt":"2025-11-04T07:46:26","slug":"diplo","status":"publish","type":"product","link":"https:\/\/freekids.pl\/fr\/produkt\/diplo\/","title":{"rendered":"Diplo"},"content":{"rendered":"<h2>Sp\u00e9cification des mat\u00e9riaux :<\/h2>\n<table class=\"spec-table-modern\">\n<tbody>\n<tr>\n<th>Mat\u00e9riaux de construction<\/th>\n<td>Inox<\/td>\n<\/tr>\n<tr>\n<th>\u00c9l\u00e9ments suppl\u00e9mentaires de la main courante<\/th>\n<td>Inoxydable<\/td>\n<\/tr>\n<tr>\n<th>Fondements<\/th>\n<td>enterr\u00e9 dans le sol \u00e0 la profondeur sp\u00e9cifi\u00e9e et b\u00e9tonn\u00e9 avec du b\u00e9ton de classe min. B-20 ou viss\u00e9 \u00e0 une fondation en b\u00e9ton. <\/td>\n<\/tr>\n<tr>\n<th>Plaques<\/th>\n<td>Panneaux PEHD avec dessins frais\u00e9s<\/td>\n<\/tr>\n<tr>\n<th>Corde<\/th>\n<td>C\u00e2bles \u00e0 \u00e2me en acier avec tresse en polypropyl\u00e8ne, reli\u00e9s par des connecteurs en plastique ou en aluminium.<\/td>\n<\/tr>\n<tr>\n<th>Autre<\/th>\n<td>Assemblage d\u2019\u00e9l\u00e9ments structurels sous forme de pinces en aluminium. Vis en acier inoxydable avec capuchons en polyamide. Pierres d\u2019escalade en plastique durable. Douilles en polycarbonate. Tunnel en tube \u00e0 double paroi en polypropyl\u00e8ne. \u00c9l\u00e9ments de construction suppl\u00e9mentaires de dinosaures en bois coll\u00e9 pli\u00e9 d\u00e9coratif.     <\/td>\n<\/tr>\n<\/tbody>\n<\/table>\n","protected":false},"excerpt":{"rendered":"<p>Un appareil en forme de diplodocus compos\u00e9 de tubes ronds pli\u00e9s et roul\u00e9s et de poutres en bois lamell\u00e9-coll\u00e9 pli\u00e9es. Pieds en tubes d\u2019acier en forme d\u2019\u00e9chelles de corde. L\u2019abdomen est constitu\u00e9 sous la forme d\u2019un linarium spatial.  <\/p>\n","protected":false},"featured_media":177631,"template":"","meta":{"_acf_changed":false,"ep_exclude_from_search":false},"product_cat":[553,548,480],"product_tag":[],"class_list":{"0":"post-200594","1":"product","2":"type-product","3":"status-publish","4":"has-post-thumbnail","6":"product_series-jura-fr","7":"product_group-clamps-fr","8":"product_cat-ensembles-multifonctionnels","9":"product_cat-escalade","10":"product_cat-terrains-de-jeux","12":"first","13":"outofstock","14":"shipping-taxable","15":"purchasable","16":"product-type-simple"},"acf":[],"yoast_head":"<!-- This site is optimized with the Yoast SEO plugin v27.4 - https:\/\/yoast.com\/product\/yoast-seo-wordpress\/ -->\n<title>Diplo - Freekids.pl<\/title>\n<meta name=\"robots\" content=\"index, follow, max-snippet:-1, max-image-preview:large, max-video-preview:-1\" \/>\n<link rel=\"canonical\" href=\"https:\/\/freekids.pl\/fr\/produkt\/diplo\/\" \/>\n<meta property=\"og:locale\" content=\"fr_FR\" \/>\n<meta property=\"og:type\" content=\"article\" \/>\n<meta property=\"og:title\" content=\"Diplo - Freekids.pl\" \/>\n<meta property=\"og:description\" content=\"Un appareil en forme de diplodocus compos\u00e9 de tubes ronds pli\u00e9s et roul\u00e9s et de poutres en bois lamell\u00e9-coll\u00e9 pli\u00e9es. Pieds en tubes d\u2019acier en forme d\u2019\u00e9chelles de corde. L\u2019abdomen est constitu\u00e9 sous la forme d\u2019un linarium spatial.\" \/>\n<meta property=\"og:url\" content=\"https:\/\/freekids.pl\/fr\/produkt\/diplo\/\" \/>\n<meta property=\"og:site_name\" content=\"FreeKids Playgrounds | Sport | Urban Furniture\" \/>\n<meta property=\"article:modified_time\" content=\"2025-11-04T07:46:26+00:00\" \/>\n<meta property=\"og:image\" content=\"https:\/\/freekids.pl\/wp-content\/uploads\/2025\/01\/0280083_diplo_-_wiz.5-scaled.jpg\" \/>\n\t<meta property=\"og:image:width\" content=\"2560\" \/>\n\t<meta property=\"og:image:height\" content=\"1439\" \/>\n\t<meta property=\"og:image:type\" content=\"image\/jpeg\" \/>\n<meta name=\"twitter:card\" content=\"summary_large_image\" \/>\n<meta name=\"twitter:label1\" content=\"Dur\u00e9e de lecture estim\u00e9e\" \/>\n\t<meta name=\"twitter:data1\" content=\"1 minute\" \/>\n<script type=\"application\/ld+json\" class=\"yoast-schema-graph\">{\"@context\":\"https:\\\/\\\/schema.org\",\"@graph\":[{\"@type\":\"WebPage\",\"@id\":\"https:\\\/\\\/freekids.pl\\\/fr\\\/produkt\\\/diplo\\\/\",\"url\":\"https:\\\/\\\/freekids.pl\\\/fr\\\/produkt\\\/diplo\\\/\",\"name\":\"Diplo - Freekids.pl\",\"isPartOf\":{\"@id\":\"https:\\\/\\\/freekids.pl\\\/fr\\\/#website\"},\"primaryImageOfPage\":{\"@id\":\"https:\\\/\\\/freekids.pl\\\/fr\\\/produkt\\\/diplo\\\/#primaryimage\"},\"image\":{\"@id\":\"https:\\\/\\\/freekids.pl\\\/fr\\\/produkt\\\/diplo\\\/#primaryimage\"},\"thumbnailUrl\":\"https:\\\/\\\/freekids.pl\\\/wp-content\\\/uploads\\\/2025\\\/01\\\/0280083_diplo_-_wiz.5-scaled.jpg\",\"datePublished\":\"2024-10-24T01:06:34+00:00\",\"dateModified\":\"2025-11-04T07:46:26+00:00\",\"breadcrumb\":{\"@id\":\"https:\\\/\\\/freekids.pl\\\/fr\\\/produkt\\\/diplo\\\/#breadcrumb\"},\"inLanguage\":\"fr-FR\",\"potentialAction\":[{\"@type\":\"ReadAction\",\"target\":[\"https:\\\/\\\/freekids.pl\\\/fr\\\/produkt\\\/diplo\\\/\"]}]},{\"@type\":\"ImageObject\",\"inLanguage\":\"fr-FR\",\"@id\":\"https:\\\/\\\/freekids.pl\\\/fr\\\/produkt\\\/diplo\\\/#primaryimage\",\"url\":\"https:\\\/\\\/freekids.pl\\\/wp-content\\\/uploads\\\/2025\\\/01\\\/0280083_diplo_-_wiz.5-scaled.jpg\",\"contentUrl\":\"https:\\\/\\\/freekids.pl\\\/wp-content\\\/uploads\\\/2025\\\/01\\\/0280083_diplo_-_wiz.5-scaled.jpg\",\"width\":2560,\"height\":1439},{\"@type\":\"BreadcrumbList\",\"@id\":\"https:\\\/\\\/freekids.pl\\\/fr\\\/produkt\\\/diplo\\\/#breadcrumb\",\"itemListElement\":[{\"@type\":\"ListItem\",\"position\":1,\"name\":\"Strona g\u0142\u00f3wna\",\"item\":\"https:\\\/\\\/freekids.pl\\\/fr\\\/\"},{\"@type\":\"ListItem\",\"position\":2,\"name\":\"Produits\",\"item\":\"https:\\\/\\\/freekids.pl\\\/fr\\\/produits\\\/\"},{\"@type\":\"ListItem\",\"position\":3,\"name\":\"Diplo\"}]},{\"@type\":\"WebSite\",\"@id\":\"https:\\\/\\\/freekids.pl\\\/fr\\\/#website\",\"url\":\"https:\\\/\\\/freekids.pl\\\/fr\\\/\",\"name\":\"FreeKids Playgrounds | Sport | Urban Furniture\",\"description\":\"Dream it, do it !\",\"potentialAction\":[{\"@type\":\"SearchAction\",\"target\":{\"@type\":\"EntryPoint\",\"urlTemplate\":\"https:\\\/\\\/freekids.pl\\\/fr\\\/?s={search_term_string}\"},\"query-input\":{\"@type\":\"PropertyValueSpecification\",\"valueRequired\":true,\"valueName\":\"search_term_string\"}}],\"inLanguage\":\"fr-FR\"}]}<\/script>\n<!-- \/ Yoast SEO plugin. -->","yoast_head_json":{"title":"Diplo - Freekids.pl","robots":{"index":"index","follow":"follow","max-snippet":"max-snippet:-1","max-image-preview":"max-image-preview:large","max-video-preview":"max-video-preview:-1"},"canonical":"https:\/\/freekids.pl\/fr\/produkt\/diplo\/","og_locale":"fr_FR","og_type":"article","og_title":"Diplo - Freekids.pl","og_description":"Un appareil en forme de diplodocus compos\u00e9 de tubes ronds pli\u00e9s et roul\u00e9s et de poutres en bois lamell\u00e9-coll\u00e9 pli\u00e9es. Pieds en tubes d\u2019acier en forme d\u2019\u00e9chelles de corde. L\u2019abdomen est constitu\u00e9 sous la forme d\u2019un linarium spatial.","og_url":"https:\/\/freekids.pl\/fr\/produkt\/diplo\/","og_site_name":"FreeKids Playgrounds | Sport | Urban Furniture","article_modified_time":"2025-11-04T07:46:26+00:00","og_image":[{"width":2560,"height":1439,"url":"https:\/\/freekids.pl\/wp-content\/uploads\/2025\/01\/0280083_diplo_-_wiz.5-scaled.jpg","type":"image\/jpeg"}],"twitter_card":"summary_large_image","twitter_misc":{"Dur\u00e9e de lecture estim\u00e9e":"1 minute"},"schema":{"@context":"https:\/\/schema.org","@graph":[{"@type":"WebPage","@id":"https:\/\/freekids.pl\/fr\/produkt\/diplo\/","url":"https:\/\/freekids.pl\/fr\/produkt\/diplo\/","name":"Diplo - Freekids.pl","isPartOf":{"@id":"https:\/\/freekids.pl\/fr\/#website"},"primaryImageOfPage":{"@id":"https:\/\/freekids.pl\/fr\/produkt\/diplo\/#primaryimage"},"image":{"@id":"https:\/\/freekids.pl\/fr\/produkt\/diplo\/#primaryimage"},"thumbnailUrl":"https:\/\/freekids.pl\/wp-content\/uploads\/2025\/01\/0280083_diplo_-_wiz.5-scaled.jpg","datePublished":"2024-10-24T01:06:34+00:00","dateModified":"2025-11-04T07:46:26+00:00","breadcrumb":{"@id":"https:\/\/freekids.pl\/fr\/produkt\/diplo\/#breadcrumb"},"inLanguage":"fr-FR","potentialAction":[{"@type":"ReadAction","target":["https:\/\/freekids.pl\/fr\/produkt\/diplo\/"]}]},{"@type":"ImageObject","inLanguage":"fr-FR","@id":"https:\/\/freekids.pl\/fr\/produkt\/diplo\/#primaryimage","url":"https:\/\/freekids.pl\/wp-content\/uploads\/2025\/01\/0280083_diplo_-_wiz.5-scaled.jpg","contentUrl":"https:\/\/freekids.pl\/wp-content\/uploads\/2025\/01\/0280083_diplo_-_wiz.5-scaled.jpg","width":2560,"height":1439},{"@type":"BreadcrumbList","@id":"https:\/\/freekids.pl\/fr\/produkt\/diplo\/#breadcrumb","itemListElement":[{"@type":"ListItem","position":1,"name":"Strona g\u0142\u00f3wna","item":"https:\/\/freekids.pl\/fr\/"},{"@type":"ListItem","position":2,"name":"Produits","item":"https:\/\/freekids.pl\/fr\/produits\/"},{"@type":"ListItem","position":3,"name":"Diplo"}]},{"@type":"WebSite","@id":"https:\/\/freekids.pl\/fr\/#website","url":"https:\/\/freekids.pl\/fr\/","name":"FreeKids Playgrounds | Sport | Urban Furniture","description":"Dream it, do it !","potentialAction":[{"@type":"SearchAction","target":{"@type":"EntryPoint","urlTemplate":"https:\/\/freekids.pl\/fr\/?s={search_term_string}"},"query-input":{"@type":"PropertyValueSpecification","valueRequired":true,"valueName":"search_term_string"}}],"inLanguage":"fr-FR"}]}},"_links":{"self":[{"href":"https:\/\/freekids.pl\/fr\/wp-json\/wp\/v2\/product\/200594","targetHints":{"allow":["GET"]}}],"collection":[{"href":"https:\/\/freekids.pl\/fr\/wp-json\/wp\/v2\/product"}],"about":[{"href":"https:\/\/freekids.pl\/fr\/wp-json\/wp\/v2\/types\/product"}],"wp:featuredmedia":[{"embeddable":true,"href":"https:\/\/freekids.pl\/fr\/wp-json\/wp\/v2\/media\/177631"}],"wp:attachment":[{"href":"https:\/\/freekids.pl\/fr\/wp-json\/wp\/v2\/media?parent=200594"}],"wp:term":[{"taxonomy":"product_cat","embeddable":true,"href":"https:\/\/freekids.pl\/fr\/wp-json\/wp\/v2\/product_cat?post=200594"},{"taxonomy":"product_tag","embeddable":true,"href":"https:\/\/freekids.pl\/fr\/wp-json\/wp\/v2\/product_tag?post=200594"}],"curies":[{"name":"wp","href":"https:\/\/api.w.org\/{rel}","templated":true}]}}