{"id":200681,"date":"2024-10-24T02:43:51","date_gmt":"2024-10-24T00:43:51","guid":{"rendered":"https:\/\/freekids.pl\/produkt\/sables-mouvants-17\/"},"modified":"2024-10-24T02:43:51","modified_gmt":"2024-10-24T00:43:51","slug":"sables-mouvants-17","status":"publish","type":"product","link":"https:\/\/freekids.pl\/fr\/produkt\/sables-mouvants-17\/","title":{"rendered":"Sables mouvants 17"},"content":{"rendered":"","protected":false},"excerpt":{"rendered":"<p>L\u2019appareil est bas\u00e9 sur des poteaux ronds en acier. Seaux en caoutchouc, glissi\u00e8res en tuyaux en acier inoxydable. Les plateaux sont soutenus par un cadre soud\u00e9 en profil\u00e9s d\u2019acier. Les poteaux sont finis avec des capuchons sph\u00e9riques en caoutchouc.   <\/p>\n<div id=\"highlighter--hover-tools\" style=\"display: none;\">\n<div id=\"highlighter--hover-tools--container\">\n<div class=\"highlighter--icon highlighter--icon-copy\" title=\"Copie\"><\/div>\n<div class=\"highlighter--icon highlighter--icon-change-color\" title=\"Changer de couleur\"><\/div>\n<div class=\"highlighter--icon highlighter--icon-delete\" title=\"Supprimer\"><\/div>\n<\/div>\n<\/div>\n","protected":false},"featured_media":181792,"template":"","meta":{"_acf_changed":false},"product_cat":[525,480],"product_tag":[],"class_list":{"0":"post-200681","1":"product","2":"type-product","3":"status-publish","4":"has-post-thumbnail","6":"product_series-quicksand-fr","7":"product_group-metal-fr","8":"product_cat-bacs-a-sable-et-accessoires","9":"product_cat-terrains-de-jeux","11":"first","12":"outofstock","13":"shipping-taxable","14":"purchasable","15":"product-type-simple"},"acf":[],"yoast_head":"<!-- This site is optimized with the Yoast SEO plugin v27.4 - https:\/\/yoast.com\/product\/yoast-seo-wordpress\/ -->\n<title>Sables mouvants 17 - Freekids.pl<\/title>\n<meta name=\"robots\" content=\"index, follow, max-snippet:-1, max-image-preview:large, max-video-preview:-1\" \/>\n<link rel=\"canonical\" href=\"https:\/\/freekids.pl\/fr\/produkt\/sables-mouvants-17\/\" \/>\n<meta property=\"og:locale\" content=\"fr_FR\" \/>\n<meta property=\"og:type\" content=\"article\" \/>\n<meta property=\"og:title\" content=\"Sables mouvants 17 - Freekids.pl\" \/>\n<meta property=\"og:description\" content=\"L\u2019appareil est bas\u00e9 sur des poteaux ronds en acier. Seaux en caoutchouc, glissi\u00e8res en tuyaux en acier inoxydable. Les plateaux sont soutenus par un cadre soud\u00e9 en profil\u00e9s d\u2019acier. Les poteaux sont finis avec des capuchons sph\u00e9riques en caoutchouc.\" \/>\n<meta property=\"og:url\" content=\"https:\/\/freekids.pl\/fr\/produkt\/sables-mouvants-17\/\" \/>\n<meta property=\"og:site_name\" content=\"FreeKids Playgrounds | Sport | Urban Furniture\" \/>\n<meta property=\"og:image\" content=\"https:\/\/freekids.pl\/wp-content\/uploads\/2025\/01\/0095019_ruchome_piaski_17_-_wiz.1.jpg\" \/>\n\t<meta property=\"og:image:width\" content=\"1920\" \/>\n\t<meta property=\"og:image:height\" content=\"1514\" \/>\n\t<meta property=\"og:image:type\" content=\"image\/jpeg\" \/>\n<meta name=\"twitter:card\" content=\"summary_large_image\" \/>\n<script type=\"application\/ld+json\" class=\"yoast-schema-graph\">{\"@context\":\"https:\\\/\\\/schema.org\",\"@graph\":[{\"@type\":\"WebPage\",\"@id\":\"https:\\\/\\\/freekids.pl\\\/fr\\\/produkt\\\/sables-mouvants-17\\\/\",\"url\":\"https:\\\/\\\/freekids.pl\\\/fr\\\/produkt\\\/sables-mouvants-17\\\/\",\"name\":\"Sables mouvants 17 - Freekids.pl\",\"isPartOf\":{\"@id\":\"https:\\\/\\\/freekids.pl\\\/fr\\\/#website\"},\"primaryImageOfPage\":{\"@id\":\"https:\\\/\\\/freekids.pl\\\/fr\\\/produkt\\\/sables-mouvants-17\\\/#primaryimage\"},\"image\":{\"@id\":\"https:\\\/\\\/freekids.pl\\\/fr\\\/produkt\\\/sables-mouvants-17\\\/#primaryimage\"},\"thumbnailUrl\":\"https:\\\/\\\/freekids.pl\\\/wp-content\\\/uploads\\\/2025\\\/01\\\/0095019_ruchome_piaski_17_-_wiz.1.jpg\",\"datePublished\":\"2024-10-24T00:43:51+00:00\",\"breadcrumb\":{\"@id\":\"https:\\\/\\\/freekids.pl\\\/fr\\\/produkt\\\/sables-mouvants-17\\\/#breadcrumb\"},\"inLanguage\":\"fr-FR\",\"potentialAction\":[{\"@type\":\"ReadAction\",\"target\":[\"https:\\\/\\\/freekids.pl\\\/fr\\\/produkt\\\/sables-mouvants-17\\\/\"]}]},{\"@type\":\"ImageObject\",\"inLanguage\":\"fr-FR\",\"@id\":\"https:\\\/\\\/freekids.pl\\\/fr\\\/produkt\\\/sables-mouvants-17\\\/#primaryimage\",\"url\":\"https:\\\/\\\/freekids.pl\\\/wp-content\\\/uploads\\\/2025\\\/01\\\/0095019_ruchome_piaski_17_-_wiz.1.jpg\",\"contentUrl\":\"https:\\\/\\\/freekids.pl\\\/wp-content\\\/uploads\\\/2025\\\/01\\\/0095019_ruchome_piaski_17_-_wiz.1.jpg\",\"width\":1920,\"height\":1514},{\"@type\":\"BreadcrumbList\",\"@id\":\"https:\\\/\\\/freekids.pl\\\/fr\\\/produkt\\\/sables-mouvants-17\\\/#breadcrumb\",\"itemListElement\":[{\"@type\":\"ListItem\",\"position\":1,\"name\":\"Strona g\u0142\u00f3wna\",\"item\":\"https:\\\/\\\/freekids.pl\\\/fr\\\/\"},{\"@type\":\"ListItem\",\"position\":2,\"name\":\"Produits\",\"item\":\"https:\\\/\\\/freekids.pl\\\/fr\\\/produits\\\/\"},{\"@type\":\"ListItem\",\"position\":3,\"name\":\"Sables mouvants 17\"}]},{\"@type\":\"WebSite\",\"@id\":\"https:\\\/\\\/freekids.pl\\\/fr\\\/#website\",\"url\":\"https:\\\/\\\/freekids.pl\\\/fr\\\/\",\"name\":\"FreeKids Playgrounds | Sport | Urban Furniture\",\"description\":\"Dream it, do it !\",\"potentialAction\":[{\"@type\":\"SearchAction\",\"target\":{\"@type\":\"EntryPoint\",\"urlTemplate\":\"https:\\\/\\\/freekids.pl\\\/fr\\\/?s={search_term_string}\"},\"query-input\":{\"@type\":\"PropertyValueSpecification\",\"valueRequired\":true,\"valueName\":\"search_term_string\"}}],\"inLanguage\":\"fr-FR\"}]}<\/script>\n<!-- \/ Yoast SEO plugin. -->","yoast_head_json":{"title":"Sables mouvants 17 - Freekids.pl","robots":{"index":"index","follow":"follow","max-snippet":"max-snippet:-1","max-image-preview":"max-image-preview:large","max-video-preview":"max-video-preview:-1"},"canonical":"https:\/\/freekids.pl\/fr\/produkt\/sables-mouvants-17\/","og_locale":"fr_FR","og_type":"article","og_title":"Sables mouvants 17 - Freekids.pl","og_description":"L\u2019appareil est bas\u00e9 sur des poteaux ronds en acier. Seaux en caoutchouc, glissi\u00e8res en tuyaux en acier inoxydable. Les plateaux sont soutenus par un cadre soud\u00e9 en profil\u00e9s d\u2019acier. Les poteaux sont finis avec des capuchons sph\u00e9riques en caoutchouc.","og_url":"https:\/\/freekids.pl\/fr\/produkt\/sables-mouvants-17\/","og_site_name":"FreeKids Playgrounds | Sport | Urban Furniture","og_image":[{"width":1920,"height":1514,"url":"https:\/\/freekids.pl\/wp-content\/uploads\/2025\/01\/0095019_ruchome_piaski_17_-_wiz.1.jpg","type":"image\/jpeg"}],"twitter_card":"summary_large_image","schema":{"@context":"https:\/\/schema.org","@graph":[{"@type":"WebPage","@id":"https:\/\/freekids.pl\/fr\/produkt\/sables-mouvants-17\/","url":"https:\/\/freekids.pl\/fr\/produkt\/sables-mouvants-17\/","name":"Sables mouvants 17 - Freekids.pl","isPartOf":{"@id":"https:\/\/freekids.pl\/fr\/#website"},"primaryImageOfPage":{"@id":"https:\/\/freekids.pl\/fr\/produkt\/sables-mouvants-17\/#primaryimage"},"image":{"@id":"https:\/\/freekids.pl\/fr\/produkt\/sables-mouvants-17\/#primaryimage"},"thumbnailUrl":"https:\/\/freekids.pl\/wp-content\/uploads\/2025\/01\/0095019_ruchome_piaski_17_-_wiz.1.jpg","datePublished":"2024-10-24T00:43:51+00:00","breadcrumb":{"@id":"https:\/\/freekids.pl\/fr\/produkt\/sables-mouvants-17\/#breadcrumb"},"inLanguage":"fr-FR","potentialAction":[{"@type":"ReadAction","target":["https:\/\/freekids.pl\/fr\/produkt\/sables-mouvants-17\/"]}]},{"@type":"ImageObject","inLanguage":"fr-FR","@id":"https:\/\/freekids.pl\/fr\/produkt\/sables-mouvants-17\/#primaryimage","url":"https:\/\/freekids.pl\/wp-content\/uploads\/2025\/01\/0095019_ruchome_piaski_17_-_wiz.1.jpg","contentUrl":"https:\/\/freekids.pl\/wp-content\/uploads\/2025\/01\/0095019_ruchome_piaski_17_-_wiz.1.jpg","width":1920,"height":1514},{"@type":"BreadcrumbList","@id":"https:\/\/freekids.pl\/fr\/produkt\/sables-mouvants-17\/#breadcrumb","itemListElement":[{"@type":"ListItem","position":1,"name":"Strona g\u0142\u00f3wna","item":"https:\/\/freekids.pl\/fr\/"},{"@type":"ListItem","position":2,"name":"Produits","item":"https:\/\/freekids.pl\/fr\/produits\/"},{"@type":"ListItem","position":3,"name":"Sables mouvants 17"}]},{"@type":"WebSite","@id":"https:\/\/freekids.pl\/fr\/#website","url":"https:\/\/freekids.pl\/fr\/","name":"FreeKids Playgrounds | Sport | Urban Furniture","description":"Dream it, do it !","potentialAction":[{"@type":"SearchAction","target":{"@type":"EntryPoint","urlTemplate":"https:\/\/freekids.pl\/fr\/?s={search_term_string}"},"query-input":{"@type":"PropertyValueSpecification","valueRequired":true,"valueName":"search_term_string"}}],"inLanguage":"fr-FR"}]}},"_links":{"self":[{"href":"https:\/\/freekids.pl\/fr\/wp-json\/wp\/v2\/product\/200681","targetHints":{"allow":["GET"]}}],"collection":[{"href":"https:\/\/freekids.pl\/fr\/wp-json\/wp\/v2\/product"}],"about":[{"href":"https:\/\/freekids.pl\/fr\/wp-json\/wp\/v2\/types\/product"}],"wp:featuredmedia":[{"embeddable":true,"href":"https:\/\/freekids.pl\/fr\/wp-json\/wp\/v2\/media\/181792"}],"wp:attachment":[{"href":"https:\/\/freekids.pl\/fr\/wp-json\/wp\/v2\/media?parent=200681"}],"wp:term":[{"taxonomy":"product_cat","embeddable":true,"href":"https:\/\/freekids.pl\/fr\/wp-json\/wp\/v2\/product_cat?post=200681"},{"taxonomy":"product_tag","embeddable":true,"href":"https:\/\/freekids.pl\/fr\/wp-json\/wp\/v2\/product_tag?post=200681"}],"curies":[{"name":"wp","href":"https:\/\/api.w.org\/{rel}","templated":true}]}}