{"id":201204,"date":"2024-10-24T01:57:27","date_gmt":"2024-10-23T23:57:27","guid":{"rendered":"https:\/\/freekids.pl\/produkt\/hydrofit-biceps\/"},"modified":"2025-11-04T08:51:12","modified_gmt":"2025-11-04T07:51:12","slug":"hydrofit-biceps","status":"publish","type":"product","link":"https:\/\/freekids.pl\/fr\/produkt\/hydrofit-biceps\/","title":{"rendered":"HydroFit Biceps"},"content":{"rendered":"<h2>Sp\u00e9cification des mat\u00e9riaux :<\/h2>\n<table class=\"spec-table-modern\">\n<tbody>\n<tr>\n<th>Mat\u00e9riaux de construction<\/th>\n<td>acier galvanis\u00e9 puis recouvert d\u2019un rev\u00eatement en poudre pour plus de durabilit\u00e9 et de r\u00e9sistance \u00e0 la corrosion, ou acier inoxydable<\/td>\n<\/tr>\n<tr>\n<th>Fondements<\/th>\n<td>enterr\u00e9 dans le sol \u00e0 la profondeur sp\u00e9cifi\u00e9e et b\u00e9tonn\u00e9 avec du b\u00e9ton de classe min. B-20 ou viss\u00e9 \u00e0 une fondation en b\u00e9ton. <\/td>\n<\/tr>\n<tr>\n<th>Plaques<\/th>\n<td>Panneaux PEHD avec dessins frais\u00e9s<\/td>\n<\/tr>\n<tr>\n<th>Autre<\/th>\n<td>V\u00e9rins hydrauliques avec bouton de r\u00e9glage de la r\u00e9sistance. Vis en acier inoxydable. Poign\u00e9es confortables avec mousse int\u00e9grale de polyur\u00e9thane. Roulements \u00e0 billes \u00e0 gorge profonde.   <\/td>\n<\/tr>\n<\/tbody>\n<\/table>\n","protected":false},"excerpt":{"rendered":"<p>Sp\u00e9cification des mat\u00e9riaux : Mat\u00e9riaux de construction acier galvanis\u00e9 puis recouvert d\u2019un rev\u00eatement en poudre pour plus de durabilit\u00e9 et de r\u00e9sistance \u00e0 la corrosion, ou acier inoxydable Fondements enterr\u00e9 dans le sol \u00e0 la profondeur sp\u00e9cifi\u00e9e et b\u00e9tonn\u00e9 avec du b\u00e9ton de classe min. B-20 ou viss\u00e9 \u00e0 une fondation en b\u00e9ton. Plaques Panneaux [&hellip;]<\/p>\n","protected":false},"featured_media":180323,"template":"","meta":{"_acf_changed":false},"product_cat":[763,762,490],"product_tag":[],"class_list":{"0":"post-201204","1":"product","2":"type-product","3":"status-publish","4":"has-post-thumbnail","6":"product_series-hydrofit-fr","7":"product_group-sport-fr","8":"product_cat-fitness-fr","9":"product_cat-silownia-fr","10":"product_cat-sport-fr","12":"first","13":"outofstock","14":"shipping-taxable","15":"purchasable","16":"product-type-simple"},"acf":[],"yoast_head":"<!-- This site is optimized with the Yoast SEO plugin v27.4 - https:\/\/yoast.com\/product\/yoast-seo-wordpress\/ -->\n<title>HydroFit Biceps - Freekids.pl<\/title>\n<meta name=\"robots\" content=\"index, follow, max-snippet:-1, max-image-preview:large, max-video-preview:-1\" \/>\n<link rel=\"canonical\" href=\"https:\/\/freekids.pl\/fr\/produkt\/hydrofit-biceps\/\" \/>\n<meta property=\"og:locale\" content=\"fr_FR\" \/>\n<meta property=\"og:type\" content=\"article\" \/>\n<meta property=\"og:title\" content=\"HydroFit Biceps - Freekids.pl\" \/>\n<meta property=\"og:description\" content=\"Sp\u00e9cification des mat\u00e9riaux : Mat\u00e9riaux de construction acier galvanis\u00e9 puis recouvert d\u2019un rev\u00eatement en poudre pour plus de durabilit\u00e9 et de r\u00e9sistance \u00e0 la corrosion, ou acier inoxydable Fondements enterr\u00e9 dans le sol \u00e0 la profondeur sp\u00e9cifi\u00e9e et b\u00e9tonn\u00e9 avec du b\u00e9ton de classe min. B-20 ou viss\u00e9 \u00e0 une fondation en b\u00e9ton. Plaques Panneaux [&hellip;]\" \/>\n<meta property=\"og:url\" content=\"https:\/\/freekids.pl\/fr\/produkt\/hydrofit-biceps\/\" \/>\n<meta property=\"og:site_name\" content=\"FreeKids Playgrounds | Sport | Urban Furniture\" \/>\n<meta property=\"article:modified_time\" content=\"2025-11-04T07:51:12+00:00\" \/>\n<meta property=\"og:image\" content=\"https:\/\/freekids.pl\/wp-content\/uploads\/2025\/01\/0073001_hydrofit_biceps_-_wiz.1-scaled.jpg\" \/>\n\t<meta property=\"og:image:width\" content=\"2560\" \/>\n\t<meta property=\"og:image:height\" content=\"1657\" \/>\n\t<meta property=\"og:image:type\" content=\"image\/jpeg\" \/>\n<meta name=\"twitter:card\" content=\"summary_large_image\" \/>\n<script type=\"application\/ld+json\" class=\"yoast-schema-graph\">{\"@context\":\"https:\\\/\\\/schema.org\",\"@graph\":[{\"@type\":\"WebPage\",\"@id\":\"https:\\\/\\\/freekids.pl\\\/fr\\\/produkt\\\/hydrofit-biceps\\\/\",\"url\":\"https:\\\/\\\/freekids.pl\\\/fr\\\/produkt\\\/hydrofit-biceps\\\/\",\"name\":\"HydroFit Biceps - Freekids.pl\",\"isPartOf\":{\"@id\":\"https:\\\/\\\/freekids.pl\\\/fr\\\/#website\"},\"primaryImageOfPage\":{\"@id\":\"https:\\\/\\\/freekids.pl\\\/fr\\\/produkt\\\/hydrofit-biceps\\\/#primaryimage\"},\"image\":{\"@id\":\"https:\\\/\\\/freekids.pl\\\/fr\\\/produkt\\\/hydrofit-biceps\\\/#primaryimage\"},\"thumbnailUrl\":\"https:\\\/\\\/freekids.pl\\\/wp-content\\\/uploads\\\/2025\\\/01\\\/0073001_hydrofit_biceps_-_wiz.1-scaled.jpg\",\"datePublished\":\"2024-10-23T23:57:27+00:00\",\"dateModified\":\"2025-11-04T07:51:12+00:00\",\"breadcrumb\":{\"@id\":\"https:\\\/\\\/freekids.pl\\\/fr\\\/produkt\\\/hydrofit-biceps\\\/#breadcrumb\"},\"inLanguage\":\"fr-FR\",\"potentialAction\":[{\"@type\":\"ReadAction\",\"target\":[\"https:\\\/\\\/freekids.pl\\\/fr\\\/produkt\\\/hydrofit-biceps\\\/\"]}]},{\"@type\":\"ImageObject\",\"inLanguage\":\"fr-FR\",\"@id\":\"https:\\\/\\\/freekids.pl\\\/fr\\\/produkt\\\/hydrofit-biceps\\\/#primaryimage\",\"url\":\"https:\\\/\\\/freekids.pl\\\/wp-content\\\/uploads\\\/2025\\\/01\\\/0073001_hydrofit_biceps_-_wiz.1-scaled.jpg\",\"contentUrl\":\"https:\\\/\\\/freekids.pl\\\/wp-content\\\/uploads\\\/2025\\\/01\\\/0073001_hydrofit_biceps_-_wiz.1-scaled.jpg\",\"width\":2560,\"height\":1657},{\"@type\":\"BreadcrumbList\",\"@id\":\"https:\\\/\\\/freekids.pl\\\/fr\\\/produkt\\\/hydrofit-biceps\\\/#breadcrumb\",\"itemListElement\":[{\"@type\":\"ListItem\",\"position\":1,\"name\":\"Strona g\u0142\u00f3wna\",\"item\":\"https:\\\/\\\/freekids.pl\\\/fr\\\/\"},{\"@type\":\"ListItem\",\"position\":2,\"name\":\"Produits\",\"item\":\"https:\\\/\\\/freekids.pl\\\/fr\\\/produits\\\/\"},{\"@type\":\"ListItem\",\"position\":3,\"name\":\"HydroFit Biceps\"}]},{\"@type\":\"WebSite\",\"@id\":\"https:\\\/\\\/freekids.pl\\\/fr\\\/#website\",\"url\":\"https:\\\/\\\/freekids.pl\\\/fr\\\/\",\"name\":\"FreeKids Playgrounds | Sport | Urban Furniture\",\"description\":\"Dream it, do it !\",\"potentialAction\":[{\"@type\":\"SearchAction\",\"target\":{\"@type\":\"EntryPoint\",\"urlTemplate\":\"https:\\\/\\\/freekids.pl\\\/fr\\\/?s={search_term_string}\"},\"query-input\":{\"@type\":\"PropertyValueSpecification\",\"valueRequired\":true,\"valueName\":\"search_term_string\"}}],\"inLanguage\":\"fr-FR\"}]}<\/script>\n<!-- \/ Yoast SEO plugin. -->","yoast_head_json":{"title":"HydroFit Biceps - Freekids.pl","robots":{"index":"index","follow":"follow","max-snippet":"max-snippet:-1","max-image-preview":"max-image-preview:large","max-video-preview":"max-video-preview:-1"},"canonical":"https:\/\/freekids.pl\/fr\/produkt\/hydrofit-biceps\/","og_locale":"fr_FR","og_type":"article","og_title":"HydroFit Biceps - Freekids.pl","og_description":"Sp\u00e9cification des mat\u00e9riaux : Mat\u00e9riaux de construction acier galvanis\u00e9 puis recouvert d\u2019un rev\u00eatement en poudre pour plus de durabilit\u00e9 et de r\u00e9sistance \u00e0 la corrosion, ou acier inoxydable Fondements enterr\u00e9 dans le sol \u00e0 la profondeur sp\u00e9cifi\u00e9e et b\u00e9tonn\u00e9 avec du b\u00e9ton de classe min. B-20 ou viss\u00e9 \u00e0 une fondation en b\u00e9ton. Plaques Panneaux [&hellip;]","og_url":"https:\/\/freekids.pl\/fr\/produkt\/hydrofit-biceps\/","og_site_name":"FreeKids Playgrounds | Sport | Urban Furniture","article_modified_time":"2025-11-04T07:51:12+00:00","og_image":[{"width":2560,"height":1657,"url":"https:\/\/freekids.pl\/wp-content\/uploads\/2025\/01\/0073001_hydrofit_biceps_-_wiz.1-scaled.jpg","type":"image\/jpeg"}],"twitter_card":"summary_large_image","schema":{"@context":"https:\/\/schema.org","@graph":[{"@type":"WebPage","@id":"https:\/\/freekids.pl\/fr\/produkt\/hydrofit-biceps\/","url":"https:\/\/freekids.pl\/fr\/produkt\/hydrofit-biceps\/","name":"HydroFit Biceps - Freekids.pl","isPartOf":{"@id":"https:\/\/freekids.pl\/fr\/#website"},"primaryImageOfPage":{"@id":"https:\/\/freekids.pl\/fr\/produkt\/hydrofit-biceps\/#primaryimage"},"image":{"@id":"https:\/\/freekids.pl\/fr\/produkt\/hydrofit-biceps\/#primaryimage"},"thumbnailUrl":"https:\/\/freekids.pl\/wp-content\/uploads\/2025\/01\/0073001_hydrofit_biceps_-_wiz.1-scaled.jpg","datePublished":"2024-10-23T23:57:27+00:00","dateModified":"2025-11-04T07:51:12+00:00","breadcrumb":{"@id":"https:\/\/freekids.pl\/fr\/produkt\/hydrofit-biceps\/#breadcrumb"},"inLanguage":"fr-FR","potentialAction":[{"@type":"ReadAction","target":["https:\/\/freekids.pl\/fr\/produkt\/hydrofit-biceps\/"]}]},{"@type":"ImageObject","inLanguage":"fr-FR","@id":"https:\/\/freekids.pl\/fr\/produkt\/hydrofit-biceps\/#primaryimage","url":"https:\/\/freekids.pl\/wp-content\/uploads\/2025\/01\/0073001_hydrofit_biceps_-_wiz.1-scaled.jpg","contentUrl":"https:\/\/freekids.pl\/wp-content\/uploads\/2025\/01\/0073001_hydrofit_biceps_-_wiz.1-scaled.jpg","width":2560,"height":1657},{"@type":"BreadcrumbList","@id":"https:\/\/freekids.pl\/fr\/produkt\/hydrofit-biceps\/#breadcrumb","itemListElement":[{"@type":"ListItem","position":1,"name":"Strona g\u0142\u00f3wna","item":"https:\/\/freekids.pl\/fr\/"},{"@type":"ListItem","position":2,"name":"Produits","item":"https:\/\/freekids.pl\/fr\/produits\/"},{"@type":"ListItem","position":3,"name":"HydroFit Biceps"}]},{"@type":"WebSite","@id":"https:\/\/freekids.pl\/fr\/#website","url":"https:\/\/freekids.pl\/fr\/","name":"FreeKids Playgrounds | Sport | Urban Furniture","description":"Dream it, do it !","potentialAction":[{"@type":"SearchAction","target":{"@type":"EntryPoint","urlTemplate":"https:\/\/freekids.pl\/fr\/?s={search_term_string}"},"query-input":{"@type":"PropertyValueSpecification","valueRequired":true,"valueName":"search_term_string"}}],"inLanguage":"fr-FR"}]}},"_links":{"self":[{"href":"https:\/\/freekids.pl\/fr\/wp-json\/wp\/v2\/product\/201204","targetHints":{"allow":["GET"]}}],"collection":[{"href":"https:\/\/freekids.pl\/fr\/wp-json\/wp\/v2\/product"}],"about":[{"href":"https:\/\/freekids.pl\/fr\/wp-json\/wp\/v2\/types\/product"}],"wp:featuredmedia":[{"embeddable":true,"href":"https:\/\/freekids.pl\/fr\/wp-json\/wp\/v2\/media\/180323"}],"wp:attachment":[{"href":"https:\/\/freekids.pl\/fr\/wp-json\/wp\/v2\/media?parent=201204"}],"wp:term":[{"taxonomy":"product_cat","embeddable":true,"href":"https:\/\/freekids.pl\/fr\/wp-json\/wp\/v2\/product_cat?post=201204"},{"taxonomy":"product_tag","embeddable":true,"href":"https:\/\/freekids.pl\/fr\/wp-json\/wp\/v2\/product_tag?post=201204"}],"curies":[{"name":"wp","href":"https:\/\/api.w.org\/{rel}","templated":true}]}}