{"id":201697,"date":"2024-10-24T00:46:17","date_gmt":"2024-10-23T22:46:17","guid":{"rendered":"https:\/\/freekids.pl\/produkt\/tarentule\/"},"modified":"2024-10-24T00:46:17","modified_gmt":"2024-10-23T22:46:17","slug":"tarentule","status":"publish","type":"product","link":"https:\/\/freekids.pl\/fr\/produkt\/tarentule\/","title":{"rendered":"Tarentule"},"content":{"rendered":"","protected":false},"excerpt":{"rendered":"<p>Un dispositif de corde en forme d\u2019araign\u00e9e compos\u00e9 d\u2019une pyramide de corde, d\u2019un pont de corde et d\u2019un d\u00f4me de corde avec un toboggan. Le d\u00f4me de corde dans la partie centrale est \u00e9quip\u00e9 d\u2019une tour avec des plates-formes dispos\u00e9es en alternance, autour de laquelle se trouve une corderie spatiale. L\u2019ensemble est compl\u00e9t\u00e9 par des applications spider sur polycarbonate. Le pont de corde, pos\u00e9 le long d\u2019une ligne irr\u00e9guli\u00e8re, est tendu sur 6 pyl\u00f4nes mont\u00e9s sur des ressorts.   <\/p>\n<div id=\"highlighter--hover-tools\" style=\"display: none;\">\n<div id=\"highlighter--hover-tools--container\">\n<div class=\"highlighter--icon highlighter--icon-copy\" title=\"Copie\"><\/div>\n<div class=\"highlighter--icon highlighter--icon-change-color\" title=\"Changer de couleur\"><\/div>\n<div class=\"highlighter--icon highlighter--icon-delete\" title=\"Supprimer\"><\/div>\n<\/div>\n<\/div>\n","protected":false},"featured_media":177698,"template":"","meta":{"_acf_changed":false,"ep_exclude_from_search":false},"product_cat":[515,480],"product_tag":[],"class_list":{"0":"post-201697","1":"product","2":"type-product","3":"status-publish","4":"has-post-thumbnail","6":"product_series-spider-fr","7":"product_group-original-fr","8":"product_cat-linaire","9":"product_cat-terrains-de-jeux","11":"first","12":"outofstock","13":"shipping-taxable","14":"purchasable","15":"product-type-simple"},"acf":[],"yoast_head":"<!-- This site is optimized with the Yoast SEO plugin v27.4 - https:\/\/yoast.com\/product\/yoast-seo-wordpress\/ -->\n<title>Tarentule - Freekids.pl<\/title>\n<meta name=\"robots\" content=\"index, follow, max-snippet:-1, max-image-preview:large, max-video-preview:-1\" \/>\n<link rel=\"canonical\" href=\"https:\/\/freekids.pl\/fr\/produkt\/tarentule\/\" \/>\n<meta property=\"og:locale\" content=\"fr_FR\" \/>\n<meta property=\"og:type\" content=\"article\" \/>\n<meta property=\"og:title\" content=\"Tarentule - Freekids.pl\" \/>\n<meta property=\"og:description\" content=\"Un dispositif de corde en forme d\u2019araign\u00e9e compos\u00e9 d\u2019une pyramide de corde, d\u2019un pont de corde et d\u2019un d\u00f4me de corde avec un toboggan. Le d\u00f4me de corde dans la partie centrale est \u00e9quip\u00e9 d\u2019une tour avec des plates-formes dispos\u00e9es en alternance, autour de laquelle se trouve une corderie spatiale. L\u2019ensemble est compl\u00e9t\u00e9 par des applications spider sur polycarbonate. Le pont de corde, pos\u00e9 le long d\u2019une ligne irr\u00e9guli\u00e8re, est tendu sur 6 pyl\u00f4nes mont\u00e9s sur des ressorts.\" \/>\n<meta property=\"og:url\" content=\"https:\/\/freekids.pl\/fr\/produkt\/tarentule\/\" \/>\n<meta property=\"og:site_name\" content=\"FreeKids Playgrounds | Sport | Urban Furniture\" \/>\n<meta property=\"og:image\" content=\"https:\/\/freekids.pl\/wp-content\/uploads\/2025\/01\/0080010_tarantula_-_wiz.1-scaled.jpg\" \/>\n\t<meta property=\"og:image:width\" content=\"2560\" \/>\n\t<meta property=\"og:image:height\" content=\"1657\" \/>\n\t<meta property=\"og:image:type\" content=\"image\/jpeg\" \/>\n<meta name=\"twitter:card\" content=\"summary_large_image\" \/>\n<script type=\"application\/ld+json\" class=\"yoast-schema-graph\">{\"@context\":\"https:\\\/\\\/schema.org\",\"@graph\":[{\"@type\":\"WebPage\",\"@id\":\"https:\\\/\\\/freekids.pl\\\/fr\\\/produkt\\\/tarentule\\\/\",\"url\":\"https:\\\/\\\/freekids.pl\\\/fr\\\/produkt\\\/tarentule\\\/\",\"name\":\"Tarentule - Freekids.pl\",\"isPartOf\":{\"@id\":\"https:\\\/\\\/freekids.pl\\\/fr\\\/#website\"},\"primaryImageOfPage\":{\"@id\":\"https:\\\/\\\/freekids.pl\\\/fr\\\/produkt\\\/tarentule\\\/#primaryimage\"},\"image\":{\"@id\":\"https:\\\/\\\/freekids.pl\\\/fr\\\/produkt\\\/tarentule\\\/#primaryimage\"},\"thumbnailUrl\":\"https:\\\/\\\/freekids.pl\\\/wp-content\\\/uploads\\\/2025\\\/01\\\/0080010_tarantula_-_wiz.1-scaled.jpg\",\"datePublished\":\"2024-10-23T22:46:17+00:00\",\"breadcrumb\":{\"@id\":\"https:\\\/\\\/freekids.pl\\\/fr\\\/produkt\\\/tarentule\\\/#breadcrumb\"},\"inLanguage\":\"fr-FR\",\"potentialAction\":[{\"@type\":\"ReadAction\",\"target\":[\"https:\\\/\\\/freekids.pl\\\/fr\\\/produkt\\\/tarentule\\\/\"]}]},{\"@type\":\"ImageObject\",\"inLanguage\":\"fr-FR\",\"@id\":\"https:\\\/\\\/freekids.pl\\\/fr\\\/produkt\\\/tarentule\\\/#primaryimage\",\"url\":\"https:\\\/\\\/freekids.pl\\\/wp-content\\\/uploads\\\/2025\\\/01\\\/0080010_tarantula_-_wiz.1-scaled.jpg\",\"contentUrl\":\"https:\\\/\\\/freekids.pl\\\/wp-content\\\/uploads\\\/2025\\\/01\\\/0080010_tarantula_-_wiz.1-scaled.jpg\",\"width\":2560,\"height\":1657},{\"@type\":\"BreadcrumbList\",\"@id\":\"https:\\\/\\\/freekids.pl\\\/fr\\\/produkt\\\/tarentule\\\/#breadcrumb\",\"itemListElement\":[{\"@type\":\"ListItem\",\"position\":1,\"name\":\"Strona g\u0142\u00f3wna\",\"item\":\"https:\\\/\\\/freekids.pl\\\/fr\\\/\"},{\"@type\":\"ListItem\",\"position\":2,\"name\":\"Produits\",\"item\":\"https:\\\/\\\/freekids.pl\\\/fr\\\/produits\\\/\"},{\"@type\":\"ListItem\",\"position\":3,\"name\":\"Tarentule\"}]},{\"@type\":\"WebSite\",\"@id\":\"https:\\\/\\\/freekids.pl\\\/fr\\\/#website\",\"url\":\"https:\\\/\\\/freekids.pl\\\/fr\\\/\",\"name\":\"FreeKids Playgrounds | Sport | Urban Furniture\",\"description\":\"Dream it, do it !\",\"potentialAction\":[{\"@type\":\"SearchAction\",\"target\":{\"@type\":\"EntryPoint\",\"urlTemplate\":\"https:\\\/\\\/freekids.pl\\\/fr\\\/?s={search_term_string}\"},\"query-input\":{\"@type\":\"PropertyValueSpecification\",\"valueRequired\":true,\"valueName\":\"search_term_string\"}}],\"inLanguage\":\"fr-FR\"}]}<\/script>\n<!-- \/ Yoast SEO plugin. -->","yoast_head_json":{"title":"Tarentule - Freekids.pl","robots":{"index":"index","follow":"follow","max-snippet":"max-snippet:-1","max-image-preview":"max-image-preview:large","max-video-preview":"max-video-preview:-1"},"canonical":"https:\/\/freekids.pl\/fr\/produkt\/tarentule\/","og_locale":"fr_FR","og_type":"article","og_title":"Tarentule - Freekids.pl","og_description":"Un dispositif de corde en forme d\u2019araign\u00e9e compos\u00e9 d\u2019une pyramide de corde, d\u2019un pont de corde et d\u2019un d\u00f4me de corde avec un toboggan. Le d\u00f4me de corde dans la partie centrale est \u00e9quip\u00e9 d\u2019une tour avec des plates-formes dispos\u00e9es en alternance, autour de laquelle se trouve une corderie spatiale. L\u2019ensemble est compl\u00e9t\u00e9 par des applications spider sur polycarbonate. Le pont de corde, pos\u00e9 le long d\u2019une ligne irr\u00e9guli\u00e8re, est tendu sur 6 pyl\u00f4nes mont\u00e9s sur des ressorts.","og_url":"https:\/\/freekids.pl\/fr\/produkt\/tarentule\/","og_site_name":"FreeKids Playgrounds | Sport | Urban Furniture","og_image":[{"width":2560,"height":1657,"url":"https:\/\/freekids.pl\/wp-content\/uploads\/2025\/01\/0080010_tarantula_-_wiz.1-scaled.jpg","type":"image\/jpeg"}],"twitter_card":"summary_large_image","schema":{"@context":"https:\/\/schema.org","@graph":[{"@type":"WebPage","@id":"https:\/\/freekids.pl\/fr\/produkt\/tarentule\/","url":"https:\/\/freekids.pl\/fr\/produkt\/tarentule\/","name":"Tarentule - Freekids.pl","isPartOf":{"@id":"https:\/\/freekids.pl\/fr\/#website"},"primaryImageOfPage":{"@id":"https:\/\/freekids.pl\/fr\/produkt\/tarentule\/#primaryimage"},"image":{"@id":"https:\/\/freekids.pl\/fr\/produkt\/tarentule\/#primaryimage"},"thumbnailUrl":"https:\/\/freekids.pl\/wp-content\/uploads\/2025\/01\/0080010_tarantula_-_wiz.1-scaled.jpg","datePublished":"2024-10-23T22:46:17+00:00","breadcrumb":{"@id":"https:\/\/freekids.pl\/fr\/produkt\/tarentule\/#breadcrumb"},"inLanguage":"fr-FR","potentialAction":[{"@type":"ReadAction","target":["https:\/\/freekids.pl\/fr\/produkt\/tarentule\/"]}]},{"@type":"ImageObject","inLanguage":"fr-FR","@id":"https:\/\/freekids.pl\/fr\/produkt\/tarentule\/#primaryimage","url":"https:\/\/freekids.pl\/wp-content\/uploads\/2025\/01\/0080010_tarantula_-_wiz.1-scaled.jpg","contentUrl":"https:\/\/freekids.pl\/wp-content\/uploads\/2025\/01\/0080010_tarantula_-_wiz.1-scaled.jpg","width":2560,"height":1657},{"@type":"BreadcrumbList","@id":"https:\/\/freekids.pl\/fr\/produkt\/tarentule\/#breadcrumb","itemListElement":[{"@type":"ListItem","position":1,"name":"Strona g\u0142\u00f3wna","item":"https:\/\/freekids.pl\/fr\/"},{"@type":"ListItem","position":2,"name":"Produits","item":"https:\/\/freekids.pl\/fr\/produits\/"},{"@type":"ListItem","position":3,"name":"Tarentule"}]},{"@type":"WebSite","@id":"https:\/\/freekids.pl\/fr\/#website","url":"https:\/\/freekids.pl\/fr\/","name":"FreeKids Playgrounds | Sport | Urban Furniture","description":"Dream it, do it !","potentialAction":[{"@type":"SearchAction","target":{"@type":"EntryPoint","urlTemplate":"https:\/\/freekids.pl\/fr\/?s={search_term_string}"},"query-input":{"@type":"PropertyValueSpecification","valueRequired":true,"valueName":"search_term_string"}}],"inLanguage":"fr-FR"}]}},"_links":{"self":[{"href":"https:\/\/freekids.pl\/fr\/wp-json\/wp\/v2\/product\/201697","targetHints":{"allow":["GET"]}}],"collection":[{"href":"https:\/\/freekids.pl\/fr\/wp-json\/wp\/v2\/product"}],"about":[{"href":"https:\/\/freekids.pl\/fr\/wp-json\/wp\/v2\/types\/product"}],"wp:featuredmedia":[{"embeddable":true,"href":"https:\/\/freekids.pl\/fr\/wp-json\/wp\/v2\/media\/177698"}],"wp:attachment":[{"href":"https:\/\/freekids.pl\/fr\/wp-json\/wp\/v2\/media?parent=201697"}],"wp:term":[{"taxonomy":"product_cat","embeddable":true,"href":"https:\/\/freekids.pl\/fr\/wp-json\/wp\/v2\/product_cat?post=201697"},{"taxonomy":"product_tag","embeddable":true,"href":"https:\/\/freekids.pl\/fr\/wp-json\/wp\/v2\/product_tag?post=201697"}],"curies":[{"name":"wp","href":"https:\/\/api.w.org\/{rel}","templated":true}]}}