{"id":202396,"date":"2024-10-23T23:12:32","date_gmt":"2024-10-23T21:12:32","guid":{"rendered":"https:\/\/freekids.pl\/produkt\/wagon\/"},"modified":"2024-10-23T23:12:32","modified_gmt":"2024-10-23T21:12:32","slug":"wagon","status":"publish","type":"product","link":"https:\/\/freekids.pl\/fr\/produkt\/wagon\/","title":{"rendered":"Wagon"},"content":{"rendered":"","protected":false},"excerpt":{"rendered":"<p>Le dispositif se pr\u00e9sente sous la forme de deux navires lors de l\u2019embarquement, sur des poteaux en bois de section carr\u00e9e. Plates-formes recouvertes d\u2019un rev\u00eatement antid\u00e9rapant, garde-corps renforc\u00e9s par des tubes d\u2019acier en haut et en bas. Constricteurs de tuyaux en acier soud\u00e9. Entre les navires, il y a \u00e9galement sous la forme de m\u00e2ts renvers\u00e9s et de plates-formes \u00e0 ressorts en forme de requins et de restes de navires.   <\/p>\n<div id=\"highlighter--hover-tools\" style=\"display: none;\">\n<div id=\"highlighter--hover-tools--container\">\n<div class=\"highlighter--icon highlighter--icon-copy\" title=\"Copier\"><\/div>\n<div class=\"highlighter--icon highlighter--icon-change-color\" title=\"Changer de couleur\"><\/div>\n<div class=\"highlighter--icon highlighter--icon-delete\" title=\"Supprimer\"><\/div>\n<\/div>\n<\/div>\n","protected":false},"featured_media":174667,"template":"","meta":{"_acf_changed":false},"product_cat":[553,874,480],"product_tag":[],"class_list":{"0":"post-202396","1":"product","2":"type-product","3":"status-publish","4":"has-post-thumbnail","6":"product_series-slavia-fr","7":"product_group-wood-fr","8":"product_cat-ensembles-multifonctionnels","9":"product_cat-navires","10":"product_cat-terrains-de-jeux","12":"first","13":"outofstock","14":"shipping-taxable","15":"purchasable","16":"product-type-simple"},"acf":[],"yoast_head":"<!-- This site is optimized with the Yoast SEO plugin v26.4 - https:\/\/yoast.com\/wordpress\/plugins\/seo\/ -->\n<title>Wagon - Freekids.pl<\/title>\n<meta name=\"robots\" content=\"index, follow, max-snippet:-1, max-image-preview:large, max-video-preview:-1\" \/>\n<link rel=\"canonical\" href=\"https:\/\/freekids.pl\/fr\/produkt\/wagon\/\" \/>\n<meta property=\"og:locale\" content=\"fr_FR\" \/>\n<meta property=\"og:type\" content=\"article\" \/>\n<meta property=\"og:title\" content=\"Wagon - Freekids.pl\" \/>\n<meta property=\"og:description\" content=\"Le dispositif se pr\u00e9sente sous la forme de deux navires lors de l\u2019embarquement, sur des poteaux en bois de section carr\u00e9e. Plates-formes recouvertes d\u2019un rev\u00eatement antid\u00e9rapant, garde-corps renforc\u00e9s par des tubes d\u2019acier en haut et en bas. Constricteurs de tuyaux en acier soud\u00e9. Entre les navires, il y a \u00e9galement sous la forme de m\u00e2ts renvers\u00e9s et de plates-formes \u00e0 ressorts en forme de requins et de restes de navires.\" \/>\n<meta property=\"og:url\" content=\"https:\/\/freekids.pl\/fr\/produkt\/wagon\/\" \/>\n<meta property=\"og:site_name\" content=\"FreeKids Playgrounds | Sport | Urban Furniture\" \/>\n<meta property=\"og:image\" content=\"https:\/\/freekids.pl\/wp-content\/uploads\/2025\/01\/0280074_abordaz_-_wiz.1.jpg\" \/>\n\t<meta property=\"og:image:width\" content=\"2000\" \/>\n\t<meta property=\"og:image:height\" content=\"1033\" \/>\n\t<meta property=\"og:image:type\" content=\"image\/jpeg\" \/>\n<meta name=\"twitter:card\" content=\"summary_large_image\" \/>\n<script type=\"application\/ld+json\" class=\"yoast-schema-graph\">{\"@context\":\"https:\/\/schema.org\",\"@graph\":[{\"@type\":\"WebPage\",\"@id\":\"https:\/\/freekids.pl\/fr\/produkt\/wagon\/\",\"url\":\"https:\/\/freekids.pl\/fr\/produkt\/wagon\/\",\"name\":\"Wagon - Freekids.pl\",\"isPartOf\":{\"@id\":\"https:\/\/freekids.pl\/fr\/#website\"},\"primaryImageOfPage\":{\"@id\":\"https:\/\/freekids.pl\/fr\/produkt\/wagon\/#primaryimage\"},\"image\":{\"@id\":\"https:\/\/freekids.pl\/fr\/produkt\/wagon\/#primaryimage\"},\"thumbnailUrl\":\"https:\/\/freekids.pl\/wp-content\/uploads\/2025\/01\/0280074_abordaz_-_wiz.1.jpg\",\"datePublished\":\"2024-10-23T21:12:32+00:00\",\"breadcrumb\":{\"@id\":\"https:\/\/freekids.pl\/fr\/produkt\/wagon\/#breadcrumb\"},\"inLanguage\":\"fr-FR\",\"potentialAction\":[{\"@type\":\"ReadAction\",\"target\":[\"https:\/\/freekids.pl\/fr\/produkt\/wagon\/\"]}]},{\"@type\":\"ImageObject\",\"inLanguage\":\"fr-FR\",\"@id\":\"https:\/\/freekids.pl\/fr\/produkt\/wagon\/#primaryimage\",\"url\":\"https:\/\/freekids.pl\/wp-content\/uploads\/2025\/01\/0280074_abordaz_-_wiz.1.jpg\",\"contentUrl\":\"https:\/\/freekids.pl\/wp-content\/uploads\/2025\/01\/0280074_abordaz_-_wiz.1.jpg\",\"width\":2000,\"height\":1033},{\"@type\":\"BreadcrumbList\",\"@id\":\"https:\/\/freekids.pl\/fr\/produkt\/wagon\/#breadcrumb\",\"itemListElement\":[{\"@type\":\"ListItem\",\"position\":1,\"name\":\"Strona g\u0142\u00f3wna\",\"item\":\"https:\/\/freekids.pl\/fr\/\"},{\"@type\":\"ListItem\",\"position\":2,\"name\":\"Produits\",\"item\":\"https:\/\/freekids.pl\/fr\/produits\/\"},{\"@type\":\"ListItem\",\"position\":3,\"name\":\"Wagon\"}]},{\"@type\":\"WebSite\",\"@id\":\"https:\/\/freekids.pl\/fr\/#website\",\"url\":\"https:\/\/freekids.pl\/fr\/\",\"name\":\"FreeKids Playgrounds | Sport | Urban Furniture\",\"description\":\"Dream it, do it !\",\"potentialAction\":[{\"@type\":\"SearchAction\",\"target\":{\"@type\":\"EntryPoint\",\"urlTemplate\":\"https:\/\/freekids.pl\/fr\/?s={search_term_string}\"},\"query-input\":{\"@type\":\"PropertyValueSpecification\",\"valueRequired\":true,\"valueName\":\"search_term_string\"}}],\"inLanguage\":\"fr-FR\"}]}<\/script>\n<!-- \/ Yoast SEO plugin. -->","yoast_head_json":{"title":"Wagon - Freekids.pl","robots":{"index":"index","follow":"follow","max-snippet":"max-snippet:-1","max-image-preview":"max-image-preview:large","max-video-preview":"max-video-preview:-1"},"canonical":"https:\/\/freekids.pl\/fr\/produkt\/wagon\/","og_locale":"fr_FR","og_type":"article","og_title":"Wagon - Freekids.pl","og_description":"Le dispositif se pr\u00e9sente sous la forme de deux navires lors de l\u2019embarquement, sur des poteaux en bois de section carr\u00e9e. Plates-formes recouvertes d\u2019un rev\u00eatement antid\u00e9rapant, garde-corps renforc\u00e9s par des tubes d\u2019acier en haut et en bas. Constricteurs de tuyaux en acier soud\u00e9. Entre les navires, il y a \u00e9galement sous la forme de m\u00e2ts renvers\u00e9s et de plates-formes \u00e0 ressorts en forme de requins et de restes de navires.","og_url":"https:\/\/freekids.pl\/fr\/produkt\/wagon\/","og_site_name":"FreeKids Playgrounds | Sport | Urban Furniture","og_image":[{"width":2000,"height":1033,"url":"https:\/\/freekids.pl\/wp-content\/uploads\/2025\/01\/0280074_abordaz_-_wiz.1.jpg","type":"image\/jpeg"}],"twitter_card":"summary_large_image","schema":{"@context":"https:\/\/schema.org","@graph":[{"@type":"WebPage","@id":"https:\/\/freekids.pl\/fr\/produkt\/wagon\/","url":"https:\/\/freekids.pl\/fr\/produkt\/wagon\/","name":"Wagon - Freekids.pl","isPartOf":{"@id":"https:\/\/freekids.pl\/fr\/#website"},"primaryImageOfPage":{"@id":"https:\/\/freekids.pl\/fr\/produkt\/wagon\/#primaryimage"},"image":{"@id":"https:\/\/freekids.pl\/fr\/produkt\/wagon\/#primaryimage"},"thumbnailUrl":"https:\/\/freekids.pl\/wp-content\/uploads\/2025\/01\/0280074_abordaz_-_wiz.1.jpg","datePublished":"2024-10-23T21:12:32+00:00","breadcrumb":{"@id":"https:\/\/freekids.pl\/fr\/produkt\/wagon\/#breadcrumb"},"inLanguage":"fr-FR","potentialAction":[{"@type":"ReadAction","target":["https:\/\/freekids.pl\/fr\/produkt\/wagon\/"]}]},{"@type":"ImageObject","inLanguage":"fr-FR","@id":"https:\/\/freekids.pl\/fr\/produkt\/wagon\/#primaryimage","url":"https:\/\/freekids.pl\/wp-content\/uploads\/2025\/01\/0280074_abordaz_-_wiz.1.jpg","contentUrl":"https:\/\/freekids.pl\/wp-content\/uploads\/2025\/01\/0280074_abordaz_-_wiz.1.jpg","width":2000,"height":1033},{"@type":"BreadcrumbList","@id":"https:\/\/freekids.pl\/fr\/produkt\/wagon\/#breadcrumb","itemListElement":[{"@type":"ListItem","position":1,"name":"Strona g\u0142\u00f3wna","item":"https:\/\/freekids.pl\/fr\/"},{"@type":"ListItem","position":2,"name":"Produits","item":"https:\/\/freekids.pl\/fr\/produits\/"},{"@type":"ListItem","position":3,"name":"Wagon"}]},{"@type":"WebSite","@id":"https:\/\/freekids.pl\/fr\/#website","url":"https:\/\/freekids.pl\/fr\/","name":"FreeKids Playgrounds | Sport | Urban Furniture","description":"Dream it, do it !","potentialAction":[{"@type":"SearchAction","target":{"@type":"EntryPoint","urlTemplate":"https:\/\/freekids.pl\/fr\/?s={search_term_string}"},"query-input":{"@type":"PropertyValueSpecification","valueRequired":true,"valueName":"search_term_string"}}],"inLanguage":"fr-FR"}]}},"_links":{"self":[{"href":"https:\/\/freekids.pl\/fr\/wp-json\/wp\/v2\/product\/202396","targetHints":{"allow":["GET"]}}],"collection":[{"href":"https:\/\/freekids.pl\/fr\/wp-json\/wp\/v2\/product"}],"about":[{"href":"https:\/\/freekids.pl\/fr\/wp-json\/wp\/v2\/types\/product"}],"wp:featuredmedia":[{"embeddable":true,"href":"https:\/\/freekids.pl\/fr\/wp-json\/wp\/v2\/media\/174667"}],"wp:attachment":[{"href":"https:\/\/freekids.pl\/fr\/wp-json\/wp\/v2\/media?parent=202396"}],"wp:term":[{"taxonomy":"product_cat","embeddable":true,"href":"https:\/\/freekids.pl\/fr\/wp-json\/wp\/v2\/product_cat?post=202396"},{"taxonomy":"product_tag","embeddable":true,"href":"https:\/\/freekids.pl\/fr\/wp-json\/wp\/v2\/product_tag?post=202396"}],"curies":[{"name":"wp","href":"https:\/\/api.w.org\/{rel}","templated":true}]}}