{"id":202424,"date":"2024-10-23T23:11:24","date_gmt":"2024-10-23T21:11:24","guid":{"rendered":"https:\/\/freekids.pl\/produkt\/slavia-kasztel\/"},"modified":"2024-10-23T23:11:24","modified_gmt":"2024-10-23T21:11:24","slug":"slavia-kasztel","status":"publish","type":"product","link":"https:\/\/freekids.pl\/fr\/produkt\/slavia-kasztel\/","title":{"rendered":"Slavia Castlelum"},"content":{"rendered":"","protected":false},"excerpt":{"rendered":"<p>L\u2019appareil est bas\u00e9 sur des poteaux en bois de section carr\u00e9e. Les espaces sous les quais sont construits sur toute la hauteur avec des dalles, cr\u00e9ant des coins et des recoins et des tunnels. Toits \u00e0 pignon en HPL et HDPE. Des dalles frais\u00e9es en motifs ressemblant \u00e0 des planches et des murs en pierre. Plates-formes recouvertes d\u2019un rev\u00eatement antid\u00e9rapant. Sur les tours, il y a des baies vitr\u00e9es avec un toit \u00e0 un seul si\u00e8ge et des fen\u00eatres, avec des bancs \u00e0 l\u2019int\u00e9rieur.     <\/p>\n<div id=\"highlighter--hover-tools\" style=\"display: none;\">\n<div id=\"highlighter--hover-tools--container\">\n<div class=\"highlighter--icon highlighter--icon-copy\" title=\"Copier\"><\/div>\n<div class=\"highlighter--icon highlighter--icon-change-color\" title=\"Changer de couleur\"><\/div>\n<div class=\"highlighter--icon highlighter--icon-delete\" title=\"Supprimer\"><\/div>\n<\/div>\n<\/div>\n","protected":false},"featured_media":174571,"template":"","meta":{"_acf_changed":false,"ep_exclude_from_search":false},"product_cat":[553,480],"product_tag":[],"class_list":{"0":"post-202424","1":"product","2":"type-product","3":"status-publish","4":"has-post-thumbnail","6":"product_series-slavia-fr","7":"product_group-wood-fr","8":"product_cat-ensembles-multifonctionnels","9":"product_cat-terrains-de-jeux","11":"first","12":"outofstock","13":"shipping-taxable","14":"purchasable","15":"product-type-simple"},"acf":[],"yoast_head":"<!-- This site is optimized with the Yoast SEO plugin v27.4 - https:\/\/yoast.com\/product\/yoast-seo-wordpress\/ -->\n<title>Slavia Kasztel - Freekids.pl<\/title>\n<meta name=\"robots\" content=\"index, follow, max-snippet:-1, max-image-preview:large, max-video-preview:-1\" \/>\n<link rel=\"canonical\" href=\"https:\/\/freekids.pl\/fr\/produkt\/slavia-kasztel\/\" \/>\n<meta property=\"og:locale\" content=\"fr_FR\" \/>\n<meta property=\"og:type\" content=\"article\" \/>\n<meta property=\"og:title\" content=\"Slavia Kasztel - Freekids.pl\" \/>\n<meta property=\"og:description\" content=\"L\u2019appareil est bas\u00e9 sur des poteaux en bois de section carr\u00e9e. Les espaces sous les quais sont construits sur toute la hauteur avec des dalles, cr\u00e9ant des coins et des recoins et des tunnels. Toits \u00e0 pignon en HPL et HDPE. Des dalles frais\u00e9es en motifs ressemblant \u00e0 des planches et des murs en pierre. Plates-formes recouvertes d\u2019un rev\u00eatement antid\u00e9rapant. Sur les tours, il y a des baies vitr\u00e9es avec un toit \u00e0 un seul si\u00e8ge et des fen\u00eatres, avec des bancs \u00e0 l\u2019int\u00e9rieur.\" \/>\n<meta property=\"og:url\" content=\"https:\/\/freekids.pl\/fr\/produkt\/slavia-kasztel\/\" \/>\n<meta property=\"og:site_name\" content=\"FreeKids Playgrounds | Sport | Urban Furniture\" \/>\n<meta property=\"og:image\" content=\"https:\/\/freekids.pl\/wp-content\/uploads\/2025\/01\/0114002_kasztel_-_wiz.1.jpg\" \/>\n\t<meta property=\"og:image:width\" content=\"2000\" \/>\n\t<meta property=\"og:image:height\" content=\"1033\" \/>\n\t<meta property=\"og:image:type\" content=\"image\/jpeg\" \/>\n<meta name=\"twitter:card\" content=\"summary_large_image\" \/>\n<script type=\"application\/ld+json\" class=\"yoast-schema-graph\">{\"@context\":\"https:\\\/\\\/schema.org\",\"@graph\":[{\"@type\":\"WebPage\",\"@id\":\"https:\\\/\\\/freekids.pl\\\/fr\\\/produkt\\\/slavia-kasztel\\\/\",\"url\":\"https:\\\/\\\/freekids.pl\\\/fr\\\/produkt\\\/slavia-kasztel\\\/\",\"name\":\"Slavia Kasztel - Freekids.pl\",\"isPartOf\":{\"@id\":\"https:\\\/\\\/freekids.pl\\\/fr\\\/#website\"},\"primaryImageOfPage\":{\"@id\":\"https:\\\/\\\/freekids.pl\\\/fr\\\/produkt\\\/slavia-kasztel\\\/#primaryimage\"},\"image\":{\"@id\":\"https:\\\/\\\/freekids.pl\\\/fr\\\/produkt\\\/slavia-kasztel\\\/#primaryimage\"},\"thumbnailUrl\":\"https:\\\/\\\/freekids.pl\\\/wp-content\\\/uploads\\\/2025\\\/01\\\/0114002_kasztel_-_wiz.1.jpg\",\"datePublished\":\"2024-10-23T21:11:24+00:00\",\"breadcrumb\":{\"@id\":\"https:\\\/\\\/freekids.pl\\\/fr\\\/produkt\\\/slavia-kasztel\\\/#breadcrumb\"},\"inLanguage\":\"fr-FR\",\"potentialAction\":[{\"@type\":\"ReadAction\",\"target\":[\"https:\\\/\\\/freekids.pl\\\/fr\\\/produkt\\\/slavia-kasztel\\\/\"]}]},{\"@type\":\"ImageObject\",\"inLanguage\":\"fr-FR\",\"@id\":\"https:\\\/\\\/freekids.pl\\\/fr\\\/produkt\\\/slavia-kasztel\\\/#primaryimage\",\"url\":\"https:\\\/\\\/freekids.pl\\\/wp-content\\\/uploads\\\/2025\\\/01\\\/0114002_kasztel_-_wiz.1.jpg\",\"contentUrl\":\"https:\\\/\\\/freekids.pl\\\/wp-content\\\/uploads\\\/2025\\\/01\\\/0114002_kasztel_-_wiz.1.jpg\",\"width\":2000,\"height\":1033},{\"@type\":\"BreadcrumbList\",\"@id\":\"https:\\\/\\\/freekids.pl\\\/fr\\\/produkt\\\/slavia-kasztel\\\/#breadcrumb\",\"itemListElement\":[{\"@type\":\"ListItem\",\"position\":1,\"name\":\"Strona g\u0142\u00f3wna\",\"item\":\"https:\\\/\\\/freekids.pl\\\/fr\\\/\"},{\"@type\":\"ListItem\",\"position\":2,\"name\":\"Produits\",\"item\":\"https:\\\/\\\/freekids.pl\\\/fr\\\/produits\\\/\"},{\"@type\":\"ListItem\",\"position\":3,\"name\":\"Slavia Kasztel\"}]},{\"@type\":\"WebSite\",\"@id\":\"https:\\\/\\\/freekids.pl\\\/fr\\\/#website\",\"url\":\"https:\\\/\\\/freekids.pl\\\/fr\\\/\",\"name\":\"FreeKids Playgrounds | Sport | Urban Furniture\",\"description\":\"Dream it, do it !\",\"potentialAction\":[{\"@type\":\"SearchAction\",\"target\":{\"@type\":\"EntryPoint\",\"urlTemplate\":\"https:\\\/\\\/freekids.pl\\\/fr\\\/?s={search_term_string}\"},\"query-input\":{\"@type\":\"PropertyValueSpecification\",\"valueRequired\":true,\"valueName\":\"search_term_string\"}}],\"inLanguage\":\"fr-FR\"}]}<\/script>\n<!-- \/ Yoast SEO plugin. -->","yoast_head_json":{"title":"Slavia Kasztel - Freekids.pl","robots":{"index":"index","follow":"follow","max-snippet":"max-snippet:-1","max-image-preview":"max-image-preview:large","max-video-preview":"max-video-preview:-1"},"canonical":"https:\/\/freekids.pl\/fr\/produkt\/slavia-kasztel\/","og_locale":"fr_FR","og_type":"article","og_title":"Slavia Kasztel - Freekids.pl","og_description":"L\u2019appareil est bas\u00e9 sur des poteaux en bois de section carr\u00e9e. Les espaces sous les quais sont construits sur toute la hauteur avec des dalles, cr\u00e9ant des coins et des recoins et des tunnels. Toits \u00e0 pignon en HPL et HDPE. Des dalles frais\u00e9es en motifs ressemblant \u00e0 des planches et des murs en pierre. Plates-formes recouvertes d\u2019un rev\u00eatement antid\u00e9rapant. Sur les tours, il y a des baies vitr\u00e9es avec un toit \u00e0 un seul si\u00e8ge et des fen\u00eatres, avec des bancs \u00e0 l\u2019int\u00e9rieur.","og_url":"https:\/\/freekids.pl\/fr\/produkt\/slavia-kasztel\/","og_site_name":"FreeKids Playgrounds | Sport | Urban Furniture","og_image":[{"width":2000,"height":1033,"url":"https:\/\/freekids.pl\/wp-content\/uploads\/2025\/01\/0114002_kasztel_-_wiz.1.jpg","type":"image\/jpeg"}],"twitter_card":"summary_large_image","schema":{"@context":"https:\/\/schema.org","@graph":[{"@type":"WebPage","@id":"https:\/\/freekids.pl\/fr\/produkt\/slavia-kasztel\/","url":"https:\/\/freekids.pl\/fr\/produkt\/slavia-kasztel\/","name":"Slavia Kasztel - Freekids.pl","isPartOf":{"@id":"https:\/\/freekids.pl\/fr\/#website"},"primaryImageOfPage":{"@id":"https:\/\/freekids.pl\/fr\/produkt\/slavia-kasztel\/#primaryimage"},"image":{"@id":"https:\/\/freekids.pl\/fr\/produkt\/slavia-kasztel\/#primaryimage"},"thumbnailUrl":"https:\/\/freekids.pl\/wp-content\/uploads\/2025\/01\/0114002_kasztel_-_wiz.1.jpg","datePublished":"2024-10-23T21:11:24+00:00","breadcrumb":{"@id":"https:\/\/freekids.pl\/fr\/produkt\/slavia-kasztel\/#breadcrumb"},"inLanguage":"fr-FR","potentialAction":[{"@type":"ReadAction","target":["https:\/\/freekids.pl\/fr\/produkt\/slavia-kasztel\/"]}]},{"@type":"ImageObject","inLanguage":"fr-FR","@id":"https:\/\/freekids.pl\/fr\/produkt\/slavia-kasztel\/#primaryimage","url":"https:\/\/freekids.pl\/wp-content\/uploads\/2025\/01\/0114002_kasztel_-_wiz.1.jpg","contentUrl":"https:\/\/freekids.pl\/wp-content\/uploads\/2025\/01\/0114002_kasztel_-_wiz.1.jpg","width":2000,"height":1033},{"@type":"BreadcrumbList","@id":"https:\/\/freekids.pl\/fr\/produkt\/slavia-kasztel\/#breadcrumb","itemListElement":[{"@type":"ListItem","position":1,"name":"Strona g\u0142\u00f3wna","item":"https:\/\/freekids.pl\/fr\/"},{"@type":"ListItem","position":2,"name":"Produits","item":"https:\/\/freekids.pl\/fr\/produits\/"},{"@type":"ListItem","position":3,"name":"Slavia Kasztel"}]},{"@type":"WebSite","@id":"https:\/\/freekids.pl\/fr\/#website","url":"https:\/\/freekids.pl\/fr\/","name":"FreeKids Playgrounds | Sport | Urban Furniture","description":"Dream it, do it !","potentialAction":[{"@type":"SearchAction","target":{"@type":"EntryPoint","urlTemplate":"https:\/\/freekids.pl\/fr\/?s={search_term_string}"},"query-input":{"@type":"PropertyValueSpecification","valueRequired":true,"valueName":"search_term_string"}}],"inLanguage":"fr-FR"}]}},"_links":{"self":[{"href":"https:\/\/freekids.pl\/fr\/wp-json\/wp\/v2\/product\/202424","targetHints":{"allow":["GET"]}}],"collection":[{"href":"https:\/\/freekids.pl\/fr\/wp-json\/wp\/v2\/product"}],"about":[{"href":"https:\/\/freekids.pl\/fr\/wp-json\/wp\/v2\/types\/product"}],"wp:featuredmedia":[{"embeddable":true,"href":"https:\/\/freekids.pl\/fr\/wp-json\/wp\/v2\/media\/174571"}],"wp:attachment":[{"href":"https:\/\/freekids.pl\/fr\/wp-json\/wp\/v2\/media?parent=202424"}],"wp:term":[{"taxonomy":"product_cat","embeddable":true,"href":"https:\/\/freekids.pl\/fr\/wp-json\/wp\/v2\/product_cat?post=202424"},{"taxonomy":"product_tag","embeddable":true,"href":"https:\/\/freekids.pl\/fr\/wp-json\/wp\/v2\/product_tag?post=202424"}],"curies":[{"name":"wp","href":"https:\/\/api.w.org\/{rel}","templated":true}]}}