{"id":202517,"date":"2024-10-23T22:58:56","date_gmt":"2024-10-23T20:58:56","guid":{"rendered":"https:\/\/freekids.pl\/produkt\/chateau-15\/"},"modified":"2024-10-23T22:58:56","modified_gmt":"2024-10-23T20:58:56","slug":"chateau-15","status":"publish","type":"product","link":"https:\/\/freekids.pl\/fr\/produkt\/chateau-15\/","title":{"rendered":"Ch\u00e2teau 15"},"content":{"rendered":"","protected":false},"excerpt":{"rendered":"<p><span data-sheets-root=\"1\">Un appareil avec des applications de ch\u00e2teau, sur des poteaux en bois de section carr\u00e9e. Plates-formes recouvertes d\u2019un rev\u00eatement antid\u00e9rapant, garde-corps renforc\u00e9s par des tubes d\u2019acier en haut et en bas. Bobines de tuyaux en acier soud\u00e9.  <\/span><\/p>\n<div id=\"highlighter--hover-tools\" style=\"display: none;\">\n<div id=\"highlighter--hover-tools--container\">\n<div class=\"highlighter--icon highlighter--icon-copy\" title=\"Copier\"><\/div>\n<div class=\"highlighter--icon highlighter--icon-change-color\" title=\"Changer de couleur\"><\/div>\n<div class=\"highlighter--icon highlighter--icon-delete\" title=\"Supprimer\"><\/div>\n<\/div>\n<\/div>\n","protected":false},"featured_media":174241,"template":"","meta":{"_acf_changed":false},"product_cat":[553,480,732],"product_tag":[722],"class_list":{"0":"post-202517","1":"product","2":"type-product","3":"status-publish","4":"has-post-thumbnail","6":"product_series-castle-fr","7":"product_group-wood-fr","8":"product_cat-ensembles-multifonctionnels","9":"product_cat-terrains-de-jeux","10":"product_cat-integrative-fr","11":"product_tag-inclusivite","13":"first","14":"outofstock","15":"shipping-taxable","16":"purchasable","17":"product-type-simple"},"acf":[],"yoast_head":"<!-- This site is optimized with the Yoast SEO plugin v26.4 - https:\/\/yoast.com\/wordpress\/plugins\/seo\/ -->\n<title>Ch\u00e2teau 15 - Freekids.pl<\/title>\n<meta name=\"robots\" content=\"index, follow, max-snippet:-1, max-image-preview:large, max-video-preview:-1\" \/>\n<link rel=\"canonical\" href=\"https:\/\/freekids.pl\/fr\/produkt\/chateau-15\/\" \/>\n<meta property=\"og:locale\" content=\"fr_FR\" \/>\n<meta property=\"og:type\" content=\"article\" \/>\n<meta property=\"og:title\" content=\"Ch\u00e2teau 15 - Freekids.pl\" \/>\n<meta property=\"og:description\" content=\"Un appareil avec des applications de ch\u00e2teau, sur des poteaux en bois de section carr\u00e9e. Plates-formes recouvertes d\u2019un rev\u00eatement antid\u00e9rapant, garde-corps renforc\u00e9s par des tubes d\u2019acier en haut et en bas. Bobines de tuyaux en acier soud\u00e9.\" \/>\n<meta property=\"og:url\" content=\"https:\/\/freekids.pl\/fr\/produkt\/chateau-15\/\" \/>\n<meta property=\"og:site_name\" content=\"FreeKids Playgrounds | Sport | Urban Furniture\" \/>\n<meta property=\"og:image\" content=\"https:\/\/freekids.pl\/wp-content\/uploads\/2025\/01\/0111042_castle_15_-_wiz.1-scaled.jpg\" \/>\n\t<meta property=\"og:image:width\" content=\"2560\" \/>\n\t<meta property=\"og:image:height\" content=\"1787\" \/>\n\t<meta property=\"og:image:type\" content=\"image\/jpeg\" \/>\n<meta name=\"twitter:card\" content=\"summary_large_image\" \/>\n<script type=\"application\/ld+json\" class=\"yoast-schema-graph\">{\"@context\":\"https:\/\/schema.org\",\"@graph\":[{\"@type\":\"WebPage\",\"@id\":\"https:\/\/freekids.pl\/fr\/produkt\/chateau-15\/\",\"url\":\"https:\/\/freekids.pl\/fr\/produkt\/chateau-15\/\",\"name\":\"Ch\u00e2teau 15 - Freekids.pl\",\"isPartOf\":{\"@id\":\"https:\/\/freekids.pl\/fr\/#website\"},\"primaryImageOfPage\":{\"@id\":\"https:\/\/freekids.pl\/fr\/produkt\/chateau-15\/#primaryimage\"},\"image\":{\"@id\":\"https:\/\/freekids.pl\/fr\/produkt\/chateau-15\/#primaryimage\"},\"thumbnailUrl\":\"https:\/\/freekids.pl\/wp-content\/uploads\/2025\/01\/0111042_castle_15_-_wiz.1-scaled.jpg\",\"datePublished\":\"2024-10-23T20:58:56+00:00\",\"breadcrumb\":{\"@id\":\"https:\/\/freekids.pl\/fr\/produkt\/chateau-15\/#breadcrumb\"},\"inLanguage\":\"fr-FR\",\"potentialAction\":[{\"@type\":\"ReadAction\",\"target\":[\"https:\/\/freekids.pl\/fr\/produkt\/chateau-15\/\"]}]},{\"@type\":\"ImageObject\",\"inLanguage\":\"fr-FR\",\"@id\":\"https:\/\/freekids.pl\/fr\/produkt\/chateau-15\/#primaryimage\",\"url\":\"https:\/\/freekids.pl\/wp-content\/uploads\/2025\/01\/0111042_castle_15_-_wiz.1-scaled.jpg\",\"contentUrl\":\"https:\/\/freekids.pl\/wp-content\/uploads\/2025\/01\/0111042_castle_15_-_wiz.1-scaled.jpg\",\"width\":2560,\"height\":1787},{\"@type\":\"BreadcrumbList\",\"@id\":\"https:\/\/freekids.pl\/fr\/produkt\/chateau-15\/#breadcrumb\",\"itemListElement\":[{\"@type\":\"ListItem\",\"position\":1,\"name\":\"Strona g\u0142\u00f3wna\",\"item\":\"https:\/\/freekids.pl\/fr\/\"},{\"@type\":\"ListItem\",\"position\":2,\"name\":\"Produits\",\"item\":\"https:\/\/freekids.pl\/fr\/produits\/\"},{\"@type\":\"ListItem\",\"position\":3,\"name\":\"Ch\u00e2teau 15\"}]},{\"@type\":\"WebSite\",\"@id\":\"https:\/\/freekids.pl\/fr\/#website\",\"url\":\"https:\/\/freekids.pl\/fr\/\",\"name\":\"FreeKids Playgrounds | Sport | Urban Furniture\",\"description\":\"Dream it, do it !\",\"potentialAction\":[{\"@type\":\"SearchAction\",\"target\":{\"@type\":\"EntryPoint\",\"urlTemplate\":\"https:\/\/freekids.pl\/fr\/?s={search_term_string}\"},\"query-input\":{\"@type\":\"PropertyValueSpecification\",\"valueRequired\":true,\"valueName\":\"search_term_string\"}}],\"inLanguage\":\"fr-FR\"}]}<\/script>\n<!-- \/ Yoast SEO plugin. -->","yoast_head_json":{"title":"Ch\u00e2teau 15 - Freekids.pl","robots":{"index":"index","follow":"follow","max-snippet":"max-snippet:-1","max-image-preview":"max-image-preview:large","max-video-preview":"max-video-preview:-1"},"canonical":"https:\/\/freekids.pl\/fr\/produkt\/chateau-15\/","og_locale":"fr_FR","og_type":"article","og_title":"Ch\u00e2teau 15 - Freekids.pl","og_description":"Un appareil avec des applications de ch\u00e2teau, sur des poteaux en bois de section carr\u00e9e. Plates-formes recouvertes d\u2019un rev\u00eatement antid\u00e9rapant, garde-corps renforc\u00e9s par des tubes d\u2019acier en haut et en bas. Bobines de tuyaux en acier soud\u00e9.","og_url":"https:\/\/freekids.pl\/fr\/produkt\/chateau-15\/","og_site_name":"FreeKids Playgrounds | Sport | Urban Furniture","og_image":[{"width":2560,"height":1787,"url":"https:\/\/freekids.pl\/wp-content\/uploads\/2025\/01\/0111042_castle_15_-_wiz.1-scaled.jpg","type":"image\/jpeg"}],"twitter_card":"summary_large_image","schema":{"@context":"https:\/\/schema.org","@graph":[{"@type":"WebPage","@id":"https:\/\/freekids.pl\/fr\/produkt\/chateau-15\/","url":"https:\/\/freekids.pl\/fr\/produkt\/chateau-15\/","name":"Ch\u00e2teau 15 - Freekids.pl","isPartOf":{"@id":"https:\/\/freekids.pl\/fr\/#website"},"primaryImageOfPage":{"@id":"https:\/\/freekids.pl\/fr\/produkt\/chateau-15\/#primaryimage"},"image":{"@id":"https:\/\/freekids.pl\/fr\/produkt\/chateau-15\/#primaryimage"},"thumbnailUrl":"https:\/\/freekids.pl\/wp-content\/uploads\/2025\/01\/0111042_castle_15_-_wiz.1-scaled.jpg","datePublished":"2024-10-23T20:58:56+00:00","breadcrumb":{"@id":"https:\/\/freekids.pl\/fr\/produkt\/chateau-15\/#breadcrumb"},"inLanguage":"fr-FR","potentialAction":[{"@type":"ReadAction","target":["https:\/\/freekids.pl\/fr\/produkt\/chateau-15\/"]}]},{"@type":"ImageObject","inLanguage":"fr-FR","@id":"https:\/\/freekids.pl\/fr\/produkt\/chateau-15\/#primaryimage","url":"https:\/\/freekids.pl\/wp-content\/uploads\/2025\/01\/0111042_castle_15_-_wiz.1-scaled.jpg","contentUrl":"https:\/\/freekids.pl\/wp-content\/uploads\/2025\/01\/0111042_castle_15_-_wiz.1-scaled.jpg","width":2560,"height":1787},{"@type":"BreadcrumbList","@id":"https:\/\/freekids.pl\/fr\/produkt\/chateau-15\/#breadcrumb","itemListElement":[{"@type":"ListItem","position":1,"name":"Strona g\u0142\u00f3wna","item":"https:\/\/freekids.pl\/fr\/"},{"@type":"ListItem","position":2,"name":"Produits","item":"https:\/\/freekids.pl\/fr\/produits\/"},{"@type":"ListItem","position":3,"name":"Ch\u00e2teau 15"}]},{"@type":"WebSite","@id":"https:\/\/freekids.pl\/fr\/#website","url":"https:\/\/freekids.pl\/fr\/","name":"FreeKids Playgrounds | Sport | Urban Furniture","description":"Dream it, do it !","potentialAction":[{"@type":"SearchAction","target":{"@type":"EntryPoint","urlTemplate":"https:\/\/freekids.pl\/fr\/?s={search_term_string}"},"query-input":{"@type":"PropertyValueSpecification","valueRequired":true,"valueName":"search_term_string"}}],"inLanguage":"fr-FR"}]}},"_links":{"self":[{"href":"https:\/\/freekids.pl\/fr\/wp-json\/wp\/v2\/product\/202517","targetHints":{"allow":["GET"]}}],"collection":[{"href":"https:\/\/freekids.pl\/fr\/wp-json\/wp\/v2\/product"}],"about":[{"href":"https:\/\/freekids.pl\/fr\/wp-json\/wp\/v2\/types\/product"}],"wp:featuredmedia":[{"embeddable":true,"href":"https:\/\/freekids.pl\/fr\/wp-json\/wp\/v2\/media\/174241"}],"wp:attachment":[{"href":"https:\/\/freekids.pl\/fr\/wp-json\/wp\/v2\/media?parent=202517"}],"wp:term":[{"taxonomy":"product_cat","embeddable":true,"href":"https:\/\/freekids.pl\/fr\/wp-json\/wp\/v2\/product_cat?post=202517"},{"taxonomy":"product_tag","embeddable":true,"href":"https:\/\/freekids.pl\/fr\/wp-json\/wp\/v2\/product_tag?post=202517"}],"curies":[{"name":"wp","href":"https:\/\/api.w.org\/{rel}","templated":true}]}}