{"id":203419,"date":"2024-10-23T21:55:52","date_gmt":"2024-10-23T19:55:52","guid":{"rendered":"https:\/\/freekids.pl\/produkt\/malle-flori\/"},"modified":"2024-10-23T21:55:52","modified_gmt":"2024-10-23T19:55:52","slug":"malle-flori","status":"publish","type":"product","link":"https:\/\/freekids.pl\/fr\/produkt\/malle-flori\/","title":{"rendered":"Malle Flori"},"content":{"rendered":"","protected":false},"excerpt":{"rendered":"<p>Un appareil en forme de souche hexagonale aux bords irr\u00e9guliers. Il se compose d\u2019une fleur avec des panneaux lumineux charg\u00e9s par le photovolta\u00efque et allum\u00e9s une fois la nuit tomb\u00e9e enferm\u00e9s dans un bo\u00eetier m\u00e9tallique et des p\u00e9tales en polycarbonate avec impression UV rouge, vous pouvez acc\u00e9der au sommet de la souche par des escaliers, des murs d\u2019escalade, un toboggan de pompier avec une spirale ou des cordes d\u2019escalade. Une glissi\u00e8re tubulaire part de la souche.  <\/p>\n<div id=\"highlighter--hover-tools\" style=\"display: none;\">\n<div id=\"highlighter--hover-tools--container\">\n<div class=\"highlighter--icon highlighter--icon-copy\" title=\"Copie\"><\/div>\n<div class=\"highlighter--icon highlighter--icon-change-color\" title=\"Changer de couleur\"><\/div>\n<div class=\"highlighter--icon highlighter--icon-delete\" title=\"Supprimer\"><\/div>\n<\/div>\n<\/div>\n","protected":false},"featured_media":172638,"template":"","meta":{"_acf_changed":false,"ep_exclude_from_search":false},"product_cat":[553,480],"product_tag":[],"class_list":{"0":"post-203419","1":"product","2":"type-product","3":"status-publish","4":"has-post-thumbnail","6":"product_series-flori-fr","7":"product_group-original-fr","8":"product_cat-ensembles-multifonctionnels","9":"product_cat-terrains-de-jeux","11":"first","12":"outofstock","13":"shipping-taxable","14":"purchasable","15":"product-type-simple"},"acf":[],"yoast_head":"<!-- This site is optimized with the Yoast SEO plugin v27.4 - https:\/\/yoast.com\/product\/yoast-seo-wordpress\/ -->\n<title>Toboggan Flori Pie\u0144 pour l\u2019aire de jeux - Freekids.pl<\/title>\n<meta name=\"robots\" content=\"index, follow, max-snippet:-1, max-image-preview:large, max-video-preview:-1\" \/>\n<link rel=\"canonical\" href=\"https:\/\/freekids.pl\/fr\/produkt\/malle-flori\/\" \/>\n<meta property=\"og:locale\" content=\"fr_FR\" \/>\n<meta property=\"og:type\" content=\"article\" \/>\n<meta property=\"og:title\" content=\"Toboggan Flori Pie\u0144 pour l\u2019aire de jeux - Freekids.pl\" \/>\n<meta property=\"og:description\" content=\"Un appareil en forme de souche hexagonale aux bords irr\u00e9guliers. Il se compose d\u2019une fleur avec des panneaux lumineux charg\u00e9s par le photovolta\u00efque et allum\u00e9s une fois la nuit tomb\u00e9e enferm\u00e9s dans un bo\u00eetier m\u00e9tallique et des p\u00e9tales en polycarbonate avec impression UV rouge, vous pouvez acc\u00e9der au sommet de la souche par des escaliers, des murs d\u2019escalade, un toboggan de pompier avec une spirale ou des cordes d\u2019escalade. Une glissi\u00e8re tubulaire part de la souche.\" \/>\n<meta property=\"og:url\" content=\"https:\/\/freekids.pl\/fr\/produkt\/malle-flori\/\" \/>\n<meta property=\"og:site_name\" content=\"FreeKids Playgrounds | Sport | Urban Furniture\" \/>\n<meta property=\"og:image\" content=\"https:\/\/freekids.pl\/wp-content\/uploads\/2025\/01\/0220004_flori_pien_-_wiz.1-scaled.jpg\" \/>\n\t<meta property=\"og:image:width\" content=\"2560\" \/>\n\t<meta property=\"og:image:height\" content=\"1657\" \/>\n\t<meta property=\"og:image:type\" content=\"image\/jpeg\" \/>\n<meta name=\"twitter:card\" content=\"summary_large_image\" \/>\n<script type=\"application\/ld+json\" class=\"yoast-schema-graph\">{\"@context\":\"https:\\\/\\\/schema.org\",\"@graph\":[{\"@type\":\"WebPage\",\"@id\":\"https:\\\/\\\/freekids.pl\\\/fr\\\/produkt\\\/malle-flori\\\/\",\"url\":\"https:\\\/\\\/freekids.pl\\\/fr\\\/produkt\\\/malle-flori\\\/\",\"name\":\"Toboggan Flori Pie\u0144 pour l\u2019aire de jeux - Freekids.pl\",\"isPartOf\":{\"@id\":\"https:\\\/\\\/freekids.pl\\\/fr\\\/#website\"},\"primaryImageOfPage\":{\"@id\":\"https:\\\/\\\/freekids.pl\\\/fr\\\/produkt\\\/malle-flori\\\/#primaryimage\"},\"image\":{\"@id\":\"https:\\\/\\\/freekids.pl\\\/fr\\\/produkt\\\/malle-flori\\\/#primaryimage\"},\"thumbnailUrl\":\"https:\\\/\\\/freekids.pl\\\/wp-content\\\/uploads\\\/2025\\\/01\\\/0220004_flori_pien_-_wiz.1-scaled.jpg\",\"datePublished\":\"2024-10-23T19:55:52+00:00\",\"breadcrumb\":{\"@id\":\"https:\\\/\\\/freekids.pl\\\/fr\\\/produkt\\\/malle-flori\\\/#breadcrumb\"},\"inLanguage\":\"fr-FR\",\"potentialAction\":[{\"@type\":\"ReadAction\",\"target\":[\"https:\\\/\\\/freekids.pl\\\/fr\\\/produkt\\\/malle-flori\\\/\"]}]},{\"@type\":\"ImageObject\",\"inLanguage\":\"fr-FR\",\"@id\":\"https:\\\/\\\/freekids.pl\\\/fr\\\/produkt\\\/malle-flori\\\/#primaryimage\",\"url\":\"https:\\\/\\\/freekids.pl\\\/wp-content\\\/uploads\\\/2025\\\/01\\\/0220004_flori_pien_-_wiz.1-scaled.jpg\",\"contentUrl\":\"https:\\\/\\\/freekids.pl\\\/wp-content\\\/uploads\\\/2025\\\/01\\\/0220004_flori_pien_-_wiz.1-scaled.jpg\",\"width\":2560,\"height\":1657},{\"@type\":\"BreadcrumbList\",\"@id\":\"https:\\\/\\\/freekids.pl\\\/fr\\\/produkt\\\/malle-flori\\\/#breadcrumb\",\"itemListElement\":[{\"@type\":\"ListItem\",\"position\":1,\"name\":\"Strona g\u0142\u00f3wna\",\"item\":\"https:\\\/\\\/freekids.pl\\\/fr\\\/\"},{\"@type\":\"ListItem\",\"position\":2,\"name\":\"Produits\",\"item\":\"https:\\\/\\\/freekids.pl\\\/fr\\\/produits\\\/\"},{\"@type\":\"ListItem\",\"position\":3,\"name\":\"Malle Flori\"}]},{\"@type\":\"WebSite\",\"@id\":\"https:\\\/\\\/freekids.pl\\\/fr\\\/#website\",\"url\":\"https:\\\/\\\/freekids.pl\\\/fr\\\/\",\"name\":\"FreeKids Playgrounds | Sport | Urban Furniture\",\"description\":\"Dream it, do it !\",\"potentialAction\":[{\"@type\":\"SearchAction\",\"target\":{\"@type\":\"EntryPoint\",\"urlTemplate\":\"https:\\\/\\\/freekids.pl\\\/fr\\\/?s={search_term_string}\"},\"query-input\":{\"@type\":\"PropertyValueSpecification\",\"valueRequired\":true,\"valueName\":\"search_term_string\"}}],\"inLanguage\":\"fr-FR\"}]}<\/script>\n<!-- \/ Yoast SEO plugin. -->","yoast_head_json":{"title":"Toboggan Flori Pie\u0144 pour l\u2019aire de jeux - Freekids.pl","robots":{"index":"index","follow":"follow","max-snippet":"max-snippet:-1","max-image-preview":"max-image-preview:large","max-video-preview":"max-video-preview:-1"},"canonical":"https:\/\/freekids.pl\/fr\/produkt\/malle-flori\/","og_locale":"fr_FR","og_type":"article","og_title":"Toboggan Flori Pie\u0144 pour l\u2019aire de jeux - Freekids.pl","og_description":"Un appareil en forme de souche hexagonale aux bords irr\u00e9guliers. Il se compose d\u2019une fleur avec des panneaux lumineux charg\u00e9s par le photovolta\u00efque et allum\u00e9s une fois la nuit tomb\u00e9e enferm\u00e9s dans un bo\u00eetier m\u00e9tallique et des p\u00e9tales en polycarbonate avec impression UV rouge, vous pouvez acc\u00e9der au sommet de la souche par des escaliers, des murs d\u2019escalade, un toboggan de pompier avec une spirale ou des cordes d\u2019escalade. Une glissi\u00e8re tubulaire part de la souche.","og_url":"https:\/\/freekids.pl\/fr\/produkt\/malle-flori\/","og_site_name":"FreeKids Playgrounds | Sport | Urban Furniture","og_image":[{"width":2560,"height":1657,"url":"https:\/\/freekids.pl\/wp-content\/uploads\/2025\/01\/0220004_flori_pien_-_wiz.1-scaled.jpg","type":"image\/jpeg"}],"twitter_card":"summary_large_image","schema":{"@context":"https:\/\/schema.org","@graph":[{"@type":"WebPage","@id":"https:\/\/freekids.pl\/fr\/produkt\/malle-flori\/","url":"https:\/\/freekids.pl\/fr\/produkt\/malle-flori\/","name":"Toboggan Flori Pie\u0144 pour l\u2019aire de jeux - Freekids.pl","isPartOf":{"@id":"https:\/\/freekids.pl\/fr\/#website"},"primaryImageOfPage":{"@id":"https:\/\/freekids.pl\/fr\/produkt\/malle-flori\/#primaryimage"},"image":{"@id":"https:\/\/freekids.pl\/fr\/produkt\/malle-flori\/#primaryimage"},"thumbnailUrl":"https:\/\/freekids.pl\/wp-content\/uploads\/2025\/01\/0220004_flori_pien_-_wiz.1-scaled.jpg","datePublished":"2024-10-23T19:55:52+00:00","breadcrumb":{"@id":"https:\/\/freekids.pl\/fr\/produkt\/malle-flori\/#breadcrumb"},"inLanguage":"fr-FR","potentialAction":[{"@type":"ReadAction","target":["https:\/\/freekids.pl\/fr\/produkt\/malle-flori\/"]}]},{"@type":"ImageObject","inLanguage":"fr-FR","@id":"https:\/\/freekids.pl\/fr\/produkt\/malle-flori\/#primaryimage","url":"https:\/\/freekids.pl\/wp-content\/uploads\/2025\/01\/0220004_flori_pien_-_wiz.1-scaled.jpg","contentUrl":"https:\/\/freekids.pl\/wp-content\/uploads\/2025\/01\/0220004_flori_pien_-_wiz.1-scaled.jpg","width":2560,"height":1657},{"@type":"BreadcrumbList","@id":"https:\/\/freekids.pl\/fr\/produkt\/malle-flori\/#breadcrumb","itemListElement":[{"@type":"ListItem","position":1,"name":"Strona g\u0142\u00f3wna","item":"https:\/\/freekids.pl\/fr\/"},{"@type":"ListItem","position":2,"name":"Produits","item":"https:\/\/freekids.pl\/fr\/produits\/"},{"@type":"ListItem","position":3,"name":"Malle Flori"}]},{"@type":"WebSite","@id":"https:\/\/freekids.pl\/fr\/#website","url":"https:\/\/freekids.pl\/fr\/","name":"FreeKids Playgrounds | Sport | Urban Furniture","description":"Dream it, do it !","potentialAction":[{"@type":"SearchAction","target":{"@type":"EntryPoint","urlTemplate":"https:\/\/freekids.pl\/fr\/?s={search_term_string}"},"query-input":{"@type":"PropertyValueSpecification","valueRequired":true,"valueName":"search_term_string"}}],"inLanguage":"fr-FR"}]}},"_links":{"self":[{"href":"https:\/\/freekids.pl\/fr\/wp-json\/wp\/v2\/product\/203419","targetHints":{"allow":["GET"]}}],"collection":[{"href":"https:\/\/freekids.pl\/fr\/wp-json\/wp\/v2\/product"}],"about":[{"href":"https:\/\/freekids.pl\/fr\/wp-json\/wp\/v2\/types\/product"}],"wp:featuredmedia":[{"embeddable":true,"href":"https:\/\/freekids.pl\/fr\/wp-json\/wp\/v2\/media\/172638"}],"wp:attachment":[{"href":"https:\/\/freekids.pl\/fr\/wp-json\/wp\/v2\/media?parent=203419"}],"wp:term":[{"taxonomy":"product_cat","embeddable":true,"href":"https:\/\/freekids.pl\/fr\/wp-json\/wp\/v2\/product_cat?post=203419"},{"taxonomy":"product_tag","embeddable":true,"href":"https:\/\/freekids.pl\/fr\/wp-json\/wp\/v2\/product_tag?post=203419"}],"curies":[{"name":"wp","href":"https:\/\/api.w.org\/{rel}","templated":true}]}}