{"id":203426,"date":"2024-10-23T21:49:56","date_gmt":"2024-10-23T19:49:56","guid":{"rendered":"https:\/\/freekids.pl\/produkt\/lumi-lora\/"},"modified":"2024-10-23T21:49:56","modified_gmt":"2024-10-23T19:49:56","slug":"lumi-lora","status":"publish","type":"product","link":"https:\/\/freekids.pl\/fr\/produkt\/lumi-lora\/","title":{"rendered":"LumiLORA"},"content":{"rendered":"<p>&nbsp;<\/p>\n<div id=\"highlighter--hover-tools\" style=\"display: none;\">\n<div id=\"highlighter--hover-tools--container\">\n<div class=\"highlighter--icon highlighter--icon-copy\" title=\"Copie\"><\/div>\n<div class=\"highlighter--icon highlighter--icon-change-color\" title=\"Changer de couleur\"><\/div>\n<div class=\"highlighter--icon highlighter--icon-delete\" title=\"Supprimer\"><\/div>\n<\/div>\n<\/div>\n","protected":false},"excerpt":{"rendered":"<p>Un appareil en forme de semi-remorque futuriste, mont\u00e9 sur ressorts. Fabriqu\u00e9 en cadre soud\u00e9 en acier inoxydable et poutres en bois pli\u00e9es et coll\u00e9es. L\u2019appareil est \u00e9quip\u00e9 d\u2019un si\u00e8ge en PEHD et inox, d\u2019un panneau lumineux charg\u00e9 par photovolta\u00efque et allum\u00e9 \u00e0 la nuit tomb\u00e9e enferm\u00e9 dans un bo\u00eetier m\u00e9tallique, de plaques en polycarbonate, d\u2019un volant rotatif et d\u2019un grillage horizontal et vertical.  <\/p>\n","protected":false},"featured_media":172475,"template":"","meta":{"_acf_changed":false,"ep_exclude_from_search":false},"product_cat":[553,480,530],"product_tag":[],"class_list":{"0":"post-203426","1":"product","2":"type-product","3":"status-publish","4":"has-post-thumbnail","6":"product_series-lumi-fr","7":"product_group-original-fr","8":"product_cat-ensembles-multifonctionnels","9":"product_cat-terrains-de-jeux","10":"product_cat-vehicules","12":"first","13":"outofstock","14":"shipping-taxable","15":"purchasable","16":"product-type-simple"},"acf":[],"yoast_head":"<!-- This site is optimized with the Yoast SEO plugin v27.4 - https:\/\/yoast.com\/product\/yoast-seo-wordpress\/ -->\n<title>Lumi Lora V\u00e9hicule \u00e0 ressort pour aire de jeux - Freekids.pl<\/title>\n<meta name=\"robots\" content=\"index, follow, max-snippet:-1, max-image-preview:large, max-video-preview:-1\" \/>\n<link rel=\"canonical\" href=\"https:\/\/freekids.pl\/fr\/produkt\/lumi-lora\/\" \/>\n<meta property=\"og:locale\" content=\"fr_FR\" \/>\n<meta property=\"og:type\" content=\"article\" \/>\n<meta property=\"og:title\" content=\"Lumi Lora V\u00e9hicule \u00e0 ressort pour aire de jeux - Freekids.pl\" \/>\n<meta property=\"og:description\" content=\"Un appareil en forme de semi-remorque futuriste, mont\u00e9 sur ressorts. Fabriqu\u00e9 en cadre soud\u00e9 en acier inoxydable et poutres en bois pli\u00e9es et coll\u00e9es. L\u2019appareil est \u00e9quip\u00e9 d\u2019un si\u00e8ge en PEHD et inox, d\u2019un panneau lumineux charg\u00e9 par photovolta\u00efque et allum\u00e9 \u00e0 la nuit tomb\u00e9e enferm\u00e9 dans un bo\u00eetier m\u00e9tallique, de plaques en polycarbonate, d\u2019un volant rotatif et d\u2019un grillage horizontal et vertical.\" \/>\n<meta property=\"og:url\" content=\"https:\/\/freekids.pl\/fr\/produkt\/lumi-lora\/\" \/>\n<meta property=\"og:site_name\" content=\"FreeKids Playgrounds | Sport | Urban Furniture\" \/>\n<meta property=\"og:image\" content=\"https:\/\/freekids.pl\/wp-content\/uploads\/2025\/01\/0230001_lumi_lora_-_wiz.1-scaled.jpg\" \/>\n\t<meta property=\"og:image:width\" content=\"2560\" \/>\n\t<meta property=\"og:image:height\" content=\"1941\" \/>\n\t<meta property=\"og:image:type\" content=\"image\/jpeg\" \/>\n<meta name=\"twitter:card\" content=\"summary_large_image\" \/>\n<script type=\"application\/ld+json\" class=\"yoast-schema-graph\">{\"@context\":\"https:\\\/\\\/schema.org\",\"@graph\":[{\"@type\":\"WebPage\",\"@id\":\"https:\\\/\\\/freekids.pl\\\/fr\\\/produkt\\\/lumi-lora\\\/\",\"url\":\"https:\\\/\\\/freekids.pl\\\/fr\\\/produkt\\\/lumi-lora\\\/\",\"name\":\"Lumi Lora V\u00e9hicule \u00e0 ressort pour aire de jeux - Freekids.pl\",\"isPartOf\":{\"@id\":\"https:\\\/\\\/freekids.pl\\\/fr\\\/#website\"},\"primaryImageOfPage\":{\"@id\":\"https:\\\/\\\/freekids.pl\\\/fr\\\/produkt\\\/lumi-lora\\\/#primaryimage\"},\"image\":{\"@id\":\"https:\\\/\\\/freekids.pl\\\/fr\\\/produkt\\\/lumi-lora\\\/#primaryimage\"},\"thumbnailUrl\":\"https:\\\/\\\/freekids.pl\\\/wp-content\\\/uploads\\\/2025\\\/01\\\/0230001_lumi_lora_-_wiz.1-scaled.jpg\",\"datePublished\":\"2024-10-23T19:49:56+00:00\",\"breadcrumb\":{\"@id\":\"https:\\\/\\\/freekids.pl\\\/fr\\\/produkt\\\/lumi-lora\\\/#breadcrumb\"},\"inLanguage\":\"fr-FR\",\"potentialAction\":[{\"@type\":\"ReadAction\",\"target\":[\"https:\\\/\\\/freekids.pl\\\/fr\\\/produkt\\\/lumi-lora\\\/\"]}]},{\"@type\":\"ImageObject\",\"inLanguage\":\"fr-FR\",\"@id\":\"https:\\\/\\\/freekids.pl\\\/fr\\\/produkt\\\/lumi-lora\\\/#primaryimage\",\"url\":\"https:\\\/\\\/freekids.pl\\\/wp-content\\\/uploads\\\/2025\\\/01\\\/0230001_lumi_lora_-_wiz.1-scaled.jpg\",\"contentUrl\":\"https:\\\/\\\/freekids.pl\\\/wp-content\\\/uploads\\\/2025\\\/01\\\/0230001_lumi_lora_-_wiz.1-scaled.jpg\",\"width\":2560,\"height\":1941},{\"@type\":\"BreadcrumbList\",\"@id\":\"https:\\\/\\\/freekids.pl\\\/fr\\\/produkt\\\/lumi-lora\\\/#breadcrumb\",\"itemListElement\":[{\"@type\":\"ListItem\",\"position\":1,\"name\":\"Strona g\u0142\u00f3wna\",\"item\":\"https:\\\/\\\/freekids.pl\\\/fr\\\/\"},{\"@type\":\"ListItem\",\"position\":2,\"name\":\"Produits\",\"item\":\"https:\\\/\\\/freekids.pl\\\/fr\\\/produits\\\/\"},{\"@type\":\"ListItem\",\"position\":3,\"name\":\"Lumi Lora\"}]},{\"@type\":\"WebSite\",\"@id\":\"https:\\\/\\\/freekids.pl\\\/fr\\\/#website\",\"url\":\"https:\\\/\\\/freekids.pl\\\/fr\\\/\",\"name\":\"FreeKids Playgrounds | Sport | Urban Furniture\",\"description\":\"Dream it, do it !\",\"potentialAction\":[{\"@type\":\"SearchAction\",\"target\":{\"@type\":\"EntryPoint\",\"urlTemplate\":\"https:\\\/\\\/freekids.pl\\\/fr\\\/?s={search_term_string}\"},\"query-input\":{\"@type\":\"PropertyValueSpecification\",\"valueRequired\":true,\"valueName\":\"search_term_string\"}}],\"inLanguage\":\"fr-FR\"}]}<\/script>\n<!-- \/ Yoast SEO plugin. -->","yoast_head_json":{"title":"Lumi Lora V\u00e9hicule \u00e0 ressort pour aire de jeux - Freekids.pl","robots":{"index":"index","follow":"follow","max-snippet":"max-snippet:-1","max-image-preview":"max-image-preview:large","max-video-preview":"max-video-preview:-1"},"canonical":"https:\/\/freekids.pl\/fr\/produkt\/lumi-lora\/","og_locale":"fr_FR","og_type":"article","og_title":"Lumi Lora V\u00e9hicule \u00e0 ressort pour aire de jeux - Freekids.pl","og_description":"Un appareil en forme de semi-remorque futuriste, mont\u00e9 sur ressorts. Fabriqu\u00e9 en cadre soud\u00e9 en acier inoxydable et poutres en bois pli\u00e9es et coll\u00e9es. L\u2019appareil est \u00e9quip\u00e9 d\u2019un si\u00e8ge en PEHD et inox, d\u2019un panneau lumineux charg\u00e9 par photovolta\u00efque et allum\u00e9 \u00e0 la nuit tomb\u00e9e enferm\u00e9 dans un bo\u00eetier m\u00e9tallique, de plaques en polycarbonate, d\u2019un volant rotatif et d\u2019un grillage horizontal et vertical.","og_url":"https:\/\/freekids.pl\/fr\/produkt\/lumi-lora\/","og_site_name":"FreeKids Playgrounds | Sport | Urban Furniture","og_image":[{"width":2560,"height":1941,"url":"https:\/\/freekids.pl\/wp-content\/uploads\/2025\/01\/0230001_lumi_lora_-_wiz.1-scaled.jpg","type":"image\/jpeg"}],"twitter_card":"summary_large_image","schema":{"@context":"https:\/\/schema.org","@graph":[{"@type":"WebPage","@id":"https:\/\/freekids.pl\/fr\/produkt\/lumi-lora\/","url":"https:\/\/freekids.pl\/fr\/produkt\/lumi-lora\/","name":"Lumi Lora V\u00e9hicule \u00e0 ressort pour aire de jeux - Freekids.pl","isPartOf":{"@id":"https:\/\/freekids.pl\/fr\/#website"},"primaryImageOfPage":{"@id":"https:\/\/freekids.pl\/fr\/produkt\/lumi-lora\/#primaryimage"},"image":{"@id":"https:\/\/freekids.pl\/fr\/produkt\/lumi-lora\/#primaryimage"},"thumbnailUrl":"https:\/\/freekids.pl\/wp-content\/uploads\/2025\/01\/0230001_lumi_lora_-_wiz.1-scaled.jpg","datePublished":"2024-10-23T19:49:56+00:00","breadcrumb":{"@id":"https:\/\/freekids.pl\/fr\/produkt\/lumi-lora\/#breadcrumb"},"inLanguage":"fr-FR","potentialAction":[{"@type":"ReadAction","target":["https:\/\/freekids.pl\/fr\/produkt\/lumi-lora\/"]}]},{"@type":"ImageObject","inLanguage":"fr-FR","@id":"https:\/\/freekids.pl\/fr\/produkt\/lumi-lora\/#primaryimage","url":"https:\/\/freekids.pl\/wp-content\/uploads\/2025\/01\/0230001_lumi_lora_-_wiz.1-scaled.jpg","contentUrl":"https:\/\/freekids.pl\/wp-content\/uploads\/2025\/01\/0230001_lumi_lora_-_wiz.1-scaled.jpg","width":2560,"height":1941},{"@type":"BreadcrumbList","@id":"https:\/\/freekids.pl\/fr\/produkt\/lumi-lora\/#breadcrumb","itemListElement":[{"@type":"ListItem","position":1,"name":"Strona g\u0142\u00f3wna","item":"https:\/\/freekids.pl\/fr\/"},{"@type":"ListItem","position":2,"name":"Produits","item":"https:\/\/freekids.pl\/fr\/produits\/"},{"@type":"ListItem","position":3,"name":"Lumi Lora"}]},{"@type":"WebSite","@id":"https:\/\/freekids.pl\/fr\/#website","url":"https:\/\/freekids.pl\/fr\/","name":"FreeKids Playgrounds | Sport | Urban Furniture","description":"Dream it, do it !","potentialAction":[{"@type":"SearchAction","target":{"@type":"EntryPoint","urlTemplate":"https:\/\/freekids.pl\/fr\/?s={search_term_string}"},"query-input":{"@type":"PropertyValueSpecification","valueRequired":true,"valueName":"search_term_string"}}],"inLanguage":"fr-FR"}]}},"_links":{"self":[{"href":"https:\/\/freekids.pl\/fr\/wp-json\/wp\/v2\/product\/203426","targetHints":{"allow":["GET"]}}],"collection":[{"href":"https:\/\/freekids.pl\/fr\/wp-json\/wp\/v2\/product"}],"about":[{"href":"https:\/\/freekids.pl\/fr\/wp-json\/wp\/v2\/types\/product"}],"wp:featuredmedia":[{"embeddable":true,"href":"https:\/\/freekids.pl\/fr\/wp-json\/wp\/v2\/media\/172475"}],"wp:attachment":[{"href":"https:\/\/freekids.pl\/fr\/wp-json\/wp\/v2\/media?parent=203426"}],"wp:term":[{"taxonomy":"product_cat","embeddable":true,"href":"https:\/\/freekids.pl\/fr\/wp-json\/wp\/v2\/product_cat?post=203426"},{"taxonomy":"product_tag","embeddable":true,"href":"https:\/\/freekids.pl\/fr\/wp-json\/wp\/v2\/product_tag?post=203426"}],"curies":[{"name":"wp","href":"https:\/\/api.w.org\/{rel}","templated":true}]}}