{"id":203465,"date":"2024-10-23T21:42:51","date_gmt":"2024-10-23T19:42:51","guid":{"rendered":"https:\/\/freekids.pl\/produkt\/mine\/"},"modified":"2024-10-23T21:42:51","modified_gmt":"2024-10-23T19:42:51","slug":"mine","status":"publish","type":"product","link":"https:\/\/freekids.pl\/fr\/produkt\/mine\/","title":{"rendered":"Mine"},"content":{"rendered":"","protected":false},"excerpt":{"rendered":"<p>Un appareil en forme de mine steampunk compos\u00e9 d\u2019une tour de levage et d\u2019une passerelle mini\u00e8re. L\u2019appareil est bas\u00e9 sur des poteaux ronds avec des pinces en aluminium. La tour se compose de 2 plates-formes recouvertes d\u2019un rev\u00eatement antid\u00e9rapant renforc\u00e9 d\u2019une charpente en acier, d\u2019un toboggan, d\u2019un tunnel tubulaire, de 3 murs d\u2019escalade constitu\u00e9s de poign\u00e9es en forme de U, d\u2019un treuil avec un seau en caoutchouc sur une cha\u00eene, d\u2019une goulotte en inox menant du palier sup\u00e9rieur \u00e0 la passerelle mini\u00e8re, d\u2019un toit en PEHD courb\u00e9, d\u2019un toit \u00e0 une pente, de 5 engrenages, d&rsquo;1 sabot, de panneaux HPL recouverts de nombreuses impressions UV et de fraisage. Une passerelle mini\u00e8re en forme de couloir avec une vo\u00fbte vo\u00fbt\u00e9e de l\u2019ext\u00e9rieur, servant de mur d\u2019escalade, \u00e0 l\u2019int\u00e9rieur avec un chariot berceau suspendu et un signe de protecteurs auditifs et un casque.   <\/p>\n<div id=\"highlighter--hover-tools\" style=\"display: none;\">\n<div id=\"highlighter--hover-tools--container\">\n<div class=\"highlighter--icon highlighter--icon-copy\" title=\"Copie\"><\/div>\n<div class=\"highlighter--icon highlighter--icon-change-color\" title=\"Changer de couleur\"><\/div>\n<div class=\"highlighter--icon highlighter--icon-delete\" title=\"Supprimer\"><\/div>\n<\/div>\n<\/div>\n","protected":false},"featured_media":172253,"template":"","meta":{"_acf_changed":false,"ep_exclude_from_search":false},"product_cat":[553,480],"product_tag":[],"class_list":{"0":"post-203465","1":"product","2":"type-product","3":"status-publish","4":"has-post-thumbnail","6":"product_series-industrial-fr","7":"product_group-clamps-fr","8":"product_cat-ensembles-multifonctionnels","9":"product_cat-terrains-de-jeux","11":"first","12":"outofstock","13":"shipping-taxable","14":"purchasable","15":"product-type-simple"},"acf":[],"yoast_head":"<!-- This site is optimized with the Yoast SEO plugin v27.4 - https:\/\/yoast.com\/product\/yoast-seo-wordpress\/ -->\n<title>Aire de jeux mini\u00e8re avec jeu de toboggans - Freekids.pl<\/title>\n<meta name=\"robots\" content=\"index, follow, max-snippet:-1, max-image-preview:large, max-video-preview:-1\" \/>\n<link rel=\"canonical\" href=\"https:\/\/freekids.pl\/fr\/produkt\/mine\/\" \/>\n<meta property=\"og:locale\" content=\"fr_FR\" \/>\n<meta property=\"og:type\" content=\"article\" \/>\n<meta property=\"og:title\" content=\"Aire de jeux mini\u00e8re avec jeu de toboggans - Freekids.pl\" \/>\n<meta property=\"og:description\" content=\"Un appareil en forme de mine steampunk compos\u00e9 d\u2019une tour de levage et d\u2019une passerelle mini\u00e8re. L\u2019appareil est bas\u00e9 sur des poteaux ronds avec des pinces en aluminium. La tour se compose de 2 plates-formes recouvertes d\u2019un rev\u00eatement antid\u00e9rapant renforc\u00e9 d\u2019une charpente en acier, d\u2019un toboggan, d\u2019un tunnel tubulaire, de 3 murs d\u2019escalade constitu\u00e9s de poign\u00e9es en forme de U, d\u2019un treuil avec un seau en caoutchouc sur une cha\u00eene, d\u2019une goulotte en inox menant du palier sup\u00e9rieur \u00e0 la passerelle mini\u00e8re, d\u2019un toit en PEHD courb\u00e9, d\u2019un toit \u00e0 une pente, de 5 engrenages, d&#039;1 sabot, de panneaux HPL recouverts de nombreuses impressions UV et de fraisage. Une passerelle mini\u00e8re en forme de couloir avec une vo\u00fbte vo\u00fbt\u00e9e de l\u2019ext\u00e9rieur, servant de mur d\u2019escalade, \u00e0 l\u2019int\u00e9rieur avec un chariot berceau suspendu et un signe de protecteurs auditifs et un casque.\" \/>\n<meta property=\"og:url\" content=\"https:\/\/freekids.pl\/fr\/produkt\/mine\/\" \/>\n<meta property=\"og:site_name\" content=\"FreeKids Playgrounds | Sport | Urban Furniture\" \/>\n<meta property=\"og:image\" content=\"https:\/\/freekids.pl\/wp-content\/uploads\/2025\/01\/0240001_kopalnia_-_wiz.1-scaled.jpg\" \/>\n\t<meta property=\"og:image:width\" content=\"2560\" \/>\n\t<meta property=\"og:image:height\" content=\"1439\" \/>\n\t<meta property=\"og:image:type\" content=\"image\/jpeg\" \/>\n<meta name=\"twitter:card\" content=\"summary_large_image\" \/>\n<script type=\"application\/ld+json\" class=\"yoast-schema-graph\">{\"@context\":\"https:\\\/\\\/schema.org\",\"@graph\":[{\"@type\":\"WebPage\",\"@id\":\"https:\\\/\\\/freekids.pl\\\/fr\\\/produkt\\\/mine\\\/\",\"url\":\"https:\\\/\\\/freekids.pl\\\/fr\\\/produkt\\\/mine\\\/\",\"name\":\"Aire de jeux mini\u00e8re avec jeu de toboggans - Freekids.pl\",\"isPartOf\":{\"@id\":\"https:\\\/\\\/freekids.pl\\\/fr\\\/#website\"},\"primaryImageOfPage\":{\"@id\":\"https:\\\/\\\/freekids.pl\\\/fr\\\/produkt\\\/mine\\\/#primaryimage\"},\"image\":{\"@id\":\"https:\\\/\\\/freekids.pl\\\/fr\\\/produkt\\\/mine\\\/#primaryimage\"},\"thumbnailUrl\":\"https:\\\/\\\/freekids.pl\\\/wp-content\\\/uploads\\\/2025\\\/01\\\/0240001_kopalnia_-_wiz.1-scaled.jpg\",\"datePublished\":\"2024-10-23T19:42:51+00:00\",\"breadcrumb\":{\"@id\":\"https:\\\/\\\/freekids.pl\\\/fr\\\/produkt\\\/mine\\\/#breadcrumb\"},\"inLanguage\":\"fr-FR\",\"potentialAction\":[{\"@type\":\"ReadAction\",\"target\":[\"https:\\\/\\\/freekids.pl\\\/fr\\\/produkt\\\/mine\\\/\"]}]},{\"@type\":\"ImageObject\",\"inLanguage\":\"fr-FR\",\"@id\":\"https:\\\/\\\/freekids.pl\\\/fr\\\/produkt\\\/mine\\\/#primaryimage\",\"url\":\"https:\\\/\\\/freekids.pl\\\/wp-content\\\/uploads\\\/2025\\\/01\\\/0240001_kopalnia_-_wiz.1-scaled.jpg\",\"contentUrl\":\"https:\\\/\\\/freekids.pl\\\/wp-content\\\/uploads\\\/2025\\\/01\\\/0240001_kopalnia_-_wiz.1-scaled.jpg\",\"width\":2560,\"height\":1439},{\"@type\":\"BreadcrumbList\",\"@id\":\"https:\\\/\\\/freekids.pl\\\/fr\\\/produkt\\\/mine\\\/#breadcrumb\",\"itemListElement\":[{\"@type\":\"ListItem\",\"position\":1,\"name\":\"Strona g\u0142\u00f3wna\",\"item\":\"https:\\\/\\\/freekids.pl\\\/fr\\\/\"},{\"@type\":\"ListItem\",\"position\":2,\"name\":\"Produits\",\"item\":\"https:\\\/\\\/freekids.pl\\\/fr\\\/produits\\\/\"},{\"@type\":\"ListItem\",\"position\":3,\"name\":\"Mine\"}]},{\"@type\":\"WebSite\",\"@id\":\"https:\\\/\\\/freekids.pl\\\/fr\\\/#website\",\"url\":\"https:\\\/\\\/freekids.pl\\\/fr\\\/\",\"name\":\"FreeKids Playgrounds | Sport | Urban Furniture\",\"description\":\"Dream it, do it !\",\"potentialAction\":[{\"@type\":\"SearchAction\",\"target\":{\"@type\":\"EntryPoint\",\"urlTemplate\":\"https:\\\/\\\/freekids.pl\\\/fr\\\/?s={search_term_string}\"},\"query-input\":{\"@type\":\"PropertyValueSpecification\",\"valueRequired\":true,\"valueName\":\"search_term_string\"}}],\"inLanguage\":\"fr-FR\"}]}<\/script>\n<!-- \/ Yoast SEO plugin. -->","yoast_head_json":{"title":"Aire de jeux mini\u00e8re avec jeu de toboggans - Freekids.pl","robots":{"index":"index","follow":"follow","max-snippet":"max-snippet:-1","max-image-preview":"max-image-preview:large","max-video-preview":"max-video-preview:-1"},"canonical":"https:\/\/freekids.pl\/fr\/produkt\/mine\/","og_locale":"fr_FR","og_type":"article","og_title":"Aire de jeux mini\u00e8re avec jeu de toboggans - Freekids.pl","og_description":"Un appareil en forme de mine steampunk compos\u00e9 d\u2019une tour de levage et d\u2019une passerelle mini\u00e8re. L\u2019appareil est bas\u00e9 sur des poteaux ronds avec des pinces en aluminium. La tour se compose de 2 plates-formes recouvertes d\u2019un rev\u00eatement antid\u00e9rapant renforc\u00e9 d\u2019une charpente en acier, d\u2019un toboggan, d\u2019un tunnel tubulaire, de 3 murs d\u2019escalade constitu\u00e9s de poign\u00e9es en forme de U, d\u2019un treuil avec un seau en caoutchouc sur une cha\u00eene, d\u2019une goulotte en inox menant du palier sup\u00e9rieur \u00e0 la passerelle mini\u00e8re, d\u2019un toit en PEHD courb\u00e9, d\u2019un toit \u00e0 une pente, de 5 engrenages, d'1 sabot, de panneaux HPL recouverts de nombreuses impressions UV et de fraisage. Une passerelle mini\u00e8re en forme de couloir avec une vo\u00fbte vo\u00fbt\u00e9e de l\u2019ext\u00e9rieur, servant de mur d\u2019escalade, \u00e0 l\u2019int\u00e9rieur avec un chariot berceau suspendu et un signe de protecteurs auditifs et un casque.","og_url":"https:\/\/freekids.pl\/fr\/produkt\/mine\/","og_site_name":"FreeKids Playgrounds | Sport | Urban Furniture","og_image":[{"width":2560,"height":1439,"url":"https:\/\/freekids.pl\/wp-content\/uploads\/2025\/01\/0240001_kopalnia_-_wiz.1-scaled.jpg","type":"image\/jpeg"}],"twitter_card":"summary_large_image","schema":{"@context":"https:\/\/schema.org","@graph":[{"@type":"WebPage","@id":"https:\/\/freekids.pl\/fr\/produkt\/mine\/","url":"https:\/\/freekids.pl\/fr\/produkt\/mine\/","name":"Aire de jeux mini\u00e8re avec jeu de toboggans - Freekids.pl","isPartOf":{"@id":"https:\/\/freekids.pl\/fr\/#website"},"primaryImageOfPage":{"@id":"https:\/\/freekids.pl\/fr\/produkt\/mine\/#primaryimage"},"image":{"@id":"https:\/\/freekids.pl\/fr\/produkt\/mine\/#primaryimage"},"thumbnailUrl":"https:\/\/freekids.pl\/wp-content\/uploads\/2025\/01\/0240001_kopalnia_-_wiz.1-scaled.jpg","datePublished":"2024-10-23T19:42:51+00:00","breadcrumb":{"@id":"https:\/\/freekids.pl\/fr\/produkt\/mine\/#breadcrumb"},"inLanguage":"fr-FR","potentialAction":[{"@type":"ReadAction","target":["https:\/\/freekids.pl\/fr\/produkt\/mine\/"]}]},{"@type":"ImageObject","inLanguage":"fr-FR","@id":"https:\/\/freekids.pl\/fr\/produkt\/mine\/#primaryimage","url":"https:\/\/freekids.pl\/wp-content\/uploads\/2025\/01\/0240001_kopalnia_-_wiz.1-scaled.jpg","contentUrl":"https:\/\/freekids.pl\/wp-content\/uploads\/2025\/01\/0240001_kopalnia_-_wiz.1-scaled.jpg","width":2560,"height":1439},{"@type":"BreadcrumbList","@id":"https:\/\/freekids.pl\/fr\/produkt\/mine\/#breadcrumb","itemListElement":[{"@type":"ListItem","position":1,"name":"Strona g\u0142\u00f3wna","item":"https:\/\/freekids.pl\/fr\/"},{"@type":"ListItem","position":2,"name":"Produits","item":"https:\/\/freekids.pl\/fr\/produits\/"},{"@type":"ListItem","position":3,"name":"Mine"}]},{"@type":"WebSite","@id":"https:\/\/freekids.pl\/fr\/#website","url":"https:\/\/freekids.pl\/fr\/","name":"FreeKids Playgrounds | Sport | Urban Furniture","description":"Dream it, do it !","potentialAction":[{"@type":"SearchAction","target":{"@type":"EntryPoint","urlTemplate":"https:\/\/freekids.pl\/fr\/?s={search_term_string}"},"query-input":{"@type":"PropertyValueSpecification","valueRequired":true,"valueName":"search_term_string"}}],"inLanguage":"fr-FR"}]}},"_links":{"self":[{"href":"https:\/\/freekids.pl\/fr\/wp-json\/wp\/v2\/product\/203465","targetHints":{"allow":["GET"]}}],"collection":[{"href":"https:\/\/freekids.pl\/fr\/wp-json\/wp\/v2\/product"}],"about":[{"href":"https:\/\/freekids.pl\/fr\/wp-json\/wp\/v2\/types\/product"}],"wp:featuredmedia":[{"embeddable":true,"href":"https:\/\/freekids.pl\/fr\/wp-json\/wp\/v2\/media\/172253"}],"wp:attachment":[{"href":"https:\/\/freekids.pl\/fr\/wp-json\/wp\/v2\/media?parent=203465"}],"wp:term":[{"taxonomy":"product_cat","embeddable":true,"href":"https:\/\/freekids.pl\/fr\/wp-json\/wp\/v2\/product_cat?post=203465"},{"taxonomy":"product_tag","embeddable":true,"href":"https:\/\/freekids.pl\/fr\/wp-json\/wp\/v2\/product_tag?post=203465"}],"curies":[{"name":"wp","href":"https:\/\/api.w.org\/{rel}","templated":true}]}}