{"id":203525,"date":"2024-10-23T21:40:54","date_gmt":"2024-10-23T19:40:54","guid":{"rendered":"https:\/\/freekids.pl\/produkt\/train-mini-city-1-locomotive-a-vapeur\/"},"modified":"2024-10-23T21:40:54","modified_gmt":"2024-10-23T19:40:54","slug":"train-mini-city-1-locomotive-a-vapeur","status":"publish","type":"product","link":"https:\/\/freekids.pl\/fr\/produkt\/train-mini-city-1-locomotive-a-vapeur\/","title":{"rendered":"Train Mini City 1 (locomotive \u00e0 vapeur)"},"content":{"rendered":"","protected":false},"excerpt":{"rendered":"<p>Le dispositif se pr\u00e9sente sous la forme d\u2019un train compos\u00e9 d\u2019une locomotive \u00e0 vapeur et de deux wagons mont\u00e9s sur ressorts et reli\u00e9s par des filets de cordage. Locomotive \u00e0 vapeur en PEHD pli\u00e9, avec des trous sur les c\u00f4t\u00e9s pour les pieds et les poign\u00e9es vous permettant de jouer aux cow-boys. De plus, il est \u00e9quip\u00e9 d\u2019un levier et d\u2019un bouton mobiles. Wagon tubulaire \u00e9quip\u00e9 de 4 c\u00e2bles, trous de pied, tunnel tubulaire. Wagon-citerne en PEHD pli\u00e9 avec trous pour les jambes et pierres d\u2019escalade et deux boutons.    <\/p>\n<div id=\"highlighter--hover-tools\" style=\"display: none;\">\n<div id=\"highlighter--hover-tools--container\">\n<div class=\"highlighter--icon highlighter--icon-copy\" title=\"Copie\"><\/div>\n<div class=\"highlighter--icon highlighter--icon-change-color\" title=\"Changer de couleur\"><\/div>\n<div class=\"highlighter--icon highlighter--icon-delete\" title=\"Supprimer\"><\/div>\n<\/div>\n<\/div>\n","protected":false},"featured_media":172205,"template":"","meta":{"_acf_changed":false,"ep_exclude_from_search":false},"product_cat":[475,480,530],"product_tag":[],"class_list":{"0":"post-203525","1":"product","2":"type-product","3":"status-publish","4":"has-post-thumbnail","6":"product_series-mini-city-fr","7":"product_group-original-fr","8":"product_cat-aucune-categorie","9":"product_cat-terrains-de-jeux","10":"product_cat-vehicules","12":"first","13":"outofstock","14":"shipping-taxable","15":"purchasable","16":"product-type-simple"},"acf":[],"yoast_head":"<!-- This site is optimized with the Yoast SEO plugin v27.4 - https:\/\/yoast.com\/product\/yoast-seo-wordpress\/ -->\n<title>Mini City 1 train (locomotive \u00e0 vapeur) jusqu\u2019\u00e0 l\u2019aire de jeux - Freekids.pl<\/title>\n<meta name=\"robots\" content=\"index, follow, max-snippet:-1, max-image-preview:large, max-video-preview:-1\" \/>\n<link rel=\"canonical\" href=\"https:\/\/freekids.pl\/fr\/produkt\/train-mini-city-1-locomotive-a-vapeur\/\" \/>\n<meta property=\"og:locale\" content=\"fr_FR\" \/>\n<meta property=\"og:type\" content=\"article\" \/>\n<meta property=\"og:title\" content=\"Mini City 1 train (locomotive \u00e0 vapeur) jusqu\u2019\u00e0 l\u2019aire de jeux - Freekids.pl\" \/>\n<meta property=\"og:description\" content=\"Le dispositif se pr\u00e9sente sous la forme d\u2019un train compos\u00e9 d\u2019une locomotive \u00e0 vapeur et de deux wagons mont\u00e9s sur ressorts et reli\u00e9s par des filets de cordage. Locomotive \u00e0 vapeur en PEHD pli\u00e9, avec des trous sur les c\u00f4t\u00e9s pour les pieds et les poign\u00e9es vous permettant de jouer aux cow-boys. De plus, il est \u00e9quip\u00e9 d\u2019un levier et d\u2019un bouton mobiles. Wagon tubulaire \u00e9quip\u00e9 de 4 c\u00e2bles, trous de pied, tunnel tubulaire. Wagon-citerne en PEHD pli\u00e9 avec trous pour les jambes et pierres d\u2019escalade et deux boutons.\" \/>\n<meta property=\"og:url\" content=\"https:\/\/freekids.pl\/fr\/produkt\/train-mini-city-1-locomotive-a-vapeur\/\" \/>\n<meta property=\"og:site_name\" content=\"FreeKids Playgrounds | Sport | Urban Furniture\" \/>\n<meta property=\"og:image\" content=\"https:\/\/freekids.pl\/wp-content\/uploads\/2025\/01\/0210031_pociag_mini_city_1_-_wiz.1-scaled.jpg\" \/>\n\t<meta property=\"og:image:width\" content=\"2560\" \/>\n\t<meta property=\"og:image:height\" content=\"1837\" \/>\n\t<meta property=\"og:image:type\" content=\"image\/jpeg\" \/>\n<meta name=\"twitter:card\" content=\"summary_large_image\" \/>\n<script type=\"application\/ld+json\" class=\"yoast-schema-graph\">{\"@context\":\"https:\\\/\\\/schema.org\",\"@graph\":[{\"@type\":\"WebPage\",\"@id\":\"https:\\\/\\\/freekids.pl\\\/fr\\\/produkt\\\/train-mini-city-1-locomotive-a-vapeur\\\/\",\"url\":\"https:\\\/\\\/freekids.pl\\\/fr\\\/produkt\\\/train-mini-city-1-locomotive-a-vapeur\\\/\",\"name\":\"Mini City 1 train (locomotive \u00e0 vapeur) jusqu\u2019\u00e0 l\u2019aire de jeux - Freekids.pl\",\"isPartOf\":{\"@id\":\"https:\\\/\\\/freekids.pl\\\/fr\\\/#website\"},\"primaryImageOfPage\":{\"@id\":\"https:\\\/\\\/freekids.pl\\\/fr\\\/produkt\\\/train-mini-city-1-locomotive-a-vapeur\\\/#primaryimage\"},\"image\":{\"@id\":\"https:\\\/\\\/freekids.pl\\\/fr\\\/produkt\\\/train-mini-city-1-locomotive-a-vapeur\\\/#primaryimage\"},\"thumbnailUrl\":\"https:\\\/\\\/freekids.pl\\\/wp-content\\\/uploads\\\/2025\\\/01\\\/0210031_pociag_mini_city_1_-_wiz.1-scaled.jpg\",\"datePublished\":\"2024-10-23T19:40:54+00:00\",\"breadcrumb\":{\"@id\":\"https:\\\/\\\/freekids.pl\\\/fr\\\/produkt\\\/train-mini-city-1-locomotive-a-vapeur\\\/#breadcrumb\"},\"inLanguage\":\"fr-FR\",\"potentialAction\":[{\"@type\":\"ReadAction\",\"target\":[\"https:\\\/\\\/freekids.pl\\\/fr\\\/produkt\\\/train-mini-city-1-locomotive-a-vapeur\\\/\"]}]},{\"@type\":\"ImageObject\",\"inLanguage\":\"fr-FR\",\"@id\":\"https:\\\/\\\/freekids.pl\\\/fr\\\/produkt\\\/train-mini-city-1-locomotive-a-vapeur\\\/#primaryimage\",\"url\":\"https:\\\/\\\/freekids.pl\\\/wp-content\\\/uploads\\\/2025\\\/01\\\/0210031_pociag_mini_city_1_-_wiz.1-scaled.jpg\",\"contentUrl\":\"https:\\\/\\\/freekids.pl\\\/wp-content\\\/uploads\\\/2025\\\/01\\\/0210031_pociag_mini_city_1_-_wiz.1-scaled.jpg\",\"width\":2560,\"height\":1837},{\"@type\":\"BreadcrumbList\",\"@id\":\"https:\\\/\\\/freekids.pl\\\/fr\\\/produkt\\\/train-mini-city-1-locomotive-a-vapeur\\\/#breadcrumb\",\"itemListElement\":[{\"@type\":\"ListItem\",\"position\":1,\"name\":\"Strona g\u0142\u00f3wna\",\"item\":\"https:\\\/\\\/freekids.pl\\\/fr\\\/\"},{\"@type\":\"ListItem\",\"position\":2,\"name\":\"Produits\",\"item\":\"https:\\\/\\\/freekids.pl\\\/fr\\\/produits\\\/\"},{\"@type\":\"ListItem\",\"position\":3,\"name\":\"Train Mini City 1 (locomotive \u00e0 vapeur)\"}]},{\"@type\":\"WebSite\",\"@id\":\"https:\\\/\\\/freekids.pl\\\/fr\\\/#website\",\"url\":\"https:\\\/\\\/freekids.pl\\\/fr\\\/\",\"name\":\"FreeKids Playgrounds | Sport | Urban Furniture\",\"description\":\"Dream it, do it !\",\"potentialAction\":[{\"@type\":\"SearchAction\",\"target\":{\"@type\":\"EntryPoint\",\"urlTemplate\":\"https:\\\/\\\/freekids.pl\\\/fr\\\/?s={search_term_string}\"},\"query-input\":{\"@type\":\"PropertyValueSpecification\",\"valueRequired\":true,\"valueName\":\"search_term_string\"}}],\"inLanguage\":\"fr-FR\"}]}<\/script>\n<!-- \/ Yoast SEO plugin. -->","yoast_head_json":{"title":"Mini City 1 train (locomotive \u00e0 vapeur) jusqu\u2019\u00e0 l\u2019aire de jeux - Freekids.pl","robots":{"index":"index","follow":"follow","max-snippet":"max-snippet:-1","max-image-preview":"max-image-preview:large","max-video-preview":"max-video-preview:-1"},"canonical":"https:\/\/freekids.pl\/fr\/produkt\/train-mini-city-1-locomotive-a-vapeur\/","og_locale":"fr_FR","og_type":"article","og_title":"Mini City 1 train (locomotive \u00e0 vapeur) jusqu\u2019\u00e0 l\u2019aire de jeux - Freekids.pl","og_description":"Le dispositif se pr\u00e9sente sous la forme d\u2019un train compos\u00e9 d\u2019une locomotive \u00e0 vapeur et de deux wagons mont\u00e9s sur ressorts et reli\u00e9s par des filets de cordage. Locomotive \u00e0 vapeur en PEHD pli\u00e9, avec des trous sur les c\u00f4t\u00e9s pour les pieds et les poign\u00e9es vous permettant de jouer aux cow-boys. De plus, il est \u00e9quip\u00e9 d\u2019un levier et d\u2019un bouton mobiles. Wagon tubulaire \u00e9quip\u00e9 de 4 c\u00e2bles, trous de pied, tunnel tubulaire. Wagon-citerne en PEHD pli\u00e9 avec trous pour les jambes et pierres d\u2019escalade et deux boutons.","og_url":"https:\/\/freekids.pl\/fr\/produkt\/train-mini-city-1-locomotive-a-vapeur\/","og_site_name":"FreeKids Playgrounds | Sport | Urban Furniture","og_image":[{"width":2560,"height":1837,"url":"https:\/\/freekids.pl\/wp-content\/uploads\/2025\/01\/0210031_pociag_mini_city_1_-_wiz.1-scaled.jpg","type":"image\/jpeg"}],"twitter_card":"summary_large_image","schema":{"@context":"https:\/\/schema.org","@graph":[{"@type":"WebPage","@id":"https:\/\/freekids.pl\/fr\/produkt\/train-mini-city-1-locomotive-a-vapeur\/","url":"https:\/\/freekids.pl\/fr\/produkt\/train-mini-city-1-locomotive-a-vapeur\/","name":"Mini City 1 train (locomotive \u00e0 vapeur) jusqu\u2019\u00e0 l\u2019aire de jeux - Freekids.pl","isPartOf":{"@id":"https:\/\/freekids.pl\/fr\/#website"},"primaryImageOfPage":{"@id":"https:\/\/freekids.pl\/fr\/produkt\/train-mini-city-1-locomotive-a-vapeur\/#primaryimage"},"image":{"@id":"https:\/\/freekids.pl\/fr\/produkt\/train-mini-city-1-locomotive-a-vapeur\/#primaryimage"},"thumbnailUrl":"https:\/\/freekids.pl\/wp-content\/uploads\/2025\/01\/0210031_pociag_mini_city_1_-_wiz.1-scaled.jpg","datePublished":"2024-10-23T19:40:54+00:00","breadcrumb":{"@id":"https:\/\/freekids.pl\/fr\/produkt\/train-mini-city-1-locomotive-a-vapeur\/#breadcrumb"},"inLanguage":"fr-FR","potentialAction":[{"@type":"ReadAction","target":["https:\/\/freekids.pl\/fr\/produkt\/train-mini-city-1-locomotive-a-vapeur\/"]}]},{"@type":"ImageObject","inLanguage":"fr-FR","@id":"https:\/\/freekids.pl\/fr\/produkt\/train-mini-city-1-locomotive-a-vapeur\/#primaryimage","url":"https:\/\/freekids.pl\/wp-content\/uploads\/2025\/01\/0210031_pociag_mini_city_1_-_wiz.1-scaled.jpg","contentUrl":"https:\/\/freekids.pl\/wp-content\/uploads\/2025\/01\/0210031_pociag_mini_city_1_-_wiz.1-scaled.jpg","width":2560,"height":1837},{"@type":"BreadcrumbList","@id":"https:\/\/freekids.pl\/fr\/produkt\/train-mini-city-1-locomotive-a-vapeur\/#breadcrumb","itemListElement":[{"@type":"ListItem","position":1,"name":"Strona g\u0142\u00f3wna","item":"https:\/\/freekids.pl\/fr\/"},{"@type":"ListItem","position":2,"name":"Produits","item":"https:\/\/freekids.pl\/fr\/produits\/"},{"@type":"ListItem","position":3,"name":"Train Mini City 1 (locomotive \u00e0 vapeur)"}]},{"@type":"WebSite","@id":"https:\/\/freekids.pl\/fr\/#website","url":"https:\/\/freekids.pl\/fr\/","name":"FreeKids Playgrounds | Sport | Urban Furniture","description":"Dream it, do it !","potentialAction":[{"@type":"SearchAction","target":{"@type":"EntryPoint","urlTemplate":"https:\/\/freekids.pl\/fr\/?s={search_term_string}"},"query-input":{"@type":"PropertyValueSpecification","valueRequired":true,"valueName":"search_term_string"}}],"inLanguage":"fr-FR"}]}},"_links":{"self":[{"href":"https:\/\/freekids.pl\/fr\/wp-json\/wp\/v2\/product\/203525","targetHints":{"allow":["GET"]}}],"collection":[{"href":"https:\/\/freekids.pl\/fr\/wp-json\/wp\/v2\/product"}],"about":[{"href":"https:\/\/freekids.pl\/fr\/wp-json\/wp\/v2\/types\/product"}],"wp:featuredmedia":[{"embeddable":true,"href":"https:\/\/freekids.pl\/fr\/wp-json\/wp\/v2\/media\/172205"}],"wp:attachment":[{"href":"https:\/\/freekids.pl\/fr\/wp-json\/wp\/v2\/media?parent=203525"}],"wp:term":[{"taxonomy":"product_cat","embeddable":true,"href":"https:\/\/freekids.pl\/fr\/wp-json\/wp\/v2\/product_cat?post=203525"},{"taxonomy":"product_tag","embeddable":true,"href":"https:\/\/freekids.pl\/fr\/wp-json\/wp\/v2\/product_tag?post=203525"}],"curies":[{"name":"wp","href":"https:\/\/api.w.org\/{rel}","templated":true}]}}