{"id":203556,"date":"2024-10-23T21:36:59","date_gmt":"2024-10-23T19:36:59","guid":{"rendered":"https:\/\/freekids.pl\/produkt\/caserne-de-pompiers\/"},"modified":"2024-10-23T21:36:59","modified_gmt":"2024-10-23T19:36:59","slug":"caserne-de-pompiers","status":"publish","type":"product","link":"https:\/\/freekids.pl\/fr\/produkt\/caserne-de-pompiers\/","title":{"rendered":"Caserne de pompiers"},"content":{"rendered":"","protected":false},"excerpt":{"rendered":"<p>Un appareil en forme de maison \u00e0 deux \u00e9tages avec des murs en pente et un toit \u00e0 deux versants et un camion de pompiers reli\u00e9s entre eux par une \u00e9chelle. La maison est \u00e9quip\u00e9e d\u2019applications de flamme, d\u2019un toboggan, d\u2019un tuyau d\u2019incendie et d\u2019un t\u00e9l\u00e9phone acoustique qui la relie au camion de pompiers. La voiture dispose d\u2019un volant rotatif, d\u2019un si\u00e8ge et de num\u00e9ros d\u2019urgence.  <\/p>\n<div id=\"highlighter--hover-tools\" style=\"display: none;\">\n<div id=\"highlighter--hover-tools--container\">\n<div class=\"highlighter--icon highlighter--icon-copy\" title=\"Copie\"><\/div>\n<div class=\"highlighter--icon highlighter--icon-change-color\" title=\"Changer de couleur\"><\/div>\n<div class=\"highlighter--icon highlighter--icon-delete\" title=\"Supprimer\"><\/div>\n<\/div>\n<\/div>\n<div id=\"highlighter--hover-tools\" style=\"display: none;\">\n<div id=\"highlighter--hover-tools--container\">\n<div class=\"highlighter--icon highlighter--icon-copy\" title=\"Copie\"><\/div>\n<div class=\"highlighter--icon highlighter--icon-change-color\" title=\"Changer de couleur\"><\/div>\n<div class=\"highlighter--icon highlighter--icon-delete\" title=\"Supprimer\"><\/div>\n<\/div>\n<\/div>\n","protected":false},"featured_media":172072,"template":"","meta":{"_acf_changed":false,"ep_exclude_from_search":false},"product_brand":[],"product_cat":[495,732,480],"product_tag":[722],"class_list":{"0":"post-203556","1":"product","2":"type-product","3":"status-publish","4":"has-post-thumbnail","6":"product_series-mini-city-fr","7":"product_group-original-fr","8":"product_cat-chalets","9":"product_cat-integrative-fr","10":"product_cat-terrains-de-jeux","11":"product_tag-inclusivite","13":"first","14":"outofstock","15":"shipping-taxable","16":"purchasable","17":"product-type-simple"},"acf":[],"yoast_head":"<!-- This site is optimized with the Yoast SEO plugin v27.4 - https:\/\/yoast.com\/product\/yoast-seo-wordpress\/ -->\n<title>Chalet de caserne de pompiers avec un v\u00e9hicule pour l\u2019aire de jeux - Freekids.pl<\/title>\n<meta name=\"robots\" content=\"index, follow, max-snippet:-1, max-image-preview:large, max-video-preview:-1\" \/>\n<link rel=\"canonical\" href=\"https:\/\/freekids.pl\/fr\/produkt\/caserne-de-pompiers\/\" \/>\n<meta property=\"og:locale\" content=\"fr_FR\" \/>\n<meta property=\"og:type\" content=\"article\" \/>\n<meta property=\"og:title\" content=\"Chalet de caserne de pompiers avec un v\u00e9hicule pour l\u2019aire de jeux - Freekids.pl\" \/>\n<meta property=\"og:description\" content=\"Un appareil en forme de maison \u00e0 deux \u00e9tages avec des murs en pente et un toit \u00e0 deux versants et un camion de pompiers reli\u00e9s entre eux par une \u00e9chelle. La maison est \u00e9quip\u00e9e d\u2019applications de flamme, d\u2019un toboggan, d\u2019un tuyau d\u2019incendie et d\u2019un t\u00e9l\u00e9phone acoustique qui la relie au camion de pompiers. La voiture dispose d\u2019un volant rotatif, d\u2019un si\u00e8ge et de num\u00e9ros d\u2019urgence.\" \/>\n<meta property=\"og:url\" content=\"https:\/\/freekids.pl\/fr\/produkt\/caserne-de-pompiers\/\" \/>\n<meta property=\"og:site_name\" content=\"FreeKids Playgrounds | Sport | Urban Furniture\" \/>\n<meta property=\"og:image\" content=\"https:\/\/freekids.pl\/wp-content\/uploads\/2025\/01\/0210006_remiza_strazacka_-_wiz.1-scaled.jpg\" \/>\n\t<meta property=\"og:image:width\" content=\"2560\" \/>\n\t<meta property=\"og:image:height\" content=\"1837\" \/>\n\t<meta property=\"og:image:type\" content=\"image\/jpeg\" \/>\n<meta name=\"twitter:card\" content=\"summary_large_image\" \/>\n<script type=\"application\/ld+json\" class=\"yoast-schema-graph\">{\"@context\":\"https:\\\/\\\/schema.org\",\"@graph\":[{\"@type\":\"WebPage\",\"@id\":\"https:\\\/\\\/freekids.pl\\\/fr\\\/produkt\\\/caserne-de-pompiers\\\/\",\"url\":\"https:\\\/\\\/freekids.pl\\\/fr\\\/produkt\\\/caserne-de-pompiers\\\/\",\"name\":\"Chalet de caserne de pompiers avec un v\u00e9hicule pour l\u2019aire de jeux - Freekids.pl\",\"isPartOf\":{\"@id\":\"https:\\\/\\\/freekids.pl\\\/fr\\\/#website\"},\"primaryImageOfPage\":{\"@id\":\"https:\\\/\\\/freekids.pl\\\/fr\\\/produkt\\\/caserne-de-pompiers\\\/#primaryimage\"},\"image\":{\"@id\":\"https:\\\/\\\/freekids.pl\\\/fr\\\/produkt\\\/caserne-de-pompiers\\\/#primaryimage\"},\"thumbnailUrl\":\"https:\\\/\\\/freekids.pl\\\/wp-content\\\/uploads\\\/2025\\\/01\\\/0210006_remiza_strazacka_-_wiz.1-scaled.jpg\",\"datePublished\":\"2024-10-23T19:36:59+00:00\",\"breadcrumb\":{\"@id\":\"https:\\\/\\\/freekids.pl\\\/fr\\\/produkt\\\/caserne-de-pompiers\\\/#breadcrumb\"},\"inLanguage\":\"fr-FR\",\"potentialAction\":[{\"@type\":\"ReadAction\",\"target\":[\"https:\\\/\\\/freekids.pl\\\/fr\\\/produkt\\\/caserne-de-pompiers\\\/\"]}]},{\"@type\":\"ImageObject\",\"inLanguage\":\"fr-FR\",\"@id\":\"https:\\\/\\\/freekids.pl\\\/fr\\\/produkt\\\/caserne-de-pompiers\\\/#primaryimage\",\"url\":\"https:\\\/\\\/freekids.pl\\\/wp-content\\\/uploads\\\/2025\\\/01\\\/0210006_remiza_strazacka_-_wiz.1-scaled.jpg\",\"contentUrl\":\"https:\\\/\\\/freekids.pl\\\/wp-content\\\/uploads\\\/2025\\\/01\\\/0210006_remiza_strazacka_-_wiz.1-scaled.jpg\",\"width\":2560,\"height\":1837},{\"@type\":\"BreadcrumbList\",\"@id\":\"https:\\\/\\\/freekids.pl\\\/fr\\\/produkt\\\/caserne-de-pompiers\\\/#breadcrumb\",\"itemListElement\":[{\"@type\":\"ListItem\",\"position\":1,\"name\":\"Strona g\u0142\u00f3wna\",\"item\":\"https:\\\/\\\/freekids.pl\\\/fr\\\/\"},{\"@type\":\"ListItem\",\"position\":2,\"name\":\"Produits\",\"item\":\"https:\\\/\\\/freekids.pl\\\/fr\\\/produits\\\/\"},{\"@type\":\"ListItem\",\"position\":3,\"name\":\"Caserne de pompiers\"}]},{\"@type\":\"WebSite\",\"@id\":\"https:\\\/\\\/freekids.pl\\\/fr\\\/#website\",\"url\":\"https:\\\/\\\/freekids.pl\\\/fr\\\/\",\"name\":\"FreeKids Playgrounds | Sport | Urban Furniture\",\"description\":\"Dream it, do it !\",\"potentialAction\":[{\"@type\":\"SearchAction\",\"target\":{\"@type\":\"EntryPoint\",\"urlTemplate\":\"https:\\\/\\\/freekids.pl\\\/fr\\\/?s={search_term_string}\"},\"query-input\":{\"@type\":\"PropertyValueSpecification\",\"valueRequired\":true,\"valueName\":\"search_term_string\"}}],\"inLanguage\":\"fr-FR\"}]}<\/script>\n<!-- \/ Yoast SEO plugin. -->","yoast_head_json":{"title":"Chalet de caserne de pompiers avec un v\u00e9hicule pour l\u2019aire de jeux - Freekids.pl","robots":{"index":"index","follow":"follow","max-snippet":"max-snippet:-1","max-image-preview":"max-image-preview:large","max-video-preview":"max-video-preview:-1"},"canonical":"https:\/\/freekids.pl\/fr\/produkt\/caserne-de-pompiers\/","og_locale":"fr_FR","og_type":"article","og_title":"Chalet de caserne de pompiers avec un v\u00e9hicule pour l\u2019aire de jeux - Freekids.pl","og_description":"Un appareil en forme de maison \u00e0 deux \u00e9tages avec des murs en pente et un toit \u00e0 deux versants et un camion de pompiers reli\u00e9s entre eux par une \u00e9chelle. La maison est \u00e9quip\u00e9e d\u2019applications de flamme, d\u2019un toboggan, d\u2019un tuyau d\u2019incendie et d\u2019un t\u00e9l\u00e9phone acoustique qui la relie au camion de pompiers. La voiture dispose d\u2019un volant rotatif, d\u2019un si\u00e8ge et de num\u00e9ros d\u2019urgence.","og_url":"https:\/\/freekids.pl\/fr\/produkt\/caserne-de-pompiers\/","og_site_name":"FreeKids Playgrounds | Sport | Urban Furniture","og_image":[{"width":2560,"height":1837,"url":"https:\/\/freekids.pl\/wp-content\/uploads\/2025\/01\/0210006_remiza_strazacka_-_wiz.1-scaled.jpg","type":"image\/jpeg"}],"twitter_card":"summary_large_image","schema":{"@context":"https:\/\/schema.org","@graph":[{"@type":"WebPage","@id":"https:\/\/freekids.pl\/fr\/produkt\/caserne-de-pompiers\/","url":"https:\/\/freekids.pl\/fr\/produkt\/caserne-de-pompiers\/","name":"Chalet de caserne de pompiers avec un v\u00e9hicule pour l\u2019aire de jeux - Freekids.pl","isPartOf":{"@id":"https:\/\/freekids.pl\/fr\/#website"},"primaryImageOfPage":{"@id":"https:\/\/freekids.pl\/fr\/produkt\/caserne-de-pompiers\/#primaryimage"},"image":{"@id":"https:\/\/freekids.pl\/fr\/produkt\/caserne-de-pompiers\/#primaryimage"},"thumbnailUrl":"https:\/\/freekids.pl\/wp-content\/uploads\/2025\/01\/0210006_remiza_strazacka_-_wiz.1-scaled.jpg","datePublished":"2024-10-23T19:36:59+00:00","breadcrumb":{"@id":"https:\/\/freekids.pl\/fr\/produkt\/caserne-de-pompiers\/#breadcrumb"},"inLanguage":"fr-FR","potentialAction":[{"@type":"ReadAction","target":["https:\/\/freekids.pl\/fr\/produkt\/caserne-de-pompiers\/"]}]},{"@type":"ImageObject","inLanguage":"fr-FR","@id":"https:\/\/freekids.pl\/fr\/produkt\/caserne-de-pompiers\/#primaryimage","url":"https:\/\/freekids.pl\/wp-content\/uploads\/2025\/01\/0210006_remiza_strazacka_-_wiz.1-scaled.jpg","contentUrl":"https:\/\/freekids.pl\/wp-content\/uploads\/2025\/01\/0210006_remiza_strazacka_-_wiz.1-scaled.jpg","width":2560,"height":1837},{"@type":"BreadcrumbList","@id":"https:\/\/freekids.pl\/fr\/produkt\/caserne-de-pompiers\/#breadcrumb","itemListElement":[{"@type":"ListItem","position":1,"name":"Strona g\u0142\u00f3wna","item":"https:\/\/freekids.pl\/fr\/"},{"@type":"ListItem","position":2,"name":"Produits","item":"https:\/\/freekids.pl\/fr\/produits\/"},{"@type":"ListItem","position":3,"name":"Caserne de pompiers"}]},{"@type":"WebSite","@id":"https:\/\/freekids.pl\/fr\/#website","url":"https:\/\/freekids.pl\/fr\/","name":"FreeKids Playgrounds | Sport | Urban Furniture","description":"Dream it, do it !","potentialAction":[{"@type":"SearchAction","target":{"@type":"EntryPoint","urlTemplate":"https:\/\/freekids.pl\/fr\/?s={search_term_string}"},"query-input":{"@type":"PropertyValueSpecification","valueRequired":true,"valueName":"search_term_string"}}],"inLanguage":"fr-FR"}]}},"_links":{"self":[{"href":"https:\/\/freekids.pl\/fr\/wp-json\/wp\/v2\/product\/203556","targetHints":{"allow":["GET"]}}],"collection":[{"href":"https:\/\/freekids.pl\/fr\/wp-json\/wp\/v2\/product"}],"about":[{"href":"https:\/\/freekids.pl\/fr\/wp-json\/wp\/v2\/types\/product"}],"wp:featuredmedia":[{"embeddable":true,"href":"https:\/\/freekids.pl\/fr\/wp-json\/wp\/v2\/media\/172072"}],"wp:attachment":[{"href":"https:\/\/freekids.pl\/fr\/wp-json\/wp\/v2\/media?parent=203556"}],"wp:term":[{"taxonomy":"product_brand","embeddable":true,"href":"https:\/\/freekids.pl\/fr\/wp-json\/wp\/v2\/product_brand?post=203556"},{"taxonomy":"product_cat","embeddable":true,"href":"https:\/\/freekids.pl\/fr\/wp-json\/wp\/v2\/product_cat?post=203556"},{"taxonomy":"product_tag","embeddable":true,"href":"https:\/\/freekids.pl\/fr\/wp-json\/wp\/v2\/product_tag?post=203556"}],"curies":[{"name":"wp","href":"https:\/\/api.w.org\/{rel}","templated":true}]}}