{"id":203580,"date":"2024-10-23T21:17:25","date_gmt":"2024-10-23T19:17:25","guid":{"rendered":"https:\/\/freekids.pl\/produkt\/defenseur-de-vaisseau\/"},"modified":"2025-11-14T14:54:16","modified_gmt":"2025-11-14T13:54:16","slug":"defenseur-de-vaisseau","status":"publish","type":"product","link":"https:\/\/freekids.pl\/fr\/produkt\/defenseur-de-vaisseau\/","title":{"rendered":"D\u00e9fenseur de vaisseau"},"content":{"rendered":"","protected":false},"excerpt":{"rendered":"<p>Un appareil en forme de navire avec deux m\u00e2ts. La proue et la poupe se r\u00e9tr\u00e9cissent vers les extr\u00e9mit\u00e9s de l\u2019appareil. L\u2019espace sous les plates-formes est partiellement recouvert de plaques imprim\u00e9es aux UV et de hublots imitant la coque d\u2019un navire. Les garde-corps et les plates-formes sont en outre renforc\u00e9s par un cadre en acier soud\u00e9. Colonnes structurelles en tuyaux ronds.    <\/p>\n<div id=\"highlighter--hover-tools\" style=\"display: none;\">\n<div id=\"highlighter--hover-tools--container\">\n<div class=\"highlighter--icon highlighter--icon-copy\" title=\"Copie\"><\/div>\n<div class=\"highlighter--icon highlighter--icon-change-color\" title=\"Changer de couleur\"><\/div>\n<div class=\"highlighter--icon highlighter--icon-delete\" title=\"Supprimer\"><\/div>\n<\/div>\n<\/div>\n","protected":false},"featured_media":171583,"template":"","meta":{"_acf_changed":false,"ep_exclude_from_search":false},"product_brand":[],"product_cat":[553,480],"product_tag":[916],"class_list":{"0":"post-203580","1":"product","2":"type-product","3":"status-publish","4":"has-post-thumbnail","6":"product_series-by-the-sea-fr","7":"product_group-original-fr","8":"product_cat-ensembles-multifonctionnels","9":"product_cat-terrains-de-jeux","10":"product_tag-slider-sur-la-route-principale","12":"first","13":"outofstock","14":"shipping-taxable","15":"purchasable","16":"product-type-simple"},"acf":[],"yoast_head":"<!-- This site is optimized with the Yoast SEO plugin v27.4 - https:\/\/yoast.com\/product\/yoast-seo-wordpress\/ -->\n<title>Aire de jeux Ship Defender - Freekids.pl<\/title>\n<meta name=\"robots\" content=\"index, follow, max-snippet:-1, max-image-preview:large, max-video-preview:-1\" \/>\n<link rel=\"canonical\" href=\"https:\/\/freekids.pl\/fr\/produkt\/defenseur-de-vaisseau\/\" \/>\n<meta property=\"og:locale\" content=\"fr_FR\" \/>\n<meta property=\"og:type\" content=\"article\" \/>\n<meta property=\"og:title\" content=\"Aire de jeux Ship Defender - Freekids.pl\" \/>\n<meta property=\"og:description\" content=\"Un appareil en forme de navire avec deux m\u00e2ts. La proue et la poupe se r\u00e9tr\u00e9cissent vers les extr\u00e9mit\u00e9s de l\u2019appareil. L\u2019espace sous les plates-formes est partiellement recouvert de plaques imprim\u00e9es aux UV et de hublots imitant la coque d\u2019un navire. Les garde-corps et les plates-formes sont en outre renforc\u00e9s par un cadre en acier soud\u00e9. Colonnes structurelles en tuyaux ronds.\" \/>\n<meta property=\"og:url\" content=\"https:\/\/freekids.pl\/fr\/produkt\/defenseur-de-vaisseau\/\" \/>\n<meta property=\"og:site_name\" content=\"FreeKids Playgrounds | Sport | Urban Furniture\" \/>\n<meta property=\"article:modified_time\" content=\"2025-11-14T13:54:16+00:00\" \/>\n<meta property=\"og:image\" content=\"https:\/\/freekids.pl\/wp-content\/uploads\/2025\/01\/0280079_statek_defender_-_wiz.1-scaled.jpg\" \/>\n\t<meta property=\"og:image:width\" content=\"2560\" \/>\n\t<meta property=\"og:image:height\" content=\"1657\" \/>\n\t<meta property=\"og:image:type\" content=\"image\/jpeg\" \/>\n<meta name=\"twitter:card\" content=\"summary_large_image\" \/>\n<meta name=\"twitter:label1\" content=\"Dur\u00e9e de lecture estim\u00e9e\" \/>\n\t<meta name=\"twitter:data1\" content=\"1 minute\" \/>\n<script type=\"application\/ld+json\" class=\"yoast-schema-graph\">{\"@context\":\"https:\\\/\\\/schema.org\",\"@graph\":[{\"@type\":\"WebPage\",\"@id\":\"https:\\\/\\\/freekids.pl\\\/fr\\\/produkt\\\/defenseur-de-vaisseau\\\/\",\"url\":\"https:\\\/\\\/freekids.pl\\\/fr\\\/produkt\\\/defenseur-de-vaisseau\\\/\",\"name\":\"Aire de jeux Ship Defender - Freekids.pl\",\"isPartOf\":{\"@id\":\"https:\\\/\\\/freekids.pl\\\/fr\\\/#website\"},\"primaryImageOfPage\":{\"@id\":\"https:\\\/\\\/freekids.pl\\\/fr\\\/produkt\\\/defenseur-de-vaisseau\\\/#primaryimage\"},\"image\":{\"@id\":\"https:\\\/\\\/freekids.pl\\\/fr\\\/produkt\\\/defenseur-de-vaisseau\\\/#primaryimage\"},\"thumbnailUrl\":\"https:\\\/\\\/freekids.pl\\\/wp-content\\\/uploads\\\/2025\\\/01\\\/0280079_statek_defender_-_wiz.1-scaled.jpg\",\"datePublished\":\"2024-10-23T19:17:25+00:00\",\"dateModified\":\"2025-11-14T13:54:16+00:00\",\"breadcrumb\":{\"@id\":\"https:\\\/\\\/freekids.pl\\\/fr\\\/produkt\\\/defenseur-de-vaisseau\\\/#breadcrumb\"},\"inLanguage\":\"fr-FR\",\"potentialAction\":[{\"@type\":\"ReadAction\",\"target\":[\"https:\\\/\\\/freekids.pl\\\/fr\\\/produkt\\\/defenseur-de-vaisseau\\\/\"]}]},{\"@type\":\"ImageObject\",\"inLanguage\":\"fr-FR\",\"@id\":\"https:\\\/\\\/freekids.pl\\\/fr\\\/produkt\\\/defenseur-de-vaisseau\\\/#primaryimage\",\"url\":\"https:\\\/\\\/freekids.pl\\\/wp-content\\\/uploads\\\/2025\\\/01\\\/0280079_statek_defender_-_wiz.1-scaled.jpg\",\"contentUrl\":\"https:\\\/\\\/freekids.pl\\\/wp-content\\\/uploads\\\/2025\\\/01\\\/0280079_statek_defender_-_wiz.1-scaled.jpg\",\"width\":2560,\"height\":1657},{\"@type\":\"BreadcrumbList\",\"@id\":\"https:\\\/\\\/freekids.pl\\\/fr\\\/produkt\\\/defenseur-de-vaisseau\\\/#breadcrumb\",\"itemListElement\":[{\"@type\":\"ListItem\",\"position\":1,\"name\":\"Strona g\u0142\u00f3wna\",\"item\":\"https:\\\/\\\/freekids.pl\\\/fr\\\/\"},{\"@type\":\"ListItem\",\"position\":2,\"name\":\"Produits\",\"item\":\"https:\\\/\\\/freekids.pl\\\/fr\\\/produits\\\/\"},{\"@type\":\"ListItem\",\"position\":3,\"name\":\"D\u00e9fenseur de vaisseau\"}]},{\"@type\":\"WebSite\",\"@id\":\"https:\\\/\\\/freekids.pl\\\/fr\\\/#website\",\"url\":\"https:\\\/\\\/freekids.pl\\\/fr\\\/\",\"name\":\"FreeKids Playgrounds | Sport | Urban Furniture\",\"description\":\"Dream it, do it !\",\"potentialAction\":[{\"@type\":\"SearchAction\",\"target\":{\"@type\":\"EntryPoint\",\"urlTemplate\":\"https:\\\/\\\/freekids.pl\\\/fr\\\/?s={search_term_string}\"},\"query-input\":{\"@type\":\"PropertyValueSpecification\",\"valueRequired\":true,\"valueName\":\"search_term_string\"}}],\"inLanguage\":\"fr-FR\"}]}<\/script>\n<!-- \/ Yoast SEO plugin. -->","yoast_head_json":{"title":"Aire de jeux Ship Defender - Freekids.pl","robots":{"index":"index","follow":"follow","max-snippet":"max-snippet:-1","max-image-preview":"max-image-preview:large","max-video-preview":"max-video-preview:-1"},"canonical":"https:\/\/freekids.pl\/fr\/produkt\/defenseur-de-vaisseau\/","og_locale":"fr_FR","og_type":"article","og_title":"Aire de jeux Ship Defender - Freekids.pl","og_description":"Un appareil en forme de navire avec deux m\u00e2ts. La proue et la poupe se r\u00e9tr\u00e9cissent vers les extr\u00e9mit\u00e9s de l\u2019appareil. L\u2019espace sous les plates-formes est partiellement recouvert de plaques imprim\u00e9es aux UV et de hublots imitant la coque d\u2019un navire. Les garde-corps et les plates-formes sont en outre renforc\u00e9s par un cadre en acier soud\u00e9. Colonnes structurelles en tuyaux ronds.","og_url":"https:\/\/freekids.pl\/fr\/produkt\/defenseur-de-vaisseau\/","og_site_name":"FreeKids Playgrounds | Sport | Urban Furniture","article_modified_time":"2025-11-14T13:54:16+00:00","og_image":[{"width":2560,"height":1657,"url":"https:\/\/freekids.pl\/wp-content\/uploads\/2025\/01\/0280079_statek_defender_-_wiz.1-scaled.jpg","type":"image\/jpeg"}],"twitter_card":"summary_large_image","twitter_misc":{"Dur\u00e9e de lecture estim\u00e9e":"1 minute"},"schema":{"@context":"https:\/\/schema.org","@graph":[{"@type":"WebPage","@id":"https:\/\/freekids.pl\/fr\/produkt\/defenseur-de-vaisseau\/","url":"https:\/\/freekids.pl\/fr\/produkt\/defenseur-de-vaisseau\/","name":"Aire de jeux Ship Defender - Freekids.pl","isPartOf":{"@id":"https:\/\/freekids.pl\/fr\/#website"},"primaryImageOfPage":{"@id":"https:\/\/freekids.pl\/fr\/produkt\/defenseur-de-vaisseau\/#primaryimage"},"image":{"@id":"https:\/\/freekids.pl\/fr\/produkt\/defenseur-de-vaisseau\/#primaryimage"},"thumbnailUrl":"https:\/\/freekids.pl\/wp-content\/uploads\/2025\/01\/0280079_statek_defender_-_wiz.1-scaled.jpg","datePublished":"2024-10-23T19:17:25+00:00","dateModified":"2025-11-14T13:54:16+00:00","breadcrumb":{"@id":"https:\/\/freekids.pl\/fr\/produkt\/defenseur-de-vaisseau\/#breadcrumb"},"inLanguage":"fr-FR","potentialAction":[{"@type":"ReadAction","target":["https:\/\/freekids.pl\/fr\/produkt\/defenseur-de-vaisseau\/"]}]},{"@type":"ImageObject","inLanguage":"fr-FR","@id":"https:\/\/freekids.pl\/fr\/produkt\/defenseur-de-vaisseau\/#primaryimage","url":"https:\/\/freekids.pl\/wp-content\/uploads\/2025\/01\/0280079_statek_defender_-_wiz.1-scaled.jpg","contentUrl":"https:\/\/freekids.pl\/wp-content\/uploads\/2025\/01\/0280079_statek_defender_-_wiz.1-scaled.jpg","width":2560,"height":1657},{"@type":"BreadcrumbList","@id":"https:\/\/freekids.pl\/fr\/produkt\/defenseur-de-vaisseau\/#breadcrumb","itemListElement":[{"@type":"ListItem","position":1,"name":"Strona g\u0142\u00f3wna","item":"https:\/\/freekids.pl\/fr\/"},{"@type":"ListItem","position":2,"name":"Produits","item":"https:\/\/freekids.pl\/fr\/produits\/"},{"@type":"ListItem","position":3,"name":"D\u00e9fenseur de vaisseau"}]},{"@type":"WebSite","@id":"https:\/\/freekids.pl\/fr\/#website","url":"https:\/\/freekids.pl\/fr\/","name":"FreeKids Playgrounds | Sport | Urban Furniture","description":"Dream it, do it !","potentialAction":[{"@type":"SearchAction","target":{"@type":"EntryPoint","urlTemplate":"https:\/\/freekids.pl\/fr\/?s={search_term_string}"},"query-input":{"@type":"PropertyValueSpecification","valueRequired":true,"valueName":"search_term_string"}}],"inLanguage":"fr-FR"}]}},"_links":{"self":[{"href":"https:\/\/freekids.pl\/fr\/wp-json\/wp\/v2\/product\/203580","targetHints":{"allow":["GET"]}}],"collection":[{"href":"https:\/\/freekids.pl\/fr\/wp-json\/wp\/v2\/product"}],"about":[{"href":"https:\/\/freekids.pl\/fr\/wp-json\/wp\/v2\/types\/product"}],"wp:featuredmedia":[{"embeddable":true,"href":"https:\/\/freekids.pl\/fr\/wp-json\/wp\/v2\/media\/171583"}],"wp:attachment":[{"href":"https:\/\/freekids.pl\/fr\/wp-json\/wp\/v2\/media?parent=203580"}],"wp:term":[{"taxonomy":"product_brand","embeddable":true,"href":"https:\/\/freekids.pl\/fr\/wp-json\/wp\/v2\/product_brand?post=203580"},{"taxonomy":"product_cat","embeddable":true,"href":"https:\/\/freekids.pl\/fr\/wp-json\/wp\/v2\/product_cat?post=203580"},{"taxonomy":"product_tag","embeddable":true,"href":"https:\/\/freekids.pl\/fr\/wp-json\/wp\/v2\/product_tag?post=203580"}],"curies":[{"name":"wp","href":"https:\/\/api.w.org\/{rel}","templated":true}]}}