{"id":203589,"date":"2024-10-23T21:16:36","date_gmt":"2024-10-23T19:16:36","guid":{"rendered":"https:\/\/freekids.pl\/produkt\/phare\/"},"modified":"2024-10-23T21:16:36","modified_gmt":"2024-10-23T19:16:36","slug":"phare","status":"publish","type":"product","link":"https:\/\/freekids.pl\/fr\/produkt\/phare\/","title":{"rendered":"Phare"},"content":{"rendered":"","protected":false},"excerpt":{"rendered":"<p>Un appareil en forme de phare construit sur un plan hexagonal. Le bas de l\u2019appareil se r\u00e9tr\u00e9cit vers le haut. Equip\u00e9 d\u2019un escalier ext\u00e9rieur et d\u2019un mur d\u2019escalade. \u00c0 l\u2019int\u00e9rieur, dans le r\u00e9tr\u00e9cissement vers le haut, il y a des escaliers en colima\u00e7on menant au premier toboggan. Entre le premier et le deuxi\u00e8me toboggan, il y a des plates-formes dispos\u00e9es en spirale et de nombreuses fen\u00eatres rondes. Au sommet, il y a un point de vue avec un toboggan et des murs en polycarbonate, recouverts d\u2019un toit hexagonal surmont\u00e9 d\u2019un drapeau. L\u2019appareil est en outre recouvert d\u2019impressions UV dans un climat marin.     <\/p>\n<div id=\"highlighter--hover-tools\" style=\"display: none;\">\n<div id=\"highlighter--hover-tools--container\">\n<div class=\"highlighter--icon highlighter--icon-copy\" title=\"Copie\"><\/div>\n<div class=\"highlighter--icon highlighter--icon-change-color\" title=\"Changer de couleur\"><\/div>\n<div class=\"highlighter--icon highlighter--icon-delete\" title=\"Supprimer\"><\/div>\n<\/div>\n<\/div>\n","protected":false},"featured_media":171523,"template":"","meta":{"_acf_changed":false,"ep_exclude_from_search":false},"product_cat":[475,553,480,756],"product_tag":[],"class_list":{"0":"post-203589","1":"product","2":"type-product","3":"status-publish","4":"has-post-thumbnail","6":"product_series-by-the-sea-fr","7":"product_group-original-fr","8":"product_cat-aucune-categorie","9":"product_cat-ensembles-multifonctionnels","10":"product_cat-terrains-de-jeux","11":"product_cat-wysokie-konstrukcje-fr","13":"first","14":"outofstock","15":"shipping-taxable","16":"purchasable","17":"product-type-simple"},"acf":[],"yoast_head":"<!-- This site is optimized with the Yoast SEO plugin v27.4 - https:\/\/yoast.com\/product\/yoast-seo-wordpress\/ -->\n<title>Aire de jeux du phare avec toboggans - Freekids.pl<\/title>\n<meta name=\"robots\" content=\"index, follow, max-snippet:-1, max-image-preview:large, max-video-preview:-1\" \/>\n<link rel=\"canonical\" href=\"https:\/\/freekids.pl\/fr\/produkt\/phare\/\" \/>\n<meta property=\"og:locale\" content=\"fr_FR\" \/>\n<meta property=\"og:type\" content=\"article\" \/>\n<meta property=\"og:title\" content=\"Aire de jeux du phare avec toboggans - Freekids.pl\" \/>\n<meta property=\"og:description\" content=\"Un appareil en forme de phare construit sur un plan hexagonal. Le bas de l\u2019appareil se r\u00e9tr\u00e9cit vers le haut. Equip\u00e9 d\u2019un escalier ext\u00e9rieur et d\u2019un mur d\u2019escalade. \u00c0 l\u2019int\u00e9rieur, dans le r\u00e9tr\u00e9cissement vers le haut, il y a des escaliers en colima\u00e7on menant au premier toboggan. Entre le premier et le deuxi\u00e8me toboggan, il y a des plates-formes dispos\u00e9es en spirale et de nombreuses fen\u00eatres rondes. Au sommet, il y a un point de vue avec un toboggan et des murs en polycarbonate, recouverts d\u2019un toit hexagonal surmont\u00e9 d\u2019un drapeau. L\u2019appareil est en outre recouvert d\u2019impressions UV dans un climat marin.\" \/>\n<meta property=\"og:url\" content=\"https:\/\/freekids.pl\/fr\/produkt\/phare\/\" \/>\n<meta property=\"og:site_name\" content=\"FreeKids Playgrounds | Sport | Urban Furniture\" \/>\n<meta property=\"og:image\" content=\"https:\/\/freekids.pl\/wp-content\/uploads\/2025\/01\/0280067_latarnia_morska_-_wiz.1-scaled.jpg\" \/>\n\t<meta property=\"og:image:width\" content=\"2560\" \/>\n\t<meta property=\"og:image:height\" content=\"1657\" \/>\n\t<meta property=\"og:image:type\" content=\"image\/jpeg\" \/>\n<meta name=\"twitter:card\" content=\"summary_large_image\" \/>\n<script type=\"application\/ld+json\" class=\"yoast-schema-graph\">{\"@context\":\"https:\\\/\\\/schema.org\",\"@graph\":[{\"@type\":\"WebPage\",\"@id\":\"https:\\\/\\\/freekids.pl\\\/fr\\\/produkt\\\/phare\\\/\",\"url\":\"https:\\\/\\\/freekids.pl\\\/fr\\\/produkt\\\/phare\\\/\",\"name\":\"Aire de jeux du phare avec toboggans - Freekids.pl\",\"isPartOf\":{\"@id\":\"https:\\\/\\\/freekids.pl\\\/fr\\\/#website\"},\"primaryImageOfPage\":{\"@id\":\"https:\\\/\\\/freekids.pl\\\/fr\\\/produkt\\\/phare\\\/#primaryimage\"},\"image\":{\"@id\":\"https:\\\/\\\/freekids.pl\\\/fr\\\/produkt\\\/phare\\\/#primaryimage\"},\"thumbnailUrl\":\"https:\\\/\\\/freekids.pl\\\/wp-content\\\/uploads\\\/2025\\\/01\\\/0280067_latarnia_morska_-_wiz.1-scaled.jpg\",\"datePublished\":\"2024-10-23T19:16:36+00:00\",\"breadcrumb\":{\"@id\":\"https:\\\/\\\/freekids.pl\\\/fr\\\/produkt\\\/phare\\\/#breadcrumb\"},\"inLanguage\":\"fr-FR\",\"potentialAction\":[{\"@type\":\"ReadAction\",\"target\":[\"https:\\\/\\\/freekids.pl\\\/fr\\\/produkt\\\/phare\\\/\"]}]},{\"@type\":\"ImageObject\",\"inLanguage\":\"fr-FR\",\"@id\":\"https:\\\/\\\/freekids.pl\\\/fr\\\/produkt\\\/phare\\\/#primaryimage\",\"url\":\"https:\\\/\\\/freekids.pl\\\/wp-content\\\/uploads\\\/2025\\\/01\\\/0280067_latarnia_morska_-_wiz.1-scaled.jpg\",\"contentUrl\":\"https:\\\/\\\/freekids.pl\\\/wp-content\\\/uploads\\\/2025\\\/01\\\/0280067_latarnia_morska_-_wiz.1-scaled.jpg\",\"width\":2560,\"height\":1657},{\"@type\":\"BreadcrumbList\",\"@id\":\"https:\\\/\\\/freekids.pl\\\/fr\\\/produkt\\\/phare\\\/#breadcrumb\",\"itemListElement\":[{\"@type\":\"ListItem\",\"position\":1,\"name\":\"Strona g\u0142\u00f3wna\",\"item\":\"https:\\\/\\\/freekids.pl\\\/fr\\\/\"},{\"@type\":\"ListItem\",\"position\":2,\"name\":\"Produits\",\"item\":\"https:\\\/\\\/freekids.pl\\\/fr\\\/produits\\\/\"},{\"@type\":\"ListItem\",\"position\":3,\"name\":\"Phare\"}]},{\"@type\":\"WebSite\",\"@id\":\"https:\\\/\\\/freekids.pl\\\/fr\\\/#website\",\"url\":\"https:\\\/\\\/freekids.pl\\\/fr\\\/\",\"name\":\"FreeKids Playgrounds | Sport | Urban Furniture\",\"description\":\"Dream it, do it !\",\"potentialAction\":[{\"@type\":\"SearchAction\",\"target\":{\"@type\":\"EntryPoint\",\"urlTemplate\":\"https:\\\/\\\/freekids.pl\\\/fr\\\/?s={search_term_string}\"},\"query-input\":{\"@type\":\"PropertyValueSpecification\",\"valueRequired\":true,\"valueName\":\"search_term_string\"}}],\"inLanguage\":\"fr-FR\"}]}<\/script>\n<!-- \/ Yoast SEO plugin. -->","yoast_head_json":{"title":"Aire de jeux du phare avec toboggans - Freekids.pl","robots":{"index":"index","follow":"follow","max-snippet":"max-snippet:-1","max-image-preview":"max-image-preview:large","max-video-preview":"max-video-preview:-1"},"canonical":"https:\/\/freekids.pl\/fr\/produkt\/phare\/","og_locale":"fr_FR","og_type":"article","og_title":"Aire de jeux du phare avec toboggans - Freekids.pl","og_description":"Un appareil en forme de phare construit sur un plan hexagonal. Le bas de l\u2019appareil se r\u00e9tr\u00e9cit vers le haut. Equip\u00e9 d\u2019un escalier ext\u00e9rieur et d\u2019un mur d\u2019escalade. \u00c0 l\u2019int\u00e9rieur, dans le r\u00e9tr\u00e9cissement vers le haut, il y a des escaliers en colima\u00e7on menant au premier toboggan. Entre le premier et le deuxi\u00e8me toboggan, il y a des plates-formes dispos\u00e9es en spirale et de nombreuses fen\u00eatres rondes. Au sommet, il y a un point de vue avec un toboggan et des murs en polycarbonate, recouverts d\u2019un toit hexagonal surmont\u00e9 d\u2019un drapeau. L\u2019appareil est en outre recouvert d\u2019impressions UV dans un climat marin.","og_url":"https:\/\/freekids.pl\/fr\/produkt\/phare\/","og_site_name":"FreeKids Playgrounds | Sport | Urban Furniture","og_image":[{"width":2560,"height":1657,"url":"https:\/\/freekids.pl\/wp-content\/uploads\/2025\/01\/0280067_latarnia_morska_-_wiz.1-scaled.jpg","type":"image\/jpeg"}],"twitter_card":"summary_large_image","schema":{"@context":"https:\/\/schema.org","@graph":[{"@type":"WebPage","@id":"https:\/\/freekids.pl\/fr\/produkt\/phare\/","url":"https:\/\/freekids.pl\/fr\/produkt\/phare\/","name":"Aire de jeux du phare avec toboggans - Freekids.pl","isPartOf":{"@id":"https:\/\/freekids.pl\/fr\/#website"},"primaryImageOfPage":{"@id":"https:\/\/freekids.pl\/fr\/produkt\/phare\/#primaryimage"},"image":{"@id":"https:\/\/freekids.pl\/fr\/produkt\/phare\/#primaryimage"},"thumbnailUrl":"https:\/\/freekids.pl\/wp-content\/uploads\/2025\/01\/0280067_latarnia_morska_-_wiz.1-scaled.jpg","datePublished":"2024-10-23T19:16:36+00:00","breadcrumb":{"@id":"https:\/\/freekids.pl\/fr\/produkt\/phare\/#breadcrumb"},"inLanguage":"fr-FR","potentialAction":[{"@type":"ReadAction","target":["https:\/\/freekids.pl\/fr\/produkt\/phare\/"]}]},{"@type":"ImageObject","inLanguage":"fr-FR","@id":"https:\/\/freekids.pl\/fr\/produkt\/phare\/#primaryimage","url":"https:\/\/freekids.pl\/wp-content\/uploads\/2025\/01\/0280067_latarnia_morska_-_wiz.1-scaled.jpg","contentUrl":"https:\/\/freekids.pl\/wp-content\/uploads\/2025\/01\/0280067_latarnia_morska_-_wiz.1-scaled.jpg","width":2560,"height":1657},{"@type":"BreadcrumbList","@id":"https:\/\/freekids.pl\/fr\/produkt\/phare\/#breadcrumb","itemListElement":[{"@type":"ListItem","position":1,"name":"Strona g\u0142\u00f3wna","item":"https:\/\/freekids.pl\/fr\/"},{"@type":"ListItem","position":2,"name":"Produits","item":"https:\/\/freekids.pl\/fr\/produits\/"},{"@type":"ListItem","position":3,"name":"Phare"}]},{"@type":"WebSite","@id":"https:\/\/freekids.pl\/fr\/#website","url":"https:\/\/freekids.pl\/fr\/","name":"FreeKids Playgrounds | Sport | Urban Furniture","description":"Dream it, do it !","potentialAction":[{"@type":"SearchAction","target":{"@type":"EntryPoint","urlTemplate":"https:\/\/freekids.pl\/fr\/?s={search_term_string}"},"query-input":{"@type":"PropertyValueSpecification","valueRequired":true,"valueName":"search_term_string"}}],"inLanguage":"fr-FR"}]}},"_links":{"self":[{"href":"https:\/\/freekids.pl\/fr\/wp-json\/wp\/v2\/product\/203589","targetHints":{"allow":["GET"]}}],"collection":[{"href":"https:\/\/freekids.pl\/fr\/wp-json\/wp\/v2\/product"}],"about":[{"href":"https:\/\/freekids.pl\/fr\/wp-json\/wp\/v2\/types\/product"}],"wp:featuredmedia":[{"embeddable":true,"href":"https:\/\/freekids.pl\/fr\/wp-json\/wp\/v2\/media\/171523"}],"wp:attachment":[{"href":"https:\/\/freekids.pl\/fr\/wp-json\/wp\/v2\/media?parent=203589"}],"wp:term":[{"taxonomy":"product_cat","embeddable":true,"href":"https:\/\/freekids.pl\/fr\/wp-json\/wp\/v2\/product_cat?post=203589"},{"taxonomy":"product_tag","embeddable":true,"href":"https:\/\/freekids.pl\/fr\/wp-json\/wp\/v2\/product_tag?post=203589"}],"curies":[{"name":"wp","href":"https:\/\/api.w.org\/{rel}","templated":true}]}}