{"id":203590,"date":"2024-10-23T21:19:59","date_gmt":"2024-10-23T19:19:59","guid":{"rendered":"https:\/\/freekids.pl\/produkt\/ville-de-sable-1\/"},"modified":"2024-10-23T21:19:59","modified_gmt":"2024-10-23T19:19:59","slug":"ville-de-sable-1","status":"publish","type":"product","link":"https:\/\/freekids.pl\/fr\/produkt\/ville-de-sable-1\/","title":{"rendered":"Ville de sable 1"},"content":{"rendered":"","protected":false},"excerpt":{"rendered":"<p>Bac \u00e0 sable modulaire compos\u00e9 de 3 bordures avec comptoirs, d\u2019une cl\u00f4ture avec un panneau de signalisation, d\u2019un stand et d\u2019un glacier. Une stalle est un appareil en forme d\u2019\u00e9tal avec un toit \u00e0 pignons ray\u00e9, \u00e9quip\u00e9 d\u2019une balance, de deux \u00e9tag\u00e8res de magasin inclin\u00e9es et d\u2019un comptoir. Un glacier est un appareil \u00e0 paroi unique avec un toit \u00e0 pignon, un four et un \u00e9vier en acier inoxydable, une imitation d\u2019un robinet et d\u2019une plaque de cuisson, une fen\u00eatre avec un comptoir et deux si\u00e8ges.  <\/p>\n<div id=\"highlighter--hover-tools\" style=\"display: none;\">\n<div id=\"highlighter--hover-tools--container\">\n<div class=\"highlighter--icon highlighter--icon-copy\" title=\"Copie\"><\/div>\n<div class=\"highlighter--icon highlighter--icon-change-color\" title=\"Changer de couleur\"><\/div>\n<div class=\"highlighter--icon highlighter--icon-delete\" title=\"Supprimer\"><\/div>\n<\/div>\n<\/div>\n","protected":false},"featured_media":171637,"template":"","meta":{"_acf_changed":false},"product_cat":[525,732,480],"product_tag":[722],"class_list":{"0":"post-203590","1":"product","2":"type-product","3":"status-publish","4":"has-post-thumbnail","6":"product_series-mini-city-fr","7":"product_group-original-fr","8":"product_cat-bacs-a-sable-et-accessoires","9":"product_cat-integrative-fr","10":"product_cat-terrains-de-jeux","11":"product_tag-inclusivite","13":"first","14":"outofstock","15":"shipping-taxable","16":"purchasable","17":"product-type-simple"},"acf":[],"yoast_head":"<!-- This site is optimized with the Yoast SEO plugin v27.4 - https:\/\/yoast.com\/product\/yoast-seo-wordpress\/ -->\n<title>Bac \u00e0 sable Sand City 1 - Freekids.pl<\/title>\n<meta name=\"robots\" content=\"index, follow, max-snippet:-1, max-image-preview:large, max-video-preview:-1\" \/>\n<link rel=\"canonical\" href=\"https:\/\/freekids.pl\/fr\/produkt\/ville-de-sable-1\/\" \/>\n<meta property=\"og:locale\" content=\"fr_FR\" \/>\n<meta property=\"og:type\" content=\"article\" \/>\n<meta property=\"og:title\" content=\"Bac \u00e0 sable Sand City 1 - Freekids.pl\" \/>\n<meta property=\"og:description\" content=\"Bac \u00e0 sable modulaire compos\u00e9 de 3 bordures avec comptoirs, d\u2019une cl\u00f4ture avec un panneau de signalisation, d\u2019un stand et d\u2019un glacier. Une stalle est un appareil en forme d\u2019\u00e9tal avec un toit \u00e0 pignons ray\u00e9, \u00e9quip\u00e9 d\u2019une balance, de deux \u00e9tag\u00e8res de magasin inclin\u00e9es et d\u2019un comptoir. Un glacier est un appareil \u00e0 paroi unique avec un toit \u00e0 pignon, un four et un \u00e9vier en acier inoxydable, une imitation d\u2019un robinet et d\u2019une plaque de cuisson, une fen\u00eatre avec un comptoir et deux si\u00e8ges.\" \/>\n<meta property=\"og:url\" content=\"https:\/\/freekids.pl\/fr\/produkt\/ville-de-sable-1\/\" \/>\n<meta property=\"og:site_name\" content=\"FreeKids Playgrounds | Sport | Urban Furniture\" \/>\n<meta property=\"og:image\" content=\"https:\/\/freekids.pl\/wp-content\/uploads\/2025\/01\/0210019_sand_city_1_-_wiz.1-scaled.jpg\" \/>\n\t<meta property=\"og:image:width\" content=\"2560\" \/>\n\t<meta property=\"og:image:height\" content=\"2005\" \/>\n\t<meta property=\"og:image:type\" content=\"image\/jpeg\" \/>\n<meta name=\"twitter:card\" content=\"summary_large_image\" \/>\n<script type=\"application\/ld+json\" class=\"yoast-schema-graph\">{\"@context\":\"https:\\\/\\\/schema.org\",\"@graph\":[{\"@type\":\"WebPage\",\"@id\":\"https:\\\/\\\/freekids.pl\\\/fr\\\/produkt\\\/ville-de-sable-1\\\/\",\"url\":\"https:\\\/\\\/freekids.pl\\\/fr\\\/produkt\\\/ville-de-sable-1\\\/\",\"name\":\"Bac \u00e0 sable Sand City 1 - Freekids.pl\",\"isPartOf\":{\"@id\":\"https:\\\/\\\/freekids.pl\\\/fr\\\/#website\"},\"primaryImageOfPage\":{\"@id\":\"https:\\\/\\\/freekids.pl\\\/fr\\\/produkt\\\/ville-de-sable-1\\\/#primaryimage\"},\"image\":{\"@id\":\"https:\\\/\\\/freekids.pl\\\/fr\\\/produkt\\\/ville-de-sable-1\\\/#primaryimage\"},\"thumbnailUrl\":\"https:\\\/\\\/freekids.pl\\\/wp-content\\\/uploads\\\/2025\\\/01\\\/0210019_sand_city_1_-_wiz.1-scaled.jpg\",\"datePublished\":\"2024-10-23T19:19:59+00:00\",\"breadcrumb\":{\"@id\":\"https:\\\/\\\/freekids.pl\\\/fr\\\/produkt\\\/ville-de-sable-1\\\/#breadcrumb\"},\"inLanguage\":\"fr-FR\",\"potentialAction\":[{\"@type\":\"ReadAction\",\"target\":[\"https:\\\/\\\/freekids.pl\\\/fr\\\/produkt\\\/ville-de-sable-1\\\/\"]}]},{\"@type\":\"ImageObject\",\"inLanguage\":\"fr-FR\",\"@id\":\"https:\\\/\\\/freekids.pl\\\/fr\\\/produkt\\\/ville-de-sable-1\\\/#primaryimage\",\"url\":\"https:\\\/\\\/freekids.pl\\\/wp-content\\\/uploads\\\/2025\\\/01\\\/0210019_sand_city_1_-_wiz.1-scaled.jpg\",\"contentUrl\":\"https:\\\/\\\/freekids.pl\\\/wp-content\\\/uploads\\\/2025\\\/01\\\/0210019_sand_city_1_-_wiz.1-scaled.jpg\",\"width\":2560,\"height\":2005},{\"@type\":\"BreadcrumbList\",\"@id\":\"https:\\\/\\\/freekids.pl\\\/fr\\\/produkt\\\/ville-de-sable-1\\\/#breadcrumb\",\"itemListElement\":[{\"@type\":\"ListItem\",\"position\":1,\"name\":\"Strona g\u0142\u00f3wna\",\"item\":\"https:\\\/\\\/freekids.pl\\\/fr\\\/\"},{\"@type\":\"ListItem\",\"position\":2,\"name\":\"Produits\",\"item\":\"https:\\\/\\\/freekids.pl\\\/fr\\\/produits\\\/\"},{\"@type\":\"ListItem\",\"position\":3,\"name\":\"Ville de sable 1\"}]},{\"@type\":\"WebSite\",\"@id\":\"https:\\\/\\\/freekids.pl\\\/fr\\\/#website\",\"url\":\"https:\\\/\\\/freekids.pl\\\/fr\\\/\",\"name\":\"FreeKids Playgrounds | Sport | Urban Furniture\",\"description\":\"Dream it, do it !\",\"potentialAction\":[{\"@type\":\"SearchAction\",\"target\":{\"@type\":\"EntryPoint\",\"urlTemplate\":\"https:\\\/\\\/freekids.pl\\\/fr\\\/?s={search_term_string}\"},\"query-input\":{\"@type\":\"PropertyValueSpecification\",\"valueRequired\":true,\"valueName\":\"search_term_string\"}}],\"inLanguage\":\"fr-FR\"}]}<\/script>\n<!-- \/ Yoast SEO plugin. -->","yoast_head_json":{"title":"Bac \u00e0 sable Sand City 1 - Freekids.pl","robots":{"index":"index","follow":"follow","max-snippet":"max-snippet:-1","max-image-preview":"max-image-preview:large","max-video-preview":"max-video-preview:-1"},"canonical":"https:\/\/freekids.pl\/fr\/produkt\/ville-de-sable-1\/","og_locale":"fr_FR","og_type":"article","og_title":"Bac \u00e0 sable Sand City 1 - Freekids.pl","og_description":"Bac \u00e0 sable modulaire compos\u00e9 de 3 bordures avec comptoirs, d\u2019une cl\u00f4ture avec un panneau de signalisation, d\u2019un stand et d\u2019un glacier. Une stalle est un appareil en forme d\u2019\u00e9tal avec un toit \u00e0 pignons ray\u00e9, \u00e9quip\u00e9 d\u2019une balance, de deux \u00e9tag\u00e8res de magasin inclin\u00e9es et d\u2019un comptoir. Un glacier est un appareil \u00e0 paroi unique avec un toit \u00e0 pignon, un four et un \u00e9vier en acier inoxydable, une imitation d\u2019un robinet et d\u2019une plaque de cuisson, une fen\u00eatre avec un comptoir et deux si\u00e8ges.","og_url":"https:\/\/freekids.pl\/fr\/produkt\/ville-de-sable-1\/","og_site_name":"FreeKids Playgrounds | Sport | Urban Furniture","og_image":[{"width":2560,"height":2005,"url":"https:\/\/freekids.pl\/wp-content\/uploads\/2025\/01\/0210019_sand_city_1_-_wiz.1-scaled.jpg","type":"image\/jpeg"}],"twitter_card":"summary_large_image","schema":{"@context":"https:\/\/schema.org","@graph":[{"@type":"WebPage","@id":"https:\/\/freekids.pl\/fr\/produkt\/ville-de-sable-1\/","url":"https:\/\/freekids.pl\/fr\/produkt\/ville-de-sable-1\/","name":"Bac \u00e0 sable Sand City 1 - Freekids.pl","isPartOf":{"@id":"https:\/\/freekids.pl\/fr\/#website"},"primaryImageOfPage":{"@id":"https:\/\/freekids.pl\/fr\/produkt\/ville-de-sable-1\/#primaryimage"},"image":{"@id":"https:\/\/freekids.pl\/fr\/produkt\/ville-de-sable-1\/#primaryimage"},"thumbnailUrl":"https:\/\/freekids.pl\/wp-content\/uploads\/2025\/01\/0210019_sand_city_1_-_wiz.1-scaled.jpg","datePublished":"2024-10-23T19:19:59+00:00","breadcrumb":{"@id":"https:\/\/freekids.pl\/fr\/produkt\/ville-de-sable-1\/#breadcrumb"},"inLanguage":"fr-FR","potentialAction":[{"@type":"ReadAction","target":["https:\/\/freekids.pl\/fr\/produkt\/ville-de-sable-1\/"]}]},{"@type":"ImageObject","inLanguage":"fr-FR","@id":"https:\/\/freekids.pl\/fr\/produkt\/ville-de-sable-1\/#primaryimage","url":"https:\/\/freekids.pl\/wp-content\/uploads\/2025\/01\/0210019_sand_city_1_-_wiz.1-scaled.jpg","contentUrl":"https:\/\/freekids.pl\/wp-content\/uploads\/2025\/01\/0210019_sand_city_1_-_wiz.1-scaled.jpg","width":2560,"height":2005},{"@type":"BreadcrumbList","@id":"https:\/\/freekids.pl\/fr\/produkt\/ville-de-sable-1\/#breadcrumb","itemListElement":[{"@type":"ListItem","position":1,"name":"Strona g\u0142\u00f3wna","item":"https:\/\/freekids.pl\/fr\/"},{"@type":"ListItem","position":2,"name":"Produits","item":"https:\/\/freekids.pl\/fr\/produits\/"},{"@type":"ListItem","position":3,"name":"Ville de sable 1"}]},{"@type":"WebSite","@id":"https:\/\/freekids.pl\/fr\/#website","url":"https:\/\/freekids.pl\/fr\/","name":"FreeKids Playgrounds | Sport | Urban Furniture","description":"Dream it, do it !","potentialAction":[{"@type":"SearchAction","target":{"@type":"EntryPoint","urlTemplate":"https:\/\/freekids.pl\/fr\/?s={search_term_string}"},"query-input":{"@type":"PropertyValueSpecification","valueRequired":true,"valueName":"search_term_string"}}],"inLanguage":"fr-FR"}]}},"_links":{"self":[{"href":"https:\/\/freekids.pl\/fr\/wp-json\/wp\/v2\/product\/203590","targetHints":{"allow":["GET"]}}],"collection":[{"href":"https:\/\/freekids.pl\/fr\/wp-json\/wp\/v2\/product"}],"about":[{"href":"https:\/\/freekids.pl\/fr\/wp-json\/wp\/v2\/types\/product"}],"wp:featuredmedia":[{"embeddable":true,"href":"https:\/\/freekids.pl\/fr\/wp-json\/wp\/v2\/media\/171637"}],"wp:attachment":[{"href":"https:\/\/freekids.pl\/fr\/wp-json\/wp\/v2\/media?parent=203590"}],"wp:term":[{"taxonomy":"product_cat","embeddable":true,"href":"https:\/\/freekids.pl\/fr\/wp-json\/wp\/v2\/product_cat?post=203590"},{"taxonomy":"product_tag","embeddable":true,"href":"https:\/\/freekids.pl\/fr\/wp-json\/wp\/v2\/product_tag?post=203590"}],"curies":[{"name":"wp","href":"https:\/\/api.w.org\/{rel}","templated":true}]}}