{"id":203684,"date":"2024-10-23T21:18:27","date_gmt":"2024-10-23T19:18:27","guid":{"rendered":"https:\/\/freekids.pl\/produkt\/culotte\/"},"modified":"2024-10-23T21:18:27","modified_gmt":"2024-10-23T19:18:27","slug":"culotte","status":"publish","type":"product","link":"https:\/\/freekids.pl\/fr\/produkt\/culotte\/","title":{"rendered":"Culotte"},"content":{"rendered":"<h2>Sp\u00e9cification des mat\u00e9riaux :<\/h2>\n<table class=\"spec-table-modern\">\n<tbody>\n<tr>\n<th>Mat\u00e9riaux de construction<\/th>\n<td>acier galvanis\u00e9 puis recouvert d\u2019un rev\u00eatement en poudre pour plus de durabilit\u00e9 et de r\u00e9sistance \u00e0 la corrosion, ou acier inoxydable<\/td>\n<\/tr>\n<tr>\n<th>\u00c9l\u00e9ments suppl\u00e9mentaires de la main courante<\/th>\n<td>acier noir galvanis\u00e9 puis thermolaqu\u00e9 ou acier inoxydable<\/td>\n<\/tr>\n<tr>\n<th>Plates-formes<\/th>\n<td>panneaux de contreplaqu\u00e9 ou HPL<\/td>\n<\/tr>\n<tr>\n<th>Fondements<\/th>\n<td>enterr\u00e9 dans le sol \u00e0 la profondeur sp\u00e9cifi\u00e9e et b\u00e9tonn\u00e9 avec du b\u00e9ton de classe min. B-20 ou viss\u00e9 \u00e0 une fondation en b\u00e9ton. <\/td>\n<\/tr>\n<tr>\n<th>Plaques<\/th>\n<td>Panneaux PEHD avec dessins frais\u00e9s<\/td>\n<\/tr>\n<tr>\n<th>Diapositives<\/th>\n<td>en acier inoxydable, tubulaire, tubulaire ou avec c\u00f4t\u00e9s en PEHD<\/td>\n<\/tr>\n<\/tbody>\n<\/table>\n","protected":false},"excerpt":{"rendered":"<p>Un appareil en forme de vaisseau avec un espace d\u00e9di\u00e9 pour un bac \u00e0 sable. Les garde-corps et les plates-formes sont en outre renforc\u00e9s par un cadre en acier soud\u00e9. Colonnes structurelles en tuyaux ronds.  <\/p>\n","protected":false},"featured_media":207416,"template":"","meta":{"_acf_changed":false,"ep_exclude_from_search":false},"product_brand":[],"product_cat":[553,480],"product_tag":[722],"class_list":{"0":"post-203684","1":"product","2":"type-product","3":"status-publish","4":"has-post-thumbnail","6":"product_series-by-the-sea-fr","7":"product_group-original-fr","8":"product_cat-ensembles-multifonctionnels","9":"product_cat-terrains-de-jeux","10":"product_tag-inclusivite","12":"first","13":"outofstock","14":"shipping-taxable","15":"purchasable","16":"product-type-simple"},"acf":[],"yoast_head":"<!-- This site is optimized with the Yoast SEO plugin v27.4 - https:\/\/yoast.com\/product\/yoast-seo-wordpress\/ -->\n<title>Aire de jeux pour sous-v\u00eatements bateau - Freekids.pl<\/title>\n<meta name=\"robots\" content=\"index, follow, max-snippet:-1, max-image-preview:large, max-video-preview:-1\" \/>\n<link rel=\"canonical\" href=\"https:\/\/freekids.pl\/fr\/produkt\/culotte\/\" \/>\n<meta property=\"og:locale\" content=\"fr_FR\" \/>\n<meta property=\"og:type\" content=\"article\" \/>\n<meta property=\"og:title\" content=\"Aire de jeux pour sous-v\u00eatements bateau - Freekids.pl\" \/>\n<meta property=\"og:description\" content=\"Un appareil en forme de vaisseau avec un espace d\u00e9di\u00e9 pour un bac \u00e0 sable. Les garde-corps et les plates-formes sont en outre renforc\u00e9s par un cadre en acier soud\u00e9. Colonnes structurelles en tuyaux ronds.\" \/>\n<meta property=\"og:url\" content=\"https:\/\/freekids.pl\/fr\/produkt\/culotte\/\" \/>\n<meta property=\"og:site_name\" content=\"FreeKids Playgrounds | Sport | Urban Furniture\" \/>\n<meta property=\"og:image\" content=\"https:\/\/freekids.pl\/wp-content\/uploads\/2025\/01\/0280029_majtek_-_wiz.1-scaled.jpg\" \/>\n\t<meta property=\"og:image:width\" content=\"2560\" \/>\n\t<meta property=\"og:image:height\" content=\"1657\" \/>\n\t<meta property=\"og:image:type\" content=\"image\/jpeg\" \/>\n<meta name=\"twitter:card\" content=\"summary_large_image\" \/>\n<meta name=\"twitter:label1\" content=\"Dur\u00e9e de lecture estim\u00e9e\" \/>\n\t<meta name=\"twitter:data1\" content=\"1 minute\" \/>\n<script type=\"application\/ld+json\" class=\"yoast-schema-graph\">{\"@context\":\"https:\\\/\\\/schema.org\",\"@graph\":[{\"@type\":\"WebPage\",\"@id\":\"https:\\\/\\\/freekids.pl\\\/fr\\\/produkt\\\/culotte\\\/\",\"url\":\"https:\\\/\\\/freekids.pl\\\/fr\\\/produkt\\\/culotte\\\/\",\"name\":\"Aire de jeux pour sous-v\u00eatements bateau - Freekids.pl\",\"isPartOf\":{\"@id\":\"https:\\\/\\\/freekids.pl\\\/fr\\\/#website\"},\"primaryImageOfPage\":{\"@id\":\"https:\\\/\\\/freekids.pl\\\/fr\\\/produkt\\\/culotte\\\/#primaryimage\"},\"image\":{\"@id\":\"https:\\\/\\\/freekids.pl\\\/fr\\\/produkt\\\/culotte\\\/#primaryimage\"},\"thumbnailUrl\":\"https:\\\/\\\/freekids.pl\\\/wp-content\\\/uploads\\\/2024\\\/10\\\/0280029-Majtek-wiz.1.jpg\",\"datePublished\":\"2024-10-23T19:18:27+00:00\",\"breadcrumb\":{\"@id\":\"https:\\\/\\\/freekids.pl\\\/fr\\\/produkt\\\/culotte\\\/#breadcrumb\"},\"inLanguage\":\"fr-FR\",\"potentialAction\":[{\"@type\":\"ReadAction\",\"target\":[\"https:\\\/\\\/freekids.pl\\\/fr\\\/produkt\\\/culotte\\\/\"]}]},{\"@type\":\"ImageObject\",\"inLanguage\":\"fr-FR\",\"@id\":\"https:\\\/\\\/freekids.pl\\\/fr\\\/produkt\\\/culotte\\\/#primaryimage\",\"url\":\"https:\\\/\\\/freekids.pl\\\/wp-content\\\/uploads\\\/2024\\\/10\\\/0280029-Majtek-wiz.1.jpg\",\"contentUrl\":\"https:\\\/\\\/freekids.pl\\\/wp-content\\\/uploads\\\/2024\\\/10\\\/0280029-Majtek-wiz.1.jpg\",\"width\":1920,\"height\":1285},{\"@type\":\"BreadcrumbList\",\"@id\":\"https:\\\/\\\/freekids.pl\\\/fr\\\/produkt\\\/culotte\\\/#breadcrumb\",\"itemListElement\":[{\"@type\":\"ListItem\",\"position\":1,\"name\":\"Strona g\u0142\u00f3wna\",\"item\":\"https:\\\/\\\/freekids.pl\\\/fr\\\/\"},{\"@type\":\"ListItem\",\"position\":2,\"name\":\"Produits\",\"item\":\"https:\\\/\\\/freekids.pl\\\/fr\\\/produits\\\/\"},{\"@type\":\"ListItem\",\"position\":3,\"name\":\"Culotte\"}]},{\"@type\":\"WebSite\",\"@id\":\"https:\\\/\\\/freekids.pl\\\/fr\\\/#website\",\"url\":\"https:\\\/\\\/freekids.pl\\\/fr\\\/\",\"name\":\"FreeKids Playgrounds | Sport | Urban Furniture\",\"description\":\"Dream it, do it !\",\"potentialAction\":[{\"@type\":\"SearchAction\",\"target\":{\"@type\":\"EntryPoint\",\"urlTemplate\":\"https:\\\/\\\/freekids.pl\\\/fr\\\/?s={search_term_string}\"},\"query-input\":{\"@type\":\"PropertyValueSpecification\",\"valueRequired\":true,\"valueName\":\"search_term_string\"}}],\"inLanguage\":\"fr-FR\"}]}<\/script>\n<!-- \/ Yoast SEO plugin. -->","yoast_head_json":{"title":"Aire de jeux pour sous-v\u00eatements bateau - Freekids.pl","robots":{"index":"index","follow":"follow","max-snippet":"max-snippet:-1","max-image-preview":"max-image-preview:large","max-video-preview":"max-video-preview:-1"},"canonical":"https:\/\/freekids.pl\/fr\/produkt\/culotte\/","og_locale":"fr_FR","og_type":"article","og_title":"Aire de jeux pour sous-v\u00eatements bateau - Freekids.pl","og_description":"Un appareil en forme de vaisseau avec un espace d\u00e9di\u00e9 pour un bac \u00e0 sable. Les garde-corps et les plates-formes sont en outre renforc\u00e9s par un cadre en acier soud\u00e9. Colonnes structurelles en tuyaux ronds.","og_url":"https:\/\/freekids.pl\/fr\/produkt\/culotte\/","og_site_name":"FreeKids Playgrounds | Sport | Urban Furniture","og_image":[{"width":2560,"height":1657,"url":"https:\/\/freekids.pl\/wp-content\/uploads\/2025\/01\/0280029_majtek_-_wiz.1-scaled.jpg","type":"image\/jpeg"}],"twitter_card":"summary_large_image","twitter_misc":{"Dur\u00e9e de lecture estim\u00e9e":"1 minute"},"schema":{"@context":"https:\/\/schema.org","@graph":[{"@type":"WebPage","@id":"https:\/\/freekids.pl\/fr\/produkt\/culotte\/","url":"https:\/\/freekids.pl\/fr\/produkt\/culotte\/","name":"Aire de jeux pour sous-v\u00eatements bateau - Freekids.pl","isPartOf":{"@id":"https:\/\/freekids.pl\/fr\/#website"},"primaryImageOfPage":{"@id":"https:\/\/freekids.pl\/fr\/produkt\/culotte\/#primaryimage"},"image":{"@id":"https:\/\/freekids.pl\/fr\/produkt\/culotte\/#primaryimage"},"thumbnailUrl":"https:\/\/freekids.pl\/wp-content\/uploads\/2024\/10\/0280029-Majtek-wiz.1.jpg","datePublished":"2024-10-23T19:18:27+00:00","breadcrumb":{"@id":"https:\/\/freekids.pl\/fr\/produkt\/culotte\/#breadcrumb"},"inLanguage":"fr-FR","potentialAction":[{"@type":"ReadAction","target":["https:\/\/freekids.pl\/fr\/produkt\/culotte\/"]}]},{"@type":"ImageObject","inLanguage":"fr-FR","@id":"https:\/\/freekids.pl\/fr\/produkt\/culotte\/#primaryimage","url":"https:\/\/freekids.pl\/wp-content\/uploads\/2024\/10\/0280029-Majtek-wiz.1.jpg","contentUrl":"https:\/\/freekids.pl\/wp-content\/uploads\/2024\/10\/0280029-Majtek-wiz.1.jpg","width":1920,"height":1285},{"@type":"BreadcrumbList","@id":"https:\/\/freekids.pl\/fr\/produkt\/culotte\/#breadcrumb","itemListElement":[{"@type":"ListItem","position":1,"name":"Strona g\u0142\u00f3wna","item":"https:\/\/freekids.pl\/fr\/"},{"@type":"ListItem","position":2,"name":"Produits","item":"https:\/\/freekids.pl\/fr\/produits\/"},{"@type":"ListItem","position":3,"name":"Culotte"}]},{"@type":"WebSite","@id":"https:\/\/freekids.pl\/fr\/#website","url":"https:\/\/freekids.pl\/fr\/","name":"FreeKids Playgrounds | Sport | Urban Furniture","description":"Dream it, do it !","potentialAction":[{"@type":"SearchAction","target":{"@type":"EntryPoint","urlTemplate":"https:\/\/freekids.pl\/fr\/?s={search_term_string}"},"query-input":{"@type":"PropertyValueSpecification","valueRequired":true,"valueName":"search_term_string"}}],"inLanguage":"fr-FR"}]}},"_links":{"self":[{"href":"https:\/\/freekids.pl\/fr\/wp-json\/wp\/v2\/product\/203684","targetHints":{"allow":["GET"]}}],"collection":[{"href":"https:\/\/freekids.pl\/fr\/wp-json\/wp\/v2\/product"}],"about":[{"href":"https:\/\/freekids.pl\/fr\/wp-json\/wp\/v2\/types\/product"}],"wp:featuredmedia":[{"embeddable":true,"href":"https:\/\/freekids.pl\/fr\/wp-json\/wp\/v2\/media\/207416"}],"wp:attachment":[{"href":"https:\/\/freekids.pl\/fr\/wp-json\/wp\/v2\/media?parent=203684"}],"wp:term":[{"taxonomy":"product_brand","embeddable":true,"href":"https:\/\/freekids.pl\/fr\/wp-json\/wp\/v2\/product_brand?post=203684"},{"taxonomy":"product_cat","embeddable":true,"href":"https:\/\/freekids.pl\/fr\/wp-json\/wp\/v2\/product_cat?post=203684"},{"taxonomy":"product_tag","embeddable":true,"href":"https:\/\/freekids.pl\/fr\/wp-json\/wp\/v2\/product_tag?post=203684"}],"curies":[{"name":"wp","href":"https:\/\/api.w.org\/{rel}","templated":true}]}}