{"id":203688,"date":"2024-10-23T21:10:52","date_gmt":"2024-10-23T19:10:52","guid":{"rendered":"https:\/\/freekids.pl\/produkt\/pieuvre\/"},"modified":"2024-10-23T21:10:52","modified_gmt":"2024-10-23T19:10:52","slug":"pieuvre","status":"publish","type":"product","link":"https:\/\/freekids.pl\/fr\/produkt\/pieuvre\/","title":{"rendered":"Pieuvre"},"content":{"rendered":"","protected":false},"excerpt":{"rendered":"<p>Un appareil en forme de navire avec un m\u00e2t dans la partie centrale avec un balcon ovale \u00e9lev\u00e9 vers le haut, \u00e0 partir duquel vous pouvez aller \u00e0 la proue et \u00e0 la poupe du navire. La partie avant est \u00e9quip\u00e9e de murs d\u2019escalade, de filets de corde verticaux et horizontaux. \u00c0 l\u2019arri\u00e8re, il y a deux glissi\u00e8res, une tubulaire plus haute et une sinueuse, une ouverte inf\u00e9rieure dispos\u00e9e en spirale. Il y a deux paires d\u2019escaliers droits et un escalier en colima\u00e7on menant au navire. L\u2019ensemble est agr\u00e9ment\u00e9 de nombreuses applications marines et de hublots.   <\/p>\n<div id=\"highlighter--hover-tools\" style=\"display: none;\">\n<div id=\"highlighter--hover-tools--container\">\n<div class=\"highlighter--icon highlighter--icon-copy\" title=\"Copie\"><\/div>\n<div class=\"highlighter--icon highlighter--icon-change-color\" title=\"Changer de couleur\"><\/div>\n<div class=\"highlighter--icon highlighter--icon-delete\" title=\"Supprimer\"><\/div>\n<\/div>\n<\/div>\n","protected":false},"featured_media":171565,"template":"","meta":{"_acf_changed":false,"ep_exclude_from_search":false},"product_cat":[553,480],"product_tag":[],"class_list":{"0":"post-203688","1":"product","2":"type-product","3":"status-publish","4":"has-post-thumbnail","6":"product_series-by-the-sea-fr","7":"product_group-original-fr","8":"product_cat-ensembles-multifonctionnels","9":"product_cat-terrains-de-jeux","11":"first","12":"outofstock","13":"shipping-taxable","14":"purchasable","15":"product-type-simple"},"acf":[],"yoast_head":"<!-- This site is optimized with the Yoast SEO plugin v27.4 - https:\/\/yoast.com\/product\/yoast-seo-wordpress\/ -->\n<title>Aire de jeux pour bateau Octopus avec toboggans - Freekids.pl<\/title>\n<meta name=\"robots\" content=\"index, follow, max-snippet:-1, max-image-preview:large, max-video-preview:-1\" \/>\n<link rel=\"canonical\" href=\"https:\/\/freekids.pl\/fr\/produkt\/pieuvre\/\" \/>\n<meta property=\"og:locale\" content=\"fr_FR\" \/>\n<meta property=\"og:type\" content=\"article\" \/>\n<meta property=\"og:title\" content=\"Aire de jeux pour bateau Octopus avec toboggans - Freekids.pl\" \/>\n<meta property=\"og:description\" content=\"Un appareil en forme de navire avec un m\u00e2t dans la partie centrale avec un balcon ovale \u00e9lev\u00e9 vers le haut, \u00e0 partir duquel vous pouvez aller \u00e0 la proue et \u00e0 la poupe du navire. La partie avant est \u00e9quip\u00e9e de murs d\u2019escalade, de filets de corde verticaux et horizontaux. \u00c0 l\u2019arri\u00e8re, il y a deux glissi\u00e8res, une tubulaire plus haute et une sinueuse, une ouverte inf\u00e9rieure dispos\u00e9e en spirale. Il y a deux paires d\u2019escaliers droits et un escalier en colima\u00e7on menant au navire. L\u2019ensemble est agr\u00e9ment\u00e9 de nombreuses applications marines et de hublots.\" \/>\n<meta property=\"og:url\" content=\"https:\/\/freekids.pl\/fr\/produkt\/pieuvre\/\" \/>\n<meta property=\"og:site_name\" content=\"FreeKids Playgrounds | Sport | Urban Furniture\" \/>\n<meta property=\"og:image\" content=\"https:\/\/freekids.pl\/wp-content\/uploads\/2025\/01\/0280027_octopus_-_wiz.1-scaled.jpg\" \/>\n\t<meta property=\"og:image:width\" content=\"2560\" \/>\n\t<meta property=\"og:image:height\" content=\"1439\" \/>\n\t<meta property=\"og:image:type\" content=\"image\/jpeg\" \/>\n<meta name=\"twitter:card\" content=\"summary_large_image\" \/>\n<script type=\"application\/ld+json\" class=\"yoast-schema-graph\">{\"@context\":\"https:\\\/\\\/schema.org\",\"@graph\":[{\"@type\":\"WebPage\",\"@id\":\"https:\\\/\\\/freekids.pl\\\/fr\\\/produkt\\\/pieuvre\\\/\",\"url\":\"https:\\\/\\\/freekids.pl\\\/fr\\\/produkt\\\/pieuvre\\\/\",\"name\":\"Aire de jeux pour bateau Octopus avec toboggans - Freekids.pl\",\"isPartOf\":{\"@id\":\"https:\\\/\\\/freekids.pl\\\/fr\\\/#website\"},\"primaryImageOfPage\":{\"@id\":\"https:\\\/\\\/freekids.pl\\\/fr\\\/produkt\\\/pieuvre\\\/#primaryimage\"},\"image\":{\"@id\":\"https:\\\/\\\/freekids.pl\\\/fr\\\/produkt\\\/pieuvre\\\/#primaryimage\"},\"thumbnailUrl\":\"https:\\\/\\\/freekids.pl\\\/wp-content\\\/uploads\\\/2025\\\/01\\\/0280027_octopus_-_wiz.1-scaled.jpg\",\"datePublished\":\"2024-10-23T19:10:52+00:00\",\"breadcrumb\":{\"@id\":\"https:\\\/\\\/freekids.pl\\\/fr\\\/produkt\\\/pieuvre\\\/#breadcrumb\"},\"inLanguage\":\"fr-FR\",\"potentialAction\":[{\"@type\":\"ReadAction\",\"target\":[\"https:\\\/\\\/freekids.pl\\\/fr\\\/produkt\\\/pieuvre\\\/\"]}]},{\"@type\":\"ImageObject\",\"inLanguage\":\"fr-FR\",\"@id\":\"https:\\\/\\\/freekids.pl\\\/fr\\\/produkt\\\/pieuvre\\\/#primaryimage\",\"url\":\"https:\\\/\\\/freekids.pl\\\/wp-content\\\/uploads\\\/2025\\\/01\\\/0280027_octopus_-_wiz.1-scaled.jpg\",\"contentUrl\":\"https:\\\/\\\/freekids.pl\\\/wp-content\\\/uploads\\\/2025\\\/01\\\/0280027_octopus_-_wiz.1-scaled.jpg\",\"width\":2560,\"height\":1439},{\"@type\":\"BreadcrumbList\",\"@id\":\"https:\\\/\\\/freekids.pl\\\/fr\\\/produkt\\\/pieuvre\\\/#breadcrumb\",\"itemListElement\":[{\"@type\":\"ListItem\",\"position\":1,\"name\":\"Strona g\u0142\u00f3wna\",\"item\":\"https:\\\/\\\/freekids.pl\\\/fr\\\/\"},{\"@type\":\"ListItem\",\"position\":2,\"name\":\"Produits\",\"item\":\"https:\\\/\\\/freekids.pl\\\/fr\\\/produits\\\/\"},{\"@type\":\"ListItem\",\"position\":3,\"name\":\"Pieuvre\"}]},{\"@type\":\"WebSite\",\"@id\":\"https:\\\/\\\/freekids.pl\\\/fr\\\/#website\",\"url\":\"https:\\\/\\\/freekids.pl\\\/fr\\\/\",\"name\":\"FreeKids Playgrounds | Sport | Urban Furniture\",\"description\":\"Dream it, do it !\",\"potentialAction\":[{\"@type\":\"SearchAction\",\"target\":{\"@type\":\"EntryPoint\",\"urlTemplate\":\"https:\\\/\\\/freekids.pl\\\/fr\\\/?s={search_term_string}\"},\"query-input\":{\"@type\":\"PropertyValueSpecification\",\"valueRequired\":true,\"valueName\":\"search_term_string\"}}],\"inLanguage\":\"fr-FR\"}]}<\/script>\n<!-- \/ Yoast SEO plugin. -->","yoast_head_json":{"title":"Aire de jeux pour bateau Octopus avec toboggans - Freekids.pl","robots":{"index":"index","follow":"follow","max-snippet":"max-snippet:-1","max-image-preview":"max-image-preview:large","max-video-preview":"max-video-preview:-1"},"canonical":"https:\/\/freekids.pl\/fr\/produkt\/pieuvre\/","og_locale":"fr_FR","og_type":"article","og_title":"Aire de jeux pour bateau Octopus avec toboggans - Freekids.pl","og_description":"Un appareil en forme de navire avec un m\u00e2t dans la partie centrale avec un balcon ovale \u00e9lev\u00e9 vers le haut, \u00e0 partir duquel vous pouvez aller \u00e0 la proue et \u00e0 la poupe du navire. La partie avant est \u00e9quip\u00e9e de murs d\u2019escalade, de filets de corde verticaux et horizontaux. \u00c0 l\u2019arri\u00e8re, il y a deux glissi\u00e8res, une tubulaire plus haute et une sinueuse, une ouverte inf\u00e9rieure dispos\u00e9e en spirale. Il y a deux paires d\u2019escaliers droits et un escalier en colima\u00e7on menant au navire. L\u2019ensemble est agr\u00e9ment\u00e9 de nombreuses applications marines et de hublots.","og_url":"https:\/\/freekids.pl\/fr\/produkt\/pieuvre\/","og_site_name":"FreeKids Playgrounds | Sport | Urban Furniture","og_image":[{"width":2560,"height":1439,"url":"https:\/\/freekids.pl\/wp-content\/uploads\/2025\/01\/0280027_octopus_-_wiz.1-scaled.jpg","type":"image\/jpeg"}],"twitter_card":"summary_large_image","schema":{"@context":"https:\/\/schema.org","@graph":[{"@type":"WebPage","@id":"https:\/\/freekids.pl\/fr\/produkt\/pieuvre\/","url":"https:\/\/freekids.pl\/fr\/produkt\/pieuvre\/","name":"Aire de jeux pour bateau Octopus avec toboggans - Freekids.pl","isPartOf":{"@id":"https:\/\/freekids.pl\/fr\/#website"},"primaryImageOfPage":{"@id":"https:\/\/freekids.pl\/fr\/produkt\/pieuvre\/#primaryimage"},"image":{"@id":"https:\/\/freekids.pl\/fr\/produkt\/pieuvre\/#primaryimage"},"thumbnailUrl":"https:\/\/freekids.pl\/wp-content\/uploads\/2025\/01\/0280027_octopus_-_wiz.1-scaled.jpg","datePublished":"2024-10-23T19:10:52+00:00","breadcrumb":{"@id":"https:\/\/freekids.pl\/fr\/produkt\/pieuvre\/#breadcrumb"},"inLanguage":"fr-FR","potentialAction":[{"@type":"ReadAction","target":["https:\/\/freekids.pl\/fr\/produkt\/pieuvre\/"]}]},{"@type":"ImageObject","inLanguage":"fr-FR","@id":"https:\/\/freekids.pl\/fr\/produkt\/pieuvre\/#primaryimage","url":"https:\/\/freekids.pl\/wp-content\/uploads\/2025\/01\/0280027_octopus_-_wiz.1-scaled.jpg","contentUrl":"https:\/\/freekids.pl\/wp-content\/uploads\/2025\/01\/0280027_octopus_-_wiz.1-scaled.jpg","width":2560,"height":1439},{"@type":"BreadcrumbList","@id":"https:\/\/freekids.pl\/fr\/produkt\/pieuvre\/#breadcrumb","itemListElement":[{"@type":"ListItem","position":1,"name":"Strona g\u0142\u00f3wna","item":"https:\/\/freekids.pl\/fr\/"},{"@type":"ListItem","position":2,"name":"Produits","item":"https:\/\/freekids.pl\/fr\/produits\/"},{"@type":"ListItem","position":3,"name":"Pieuvre"}]},{"@type":"WebSite","@id":"https:\/\/freekids.pl\/fr\/#website","url":"https:\/\/freekids.pl\/fr\/","name":"FreeKids Playgrounds | Sport | Urban Furniture","description":"Dream it, do it !","potentialAction":[{"@type":"SearchAction","target":{"@type":"EntryPoint","urlTemplate":"https:\/\/freekids.pl\/fr\/?s={search_term_string}"},"query-input":{"@type":"PropertyValueSpecification","valueRequired":true,"valueName":"search_term_string"}}],"inLanguage":"fr-FR"}]}},"_links":{"self":[{"href":"https:\/\/freekids.pl\/fr\/wp-json\/wp\/v2\/product\/203688","targetHints":{"allow":["GET"]}}],"collection":[{"href":"https:\/\/freekids.pl\/fr\/wp-json\/wp\/v2\/product"}],"about":[{"href":"https:\/\/freekids.pl\/fr\/wp-json\/wp\/v2\/types\/product"}],"wp:featuredmedia":[{"embeddable":true,"href":"https:\/\/freekids.pl\/fr\/wp-json\/wp\/v2\/media\/171565"}],"wp:attachment":[{"href":"https:\/\/freekids.pl\/fr\/wp-json\/wp\/v2\/media?parent=203688"}],"wp:term":[{"taxonomy":"product_cat","embeddable":true,"href":"https:\/\/freekids.pl\/fr\/wp-json\/wp\/v2\/product_cat?post=203688"},{"taxonomy":"product_tag","embeddable":true,"href":"https:\/\/freekids.pl\/fr\/wp-json\/wp\/v2\/product_tag?post=203688"}],"curies":[{"name":"wp","href":"https:\/\/api.w.org\/{rel}","templated":true}]}}